{"id":1608,"date":"2025-05-01T08:47:55","date_gmt":"2025-05-01T06:47:55","guid":{"rendered":"https:\/\/thiim.com\/?page_id=1608"},"modified":"2025-10-30T15:12:43","modified_gmt":"2025-10-30T14:12:43","slug":"lieferanten","status":"publish","type":"page","link":"https:\/\/thiim.com\/de\/datalogger\/leverandoerer\/","title":{"rendered":"Lieferanten"},"content":{"rendered":"<div data-elementor-type=\"wp-page\" data-elementor-id=\"1608\" class=\"elementor elementor-1608\" data-elementor-post-type=\"page\">\n\t\t\t\t<div class=\"elementor-element elementor-element-a98ad36 e-flex e-con-boxed e-con e-parent\" data-id=\"a98ad36\" data-element_type=\"container\" data-e-type=\"container\" data-settings=\"{&quot;background_background&quot;:&quot;classic&quot;}\">\n\t\t\t\t\t<div class=\"e-con-inner\">\n\t\t<div class=\"elementor-element elementor-element-fba8bd2 e-con-full e-flex e-con e-child\" data-id=\"fba8bd2\" data-element_type=\"container\" data-e-type=\"container\" data-settings=\"{&quot;background_background&quot;:&quot;classic&quot;}\">\n\t\t<div class=\"elementor-element elementor-element-63b69b95 e-con-full e-flex e-con e-child\" data-id=\"63b69b95\" data-element_type=\"container\" data-e-type=\"container\">\n\t\t\t\t<div class=\"elementor-element elementor-element-3a07ecb4 elementor-widget elementor-widget-breadcrumbs\" data-id=\"3a07ecb4\" data-element_type=\"widget\" data-e-type=\"widget\" data-widget_type=\"breadcrumbs.default\">\n\t\t\t\t<div class=\"elementor-widget-container\">\n\t\t\t\t\t<p id=\"breadcrumbs\"><\/p>\t\t\t\t<\/div>\n\t\t\t\t<\/div>\n\t\t\t\t<\/div>\n\t\t\t\t<\/div>\n\t\t\t\t\t<\/div>\n\t\t\t\t<\/div>\n\t\t<div class=\"elementor-element elementor-element-364b3451 e-flex e-con-boxed e-con e-parent\" data-id=\"364b3451\" data-element_type=\"container\" data-e-type=\"container\">\n\t\t\t\t\t<div class=\"e-con-inner\">\n\t\t<div class=\"elementor-element elementor-element-493b0c4d e-con-full e-flex e-con e-child\" data-id=\"493b0c4d\" data-element_type=\"container\" data-e-type=\"container\">\n\t\t\t\t<div class=\"elementor-element elementor-element-1c731e90 elementor-widget__width-initial elementor-widget elementor-widget-heading\" data-id=\"1c731e90\" data-element_type=\"widget\" data-e-type=\"widget\" data-widget_type=\"heading.default\">\n\t\t\t\t<div class=\"elementor-widget-container\">\n\t\t\t\t\t<h2 class=\"elementor-heading-title elementor-size-default\">Unsere Lieferanten \u2013 sorgf\u00e4ltig ausgew\u00e4hlt<\/h2>\t\t\t\t<\/div>\n\t\t\t\t<\/div>\n\t\t<div class=\"elementor-element elementor-element-c9c0cb3 e-con-full e-flex e-con e-child\" data-id=\"c9c0cb3\" data-element_type=\"container\" data-e-type=\"container\">\n\t\t<div class=\"elementor-element elementor-element-72923a23 e-con-full e-flex e-con e-child\" data-id=\"72923a23\" data-element_type=\"container\" data-e-type=\"container\">\n\t\t\t\t<div class=\"elementor-element elementor-element-5e028bee elementor-widget elementor-widget-text-editor\" data-id=\"5e028bee\" data-element_type=\"widget\" data-e-type=\"widget\" data-widget_type=\"text-editor.default\">\n\t\t\t\t<div class=\"elementor-widget-container\">\n\t\t\t\t\t\t\t\t\t<p><span data-contrast=\"auto\">Bei uns gehen Qualit\u00e4t, Seriosit\u00e4t und Vertrauen Hand in Hand \u2013 das gilt auch f\u00fcr die Auswahl unserer Partner. Wir arbeiten ausschlie\u00dflich mit Lieferanten zusammen, die unsere Grundwerte teilen: Zuverl\u00e4ssigkeit, Integrit\u00e4t und Verantwortungsbewusstsein.<\/span><span data-ccp-props=\"{&quot;134233117&quot;:true,&quot;134233118&quot;:true}\">\u00a0<\/span><\/p><p><span data-contrast=\"auto\">Unsere Lieferantenbeziehungen sind kein Zufallsprodukt, sondern das Ergebnis sorgf\u00e4ltiger Auswahl und langj\u00e4hriger Zusammenarbeit, die auf gegenseitigem Respekt und dem gemeinsamen Bestreben basiert, technisch ausgereifte und zuverl\u00e4ssige Produkte zu liefern.<\/span><span data-ccp-props=\"{&quot;134233117&quot;:true,&quot;134233118&quot;:true}\">\u00a0<\/span><\/p><p><span data-contrast=\"auto\">Wenn Sie bei uns einkaufen, k\u00f6nnen Sie sich daher darauf verlassen, dass sowohl wir als auch unsere Lieferanten f\u00fcr die Qualit\u00e4t und den Support, den Sie erhalten, garantieren.<\/span><span data-ccp-props=\"{&quot;134233117&quot;:true,&quot;134233118&quot;:true}\">\u00a0<\/span><\/p>\t\t\t\t\t\t\t\t<\/div>\n\t\t\t\t<\/div>\n\t\t\t\t<\/div>\n\t\t<div class=\"elementor-element elementor-element-6aad009 e-con-full e-flex e-con e-child\" data-id=\"6aad009\" data-element_type=\"container\" data-e-type=\"container\" data-settings=\"{&quot;background_background&quot;:&quot;classic&quot;}\">\n\t\t\t\t<div class=\"elementor-element elementor-element-793c28b2 elementor-widget elementor-widget-image\" data-id=\"793c28b2\" data-element_type=\"widget\" data-e-type=\"widget\" data-widget_type=\"image.default\">\n\t\t\t\t<div class=\"elementor-widget-container\">\n\t\t\t\t\t\t\t\t\t\t\t\t\t\t\t<img fetchpriority=\"high\" decoding=\"async\" width=\"800\" height=\"600\" src=\"https:\/\/thiim.com\/wp-content\/uploads\/Leverandor_hojrebanner_2.jpg\" class=\"attachment-large size-large wp-image-6735\" alt=\"\" srcset=\"https:\/\/thiim.com\/wp-content\/uploads\/Leverandor_hojrebanner_2.jpg 800w, https:\/\/thiim.com\/wp-content\/uploads\/Leverandor_hojrebanner_2-300x225.jpg 300w, https:\/\/thiim.com\/wp-content\/uploads\/Leverandor_hojrebanner_2-768x576.jpg 768w\" sizes=\"(max-width: 800px) 100vw, 800px\" \/>\t\t\t\t\t\t\t\t\t\t\t\t\t\t\t<\/div>\n\t\t\t\t<\/div>\n\t\t\t\t<\/div>\n\t\t\t\t<\/div>\n\t\t\t\t<\/div>\n\t\t<div class=\"elementor-element elementor-element-14cc65e9 e-con-full e-grid e-con e-child\" data-id=\"14cc65e9\" data-element_type=\"container\" data-e-type=\"container\">\n\t\t<div class=\"elementor-element elementor-element-149ead4 e-con-full e-flex elementor-invisible e-con e-child\" data-id=\"149ead4\" data-element_type=\"container\" data-e-type=\"container\" data-settings=\"{&quot;animation&quot;:&quot;slideInUp&quot;}\">\n\t\t\t\t<div class=\"elementor-element elementor-element-2d73e3a9 elementor-position-top elementor-widget elementor-widget-image-box\" data-id=\"2d73e3a9\" data-element_type=\"widget\" data-e-type=\"widget\" data-widget_type=\"image-box.default\">\n\t\t\t\t<div class=\"elementor-widget-container\">\n\t\t\t\t\t<div class=\"elementor-image-box-wrapper\"><figure class=\"elementor-image-box-img\"><img decoding=\"async\" width=\"800\" height=\"550\" src=\"https:\/\/thiim.com\/wp-content\/uploads\/Leverandor_logo_Tinytag.jpg\" class=\"attachment-full size-full wp-image-6739\" alt=\"\" srcset=\"https:\/\/thiim.com\/wp-content\/uploads\/Leverandor_logo_Tinytag.jpg 800w, https:\/\/thiim.com\/wp-content\/uploads\/Leverandor_logo_Tinytag-300x206.jpg 300w, https:\/\/thiim.com\/wp-content\/uploads\/Leverandor_logo_Tinytag-768x528.jpg 768w\" sizes=\"(max-width: 800px) 100vw, 800px\" \/><\/figure><div class=\"elementor-image-box-content\"><h3 class=\"elementor-image-box-title\">Tinytag Gemini<\/h3><p class=\"elementor-image-box-description\">Gemini Data Loggers ist ein britischer Hersteller mit \u00fcber 40 Jahren Erfahrung in der Entwicklung und Produktion pr\u00e4ziser und zuverl\u00e4ssiger Datenlogger. Das Unternehmen mit Sitz in Chichester (Gro\u00dfbritannien) steht hinter der renommierten Marke Tinytag, die eine breite Palette von Loggern f\u00fcr Temperatur, Feuchtigkeit, Energie und CO\u2082 umfasst.\nAlle Produkte werden intern entwickelt und hergestellt, was eine hohe Qualit\u00e4t, technische Kontrolle und die M\u00f6glichkeit der Anpassung an spezifische Anwendungen gew\u00e4hrleistet. Die Tinytag-Datenlogger sind bekannt f\u00fcr ihre robuste Konstruktion, ihre gro\u00dfe Datenkapazit\u00e4t und ihre flexiblen Kommunikationsm\u00f6glichkeiten (USB, Funk und Ethernet), wodurch sie sich sowohl f\u00fcr industrielle als auch f\u00fcr umweltbezogene und laborbasierte Messaufgaben eignen.<\/p><\/div><\/div>\t\t\t\t<\/div>\n\t\t\t\t<\/div>\n\t\t\t\t<\/div>\n\t\t<div class=\"elementor-element elementor-element-2bad0187 e-con-full e-flex elementor-invisible e-con e-child\" data-id=\"2bad0187\" data-element_type=\"container\" data-e-type=\"container\" data-settings=\"{&quot;animation&quot;:&quot;slideInUp&quot;}\">\n\t\t\t\t<div class=\"elementor-element elementor-element-7e707897 elementor-position-top elementor-widget elementor-widget-image-box\" data-id=\"7e707897\" data-element_type=\"widget\" data-e-type=\"widget\" data-widget_type=\"image-box.default\">\n\t\t\t\t<div class=\"elementor-widget-container\">\n\t\t\t\t\t<div class=\"elementor-image-box-wrapper\"><figure class=\"elementor-image-box-img\"><img decoding=\"async\" width=\"800\" height=\"550\" src=\"https:\/\/thiim.com\/wp-content\/uploads\/Leverandor_logo_Hobo.jpg\" class=\"attachment-full size-full wp-image-6738\" alt=\"\" srcset=\"https:\/\/thiim.com\/wp-content\/uploads\/Leverandor_logo_Hobo.jpg 800w, https:\/\/thiim.com\/wp-content\/uploads\/Leverandor_logo_Hobo-300x206.jpg 300w, https:\/\/thiim.com\/wp-content\/uploads\/Leverandor_logo_Hobo-768x528.jpg 768w\" sizes=\"(max-width: 800px) 100vw, 800px\" \/><\/figure><div class=\"elementor-image-box-content\"><h3 class=\"elementor-image-box-title\">Hobo-Datenlogger<\/h3><p class=\"elementor-image-box-description\">HOBO-Datenlogger sind in den USA hergestellte Datenlogger und Wetterstationen mit mehr als 40 Jahren Erfahrung. Die Produkte werden weltweit in Bereichen wie Landwirtschaft, K\u00fcsten- und Umweltforschung, Geb\u00e4ude- und Energie\u00fcberwachung sowie temperaturgeregelten Umgebungen eingesetzt. Das Unternehmen entwickelt und produziert seine L\u00f6sungen intern, was eine Kontrolle \u00fcber Qualit\u00e4t und technische Pr\u00e4zision erm\u00f6glicht.  Dar\u00fcber hinaus wird das Engagement f\u00fcr Innovation und kontinuierliche Verbesserung durch die Mitgliedschaft in der LI COR-Gruppe unterst\u00fctzt, die die Kompetenzen in den Bereichen Umweltmessung und Datenmanagement st\u00e4rkt. Onset hat seinen Sitz in Cape Cod, Massachusetts (USA), was eine integrierte Produktions- und Entwicklungsplattform gew\u00e4hrleistet, die k\u00fcrzere Reaktionszeiten und Flexibilit\u00e4t bei der Anpassung an die Bed\u00fcrfnisse der Kunden erm\u00f6glicht.  \n<\/p><\/div><\/div>\t\t\t\t<\/div>\n\t\t\t\t<\/div>\n\t\t\t\t<\/div>\n\t\t\t\t<\/div>\n\t\t\t\t\t<\/div>\n\t\t\t\t<\/div>\n\t\t\t\t<\/div>","protected":false},"excerpt":{"rendered":"<p>Vores leverand\u00f8rer \u2013 udvalgt med omtanke Hos os g\u00e5r kvalitet, ordentlighed og tillid h\u00e5nd i h\u00e5nd \u2013 og det g\u00e6lder ogs\u00e5 i valget af vores samarbejdspartnere. Vi samarbejder udelukkende med leverand\u00f8rer, der deler vores kernev\u00e6rdier: p\u00e5lidelighed, integritet og ansvarlighed.\u00a0 Vores leverand\u00f8rrelationer er ikke tilf\u00e6ldige; de er et resultat af omhyggelig udv\u00e6lgelse og langvarige samarbejder, som [&hellip;]<\/p>\n","protected":false},"author":1,"featured_media":0,"parent":1592,"menu_order":0,"comment_status":"closed","ping_status":"closed","template":"","meta":{"_acf_changed":false,"footnotes":""},"class_list":["post-1608","page","type-page","status-publish","hentry"],"acf":[],"yoast_head":"<!-- This site is optimized with the Yoast SEO plugin v26.6 - https:\/\/yoast.com\/wordpress\/plugins\/seo\/ -->\n<title>Leverand\u00f8rer | Datalogger | Thiim A\/S<\/title>\n<meta name=\"robots\" content=\"index, follow, max-snippet:-1, max-image-preview:large, max-video-preview:-1\" \/>\n<link rel=\"canonical\" href=\"https:\/\/thiim.com\/de\/datenlogger\/lieferanten\/\" \/>\n<meta property=\"og:locale\" content=\"de_DE\" \/>\n<meta property=\"og:type\" content=\"article\" \/>\n<meta property=\"og:title\" content=\"Leverand\u00f8rer | Datalogger | Thiim A\/S\" \/>\n<meta property=\"og:description\" content=\"Vores leverand\u00f8rer \u2013 udvalgt med omtanke Hos os g\u00e5r kvalitet, ordentlighed og tillid h\u00e5nd i h\u00e5nd \u2013 og det g\u00e6lder ogs\u00e5 i valget af vores samarbejdspartnere. Vi samarbejder udelukkende med leverand\u00f8rer, der deler vores kernev\u00e6rdier: p\u00e5lidelighed, integritet og ansvarlighed.\u00a0 Vores leverand\u00f8rrelationer er ikke tilf\u00e6ldige; de er et resultat af omhyggelig udv\u00e6lgelse og langvarige samarbejder, som [&hellip;]\" \/>\n<meta property=\"og:url\" content=\"https:\/\/thiim.com\/de\/datenlogger\/lieferanten\/\" \/>\n<meta property=\"og:site_name\" content=\"Thiim\" \/>\n<meta property=\"article:modified_time\" content=\"2025-10-30T14:12:43+00:00\" \/>\n<meta property=\"og:image\" content=\"https:\/\/thiim.com\/wp-content\/uploads\/Leverandor_hojrebanner_2.jpg\" \/>\n\t<meta property=\"og:image:width\" content=\"800\" \/>\n\t<meta property=\"og:image:height\" content=\"600\" \/>\n\t<meta property=\"og:image:type\" content=\"image\/jpeg\" \/>\n<meta name=\"twitter:card\" content=\"summary_large_image\" \/>\n<meta name=\"twitter:label1\" content=\"Gesch\u00e4tzte Lesezeit\" \/>\n\t<meta name=\"twitter:data1\" content=\"2\u00a0Minuten\" \/>\n<script type=\"application\/ld+json\" class=\"yoast-schema-graph\">{\"@context\":\"https:\/\/schema.org\",\"@graph\":[{\"@type\":\"WebPage\",\"@id\":\"https:\/\/thiim.com\/datalogger\/leverandoerer\/\",\"url\":\"https:\/\/thiim.com\/datalogger\/leverandoerer\/\",\"name\":\"Leverand\u00f8rer | Datalogger | Thiim A\/S\",\"isPartOf\":{\"@id\":\"https:\/\/thiim.com\/#website\"},\"primaryImageOfPage\":{\"@id\":\"https:\/\/thiim.com\/datalogger\/leverandoerer\/#primaryimage\"},\"image\":{\"@id\":\"https:\/\/thiim.com\/datalogger\/leverandoerer\/#primaryimage\"},\"thumbnailUrl\":\"https:\/\/thiim.com\/wp-content\/uploads\/Leverandor_hojrebanner_2.jpg\",\"datePublished\":\"2025-05-01T06:47:55+00:00\",\"dateModified\":\"2025-10-30T14:12:43+00:00\",\"breadcrumb\":{\"@id\":\"https:\/\/thiim.com\/datalogger\/leverandoerer\/#breadcrumb\"},\"inLanguage\":\"de\",\"potentialAction\":[{\"@type\":\"ReadAction\",\"target\":[\"https:\/\/thiim.com\/datalogger\/leverandoerer\/\"]}]},{\"@type\":\"ImageObject\",\"inLanguage\":\"de\",\"@id\":\"https:\/\/thiim.com\/datalogger\/leverandoerer\/#primaryimage\",\"url\":\"https:\/\/thiim.com\/wp-content\/uploads\/Leverandor_hojrebanner_2.jpg\",\"contentUrl\":\"https:\/\/thiim.com\/wp-content\/uploads\/Leverandor_hojrebanner_2.jpg\"},{\"@type\":\"BreadcrumbList\",\"@id\":\"https:\/\/thiim.com\/datalogger\/leverandoerer\/#breadcrumb\",\"itemListElement\":[{\"@type\":\"ListItem\",\"position\":1,\"name\":\"Datalogger\",\"item\":\"https:\/\/thiim.com\/datalogger\/\"},{\"@type\":\"ListItem\",\"position\":2,\"name\":\"Leverand\u00f8rer\"}]},{\"@type\":\"WebSite\",\"@id\":\"https:\/\/thiim.com\/#website\",\"url\":\"https:\/\/thiim.com\/\",\"name\":\"Thiim\",\"description\":\"\",\"publisher\":{\"@id\":\"https:\/\/thiim.com\/#organization\"},\"potentialAction\":[{\"@type\":\"SearchAction\",\"target\":{\"@type\":\"EntryPoint\",\"urlTemplate\":\"https:\/\/thiim.com\/?s={search_term_string}\"},\"query-input\":{\"@type\":\"PropertyValueSpecification\",\"valueRequired\":true,\"valueName\":\"search_term_string\"}}],\"inLanguage\":\"de\"},{\"@type\":\"Organization\",\"@id\":\"https:\/\/thiim.com\/#organization\",\"name\":\"Thiim\",\"url\":\"https:\/\/thiim.com\/\",\"logo\":{\"@type\":\"ImageObject\",\"inLanguage\":\"de\",\"@id\":\"https:\/\/thiim.com\/#\/schema\/logo\/image\/\",\"url\":\"https:\/\/thiim.com\/wp-content\/uploads\/Thiim_rgb_uramme.svg\",\"contentUrl\":\"https:\/\/thiim.com\/wp-content\/uploads\/Thiim_rgb_uramme.svg\",\"width\":653.94,\"height\":121.95,\"caption\":\"Thiim\"},\"image\":{\"@id\":\"https:\/\/thiim.com\/#\/schema\/logo\/image\/\"}}]}<\/script>\n<!-- \/ Yoast SEO plugin. -->","yoast_head_json":{"title":"Lieferanten | Datenlogger | Thiim A\/S","robots":{"index":"index","follow":"follow","max-snippet":"max-snippet:-1","max-image-preview":"max-image-preview:large","max-video-preview":"max-video-preview:-1"},"canonical":"https:\/\/thiim.com\/de\/datenlogger\/lieferanten\/","og_locale":"de_DE","og_type":"article","og_title":"Leverand\u00f8rer | Datalogger | Thiim A\/S","og_description":"Vores leverand\u00f8rer \u2013 udvalgt med omtanke Hos os g\u00e5r kvalitet, ordentlighed og tillid h\u00e5nd i h\u00e5nd \u2013 og det g\u00e6lder ogs\u00e5 i valget af vores samarbejdspartnere. Vi samarbejder udelukkende med leverand\u00f8rer, der deler vores kernev\u00e6rdier: p\u00e5lidelighed, integritet og ansvarlighed.\u00a0 Vores leverand\u00f8rrelationer er ikke tilf\u00e6ldige; de er et resultat af omhyggelig udv\u00e6lgelse og langvarige samarbejder, som [&hellip;]","og_url":"https:\/\/thiim.com\/de\/datenlogger\/lieferanten\/","og_site_name":"Thiim","article_modified_time":"2025-10-30T14:12:43+00:00","og_image":[{"width":800,"height":600,"url":"https:\/\/thiim.com\/wp-content\/uploads\/Leverandor_hojrebanner_2.jpg","type":"image\/jpeg"}],"twitter_card":"summary_large_image","twitter_misc":{"Gesch\u00e4tzte Lesezeit":"2\u00a0Minuten"},"schema":{"@context":"https:\/\/schema.org","@graph":[{"@type":"WebPage","@id":"https:\/\/thiim.com\/datalogger\/leverandoerer\/","url":"https:\/\/thiim.com\/datalogger\/leverandoerer\/","name":"Lieferanten | Datenlogger | Thiim A\/S","isPartOf":{"@id":"https:\/\/thiim.com\/#website"},"primaryImageOfPage":{"@id":"https:\/\/thiim.com\/datalogger\/leverandoerer\/#primaryimage"},"image":{"@id":"https:\/\/thiim.com\/datalogger\/leverandoerer\/#primaryimage"},"thumbnailUrl":"https:\/\/thiim.com\/wp-content\/uploads\/Leverandor_hojrebanner_2.jpg","datePublished":"2025-05-01T06:47:55+00:00","dateModified":"2025-10-30T14:12:43+00:00","breadcrumb":{"@id":"https:\/\/thiim.com\/datalogger\/leverandoerer\/#breadcrumb"},"inLanguage":"de","potentialAction":[{"@type":"ReadAction","target":["https:\/\/thiim.com\/datalogger\/leverandoerer\/"]}]},{"@type":"ImageObject","inLanguage":"de","@id":"https:\/\/thiim.com\/datalogger\/leverandoerer\/#primaryimage","url":"https:\/\/thiim.com\/wp-content\/uploads\/Leverandor_hojrebanner_2.jpg","contentUrl":"https:\/\/thiim.com\/wp-content\/uploads\/Leverandor_hojrebanner_2.jpg"},{"@type":"BreadcrumbList","@id":"https:\/\/thiim.com\/datalogger\/leverandoerer\/#breadcrumb","itemListElement":[{"@type":"ListItem","position":1,"name":"Datalogger","item":"https:\/\/thiim.com\/datalogger\/"},{"@type":"ListItem","position":2,"name":"Leverand\u00f8rer"}]},{"@type":"WebSite","@id":"https:\/\/thiim.com\/#website","url":"https:\/\/thiim.com\/","name":"Thiim","description":"","publisher":{"@id":"https:\/\/thiim.com\/#organization"},"potentialAction":[{"@type":"SearchAction","target":{"@type":"EntryPoint","urlTemplate":"https:\/\/thiim.com\/?s={search_term_string}"},"query-input":{"@type":"PropertyValueSpecification","valueRequired":true,"valueName":"search_term_string"}}],"inLanguage":"de"},{"@type":"Organization","@id":"https:\/\/thiim.com\/#organization","name":"Thiim","url":"https:\/\/thiim.com\/","logo":{"@type":"ImageObject","inLanguage":"de","@id":"https:\/\/thiim.com\/#\/schema\/logo\/image\/","url":"https:\/\/thiim.com\/wp-content\/uploads\/Thiim_rgb_uramme.svg","contentUrl":"https:\/\/thiim.com\/wp-content\/uploads\/Thiim_rgb_uramme.svg","width":653.94,"height":121.95,"caption":"Thiim"},"image":{"@id":"https:\/\/thiim.com\/#\/schema\/logo\/image\/"}}]}},"_links":{"self":[{"href":"https:\/\/thiim.com\/de\/wp-json\/wp\/v2\/pages\/1608","targetHints":{"allow":["GET"]}}],"collection":[{"href":"https:\/\/thiim.com\/de\/wp-json\/wp\/v2\/pages"}],"about":[{"href":"https:\/\/thiim.com\/de\/wp-json\/wp\/v2\/types\/page"}],"author":[{"embeddable":true,"href":"https:\/\/thiim.com\/de\/wp-json\/wp\/v2\/users\/1"}],"replies":[{"embeddable":true,"href":"https:\/\/thiim.com\/de\/wp-json\/wp\/v2\/comments?post=1608"}],"version-history":[{"count":4,"href":"https:\/\/thiim.com\/de\/wp-json\/wp\/v2\/pages\/1608\/revisions"}],"predecessor-version":[{"id":6750,"href":"https:\/\/thiim.com\/de\/wp-json\/wp\/v2\/pages\/1608\/revisions\/6750"}],"up":[{"embeddable":true,"href":"https:\/\/thiim.com\/de\/wp-json\/wp\/v2\/pages\/1592"}],"wp:attachment":[{"href":"https:\/\/thiim.com\/de\/wp-json\/wp\/v2\/media?parent=1608"}],"curies":[{"name":"wp","href":"https:\/\/api.w.org\/{rel}","templated":true}]}}