{"id":1609,"date":"2025-05-01T08:49:34","date_gmt":"2025-05-01T06:49:34","guid":{"rendered":"https:\/\/thiim.com\/?page_id=1609"},"modified":"2025-12-12T08:44:11","modified_gmt":"2025-12-12T07:44:11","slug":"thiim-relais","status":"publish","type":"page","link":"https:\/\/thiim.com\/de\/thiim-relays\/","title":{"rendered":"Thiim Relays"},"content":{"rendered":"<div data-elementor-type=\"wp-page\" data-elementor-id=\"1609\" class=\"elementor elementor-1609\" data-elementor-post-type=\"page\">\n\t\t\t\t<div class=\"elementor-element elementor-element-51de421 e-flex e-con-boxed e-con e-parent\" data-id=\"51de421\" data-element_type=\"container\" data-e-type=\"container\" data-settings=\"{&quot;background_background&quot;:&quot;classic&quot;}\">\n\t\t\t\t\t<div class=\"e-con-inner\">\n\t\t<div class=\"elementor-element elementor-element-360d120 e-con-full e-flex e-con e-child\" data-id=\"360d120\" data-element_type=\"container\" data-e-type=\"container\" data-settings=\"{&quot;background_background&quot;:&quot;classic&quot;}\">\n\t\t<div class=\"elementor-element elementor-element-d626e36 e-con-full e-flex e-con e-child\" data-id=\"d626e36\" data-element_type=\"container\" data-e-type=\"container\">\n\t\t\t\t<div class=\"elementor-element elementor-element-6196fb0 elementor-widget__width-initial elementor-invisible elementor-widget elementor-widget-heading\" data-id=\"6196fb0\" data-element_type=\"widget\" data-e-type=\"widget\" data-settings=\"{&quot;_animation&quot;:&quot;slideInUp&quot;}\" data-widget_type=\"heading.default\">\n\t\t\t\t<div class=\"elementor-widget-container\">\n\t\t\t\t\t<h1 class=\"elementor-heading-title elementor-size-default\">Thiim-Relais\n<\/h1>\t\t\t\t<\/div>\n\t\t\t\t<\/div>\n\t\t\t\t<\/div>\n\t\t\t\t<\/div>\n\t\t\t\t\t<\/div>\n\t\t\t\t<\/div>\n\t\t<div class=\"elementor-element elementor-element-abeccc6 e-flex e-con-boxed e-con e-parent\" data-id=\"abeccc6\" data-element_type=\"container\" data-e-type=\"container\" data-settings=\"{&quot;background_background&quot;:&quot;classic&quot;}\">\n\t\t\t\t\t<div class=\"e-con-inner\">\n\t\t<div class=\"elementor-element elementor-element-28a6184 e-con-full e-flex e-con e-child\" data-id=\"28a6184\" data-element_type=\"container\" data-e-type=\"container\">\n\t\t\t\t<div class=\"elementor-element elementor-element-493c524 elementor-widget elementor-widget-heading\" data-id=\"493c524\" data-element_type=\"widget\" data-e-type=\"widget\" data-widget_type=\"heading.default\">\n\t\t\t\t<div class=\"elementor-widget-container\">\n\t\t\t\t\t<h4 class=\"elementor-heading-title elementor-size-default\">Entdecken Sie unsere breite Palette an Relais<\/h4>\t\t\t\t<\/div>\n\t\t\t\t<\/div>\n\t\t\t\t<div class=\"elementor-element elementor-element-7a161df elementor-icon-list--layout-traditional elementor-list-item-link-full_width elementor-widget elementor-widget-icon-list\" data-id=\"7a161df\" data-element_type=\"widget\" data-e-type=\"widget\" data-widget_type=\"icon-list.default\">\n\t\t\t\t<div class=\"elementor-widget-container\">\n\t\t\t\t\t\t\t<ul class=\"elementor-icon-list-items\">\n\t\t\t\t\t\t\t<li class=\"elementor-icon-list-item\">\n\t\t\t\t\t\t\t\t\t\t\t<a href=\"https:\/\/thiim.com\/de\/thiim-relays\/produkter\/jordfejlsovervaagning\/\">\n\n\t\t\t\t\t\t\t\t\t\t\t\t<span class=\"elementor-icon-list-icon\">\n\t\t\t\t\t\t\t<i aria-hidden=\"true\" class=\"far fa-angle-right\"><\/i>\t\t\t\t\t\t<\/span>\n\t\t\t\t\t\t\t\t\t\t<span class=\"elementor-icon-list-text\">Bodenfehler\u00fcberwachung<\/span>\n\t\t\t\t\t\t\t\t\t\t\t<\/a>\n\t\t\t\t\t\t\t\t\t<\/li>\n\t\t\t\t\t\t\t\t<li class=\"elementor-icon-list-item\">\n\t\t\t\t\t\t\t\t\t\t\t<a href=\"https:\/\/thiim.com\/de\/thiim-relays\/produkter\/batteriovervaagning\/\">\n\n\t\t\t\t\t\t\t\t\t\t\t\t<span class=\"elementor-icon-list-icon\">\n\t\t\t\t\t\t\t<i aria-hidden=\"true\" class=\"far fa-angle-right\"><\/i>\t\t\t\t\t\t<\/span>\n\t\t\t\t\t\t\t\t\t\t<span class=\"elementor-icon-list-text\">Batterie\u00fcberwachung<\/span>\n\t\t\t\t\t\t\t\t\t\t\t<\/a>\n\t\t\t\t\t\t\t\t\t<\/li>\n\t\t\t\t\t\t\t\t<li class=\"elementor-icon-list-item\">\n\t\t\t\t\t\t\t\t\t\t\t<a href=\"https:\/\/thiim.com\/de\/thiim-relays\/produkter\/fasefejlsrelaeer\/\">\n\n\t\t\t\t\t\t\t\t\t\t\t\t<span class=\"elementor-icon-list-icon\">\n\t\t\t\t\t\t\t<i aria-hidden=\"true\" class=\"far fa-angle-right\"><\/i>\t\t\t\t\t\t<\/span>\n\t\t\t\t\t\t\t\t\t\t<span class=\"elementor-icon-list-text\">Phasenfehlerrelais<\/span>\n\t\t\t\t\t\t\t\t\t\t\t<\/a>\n\t\t\t\t\t\t\t\t\t<\/li>\n\t\t\t\t\t\t\t\t<li class=\"elementor-icon-list-item\">\n\t\t\t\t\t\t\t\t\t\t\t<a href=\"https:\/\/thiim.com\/de\/thiim-relays\/produkter\/spaending-stroem-og-frekvensrelaeer\/\">\n\n\t\t\t\t\t\t\t\t\t\t\t\t<span class=\"elementor-icon-list-icon\">\n\t\t\t\t\t\t\t<i aria-hidden=\"true\" class=\"far fa-angle-right\"><\/i>\t\t\t\t\t\t<\/span>\n\t\t\t\t\t\t\t\t\t\t<span class=\"elementor-icon-list-text\">Spannungs-, Strom- und Frequenzrelais<\/span>\n\t\t\t\t\t\t\t\t\t\t\t<\/a>\n\t\t\t\t\t\t\t\t\t<\/li>\n\t\t\t\t\t\t\t\t<li class=\"elementor-icon-list-item\">\n\t\t\t\t\t\t\t\t\t\t\t<a href=\"https:\/\/thiim.com\/de\/thiim-relays\/produkter\/isolationsforstaerker-signalkonvertering-og-transducere\/\">\n\n\t\t\t\t\t\t\t\t\t\t\t\t<span class=\"elementor-icon-list-icon\">\n\t\t\t\t\t\t\t<i aria-hidden=\"true\" class=\"far fa-angle-right\"><\/i>\t\t\t\t\t\t<\/span>\n\t\t\t\t\t\t\t\t\t\t<span class=\"elementor-icon-list-text\">Trennverst\u00e4rker, Signalwandler und Messumformer<\/span>\n\t\t\t\t\t\t\t\t\t\t\t<\/a>\n\t\t\t\t\t\t\t\t\t<\/li>\n\t\t\t\t\t\t\t\t<li class=\"elementor-icon-list-item\">\n\t\t\t\t\t\t\t\t\t\t\t<a href=\"https:\/\/thiim.com\/de\/thiim-relays\/produkter\/stroemtilslutning\/\">\n\n\t\t\t\t\t\t\t\t\t\t\t\t<span class=\"elementor-icon-list-icon\">\n\t\t\t\t\t\t\t<i aria-hidden=\"true\" class=\"far fa-angle-right\"><\/i>\t\t\t\t\t\t<\/span>\n\t\t\t\t\t\t\t\t\t\t<span class=\"elementor-icon-list-text\">Stromanschluss<\/span>\n\t\t\t\t\t\t\t\t\t\t\t<\/a>\n\t\t\t\t\t\t\t\t\t<\/li>\n\t\t\t\t\t\t<\/ul>\n\t\t\t\t\t\t<\/div>\n\t\t\t\t<\/div>\n\t\t\t\t<\/div>\n\t\t<div class=\"elementor-element elementor-element-e7265e7 e-con-full e-flex e-con e-child\" data-id=\"e7265e7\" data-element_type=\"container\" data-e-type=\"container\">\n\t\t\t\t<div class=\"elementor-element elementor-element-f65aac2 elementor-widget elementor-widget-heading\" data-id=\"f65aac2\" data-element_type=\"widget\" data-e-type=\"widget\" data-widget_type=\"heading.default\">\n\t\t\t\t<div class=\"elementor-widget-container\">\n\t\t\t\t\t<h2 class=\"elementor-heading-title elementor-size-default\">Unsere Relais tun genau das, wof\u00fcr sie entwickelt wurden - jedes Mal.<\/h2>\t\t\t\t<\/div>\n\t\t\t\t<\/div>\n\t\t\t\t<div class=\"elementor-element elementor-element-79edb2d elementor-widget elementor-widget-text-editor\" data-id=\"79edb2d\" data-element_type=\"widget\" data-e-type=\"widget\" data-widget_type=\"text-editor.default\">\n\t\t\t\t<div class=\"elementor-widget-container\">\n\t\t\t\t\t\t\t\t\t<p>Keine unn\u00f6tige Komplexit\u00e4t, keine Unsicherheit.<br \/>Nur saubere, zuverl\u00e4ssige Leistung.<\/p><p>Wir glauben an die altmodische Qualit\u00e4t, bei der jede Komponente mit Pr\u00e4zision gefertigt und f\u00fcr eine lange Lebensdauer ausgelegt ist.<\/p><p>Unsere Relais bieten eine stabile Leistung - auch unter schwierigen Bedingungen.<\/p><p><strong>Wenn Sie sich f\u00fcr unsere Produkte entscheiden, entscheiden Sie sich f\u00fcr bew\u00e4hrte L\u00f6sungen, die einfach funktionieren - Jahr f\u00fcr Jahr.<\/strong><\/p><p><strong>Einfach. Zuverl\u00e4ssig. Best\u00e4ndig.<\/strong><\/p>\t\t\t\t\t\t\t\t<\/div>\n\t\t\t\t<\/div>\n\t\t\t\t<\/div>\n\t\t\t\t\t<\/div>\n\t\t\t\t<\/div>\n\t\t<div class=\"elementor-element elementor-element-e3e5a1e e-flex e-con-boxed e-con e-parent\" data-id=\"e3e5a1e\" data-element_type=\"container\" data-e-type=\"container\" data-settings=\"{&quot;background_background&quot;:&quot;classic&quot;}\">\n\t\t\t\t\t<div class=\"e-con-inner\">\n\t\t<div class=\"elementor-element elementor-element-61970c3 e-con-full e-flex e-con e-child\" data-id=\"61970c3\" data-element_type=\"container\" data-e-type=\"container\">\n\t\t\t\t<div class=\"elementor-element elementor-element-322aab1 elementor-widget elementor-widget-heading\" data-id=\"322aab1\" data-element_type=\"widget\" data-e-type=\"widget\" data-widget_type=\"heading.default\">\n\t\t\t\t<div class=\"elementor-widget-container\">\n\t\t\t\t\t<h4 class=\"elementor-heading-title elementor-size-default\">Vorteile unserer Relais<\/h4>\t\t\t\t<\/div>\n\t\t\t\t<\/div>\n\t\t\t\t<div class=\"elementor-element elementor-element-6be2f52 elementor-icon-list--layout-traditional elementor-list-item-link-full_width elementor-widget elementor-widget-icon-list\" data-id=\"6be2f52\" data-element_type=\"widget\" data-e-type=\"widget\" data-widget_type=\"icon-list.default\">\n\t\t\t\t<div class=\"elementor-widget-container\">\n\t\t\t\t\t\t\t<ul class=\"elementor-icon-list-items\">\n\t\t\t\t\t\t\t<li class=\"elementor-icon-list-item\">\n\t\t\t\t\t\t\t\t\t\t\t<span class=\"elementor-icon-list-icon\">\n\t\t\t\t\t\t\t<i aria-hidden=\"true\" class=\"far fa-check-circle\"><\/i>\t\t\t\t\t\t<\/span>\n\t\t\t\t\t\t\t\t\t\t<span class=\"elementor-icon-list-text\">D\u00e4nische Produktion: Die eigene Produktion sichert die volle Kontrolle \u00fcber Qualit\u00e4t und Lieferung<\/span>\n\t\t\t\t\t\t\t\t\t<\/li>\n\t\t\t\t\t\t\t\t<li class=\"elementor-icon-list-item\">\n\t\t\t\t\t\t\t\t\t\t\t<span class=\"elementor-icon-list-icon\">\n\t\t\t\t\t\t\t<i aria-hidden=\"true\" class=\"far fa-check-circle\"><\/i>\t\t\t\t\t\t<\/span>\n\t\t\t\t\t\t\t\t\t\t<span class=\"elementor-icon-list-text\">Lange Lebensdauer: Entwickelt f\u00fcr den industriellen Einsatz und getestet f\u00fcr eine lange Lebensdauer<\/span>\n\t\t\t\t\t\t\t\t\t<\/li>\n\t\t\t\t\t\t\t\t<li class=\"elementor-icon-list-item\">\n\t\t\t\t\t\t\t\t\t\t\t<span class=\"elementor-icon-list-icon\">\n\t\t\t\t\t\t\t<i aria-hidden=\"true\" class=\"far fa-check-circle\"><\/i>\t\t\t\t\t\t<\/span>\n\t\t\t\t\t\t\t\t\t\t<span class=\"elementor-icon-list-text\">Technisches Know-how: Entwickelt von erfahrenen Ingenieuren und Spezialisten mit umfassenden Produktkenntnissen<\/span>\n\t\t\t\t\t\t\t\t\t<\/li>\n\t\t\t\t\t\t\t\t<li class=\"elementor-icon-list-item\">\n\t\t\t\t\t\t\t\t\t\t\t<span class=\"elementor-icon-list-icon\">\n\t\t\t\t\t\t\t<i aria-hidden=\"true\" class=\"far fa-check-circle\"><\/i>\t\t\t\t\t\t<\/span>\n\t\t\t\t\t\t\t\t\t\t<span class=\"elementor-icon-list-text\">Flexible L\u00f6sungen: Ma\u00dfgeschneiderte Relais f\u00fcr Standard- und Spezialanwendungen<\/span>\n\t\t\t\t\t\t\t\t\t<\/li>\n\t\t\t\t\t\t<\/ul>\n\t\t\t\t\t\t<\/div>\n\t\t\t\t<\/div>\n\t\t\t\t<div class=\"elementor-element elementor-element-0276936 elementor-mobile-align-justify elementor-widget-mobile__width-inherit elementor-align-left elementor-tablet-align-justify elementor-widget elementor-widget-button\" data-id=\"0276936\" data-element_type=\"widget\" data-e-type=\"widget\" data-widget_type=\"button.default\">\n\t\t\t\t<div class=\"elementor-widget-container\">\n\t\t\t\t\t\t\t\t\t<div class=\"elementor-button-wrapper\">\n\t\t\t\t\t<a class=\"elementor-button elementor-button-link elementor-size-sm elementor-animation-float\" href=\"https:\/\/thiim.com\/de\/kontakt\/\">\n\t\t\t\t\t\t<span class=\"elementor-button-content-wrapper\">\n\t\t\t\t\t\t\t\t\t<span class=\"elementor-button-text\">Kontaktieren Sie uns <\/span>\n\t\t\t\t\t<\/span>\n\t\t\t\t\t<\/a>\n\t\t\t\t<\/div>\n\t\t\t\t\t\t\t\t<\/div>\n\t\t\t\t<\/div>\n\t\t\t\t<\/div>\n\t\t<div class=\"elementor-element elementor-element-2362fc1 e-con-full e-flex e-con e-child\" data-id=\"2362fc1\" data-element_type=\"container\" data-e-type=\"container\">\n\t\t\t\t<div class=\"elementor-element elementor-element-c383ba3 elementor-widget elementor-widget-heading\" data-id=\"c383ba3\" data-element_type=\"widget\" data-e-type=\"widget\" data-widget_type=\"heading.default\">\n\t\t\t\t<div class=\"elementor-widget-container\">\n\t\t\t\t\t<h2 class=\"elementor-heading-title elementor-size-default\">D\u00e4nische Qualit\u00e4t - geschaffen mit Erfahrung und Pr\u00e4zision<\/h2>\t\t\t\t<\/div>\n\t\t\t\t<\/div>\n\t\t\t\t<div class=\"elementor-element elementor-element-d1c0d66 elementor-widget elementor-widget-text-editor\" data-id=\"d1c0d66\" data-element_type=\"widget\" data-e-type=\"widget\" data-widget_type=\"text-editor.default\">\n\t\t\t\t<div class=\"elementor-widget-container\">\n\t\t\t\t\t\t\t\t\t<p class=\"p3\">Bei Thiim produzieren wir unsere Relais <span class=\"s2\"><b>intern<\/b><\/span> mit unseren eigenen Spezialisten.<\/p><p class=\"p3\">Jedes Relais wird strengen Tests und Qualit\u00e4tskontrollen unterzogen, um Ihnen eine L\u00f6sung zu bieten, die Folgendes vereint <span class=\"s2\"><b>Handwerkskunst, Technologie und Zuverl\u00e4ssigkeit<\/b><\/span>.<\/p><p class=\"p3\">Unsere Ingenieure verf\u00fcgen \u00fcber jahrzehntelange Erfahrung und sind stolz darauf, Produkte zu liefern, die lange halten - auch in anspruchsvollen Umgebungen.<\/p><p class=\"p4\"><span class=\"s3\">Wenn Sie sich f\u00fcr ein Relais von Thiim entscheiden, erhalten Sie <\/span><b>D\u00e4nische Qualit\u00e4t mit bew\u00e4hrter Zuverl\u00e4ssigkeit<\/b><span class=\"s3\">.<\/span><\/p>\t\t\t\t\t\t\t\t<\/div>\n\t\t\t\t<\/div>\n\t\t\t\t<\/div>\n\t\t\t\t\t<\/div>\n\t\t\t\t<\/div>\n\t\t<div class=\"elementor-element elementor-element-fbdf7fb e-flex e-con-boxed e-con e-parent\" data-id=\"fbdf7fb\" data-element_type=\"container\" data-e-type=\"container\">\n\t\t\t\t\t<div class=\"e-con-inner\">\n\t\t<div class=\"elementor-element elementor-element-748aa80 e-con-full e-flex e-con e-child\" data-id=\"748aa80\" data-element_type=\"container\" data-e-type=\"container\">\n\t\t\t\t<div class=\"elementor-element elementor-element-23f656d elementor-widget elementor-widget-video\" data-id=\"23f656d\" data-element_type=\"widget\" data-e-type=\"widget\" data-settings=\"{&quot;youtube_url&quot;:&quot;https:\\\/\\\/youtu.be\\\/IS5qNLusiDc&quot;,&quot;video_type&quot;:&quot;youtube&quot;,&quot;controls&quot;:&quot;yes&quot;}\" data-widget_type=\"video.default\">\n\t\t\t\t<div class=\"elementor-widget-container\">\n\t\t\t\t\t\t\t<div class=\"elementor-wrapper elementor-open-inline\">\n\t\t\t<div class=\"elementor-video\"><\/div>\t\t<\/div>\n\t\t\t\t\t\t<\/div>\n\t\t\t\t<\/div>\n\t\t\t\t<\/div>\n\t\t<div class=\"elementor-element elementor-element-8efbbe1 e-con-full e-flex e-con e-child\" data-id=\"8efbbe1\" data-element_type=\"container\" data-e-type=\"container\">\n\t\t\t\t<div class=\"elementor-element elementor-element-2ca04e5 elementor-widget elementor-widget-text-editor\" data-id=\"2ca04e5\" data-element_type=\"widget\" data-e-type=\"widget\" data-widget_type=\"text-editor.default\">\n\t\t\t\t<div class=\"elementor-widget-container\">\n\t\t\t\t\t\t\t\t\t<p class=\"p3\">Wir haben ein kurzes Video \u00fcber uns gedreht, damit Sie uns besser kennen lernen k\u00f6nnen.<\/p>\t\t\t\t\t\t\t\t<\/div>\n\t\t\t\t<\/div>\n\t\t\t\t<\/div>\n\t\t\t\t\t<\/div>\n\t\t\t\t<\/div>\n\t\t\t\t<\/div>","protected":false},"excerpt":{"rendered":"<p>Thiim Relays G\u00e5 p\u00e5 opdagelse i vores brede sortiment af rel\u00e6er Jordfejlsoverv\u00e5gning Batterioverv\u00e5gning Fasefejlsrel\u00e6er Sp\u00e6nding-, str\u00f8m- og frekvensrel\u00e6er Isolationsforst\u00e6rker, signalkonvertering og transducere Str\u00f8mtilslutning Vores rel\u00e6er g\u00f8r pr\u00e6cis det, de er skabt til \u2013 hver gang. Ingen un\u00f8dvendig kompleksitet, ingen usikkerhed.Kun ren, driftssikker ydelse. Vi tror p\u00e5 gammeldags kvalitet, hvor hver enkelt komponent er fremstillet med [&hellip;]<\/p>\n","protected":false},"author":1,"featured_media":0,"parent":0,"menu_order":0,"comment_status":"closed","ping_status":"closed","template":"","meta":{"_acf_changed":false,"footnotes":""},"class_list":["post-1609","page","type-page","status-publish","hentry"],"acf":[],"yoast_head":"<!-- This site is optimized with the Yoast SEO plugin v26.6 - https:\/\/yoast.com\/wordpress\/plugins\/seo\/ -->\n<title>Elektrisk sikkerhed | Rel\u00e6l\u00f8sninger | Thiim Relays<\/title>\n<meta name=\"description\" content=\"Det har altid v\u00e6ret vigtigt at beskytte virksomheden mod cyberangreb \u2013 men kravene til virksomheders tiltag for at sikre det industrielle netv\u00e6rk, er steget\" \/>\n<meta name=\"robots\" content=\"index, follow, max-snippet:-1, max-image-preview:large, max-video-preview:-1\" \/>\n<link rel=\"canonical\" href=\"https:\/\/thiim.com\/de\/thiim-relais\/\" \/>\n<meta property=\"og:locale\" content=\"de_DE\" \/>\n<meta property=\"og:type\" content=\"article\" \/>\n<meta property=\"og:title\" content=\"Elektrisk sikkerhed | Rel\u00e6l\u00f8sninger | Thiim Relays\" \/>\n<meta property=\"og:description\" content=\"Det har altid v\u00e6ret vigtigt at beskytte virksomheden mod cyberangreb \u2013 men kravene til virksomheders tiltag for at sikre det industrielle netv\u00e6rk, er steget\" \/>\n<meta property=\"og:url\" content=\"https:\/\/thiim.com\/de\/thiim-relais\/\" \/>\n<meta property=\"og:site_name\" content=\"Thiim\" \/>\n<meta property=\"article:modified_time\" content=\"2025-12-12T07:44:11+00:00\" \/>\n<meta name=\"twitter:card\" content=\"summary_large_image\" \/>\n<meta name=\"twitter:label1\" content=\"Gesch\u00e4tzte Lesezeit\" \/>\n\t<meta name=\"twitter:data1\" content=\"1\u00a0Minute\" \/>\n<script type=\"application\/ld+json\" class=\"yoast-schema-graph\">{\"@context\":\"https:\/\/schema.org\",\"@graph\":[{\"@type\":\"WebPage\",\"@id\":\"https:\/\/thiim.com\/thiim-relays\/\",\"url\":\"https:\/\/thiim.com\/thiim-relays\/\",\"name\":\"Elektrisk sikkerhed | Rel\u00e6l\u00f8sninger | Thiim Relays\",\"isPartOf\":{\"@id\":\"https:\/\/thiim.com\/#website\"},\"datePublished\":\"2025-05-01T06:49:34+00:00\",\"dateModified\":\"2025-12-12T07:44:11+00:00\",\"description\":\"Det har altid v\u00e6ret vigtigt at beskytte virksomheden mod cyberangreb \u2013 men kravene til virksomheders tiltag for at sikre det industrielle netv\u00e6rk, er steget\",\"inLanguage\":\"de\",\"potentialAction\":[{\"@type\":\"ReadAction\",\"target\":[\"https:\/\/thiim.com\/thiim-relays\/\"]}]},{\"@type\":\"WebSite\",\"@id\":\"https:\/\/thiim.com\/#website\",\"url\":\"https:\/\/thiim.com\/\",\"name\":\"Thiim\",\"description\":\"\",\"publisher\":{\"@id\":\"https:\/\/thiim.com\/#organization\"},\"potentialAction\":[{\"@type\":\"SearchAction\",\"target\":{\"@type\":\"EntryPoint\",\"urlTemplate\":\"https:\/\/thiim.com\/?s={search_term_string}\"},\"query-input\":{\"@type\":\"PropertyValueSpecification\",\"valueRequired\":true,\"valueName\":\"search_term_string\"}}],\"inLanguage\":\"de\"},{\"@type\":\"Organization\",\"@id\":\"https:\/\/thiim.com\/#organization\",\"name\":\"Thiim\",\"url\":\"https:\/\/thiim.com\/\",\"logo\":{\"@type\":\"ImageObject\",\"inLanguage\":\"de\",\"@id\":\"https:\/\/thiim.com\/#\/schema\/logo\/image\/\",\"url\":\"https:\/\/thiim.com\/wp-content\/uploads\/Thiim_rgb_uramme.svg\",\"contentUrl\":\"https:\/\/thiim.com\/wp-content\/uploads\/Thiim_rgb_uramme.svg\",\"width\":653.94,\"height\":121.95,\"caption\":\"Thiim\"},\"image\":{\"@id\":\"https:\/\/thiim.com\/#\/schema\/logo\/image\/\"}}]}<\/script>\n<!-- \/ Yoast SEO plugin. -->","yoast_head_json":{"title":"Elektrische Sicherheit | Relaisl\u00f6sungen | Thiim-Relais","description":"Der Schutz Ihres Unternehmens vor Cyberangriffen war schon immer wichtig - aber die Anforderungen an Unternehmen, das industrielle Netzwerk zu sichern, sind gestiegen","robots":{"index":"index","follow":"follow","max-snippet":"max-snippet:-1","max-image-preview":"max-image-preview:large","max-video-preview":"max-video-preview:-1"},"canonical":"https:\/\/thiim.com\/de\/thiim-relais\/","og_locale":"de_DE","og_type":"article","og_title":"Elektrisk sikkerhed | Rel\u00e6l\u00f8sninger | Thiim Relays","og_description":"Det har altid v\u00e6ret vigtigt at beskytte virksomheden mod cyberangreb \u2013 men kravene til virksomheders tiltag for at sikre det industrielle netv\u00e6rk, er steget","og_url":"https:\/\/thiim.com\/de\/thiim-relais\/","og_site_name":"Thiim","article_modified_time":"2025-12-12T07:44:11+00:00","twitter_card":"summary_large_image","twitter_misc":{"Gesch\u00e4tzte Lesezeit":"1\u00a0Minute"},"schema":{"@context":"https:\/\/schema.org","@graph":[{"@type":"WebPage","@id":"https:\/\/thiim.com\/thiim-relays\/","url":"https:\/\/thiim.com\/thiim-relays\/","name":"Elektrische Sicherheit | Relaisl\u00f6sungen | Thiim-Relais","isPartOf":{"@id":"https:\/\/thiim.com\/#website"},"datePublished":"2025-05-01T06:49:34+00:00","dateModified":"2025-12-12T07:44:11+00:00","description":"Der Schutz Ihres Unternehmens vor Cyberangriffen war schon immer wichtig - aber die Anforderungen an Unternehmen, das industrielle Netzwerk zu sichern, sind gestiegen","inLanguage":"de","potentialAction":[{"@type":"ReadAction","target":["https:\/\/thiim.com\/thiim-relays\/"]}]},{"@type":"WebSite","@id":"https:\/\/thiim.com\/#website","url":"https:\/\/thiim.com\/","name":"Thiim","description":"","publisher":{"@id":"https:\/\/thiim.com\/#organization"},"potentialAction":[{"@type":"SearchAction","target":{"@type":"EntryPoint","urlTemplate":"https:\/\/thiim.com\/?s={search_term_string}"},"query-input":{"@type":"PropertyValueSpecification","valueRequired":true,"valueName":"search_term_string"}}],"inLanguage":"de"},{"@type":"Organization","@id":"https:\/\/thiim.com\/#organization","name":"Thiim","url":"https:\/\/thiim.com\/","logo":{"@type":"ImageObject","inLanguage":"de","@id":"https:\/\/thiim.com\/#\/schema\/logo\/image\/","url":"https:\/\/thiim.com\/wp-content\/uploads\/Thiim_rgb_uramme.svg","contentUrl":"https:\/\/thiim.com\/wp-content\/uploads\/Thiim_rgb_uramme.svg","width":653.94,"height":121.95,"caption":"Thiim"},"image":{"@id":"https:\/\/thiim.com\/#\/schema\/logo\/image\/"}}]}},"_links":{"self":[{"href":"https:\/\/thiim.com\/de\/wp-json\/wp\/v2\/pages\/1609","targetHints":{"allow":["GET"]}}],"collection":[{"href":"https:\/\/thiim.com\/de\/wp-json\/wp\/v2\/pages"}],"about":[{"href":"https:\/\/thiim.com\/de\/wp-json\/wp\/v2\/types\/page"}],"author":[{"embeddable":true,"href":"https:\/\/thiim.com\/de\/wp-json\/wp\/v2\/users\/1"}],"replies":[{"embeddable":true,"href":"https:\/\/thiim.com\/de\/wp-json\/wp\/v2\/comments?post=1609"}],"version-history":[{"count":20,"href":"https:\/\/thiim.com\/de\/wp-json\/wp\/v2\/pages\/1609\/revisions"}],"predecessor-version":[{"id":8468,"href":"https:\/\/thiim.com\/de\/wp-json\/wp\/v2\/pages\/1609\/revisions\/8468"}],"wp:attachment":[{"href":"https:\/\/thiim.com\/de\/wp-json\/wp\/v2\/media?parent=1609"}],"curies":[{"name":"wp","href":"https:\/\/api.w.org\/{rel}","templated":true}]}}