{"id":1684,"date":"2025-05-01T09:18:02","date_gmt":"2025-05-01T07:18:02","guid":{"rendered":"https:\/\/thiim.com\/?page_id=1684"},"modified":"2026-02-04T09:16:07","modified_gmt":"2026-02-04T08:16:07","slug":"faq","status":"publish","type":"page","link":"https:\/\/thiim.com\/de\/faq\/","title":{"rendered":"H\u00e4ufig gestellte Fragen"},"content":{"rendered":"<div data-elementor-type=\"wp-page\" data-elementor-id=\"1684\" class=\"elementor elementor-1684\" data-elementor-post-type=\"page\">\n\t\t\t\t<div class=\"elementor-element elementor-element-a0ecb7f e-flex e-con-boxed e-con e-parent\" data-id=\"a0ecb7f\" data-element_type=\"container\" data-e-type=\"container\" data-settings=\"{&quot;background_background&quot;:&quot;classic&quot;}\">\n\t\t\t\t\t<div class=\"e-con-inner\">\n\t\t<div class=\"elementor-element elementor-element-39861ee e-con-full e-flex e-con e-child\" data-id=\"39861ee\" data-element_type=\"container\" data-e-type=\"container\" data-settings=\"{&quot;background_background&quot;:&quot;classic&quot;}\">\n\t\t<div class=\"elementor-element elementor-element-a198047 e-con-full e-flex e-con e-child\" data-id=\"a198047\" data-element_type=\"container\" data-e-type=\"container\">\n\t\t\t\t<div class=\"elementor-element elementor-element-355fc06 elementor-widget elementor-widget-breadcrumbs\" data-id=\"355fc06\" data-element_type=\"widget\" data-e-type=\"widget\" data-widget_type=\"breadcrumbs.default\">\n\t\t\t\t<div class=\"elementor-widget-container\">\n\t\t\t\t\t<p id=\"breadcrumbs\"><\/p>\t\t\t\t<\/div>\n\t\t\t\t<\/div>\n\t\t\t\t<\/div>\n\t\t\t\t<\/div>\n\t\t\t\t\t<\/div>\n\t\t\t\t<\/div>\n\t\t<div class=\"elementor-element elementor-element-0170e33 e-flex e-con-boxed e-con e-parent\" data-id=\"0170e33\" data-element_type=\"container\" data-e-type=\"container\">\n\t\t\t\t\t<div class=\"e-con-inner\">\n\t\t\t\t<div class=\"elementor-element elementor-element-bcc5502 elementor-widget elementor-widget-text-editor\" data-id=\"bcc5502\" data-element_type=\"widget\" data-e-type=\"widget\" data-widget_type=\"text-editor.default\">\n\t\t\t\t<div class=\"elementor-widget-container\">\n\t\t\t\t\t\t\t\t\t<p>Die Website wird in K\u00fcrze fertig sein...<\/p><p>Wir freuen uns, die FAQ zu den vielen Fragen, die wir t\u00e4glich erhalten, einf\u00fchren zu k\u00f6nnen.\u00a0<\/p>\t\t\t\t\t\t\t\t<\/div>\n\t\t\t\t<\/div>\n\t\t\t\t\t<\/div>\n\t\t\t\t<\/div>\n\t\t\t\t<\/div>","protected":false},"excerpt":{"rendered":"<p>Siden er klar lige om lidt&#8230; Vi gl\u00e6der os til at introducere FAQ p\u00e5 de mange sp\u00f8rgsm\u00e5l vi f\u00e5r p\u00e5 daglig basis.<\/p>","protected":false},"author":1,"featured_media":0,"parent":0,"menu_order":0,"comment_status":"closed","ping_status":"closed","template":"","meta":{"_acf_changed":false,"footnotes":""},"class_list":["post-1684","page","type-page","status-publish","hentry"],"acf":[],"yoast_head":"<!-- This site is optimized with the Yoast SEO plugin v26.6 - https:\/\/yoast.com\/wordpress\/plugins\/seo\/ -->\n<title>FAQ | Ofte Stillede Sp\u00f8rgsm\u00e5l | Thiim A\/S<\/title>\n<meta name=\"description\" content=\"Find svar p\u00e5 ofte stillede sp\u00f8rgsm\u00e5l om Industriel IT, el\u2011komponenter, rel\u00e6er, netv\u00e6rkssikkerhed og vores l\u00f8sninger | Thiim A\/S\" \/>\n<meta name=\"robots\" content=\"index, follow, max-snippet:-1, max-image-preview:large, max-video-preview:-1\" \/>\n<link rel=\"canonical\" href=\"https:\/\/thiim.com\/de\/faq\/\" \/>\n<meta property=\"og:locale\" content=\"de_DE\" \/>\n<meta property=\"og:type\" content=\"article\" \/>\n<meta property=\"og:title\" content=\"FAQ | Ofte Stillede Sp\u00f8rgsm\u00e5l | Thiim A\/S\" \/>\n<meta property=\"og:description\" content=\"Find svar p\u00e5 ofte stillede sp\u00f8rgsm\u00e5l om Industriel IT, el\u2011komponenter, rel\u00e6er, netv\u00e6rkssikkerhed og vores l\u00f8sninger | Thiim A\/S\" \/>\n<meta property=\"og:url\" content=\"https:\/\/thiim.com\/de\/faq\/\" \/>\n<meta property=\"og:site_name\" content=\"Thiim\" \/>\n<meta property=\"article:modified_time\" content=\"2026-02-04T08:16:07+00:00\" \/>\n<meta name=\"twitter:card\" content=\"summary_large_image\" \/>\n<meta name=\"twitter:label1\" content=\"Gesch\u00e4tzte Lesezeit\" \/>\n\t<meta name=\"twitter:data1\" content=\"1\u00a0Minute\" \/>\n<script type=\"application\/ld+json\" class=\"yoast-schema-graph\">{\"@context\":\"https:\/\/schema.org\",\"@graph\":[{\"@type\":\"WebPage\",\"@id\":\"https:\/\/thiim.com\/faq\/\",\"url\":\"https:\/\/thiim.com\/faq\/\",\"name\":\"FAQ | Ofte Stillede Sp\u00f8rgsm\u00e5l | Thiim A\/S\",\"isPartOf\":{\"@id\":\"https:\/\/thiim.com\/#website\"},\"datePublished\":\"2025-05-01T07:18:02+00:00\",\"dateModified\":\"2026-02-04T08:16:07+00:00\",\"description\":\"Find svar p\u00e5 ofte stillede sp\u00f8rgsm\u00e5l om Industriel IT, el\u2011komponenter, rel\u00e6er, netv\u00e6rkssikkerhed og vores l\u00f8sninger | Thiim A\/S\",\"inLanguage\":\"de\",\"potentialAction\":[{\"@type\":\"ReadAction\",\"target\":[\"https:\/\/thiim.com\/faq\/\"]}]},{\"@type\":\"WebSite\",\"@id\":\"https:\/\/thiim.com\/#website\",\"url\":\"https:\/\/thiim.com\/\",\"name\":\"Thiim\",\"description\":\"\",\"publisher\":{\"@id\":\"https:\/\/thiim.com\/#organization\"},\"potentialAction\":[{\"@type\":\"SearchAction\",\"target\":{\"@type\":\"EntryPoint\",\"urlTemplate\":\"https:\/\/thiim.com\/?s={search_term_string}\"},\"query-input\":{\"@type\":\"PropertyValueSpecification\",\"valueRequired\":true,\"valueName\":\"search_term_string\"}}],\"inLanguage\":\"de\"},{\"@type\":\"Organization\",\"@id\":\"https:\/\/thiim.com\/#organization\",\"name\":\"Thiim\",\"url\":\"https:\/\/thiim.com\/\",\"logo\":{\"@type\":\"ImageObject\",\"inLanguage\":\"de\",\"@id\":\"https:\/\/thiim.com\/#\/schema\/logo\/image\/\",\"url\":\"https:\/\/thiim.com\/wp-content\/uploads\/Thiim_rgb_uramme.svg\",\"contentUrl\":\"https:\/\/thiim.com\/wp-content\/uploads\/Thiim_rgb_uramme.svg\",\"width\":653.94,\"height\":121.95,\"caption\":\"Thiim\"},\"image\":{\"@id\":\"https:\/\/thiim.com\/#\/schema\/logo\/image\/\"}}]}<\/script>\n<!-- \/ Yoast SEO plugin. -->","yoast_head_json":{"title":"FAQ | H\u00e4ufig gestellte Fragen | Thiim A\/S","description":"Finden Sie Antworten auf h\u00e4ufig gestellte Fragen zu Industrial IT, elektrischen Komponenten, Relais, Netzwerksicherheit und unseren L\u00f6sungen | Thiim A\/S","robots":{"index":"index","follow":"follow","max-snippet":"max-snippet:-1","max-image-preview":"max-image-preview:large","max-video-preview":"max-video-preview:-1"},"canonical":"https:\/\/thiim.com\/de\/faq\/","og_locale":"de_DE","og_type":"article","og_title":"FAQ | Ofte Stillede Sp\u00f8rgsm\u00e5l | Thiim A\/S","og_description":"Find svar p\u00e5 ofte stillede sp\u00f8rgsm\u00e5l om Industriel IT, el\u2011komponenter, rel\u00e6er, netv\u00e6rkssikkerhed og vores l\u00f8sninger | Thiim A\/S","og_url":"https:\/\/thiim.com\/de\/faq\/","og_site_name":"Thiim","article_modified_time":"2026-02-04T08:16:07+00:00","twitter_card":"summary_large_image","twitter_misc":{"Gesch\u00e4tzte Lesezeit":"1\u00a0Minute"},"schema":{"@context":"https:\/\/schema.org","@graph":[{"@type":"WebPage","@id":"https:\/\/thiim.com\/faq\/","url":"https:\/\/thiim.com\/faq\/","name":"FAQ | H\u00e4ufig gestellte Fragen | Thiim A\/S","isPartOf":{"@id":"https:\/\/thiim.com\/#website"},"datePublished":"2025-05-01T07:18:02+00:00","dateModified":"2026-02-04T08:16:07+00:00","description":"Finden Sie Antworten auf h\u00e4ufig gestellte Fragen zu Industrial IT, elektrischen Komponenten, Relais, Netzwerksicherheit und unseren L\u00f6sungen | Thiim A\/S","inLanguage":"de","potentialAction":[{"@type":"ReadAction","target":["https:\/\/thiim.com\/faq\/"]}]},{"@type":"WebSite","@id":"https:\/\/thiim.com\/#website","url":"https:\/\/thiim.com\/","name":"Thiim","description":"","publisher":{"@id":"https:\/\/thiim.com\/#organization"},"potentialAction":[{"@type":"SearchAction","target":{"@type":"EntryPoint","urlTemplate":"https:\/\/thiim.com\/?s={search_term_string}"},"query-input":{"@type":"PropertyValueSpecification","valueRequired":true,"valueName":"search_term_string"}}],"inLanguage":"de"},{"@type":"Organization","@id":"https:\/\/thiim.com\/#organization","name":"Thiim","url":"https:\/\/thiim.com\/","logo":{"@type":"ImageObject","inLanguage":"de","@id":"https:\/\/thiim.com\/#\/schema\/logo\/image\/","url":"https:\/\/thiim.com\/wp-content\/uploads\/Thiim_rgb_uramme.svg","contentUrl":"https:\/\/thiim.com\/wp-content\/uploads\/Thiim_rgb_uramme.svg","width":653.94,"height":121.95,"caption":"Thiim"},"image":{"@id":"https:\/\/thiim.com\/#\/schema\/logo\/image\/"}}]}},"_links":{"self":[{"href":"https:\/\/thiim.com\/de\/wp-json\/wp\/v2\/pages\/1684","targetHints":{"allow":["GET"]}}],"collection":[{"href":"https:\/\/thiim.com\/de\/wp-json\/wp\/v2\/pages"}],"about":[{"href":"https:\/\/thiim.com\/de\/wp-json\/wp\/v2\/types\/page"}],"author":[{"embeddable":true,"href":"https:\/\/thiim.com\/de\/wp-json\/wp\/v2\/users\/1"}],"replies":[{"embeddable":true,"href":"https:\/\/thiim.com\/de\/wp-json\/wp\/v2\/comments?post=1684"}],"version-history":[{"count":6,"href":"https:\/\/thiim.com\/de\/wp-json\/wp\/v2\/pages\/1684\/revisions"}],"predecessor-version":[{"id":9248,"href":"https:\/\/thiim.com\/de\/wp-json\/wp\/v2\/pages\/1684\/revisions\/9248"}],"wp:attachment":[{"href":"https:\/\/thiim.com\/de\/wp-json\/wp\/v2\/media?parent=1684"}],"curies":[{"name":"wp","href":"https:\/\/api.w.org\/{rel}","templated":true}]}}