{"id":2100,"date":"2025-05-05T08:23:53","date_gmt":"2025-05-05T06:23:53","guid":{"rendered":"https:\/\/thiim.com\/?page_id=2100"},"modified":"2026-01-26T12:38:45","modified_gmt":"2026-01-26T11:38:45","slug":"datenblatter","status":"publish","type":"page","link":"https:\/\/thiim.com\/de\/thiim-relays\/support\/datablade\/","title":{"rendered":"Datenbl\u00e4tter"},"content":{"rendered":"<div data-elementor-type=\"wp-page\" data-elementor-id=\"2100\" class=\"elementor elementor-2100\" data-elementor-post-type=\"page\">\n\t\t\t\t<div class=\"elementor-element elementor-element-f2d7923 e-flex e-con-boxed e-con e-parent\" data-id=\"f2d7923\" data-element_type=\"container\" data-e-type=\"container\" data-settings=\"{&quot;background_background&quot;:&quot;classic&quot;}\">\n\t\t\t\t\t<div class=\"e-con-inner\">\n\t\t<div class=\"elementor-element elementor-element-3a42d0d e-con-full e-flex e-con e-child\" data-id=\"3a42d0d\" data-element_type=\"container\" data-e-type=\"container\" data-settings=\"{&quot;background_background&quot;:&quot;classic&quot;}\">\n\t\t<div class=\"elementor-element elementor-element-e2708c5 e-con-full e-flex e-con e-child\" data-id=\"e2708c5\" data-element_type=\"container\" data-e-type=\"container\">\n\t\t\t\t<div class=\"elementor-element elementor-element-8daaba8 elementor-widget elementor-widget-breadcrumbs\" data-id=\"8daaba8\" data-element_type=\"widget\" data-e-type=\"widget\" data-widget_type=\"breadcrumbs.default\">\n\t\t\t\t<div class=\"elementor-widget-container\">\n\t\t\t\t\t<p id=\"breadcrumbs\"><\/p>\t\t\t\t<\/div>\n\t\t\t\t<\/div>\n\t\t\t\t<\/div>\n\t\t\t\t<\/div>\n\t\t\t\t\t<\/div>\n\t\t\t\t<\/div>\n\t\t<div class=\"elementor-element elementor-element-6fb9739 e-flex e-con-boxed e-con e-parent\" data-id=\"6fb9739\" data-element_type=\"container\" data-e-type=\"container\" data-settings=\"{&quot;background_background&quot;:&quot;classic&quot;}\">\n\t\t\t\t\t<div class=\"e-con-inner\">\n\t\t<div class=\"elementor-element elementor-element-5bdd80c e-con-full e-flex elementor-invisible e-con e-child\" data-id=\"5bdd80c\" data-element_type=\"container\" data-e-type=\"container\" data-settings=\"{&quot;animation&quot;:&quot;slideInLeft&quot;,&quot;animation_tablet&quot;:&quot;slideInUp&quot;,&quot;animation_mobile&quot;:&quot;slideInUp&quot;}\">\n\t\t\t\t<div class=\"elementor-element elementor-element-00d6c66 elementor-widget elementor-widget-heading\" data-id=\"00d6c66\" data-element_type=\"widget\" data-e-type=\"widget\" data-widget_type=\"heading.default\">\n\t\t\t\t<div class=\"elementor-widget-container\">\n\t\t\t\t\t<h2 class=\"elementor-heading-title elementor-size-default\">Technische Dokumentation, der Sie vertrauen k\u00f6nnen<\/h2>\t\t\t\t<\/div>\n\t\t\t\t<\/div>\n\t\t\t\t<div class=\"elementor-element elementor-element-8f4ff3a elementor-widget elementor-widget-text-editor\" data-id=\"8f4ff3a\" data-element_type=\"widget\" data-e-type=\"widget\" data-widget_type=\"text-editor.default\">\n\t\t\t\t<div class=\"elementor-widget-container\">\n\t\t\t\t\t\t\t\t\tBei Thiim erhalten Sie genaue und aktuelle Datenbl\u00e4tter, die die Installation und Wartung erleichtern.\n\nHier finden Sie alle relevanten technischen Informationen an einem Ort: Messbereiche, Anschlussdiagramme und Installationsanweisungen.\n\t\t\t\t\t\t\t\t<\/div>\n\t\t\t\t<\/div>\n\t\t\t\t<div class=\"elementor-element elementor-element-9bd2d71 elementor-widget elementor-widget-image\" data-id=\"9bd2d71\" data-element_type=\"widget\" data-e-type=\"widget\" data-widget_type=\"image.default\">\n\t\t\t\t<div class=\"elementor-widget-container\">\n\t\t\t\t\t\t\t\t\t\t\t\t\t\t\t<img fetchpriority=\"high\" decoding=\"async\" width=\"800\" height=\"600\" src=\"https:\/\/thiim.com\/wp-content\/uploads\/20211104_150609_blur.jpg\" class=\"attachment-large size-large wp-image-6313\" alt=\"\" srcset=\"https:\/\/thiim.com\/wp-content\/uploads\/20211104_150609_blur.jpg.webp 1000w, https:\/\/thiim.com\/wp-content\/uploads\/20211104_150609_blur-300x225.jpg.webp 300w, https:\/\/thiim.com\/wp-content\/uploads\/20211104_150609_blur-768x576.jpg.webp 768w\" sizes=\"(max-width: 800px) 100vw, 800px\" \/>\t\t\t\t\t\t\t\t\t\t\t\t\t\t\t<\/div>\n\t\t\t\t<\/div>\n\t\t\t\t<\/div>\n\t\t<div class=\"elementor-element elementor-element-ffa8039 e-con-full e-flex e-con e-child\" data-id=\"ffa8039\" data-element_type=\"container\" data-e-type=\"container\">\n\t\t\t\t<div class=\"elementor-element elementor-element-d740aad elementor-widget elementor-widget-heading\" data-id=\"d740aad\" data-element_type=\"widget\" data-e-type=\"widget\" data-widget_type=\"heading.default\">\n\t\t\t\t<div class=\"elementor-widget-container\">\n\t\t\t\t\t<h4 class=\"elementor-heading-title elementor-size-default\">Hier k\u00f6nnen Sie Ihr Datenblatt ansehen oder herunterladen<\/h4>\t\t\t\t<\/div>\n\t\t\t\t<\/div>\n\t\t\t\t<div class=\"elementor-element elementor-element-57c32f3 elementor-icon-list--layout-traditional elementor-list-item-link-full_width elementor-widget elementor-widget-icon-list\" data-id=\"57c32f3\" data-element_type=\"widget\" data-e-type=\"widget\" data-widget_type=\"icon-list.default\">\n\t\t\t\t<div class=\"elementor-widget-container\">\n\t\t\t\t\t\t\t<ul class=\"elementor-icon-list-items\">\n\t\t\t\t\t\t\t<li class=\"elementor-icon-list-item\">\n\t\t\t\t\t\t\t\t\t\t\t<a href=\"https:\/\/indd.adobe.com\/view\/c1dbc4d5-e6e3-4fe4-8ce9-8bacc5e5f379\">\n\n\t\t\t\t\t\t\t\t\t\t\t\t<span class=\"elementor-icon-list-icon\">\n\t\t\t\t\t\t\t<i aria-hidden=\"true\" class=\"far fa-chevron-right\"><\/i>\t\t\t\t\t\t<\/span>\n\t\t\t\t\t\t\t\t\t\t<span class=\"elementor-icon-list-text\">BMCA\/BMCD<\/span>\n\t\t\t\t\t\t\t\t\t\t\t<\/a>\n\t\t\t\t\t\t\t\t\t<\/li>\n\t\t\t\t\t\t\t\t<li class=\"elementor-icon-list-item\">\n\t\t\t\t\t\t\t\t\t\t\t<a href=\"https:\/\/indd.adobe.com\/view\/b3600309-d6db-44dc-878f-e1849f7bd29d\">\n\n\t\t\t\t\t\t\t\t\t\t\t\t<span class=\"elementor-icon-list-icon\">\n\t\t\t\t\t\t\t<i aria-hidden=\"true\" class=\"far fa-chevron-right\"><\/i>\t\t\t\t\t\t<\/span>\n\t\t\t\t\t\t\t\t\t\t<span class=\"elementor-icon-list-text\">BMSA<\/span>\n\t\t\t\t\t\t\t\t\t\t\t<\/a>\n\t\t\t\t\t\t\t\t\t<\/li>\n\t\t\t\t\t\t\t\t<li class=\"elementor-icon-list-item\">\n\t\t\t\t\t\t\t\t\t\t\t<a href=\"https:\/\/indd.adobe.com\/view\/53eb28de-beaf-4e77-b82c-2760a9750cd9\">\n\n\t\t\t\t\t\t\t\t\t\t\t\t<span class=\"elementor-icon-list-icon\">\n\t\t\t\t\t\t\t<i aria-hidden=\"true\" class=\"far fa-chevron-right\"><\/i>\t\t\t\t\t\t<\/span>\n\t\t\t\t\t\t\t\t\t\t<span class=\"elementor-icon-list-text\">BMWB<\/span>\n\t\t\t\t\t\t\t\t\t\t\t<\/a>\n\t\t\t\t\t\t\t\t\t<\/li>\n\t\t\t\t\t\t\t\t<li class=\"elementor-icon-list-item\">\n\t\t\t\t\t\t\t\t\t\t\t<a href=\"https:\/\/indd.adobe.com\/view\/f3d519c2-1bb6-42d8-81d2-64e5d24f0968\">\n\n\t\t\t\t\t\t\t\t\t\t\t\t<span class=\"elementor-icon-list-icon\">\n\t\t\t\t\t\t\t<i aria-hidden=\"true\" class=\"far fa-chevron-right\"><\/i>\t\t\t\t\t\t<\/span>\n\t\t\t\t\t\t\t\t\t\t<span class=\"elementor-icon-list-text\">DDCA<\/span>\n\t\t\t\t\t\t\t\t\t\t\t<\/a>\n\t\t\t\t\t\t\t\t\t<\/li>\n\t\t\t\t\t\t\t\t<li class=\"elementor-icon-list-item\">\n\t\t\t\t\t\t\t\t\t\t\t<a href=\"https:\/\/indd.adobe.com\/view\/ae324f1c-2fc1-44a8-8816-8ae823c81626\">\n\n\t\t\t\t\t\t\t\t\t\t\t\t<span class=\"elementor-icon-list-icon\">\n\t\t\t\t\t\t\t<i aria-hidden=\"true\" class=\"far fa-chevron-right\"><\/i>\t\t\t\t\t\t<\/span>\n\t\t\t\t\t\t\t\t\t\t<span class=\"elementor-icon-list-text\">DDCB\/DDCC<\/span>\n\t\t\t\t\t\t\t\t\t\t\t<\/a>\n\t\t\t\t\t\t\t\t\t<\/li>\n\t\t\t\t\t\t\t\t<li class=\"elementor-icon-list-item\">\n\t\t\t\t\t\t\t\t\t\t\t<a href=\"https:\/\/indd.adobe.com\/view\/7e7ed9b4-e9cf-46a7-9d5e-5f63bef08fb0\">\n\n\t\t\t\t\t\t\t\t\t\t\t\t<span class=\"elementor-icon-list-icon\">\n\t\t\t\t\t\t\t<i aria-hidden=\"true\" class=\"far fa-chevron-right\"><\/i>\t\t\t\t\t\t<\/span>\n\t\t\t\t\t\t\t\t\t\t<span class=\"elementor-icon-list-text\">DDEA<\/span>\n\t\t\t\t\t\t\t\t\t\t\t<\/a>\n\t\t\t\t\t\t\t\t\t<\/li>\n\t\t\t\t\t\t\t\t<li class=\"elementor-icon-list-item\">\n\t\t\t\t\t\t\t\t\t\t\t<a href=\"https:\/\/indd.adobe.com\/view\/e4c91a8f-4818-45e2-a6d2-294786f81526\">\n\n\t\t\t\t\t\t\t\t\t\t\t\t<span class=\"elementor-icon-list-icon\">\n\t\t\t\t\t\t\t<i aria-hidden=\"true\" class=\"far fa-chevron-right\"><\/i>\t\t\t\t\t\t<\/span>\n\t\t\t\t\t\t\t\t\t\t<span class=\"elementor-icon-list-text\">DDEB<\/span>\n\t\t\t\t\t\t\t\t\t\t\t<\/a>\n\t\t\t\t\t\t\t\t\t<\/li>\n\t\t\t\t\t\t\t\t<li class=\"elementor-icon-list-item\">\n\t\t\t\t\t\t\t\t\t\t\t<a href=\"https:\/\/indd.adobe.com\/view\/08c6e077-ccf8-4871-beda-f48ee38fd6d8\">\n\n\t\t\t\t\t\t\t\t\t\t\t\t<span class=\"elementor-icon-list-icon\">\n\t\t\t\t\t\t\t<i aria-hidden=\"true\" class=\"far fa-chevron-right\"><\/i>\t\t\t\t\t\t<\/span>\n\t\t\t\t\t\t\t\t\t\t<span class=\"elementor-icon-list-text\">PAFA\/PAGA<\/span>\n\t\t\t\t\t\t\t\t\t\t\t<\/a>\n\t\t\t\t\t\t\t\t\t<\/li>\n\t\t\t\t\t\t\t\t<li class=\"elementor-icon-list-item\">\n\t\t\t\t\t\t\t\t\t\t\t<a href=\"https:\/\/indd.adobe.com\/view\/023e823f-3c7d-402c-8bf6-b4a5f36f97db\">\n\n\t\t\t\t\t\t\t\t\t\t\t\t<span class=\"elementor-icon-list-icon\">\n\t\t\t\t\t\t\t<i aria-hidden=\"true\" class=\"far fa-chevron-right\"><\/i>\t\t\t\t\t\t<\/span>\n\t\t\t\t\t\t\t\t\t\t<span class=\"elementor-icon-list-text\">PAHA\/PAHI\/PAMA\/PAMI<\/span>\n\t\t\t\t\t\t\t\t\t\t\t<\/a>\n\t\t\t\t\t\t\t\t\t<\/li>\n\t\t\t\t\t\t\t\t<li class=\"elementor-icon-list-item\">\n\t\t\t\t\t\t\t\t\t\t\t<a href=\"https:\/\/indd.adobe.com\/view\/c9450f08-9a92-480f-a844-b6000069d8ab\">\n\n\t\t\t\t\t\t\t\t\t\t\t\t<span class=\"elementor-icon-list-icon\">\n\t\t\t\t\t\t\t<i aria-hidden=\"true\" class=\"far fa-chevron-right\"><\/i>\t\t\t\t\t\t<\/span>\n\t\t\t\t\t\t\t\t\t\t<span class=\"elementor-icon-list-text\">PADA\/PADI\/PANA\/PANI<\/span>\n\t\t\t\t\t\t\t\t\t\t\t<\/a>\n\t\t\t\t\t\t\t\t\t<\/li>\n\t\t\t\t\t\t\t\t<li class=\"elementor-icon-list-item\">\n\t\t\t\t\t\t\t\t\t\t\t<a href=\"https:\/\/indd.adobe.com\/view\/4d705cc1-aa7d-43b1-b3e1-a58454920da4\">\n\n\t\t\t\t\t\t\t\t\t\t\t\t<span class=\"elementor-icon-list-icon\">\n\t\t\t\t\t\t\t<i aria-hidden=\"true\" class=\"far fa-chevron-right\"><\/i>\t\t\t\t\t\t<\/span>\n\t\t\t\t\t\t\t\t\t\t<span class=\"elementor-icon-list-text\">PNDA\/PNDI<\/span>\n\t\t\t\t\t\t\t\t\t\t\t<\/a>\n\t\t\t\t\t\t\t\t\t<\/li>\n\t\t\t\t\t\t\t\t<li class=\"elementor-icon-list-item\">\n\t\t\t\t\t\t\t\t\t\t\t<a href=\"https:\/\/indd.adobe.com\/view\/7b522c10-2e62-48e7-ab45-7123af2159fd\">\n\n\t\t\t\t\t\t\t\t\t\t\t\t<span class=\"elementor-icon-list-icon\">\n\t\t\t\t\t\t\t<i aria-hidden=\"true\" class=\"far fa-chevron-right\"><\/i>\t\t\t\t\t\t<\/span>\n\t\t\t\t\t\t\t\t\t\t<span class=\"elementor-icon-list-text\">SYND\/SYPD<\/span>\n\t\t\t\t\t\t\t\t\t\t\t<\/a>\n\t\t\t\t\t\t\t\t\t<\/li>\n\t\t\t\t\t\t\t\t<li class=\"elementor-icon-list-item\">\n\t\t\t\t\t\t\t\t\t\t\t<a href=\"https:\/\/indd.adobe.com\/view\/99bc0a56-72de-45b0-8ed2-c6a4b6ed25aa\">\n\n\t\t\t\t\t\t\t\t\t\t\t\t<span class=\"elementor-icon-list-icon\">\n\t\t\t\t\t\t\t<i aria-hidden=\"true\" class=\"far fa-chevron-right\"><\/i>\t\t\t\t\t\t<\/span>\n\t\t\t\t\t\t\t\t\t\t<span class=\"elementor-icon-list-text\">BRIA<\/span>\n\t\t\t\t\t\t\t\t\t\t\t<\/a>\n\t\t\t\t\t\t\t\t\t<\/li>\n\t\t\t\t\t\t\t\t<li class=\"elementor-icon-list-item\">\n\t\t\t\t\t\t\t\t\t\t\t<a href=\"https:\/\/indd.adobe.com\/view\/8be9ccd4-893d-463f-aa3b-5defc954e31a\">\n\n\t\t\t\t\t\t\t\t\t\t\t\t<span class=\"elementor-icon-list-icon\">\n\t\t\t\t\t\t\t<i aria-hidden=\"true\" class=\"far fa-chevron-right\"><\/i>\t\t\t\t\t\t<\/span>\n\t\t\t\t\t\t\t\t\t\t<span class=\"elementor-icon-list-text\">PAFB\/PAGB<\/span>\n\t\t\t\t\t\t\t\t\t\t\t<\/a>\n\t\t\t\t\t\t\t\t\t<\/li>\n\t\t\t\t\t\t<\/ul>\n\t\t\t\t\t\t<\/div>\n\t\t\t\t<\/div>\n\t\t\t\t<\/div>\n\t\t\t\t\t<\/div>\n\t\t\t\t<\/div>\n\t\t<div class=\"elementor-element elementor-element-3ee8262a e-con-full e-flex e-con e-child\" data-id=\"3ee8262a\" data-element_type=\"container\" data-e-type=\"container\">\n\t\t\t\t<div class=\"elementor-element elementor-element-71a978f9 elementor-widget elementor-widget-heading\" data-id=\"71a978f9\" data-element_type=\"widget\" data-e-type=\"widget\" data-widget_type=\"heading.default\">\n\t\t\t\t<div class=\"elementor-widget-container\">\n\t\t\t\t\t<h3 class=\"elementor-heading-title elementor-size-default\">Ben\u00f6tigen Sie ein Datenblatt? <\/h3>\t\t\t\t<\/div>\n\t\t\t\t<\/div>\n\t\t\t\t<div class=\"elementor-element elementor-element-44de2c7 elementor-widget elementor-widget-text-editor\" data-id=\"44de2c7\" data-element_type=\"widget\" data-e-type=\"widget\" data-widget_type=\"text-editor.default\">\n\t\t\t\t<div class=\"elementor-widget-container\">\n\t\t\t\t\t\t\t\t\t<p>Wir aktualisieren derzeit alle unsere Datenbl\u00e4tter. Wenn Sie das von Ihnen ben\u00f6tigte Datenblatt in der obigen Liste nicht finden k\u00f6nnen, senden Sie uns bitte eine E-Mail.<\/p>\t\t\t\t\t\t\t\t<\/div>\n\t\t\t\t<\/div>\n\t\t\t\t<div class=\"elementor-element elementor-element-f0a8991 elementor-mobile-align-justify elementor-widget-mobile__width-inherit elementor-align-center elementor-widget elementor-widget-button\" data-id=\"f0a8991\" data-element_type=\"widget\" data-e-type=\"widget\" data-widget_type=\"button.default\">\n\t\t\t\t<div class=\"elementor-widget-container\">\n\t\t\t\t\t\t\t\t\t<div class=\"elementor-button-wrapper\">\n\t\t\t\t\t<a class=\"elementor-button elementor-button-link elementor-size-sm elementor-animation-float\" href=\"mailto:%20relays@thiim.com\">\n\t\t\t\t\t\t<span class=\"elementor-button-content-wrapper\">\n\t\t\t\t\t\t\t\t\t<span class=\"elementor-button-text\">Schreiben Sie uns<\/span>\n\t\t\t\t\t<\/span>\n\t\t\t\t\t<\/a>\n\t\t\t\t<\/div>\n\t\t\t\t\t\t\t\t<\/div>\n\t\t\t\t<\/div>\n\t\t\t\t<\/div>\n\t\t<div class=\"elementor-element elementor-element-5c2a5f6 e-flex e-con-boxed e-con e-parent\" data-id=\"5c2a5f6\" data-element_type=\"container\" data-e-type=\"container\" data-settings=\"{&quot;background_background&quot;:&quot;classic&quot;}\">\n\t\t\t\t\t<div class=\"e-con-inner\">\n\t\t<div class=\"elementor-element elementor-element-29702e4 e-con-full e-flex elementor-invisible e-con e-child\" data-id=\"29702e4\" data-element_type=\"container\" data-e-type=\"container\" data-settings=\"{&quot;animation&quot;:&quot;slideInRight&quot;,&quot;animation_tablet&quot;:&quot;slideInUp&quot;,&quot;animation_mobile&quot;:&quot;slideInUp&quot;}\">\n\t\t\t\t<div class=\"elementor-element elementor-element-796e6e1 elementor-widget elementor-widget-heading\" data-id=\"796e6e1\" data-element_type=\"widget\" data-e-type=\"widget\" data-widget_type=\"heading.default\">\n\t\t\t\t<div class=\"elementor-widget-container\">\n\t\t\t\t\t<h2 class=\"elementor-heading-title elementor-size-default\">Ver\u00f6ffentlichungen<\/h2>\t\t\t\t<\/div>\n\t\t\t\t<\/div>\n\t\t\t\t<div class=\"elementor-element elementor-element-1984ce9 elementor-widget elementor-widget-text-editor\" data-id=\"1984ce9\" data-element_type=\"widget\" data-e-type=\"widget\" data-widget_type=\"text-editor.default\">\n\t\t\t\t<div class=\"elementor-widget-container\">\n\t\t\t\t\t\t\t\t\t<p class=\"p1\">Wir haben Brosch\u00fcren zu unseren Bestsellern im Bereich Gleichstromrelais und Phasenausfallrelais zusammengestellt.<\/p><p class=\"p1\">Hier erhalten Sie einen schnellen \u00dcberblick dar\u00fcber, f\u00fcr welche Anwendungen unsere Relais geeignet sind - so k\u00f6nnen Sie leicht die L\u00f6sung finden, die Ihren Anforderungen entspricht.<\/p>\t\t\t\t\t\t\t\t<\/div>\n\t\t\t\t<\/div>\n\t\t\t\t<div class=\"elementor-element elementor-element-59e2f47 elementor-mobile-align-justify elementor-widget-mobile__width-inherit elementor-align-left elementor-widget elementor-widget-button\" data-id=\"59e2f47\" data-element_type=\"widget\" data-e-type=\"widget\" data-widget_type=\"button.default\">\n\t\t\t\t<div class=\"elementor-widget-container\">\n\t\t\t\t\t\t\t\t\t<div class=\"elementor-button-wrapper\">\n\t\t\t\t\t<a class=\"elementor-button elementor-button-link elementor-size-sm elementor-animation-float\" href=\"https:\/\/thiim.com\/de\/thiim-relays\/support\/publikationer\/\">\n\t\t\t\t\t\t<span class=\"elementor-button-content-wrapper\">\n\t\t\t\t\t\t\t\t\t<span class=\"elementor-button-text\">Sehen Sie sich hier unsere Brosch\u00fcren an<\/span>\n\t\t\t\t\t<\/span>\n\t\t\t\t\t<\/a>\n\t\t\t\t<\/div>\n\t\t\t\t\t\t\t\t<\/div>\n\t\t\t\t<\/div>\n\t\t\t\t<\/div>\n\t\t<div class=\"elementor-element elementor-element-c380b70 e-con-full e-flex e-con e-child\" data-id=\"c380b70\" data-element_type=\"container\" data-e-type=\"container\">\n\t\t\t\t<div class=\"elementor-element elementor-element-f3afccd elementor-widget elementor-widget-image\" data-id=\"f3afccd\" data-element_type=\"widget\" data-e-type=\"widget\" data-widget_type=\"image.default\">\n\t\t\t\t<div class=\"elementor-widget-container\">\n\t\t\t\t\t\t\t\t\t\t\t\t\t\t\t<img decoding=\"async\" width=\"800\" height=\"584\" src=\"https:\/\/thiim.com\/wp-content\/uploads\/3-1-billeder_Publikationer-1024x748.jpg\" class=\"attachment-large size-large wp-image-6265\" alt=\"\" srcset=\"https:\/\/thiim.com\/wp-content\/uploads\/3-1-billeder_Publikationer-1024x748.jpg.webp 1024w, https:\/\/thiim.com\/wp-content\/uploads\/3-1-billeder_Publikationer-300x219.jpg.webp 300w, https:\/\/thiim.com\/wp-content\/uploads\/3-1-billeder_Publikationer-768x561.jpg.webp 768w, https:\/\/thiim.com\/wp-content\/uploads\/3-1-billeder_Publikationer.jpg.webp 1300w\" sizes=\"(max-width: 800px) 100vw, 800px\" \/>\t\t\t\t\t\t\t\t\t\t\t\t\t\t\t<\/div>\n\t\t\t\t<\/div>\n\t\t\t\t<\/div>\n\t\t\t\t\t<\/div>\n\t\t\t\t<\/div>\n\t\t\t\t<\/div>","protected":false},"excerpt":{"rendered":"<p>Teknisk dokumentation, du kan stole p\u00e5 Hos Thiim f\u00e5r du pr\u00e6cise og opdaterede datablade, der g\u00f8r installation og vedligehold nemmere. Her finder du alle relevante tekniske oplysninger samlet \u00e9t sted: m\u00e5leomr\u00e5der, tilslutningsdiagrammer og monteringsvejledninger. Se eller download dit datablad her BMCA\/BMCD BMSA BMWB DDCA DDCB\/DDCC DDEA DDEB PAFA\/PAGA PAHA\/PAHI\/PAMA\/PAMI PADA\/PADI\/PANA\/PANI PNDA\/PNDI SYND\/SYPD BRIA PAFB\/PAGB Mangler [&hellip;]<\/p>\n","protected":false},"author":1,"featured_media":0,"parent":1616,"menu_order":0,"comment_status":"closed","ping_status":"closed","template":"","meta":{"_acf_changed":false,"footnotes":""},"class_list":["post-2100","page","type-page","status-publish","hentry"],"acf":[],"yoast_head":"<!-- This site is optimized with the Yoast SEO plugin v26.6 - https:\/\/yoast.com\/wordpress\/plugins\/seo\/ -->\n<title>Datablade - Thiim<\/title>\n<meta name=\"description\" content=\"Download databladet for dit Thiim-rel\u00e6. DC-overv\u00e5gning, AC-motorer, batterioverv\u00e5gning \u2013 vi har rel\u00e6et!\" \/>\n<meta name=\"robots\" content=\"index, follow, max-snippet:-1, max-image-preview:large, max-video-preview:-1\" \/>\n<link rel=\"canonical\" href=\"https:\/\/thiim.com\/de\/thiim-relais\/unterstutzung\/datenblatter\/\" \/>\n<meta property=\"og:locale\" content=\"de_DE\" \/>\n<meta property=\"og:type\" content=\"article\" \/>\n<meta property=\"og:title\" content=\"Datablade - Thiim\" \/>\n<meta property=\"og:description\" content=\"Download databladet for dit Thiim-rel\u00e6. DC-overv\u00e5gning, AC-motorer, batterioverv\u00e5gning \u2013 vi har rel\u00e6et!\" \/>\n<meta property=\"og:url\" content=\"https:\/\/thiim.com\/de\/thiim-relais\/unterstutzung\/datenblatter\/\" \/>\n<meta property=\"og:site_name\" content=\"Thiim\" \/>\n<meta property=\"article:modified_time\" content=\"2026-01-26T11:38:45+00:00\" \/>\n<meta property=\"og:image\" content=\"https:\/\/thiim.com\/wp-content\/uploads\/20211104_150609_blur.jpg\" \/>\n<meta name=\"twitter:card\" content=\"summary_large_image\" \/>\n<meta name=\"twitter:label1\" content=\"Gesch\u00e4tzte Lesezeit\" \/>\n\t<meta name=\"twitter:data1\" content=\"1\u00a0Minute\" \/>\n<script type=\"application\/ld+json\" class=\"yoast-schema-graph\">{\"@context\":\"https:\/\/schema.org\",\"@graph\":[{\"@type\":\"WebPage\",\"@id\":\"https:\/\/thiim.com\/thiim-relays\/support\/datablade\/\",\"url\":\"https:\/\/thiim.com\/thiim-relays\/support\/datablade\/\",\"name\":\"Datablade - Thiim\",\"isPartOf\":{\"@id\":\"https:\/\/thiim.com\/#website\"},\"primaryImageOfPage\":{\"@id\":\"https:\/\/thiim.com\/thiim-relays\/support\/datablade\/#primaryimage\"},\"image\":{\"@id\":\"https:\/\/thiim.com\/thiim-relays\/support\/datablade\/#primaryimage\"},\"thumbnailUrl\":\"https:\/\/thiim.com\/wp-content\/uploads\/20211104_150609_blur.jpg\",\"datePublished\":\"2025-05-05T06:23:53+00:00\",\"dateModified\":\"2026-01-26T11:38:45+00:00\",\"description\":\"Download databladet for dit Thiim-rel\u00e6. DC-overv\u00e5gning, AC-motorer, batterioverv\u00e5gning \u2013 vi har rel\u00e6et!\",\"breadcrumb\":{\"@id\":\"https:\/\/thiim.com\/thiim-relays\/support\/datablade\/#breadcrumb\"},\"inLanguage\":\"de\",\"potentialAction\":[{\"@type\":\"ReadAction\",\"target\":[\"https:\/\/thiim.com\/thiim-relays\/support\/datablade\/\"]}]},{\"@type\":\"ImageObject\",\"inLanguage\":\"de\",\"@id\":\"https:\/\/thiim.com\/thiim-relays\/support\/datablade\/#primaryimage\",\"url\":\"https:\/\/thiim.com\/wp-content\/uploads\/20211104_150609_blur.jpg\",\"contentUrl\":\"https:\/\/thiim.com\/wp-content\/uploads\/20211104_150609_blur.jpg\"},{\"@type\":\"BreadcrumbList\",\"@id\":\"https:\/\/thiim.com\/thiim-relays\/support\/datablade\/#breadcrumb\",\"itemListElement\":[{\"@type\":\"ListItem\",\"position\":1,\"name\":\"Thiim Relays\u200b\",\"item\":\"https:\/\/thiim.com\/thiim-relays\/\"},{\"@type\":\"ListItem\",\"position\":2,\"name\":\"Support\",\"item\":\"https:\/\/thiim.com\/thiim-relays\/support\/\"},{\"@type\":\"ListItem\",\"position\":3,\"name\":\"Datablade\"}]},{\"@type\":\"WebSite\",\"@id\":\"https:\/\/thiim.com\/#website\",\"url\":\"https:\/\/thiim.com\/\",\"name\":\"Thiim\",\"description\":\"\",\"publisher\":{\"@id\":\"https:\/\/thiim.com\/#organization\"},\"potentialAction\":[{\"@type\":\"SearchAction\",\"target\":{\"@type\":\"EntryPoint\",\"urlTemplate\":\"https:\/\/thiim.com\/?s={search_term_string}\"},\"query-input\":{\"@type\":\"PropertyValueSpecification\",\"valueRequired\":true,\"valueName\":\"search_term_string\"}}],\"inLanguage\":\"de\"},{\"@type\":\"Organization\",\"@id\":\"https:\/\/thiim.com\/#organization\",\"name\":\"Thiim\",\"url\":\"https:\/\/thiim.com\/\",\"logo\":{\"@type\":\"ImageObject\",\"inLanguage\":\"de\",\"@id\":\"https:\/\/thiim.com\/#\/schema\/logo\/image\/\",\"url\":\"https:\/\/thiim.com\/wp-content\/uploads\/Thiim_rgb_uramme.svg\",\"contentUrl\":\"https:\/\/thiim.com\/wp-content\/uploads\/Thiim_rgb_uramme.svg\",\"width\":653.94,\"height\":121.95,\"caption\":\"Thiim\"},\"image\":{\"@id\":\"https:\/\/thiim.com\/#\/schema\/logo\/image\/\"}}]}<\/script>\n<!-- \/ Yoast SEO plugin. -->","yoast_head_json":{"title":"Datenbl\u00e4tter - Thiim","description":"Laden Sie das Datenblatt f\u00fcr Ihr Thiim-Relais herunter. DC-\u00dcberwachung, AC-Motoren, Batterie\u00fcberwachung - wir haben das Relais!","robots":{"index":"index","follow":"follow","max-snippet":"max-snippet:-1","max-image-preview":"max-image-preview:large","max-video-preview":"max-video-preview:-1"},"canonical":"https:\/\/thiim.com\/de\/thiim-relais\/unterstutzung\/datenblatter\/","og_locale":"de_DE","og_type":"article","og_title":"Datablade - Thiim","og_description":"Download databladet for dit Thiim-rel\u00e6. DC-overv\u00e5gning, AC-motorer, batterioverv\u00e5gning \u2013 vi har rel\u00e6et!","og_url":"https:\/\/thiim.com\/de\/thiim-relais\/unterstutzung\/datenblatter\/","og_site_name":"Thiim","article_modified_time":"2026-01-26T11:38:45+00:00","og_image":[{"url":"https:\/\/thiim.com\/wp-content\/uploads\/20211104_150609_blur.jpg","type":"","width":"","height":""}],"twitter_card":"summary_large_image","twitter_misc":{"Gesch\u00e4tzte Lesezeit":"1\u00a0Minute"},"schema":{"@context":"https:\/\/schema.org","@graph":[{"@type":"WebPage","@id":"https:\/\/thiim.com\/thiim-relays\/support\/datablade\/","url":"https:\/\/thiim.com\/thiim-relays\/support\/datablade\/","name":"Datenbl\u00e4tter - Thiim","isPartOf":{"@id":"https:\/\/thiim.com\/#website"},"primaryImageOfPage":{"@id":"https:\/\/thiim.com\/thiim-relays\/support\/datablade\/#primaryimage"},"image":{"@id":"https:\/\/thiim.com\/thiim-relays\/support\/datablade\/#primaryimage"},"thumbnailUrl":"https:\/\/thiim.com\/wp-content\/uploads\/20211104_150609_blur.jpg","datePublished":"2025-05-05T06:23:53+00:00","dateModified":"2026-01-26T11:38:45+00:00","description":"Laden Sie das Datenblatt f\u00fcr Ihr Thiim-Relais herunter. DC-\u00dcberwachung, AC-Motoren, Batterie\u00fcberwachung - wir haben das Relais!","breadcrumb":{"@id":"https:\/\/thiim.com\/thiim-relays\/support\/datablade\/#breadcrumb"},"inLanguage":"de","potentialAction":[{"@type":"ReadAction","target":["https:\/\/thiim.com\/thiim-relays\/support\/datablade\/"]}]},{"@type":"ImageObject","inLanguage":"de","@id":"https:\/\/thiim.com\/thiim-relays\/support\/datablade\/#primaryimage","url":"https:\/\/thiim.com\/wp-content\/uploads\/20211104_150609_blur.jpg","contentUrl":"https:\/\/thiim.com\/wp-content\/uploads\/20211104_150609_blur.jpg"},{"@type":"BreadcrumbList","@id":"https:\/\/thiim.com\/thiim-relays\/support\/datablade\/#breadcrumb","itemListElement":[{"@type":"ListItem","position":1,"name":"Thiim Relays\u200b","item":"https:\/\/thiim.com\/thiim-relays\/"},{"@type":"ListItem","position":2,"name":"Support","item":"https:\/\/thiim.com\/thiim-relays\/support\/"},{"@type":"ListItem","position":3,"name":"Datablade"}]},{"@type":"WebSite","@id":"https:\/\/thiim.com\/#website","url":"https:\/\/thiim.com\/","name":"Thiim","description":"","publisher":{"@id":"https:\/\/thiim.com\/#organization"},"potentialAction":[{"@type":"SearchAction","target":{"@type":"EntryPoint","urlTemplate":"https:\/\/thiim.com\/?s={search_term_string}"},"query-input":{"@type":"PropertyValueSpecification","valueRequired":true,"valueName":"search_term_string"}}],"inLanguage":"de"},{"@type":"Organization","@id":"https:\/\/thiim.com\/#organization","name":"Thiim","url":"https:\/\/thiim.com\/","logo":{"@type":"ImageObject","inLanguage":"de","@id":"https:\/\/thiim.com\/#\/schema\/logo\/image\/","url":"https:\/\/thiim.com\/wp-content\/uploads\/Thiim_rgb_uramme.svg","contentUrl":"https:\/\/thiim.com\/wp-content\/uploads\/Thiim_rgb_uramme.svg","width":653.94,"height":121.95,"caption":"Thiim"},"image":{"@id":"https:\/\/thiim.com\/#\/schema\/logo\/image\/"}}]}},"_links":{"self":[{"href":"https:\/\/thiim.com\/de\/wp-json\/wp\/v2\/pages\/2100","targetHints":{"allow":["GET"]}}],"collection":[{"href":"https:\/\/thiim.com\/de\/wp-json\/wp\/v2\/pages"}],"about":[{"href":"https:\/\/thiim.com\/de\/wp-json\/wp\/v2\/types\/page"}],"author":[{"embeddable":true,"href":"https:\/\/thiim.com\/de\/wp-json\/wp\/v2\/users\/1"}],"replies":[{"embeddable":true,"href":"https:\/\/thiim.com\/de\/wp-json\/wp\/v2\/comments?post=2100"}],"version-history":[{"count":20,"href":"https:\/\/thiim.com\/de\/wp-json\/wp\/v2\/pages\/2100\/revisions"}],"predecessor-version":[{"id":9227,"href":"https:\/\/thiim.com\/de\/wp-json\/wp\/v2\/pages\/2100\/revisions\/9227"}],"up":[{"embeddable":true,"href":"https:\/\/thiim.com\/de\/wp-json\/wp\/v2\/pages\/1616"}],"wp:attachment":[{"href":"https:\/\/thiim.com\/de\/wp-json\/wp\/v2\/media?parent=2100"}],"curies":[{"name":"wp","href":"https:\/\/api.w.org\/{rel}","templated":true}]}}