{"id":8502,"date":"2025-12-17T09:30:19","date_gmt":"2025-12-17T08:30:19","guid":{"rendered":"https:\/\/thiim.com\/?page_id=8502"},"modified":"2026-01-29T13:49:50","modified_gmt":"2026-01-29T12:49:50","slug":"zertifikate","status":"publish","type":"page","link":"https:\/\/thiim.com\/de\/thiim-relays\/support\/certifikater\/","title":{"rendered":"Zertifikate"},"content":{"rendered":"<div data-elementor-type=\"wp-page\" data-elementor-id=\"8502\" class=\"elementor elementor-8502\" data-elementor-post-type=\"page\">\n\t\t\t\t<div class=\"elementor-element elementor-element-057d49b e-flex e-con-boxed e-con e-parent\" data-id=\"057d49b\" data-element_type=\"container\" data-e-type=\"container\" data-settings=\"{&quot;background_background&quot;:&quot;classic&quot;}\">\n\t\t\t\t\t<div class=\"e-con-inner\">\n\t\t<div class=\"elementor-element elementor-element-2775aa3 e-con-full e-flex e-con e-child\" data-id=\"2775aa3\" data-element_type=\"container\" data-e-type=\"container\" data-settings=\"{&quot;background_background&quot;:&quot;classic&quot;}\">\n\t\t<div class=\"elementor-element elementor-element-156d246 e-con-full e-flex e-con e-child\" data-id=\"156d246\" data-element_type=\"container\" data-e-type=\"container\">\n\t\t\t\t<div class=\"elementor-element elementor-element-b3bc3df elementor-widget elementor-widget-breadcrumbs\" data-id=\"b3bc3df\" data-element_type=\"widget\" data-e-type=\"widget\" data-widget_type=\"breadcrumbs.default\">\n\t\t\t\t<div class=\"elementor-widget-container\">\n\t\t\t\t\t<p id=\"breadcrumbs\"><\/p>\t\t\t\t<\/div>\n\t\t\t\t<\/div>\n\t\t\t\t<\/div>\n\t\t\t\t<\/div>\n\t\t\t\t\t<\/div>\n\t\t\t\t<\/div>\n\t\t<div class=\"elementor-element elementor-element-5887ee4 e-flex e-con-boxed e-con e-parent\" data-id=\"5887ee4\" data-element_type=\"container\" data-e-type=\"container\">\n\t\t\t\t\t<div class=\"e-con-inner\">\n\t\t\t\t<div class=\"elementor-element elementor-element-28af8b7 elementor-widget elementor-widget-text-editor\" data-id=\"28af8b7\" data-element_type=\"widget\" data-e-type=\"widget\" data-widget_type=\"text-editor.default\">\n\t\t\t\t<div class=\"elementor-widget-container\">\n\t\t\t\t\t\t\t\t\t<p>Die Website befindet sich im Aufbau.<\/p><p>Wenn Sie eine Bescheinigung oder Dokumentation vermissen, wenden Sie sich bitte an relays@thiim.com<\/p>\t\t\t\t\t\t\t\t<\/div>\n\t\t\t\t<\/div>\n\t\t\t\t\t<\/div>\n\t\t\t\t<\/div>\n\t\t<div class=\"elementor-element elementor-element-5594cb7 e-flex e-con-boxed e-con e-parent\" data-id=\"5594cb7\" data-element_type=\"container\" data-e-type=\"container\">\n\t\t\t\t\t<div class=\"e-con-inner\">\n\t\t\t\t<div class=\"elementor-element elementor-element-3fa0c7e elementor-mobile-align-justify elementor-widget-mobile__width-inherit elementor-align-center elementor-widget elementor-widget-button\" data-id=\"3fa0c7e\" data-element_type=\"widget\" data-e-type=\"widget\" data-widget_type=\"button.default\">\n\t\t\t\t<div class=\"elementor-widget-container\">\n\t\t\t\t\t\t\t\t\t<div class=\"elementor-button-wrapper\">\n\t\t\t\t\t<a class=\"elementor-button elementor-button-link elementor-size-sm elementor-animation-float\" href=\"mailto:relays@thiim.com\">\n\t\t\t\t\t\t<span class=\"elementor-button-content-wrapper\">\n\t\t\t\t\t\t\t\t\t<span class=\"elementor-button-text\">Schicken Sie uns eine E-Mail<\/span>\n\t\t\t\t\t<\/span>\n\t\t\t\t\t<\/a>\n\t\t\t\t<\/div>\n\t\t\t\t\t\t\t\t<\/div>\n\t\t\t\t<\/div>\n\t\t\t\t\t<\/div>\n\t\t\t\t<\/div>\n\t\t\t\t<\/div>","protected":false},"excerpt":{"rendered":"<p>Diese Seite befindet sich im Aufbau. Wenn Sie ein Zertifikat oder eine Dokumentation ben\u00f6tigen, kontaktieren Sie uns bitte unter relays@thiim.com. Senden Sie uns eine E-Mail<\/p>","protected":false},"author":1,"featured_media":0,"parent":1616,"menu_order":0,"comment_status":"closed","ping_status":"closed","template":"","meta":{"_acf_changed":false,"footnotes":""},"class_list":["post-8502","page","type-page","status-publish","hentry"],"acf":[],"yoast_head":"<!-- This site is optimized with the Yoast SEO plugin v26.6 - https:\/\/yoast.com\/wordpress\/plugins\/seo\/ -->\n<title>Certifikater | Rel\u00e6l\u00f8sninger | Thiim Relays<\/title>\n<meta name=\"description\" content=\"Download certifikater for Thiim Relays \u2013 dokumentation for kvalitet, sikkerhed og overholdelse af internationale standarder og krav.\" \/>\n<meta name=\"robots\" content=\"index, follow, max-snippet:-1, max-image-preview:large, max-video-preview:-1\" \/>\n<link rel=\"canonical\" href=\"https:\/\/thiim.com\/de\/thiim-relais\/unterstutzung\/zertifikate\/\" \/>\n<meta property=\"og:locale\" content=\"de_DE\" \/>\n<meta property=\"og:type\" content=\"article\" \/>\n<meta property=\"og:title\" content=\"Certifikater | Rel\u00e6l\u00f8sninger | Thiim Relays\" \/>\n<meta property=\"og:description\" content=\"Download certifikater for Thiim Relays \u2013 dokumentation for kvalitet, sikkerhed og overholdelse af internationale standarder og krav.\" \/>\n<meta property=\"og:url\" content=\"https:\/\/thiim.com\/de\/thiim-relais\/unterstutzung\/zertifikate\/\" \/>\n<meta property=\"og:site_name\" content=\"Thiim\" \/>\n<meta property=\"article:modified_time\" content=\"2026-01-29T12:49:50+00:00\" \/>\n<meta name=\"twitter:card\" content=\"summary_large_image\" \/>\n<meta name=\"twitter:label1\" content=\"Gesch\u00e4tzte Lesezeit\" \/>\n\t<meta name=\"twitter:data1\" content=\"1\u00a0Minute\" \/>\n<script type=\"application\/ld+json\" class=\"yoast-schema-graph\">{\"@context\":\"https:\/\/schema.org\",\"@graph\":[{\"@type\":\"WebPage\",\"@id\":\"https:\/\/thiim.com\/thiim-relays\/support\/certifikater\/\",\"url\":\"https:\/\/thiim.com\/thiim-relays\/support\/certifikater\/\",\"name\":\"Certifikater | Rel\u00e6l\u00f8sninger | Thiim Relays\",\"isPartOf\":{\"@id\":\"https:\/\/thiim.com\/#website\"},\"datePublished\":\"2025-12-17T08:30:19+00:00\",\"dateModified\":\"2026-01-29T12:49:50+00:00\",\"description\":\"Download certifikater for Thiim Relays \u2013 dokumentation for kvalitet, sikkerhed og overholdelse af internationale standarder og krav.\",\"breadcrumb\":{\"@id\":\"https:\/\/thiim.com\/thiim-relays\/support\/certifikater\/#breadcrumb\"},\"inLanguage\":\"de\",\"potentialAction\":[{\"@type\":\"ReadAction\",\"target\":[\"https:\/\/thiim.com\/thiim-relays\/support\/certifikater\/\"]}]},{\"@type\":\"BreadcrumbList\",\"@id\":\"https:\/\/thiim.com\/thiim-relays\/support\/certifikater\/#breadcrumb\",\"itemListElement\":[{\"@type\":\"ListItem\",\"position\":1,\"name\":\"Thiim Relays\u200b\",\"item\":\"https:\/\/thiim.com\/thiim-relays\/\"},{\"@type\":\"ListItem\",\"position\":2,\"name\":\"Support\",\"item\":\"https:\/\/thiim.com\/thiim-relays\/support\/\"},{\"@type\":\"ListItem\",\"position\":3,\"name\":\"Certifikater\"}]},{\"@type\":\"WebSite\",\"@id\":\"https:\/\/thiim.com\/#website\",\"url\":\"https:\/\/thiim.com\/\",\"name\":\"Thiim\",\"description\":\"\",\"publisher\":{\"@id\":\"https:\/\/thiim.com\/#organization\"},\"potentialAction\":[{\"@type\":\"SearchAction\",\"target\":{\"@type\":\"EntryPoint\",\"urlTemplate\":\"https:\/\/thiim.com\/?s={search_term_string}\"},\"query-input\":{\"@type\":\"PropertyValueSpecification\",\"valueRequired\":true,\"valueName\":\"search_term_string\"}}],\"inLanguage\":\"de\"},{\"@type\":\"Organization\",\"@id\":\"https:\/\/thiim.com\/#organization\",\"name\":\"Thiim\",\"url\":\"https:\/\/thiim.com\/\",\"logo\":{\"@type\":\"ImageObject\",\"inLanguage\":\"de\",\"@id\":\"https:\/\/thiim.com\/#\/schema\/logo\/image\/\",\"url\":\"https:\/\/thiim.com\/wp-content\/uploads\/Thiim_rgb_uramme.svg\",\"contentUrl\":\"https:\/\/thiim.com\/wp-content\/uploads\/Thiim_rgb_uramme.svg\",\"width\":653.94,\"height\":121.95,\"caption\":\"Thiim\"},\"image\":{\"@id\":\"https:\/\/thiim.com\/#\/schema\/logo\/image\/\"}}]}<\/script>\n<!-- \/ Yoast SEO plugin. -->","yoast_head_json":{"title":"Zertifikate | Relais-L\u00f6sungen | Thiim-Relais","description":"Laden Sie Zertifikate f\u00fcr Thiim-Relais herunter - ein Beweis f\u00fcr Qualit\u00e4t, Sicherheit und die Einhaltung internationaler Normen und Anforderungen.","robots":{"index":"index","follow":"follow","max-snippet":"max-snippet:-1","max-image-preview":"max-image-preview:large","max-video-preview":"max-video-preview:-1"},"canonical":"https:\/\/thiim.com\/de\/thiim-relais\/unterstutzung\/zertifikate\/","og_locale":"de_DE","og_type":"article","og_title":"Certifikater | Rel\u00e6l\u00f8sninger | Thiim Relays","og_description":"Download certifikater for Thiim Relays \u2013 dokumentation for kvalitet, sikkerhed og overholdelse af internationale standarder og krav.","og_url":"https:\/\/thiim.com\/de\/thiim-relais\/unterstutzung\/zertifikate\/","og_site_name":"Thiim","article_modified_time":"2026-01-29T12:49:50+00:00","twitter_card":"summary_large_image","twitter_misc":{"Gesch\u00e4tzte Lesezeit":"1\u00a0Minute"},"schema":{"@context":"https:\/\/schema.org","@graph":[{"@type":"WebPage","@id":"https:\/\/thiim.com\/thiim-relays\/support\/certifikater\/","url":"https:\/\/thiim.com\/thiim-relays\/support\/certifikater\/","name":"Zertifikate | Relais-L\u00f6sungen | Thiim-Relais","isPartOf":{"@id":"https:\/\/thiim.com\/#website"},"datePublished":"2025-12-17T08:30:19+00:00","dateModified":"2026-01-29T12:49:50+00:00","description":"Laden Sie Zertifikate f\u00fcr Thiim-Relais herunter - ein Beweis f\u00fcr Qualit\u00e4t, Sicherheit und die Einhaltung internationaler Normen und Anforderungen.","breadcrumb":{"@id":"https:\/\/thiim.com\/thiim-relays\/support\/certifikater\/#breadcrumb"},"inLanguage":"de","potentialAction":[{"@type":"ReadAction","target":["https:\/\/thiim.com\/thiim-relays\/support\/certifikater\/"]}]},{"@type":"BreadcrumbList","@id":"https:\/\/thiim.com\/thiim-relays\/support\/certifikater\/#breadcrumb","itemListElement":[{"@type":"ListItem","position":1,"name":"Thiim Relays\u200b","item":"https:\/\/thiim.com\/thiim-relays\/"},{"@type":"ListItem","position":2,"name":"Support","item":"https:\/\/thiim.com\/thiim-relays\/support\/"},{"@type":"ListItem","position":3,"name":"Certifikater"}]},{"@type":"WebSite","@id":"https:\/\/thiim.com\/#website","url":"https:\/\/thiim.com\/","name":"Thiim","description":"","publisher":{"@id":"https:\/\/thiim.com\/#organization"},"potentialAction":[{"@type":"SearchAction","target":{"@type":"EntryPoint","urlTemplate":"https:\/\/thiim.com\/?s={search_term_string}"},"query-input":{"@type":"PropertyValueSpecification","valueRequired":true,"valueName":"search_term_string"}}],"inLanguage":"de"},{"@type":"Organization","@id":"https:\/\/thiim.com\/#organization","name":"Thiim","url":"https:\/\/thiim.com\/","logo":{"@type":"ImageObject","inLanguage":"de","@id":"https:\/\/thiim.com\/#\/schema\/logo\/image\/","url":"https:\/\/thiim.com\/wp-content\/uploads\/Thiim_rgb_uramme.svg","contentUrl":"https:\/\/thiim.com\/wp-content\/uploads\/Thiim_rgb_uramme.svg","width":653.94,"height":121.95,"caption":"Thiim"},"image":{"@id":"https:\/\/thiim.com\/#\/schema\/logo\/image\/"}}]}},"_links":{"self":[{"href":"https:\/\/thiim.com\/de\/wp-json\/wp\/v2\/pages\/8502","targetHints":{"allow":["GET"]}}],"collection":[{"href":"https:\/\/thiim.com\/de\/wp-json\/wp\/v2\/pages"}],"about":[{"href":"https:\/\/thiim.com\/de\/wp-json\/wp\/v2\/types\/page"}],"author":[{"embeddable":true,"href":"https:\/\/thiim.com\/de\/wp-json\/wp\/v2\/users\/1"}],"replies":[{"embeddable":true,"href":"https:\/\/thiim.com\/de\/wp-json\/wp\/v2\/comments?post=8502"}],"version-history":[{"count":8,"href":"https:\/\/thiim.com\/de\/wp-json\/wp\/v2\/pages\/8502\/revisions"}],"predecessor-version":[{"id":9259,"href":"https:\/\/thiim.com\/de\/wp-json\/wp\/v2\/pages\/8502\/revisions\/9259"}],"up":[{"embeddable":true,"href":"https:\/\/thiim.com\/de\/wp-json\/wp\/v2\/pages\/1616"}],"wp:attachment":[{"href":"https:\/\/thiim.com\/de\/wp-json\/wp\/v2\/media?parent=8502"}],"curies":[{"name":"wp","href":"https:\/\/api.w.org\/{rel}","templated":true}]}}