{"id":1573,"date":"2025-05-01T08:41:00","date_gmt":"2025-05-01T06:41:00","guid":{"rendered":"https:\/\/thiim.com\/?page_id=1573"},"modified":"2025-11-28T13:09:04","modified_gmt":"2025-11-28T12:09:04","slug":"less-energy","status":"publish","type":"page","link":"https:\/\/thiim.com\/en\/industriel-it-iiot\/energimaalere\/","title":{"rendered":"Energy meters"},"content":{"rendered":"<div data-elementor-type=\"wp-page\" data-elementor-id=\"1573\" class=\"elementor elementor-1573\" data-elementor-post-type=\"page\">\n\t\t\t\t<div class=\"elementor-element elementor-element-1ad2aa5 e-flex e-con-boxed e-con e-parent\" data-id=\"1ad2aa5\" data-element_type=\"container\" data-e-type=\"container\" data-settings=\"{&quot;background_background&quot;:&quot;classic&quot;}\">\n\t\t\t\t\t<div class=\"e-con-inner\">\n\t\t<div class=\"elementor-element elementor-element-b69ae06 e-con-full e-flex e-con e-child\" data-id=\"b69ae06\" data-element_type=\"container\" data-e-type=\"container\" data-settings=\"{&quot;background_background&quot;:&quot;classic&quot;}\">\n\t\t<div class=\"elementor-element elementor-element-adaba00 e-con-full e-flex e-con e-child\" data-id=\"adaba00\" data-element_type=\"container\" data-e-type=\"container\">\n\t\t\t\t<div class=\"elementor-element elementor-element-2fe2750 elementor-widget elementor-widget-breadcrumbs\" data-id=\"2fe2750\" data-element_type=\"widget\" data-e-type=\"widget\" data-widget_type=\"breadcrumbs.default\">\n\t\t\t\t<div class=\"elementor-widget-container\">\n\t\t\t\t\t<p id=\"breadcrumbs\"><\/p>\t\t\t\t<\/div>\n\t\t\t\t<\/div>\n\t\t\t\t<\/div>\n\t\t\t\t<\/div>\n\t\t\t\t\t<\/div>\n\t\t\t\t<\/div>\n\t\t<div class=\"elementor-element elementor-element-0b75a46 e-flex e-con-boxed e-con e-parent\" data-id=\"0b75a46\" data-element_type=\"container\" data-e-type=\"container\" data-settings=\"{&quot;background_background&quot;:&quot;classic&quot;}\">\n\t\t\t\t\t<div class=\"e-con-inner\">\n\t\t<div class=\"elementor-element elementor-element-331d85e e-con-full e-flex e-con e-child\" data-id=\"331d85e\" data-element_type=\"container\" data-e-type=\"container\">\n\t\t<div class=\"elementor-element elementor-element-bc2eb30 e-con-full e-flex e-con e-child\" data-id=\"bc2eb30\" data-element_type=\"container\" data-e-type=\"container\">\n\t\t\t\t<div class=\"elementor-element elementor-element-1ae2e72 elementor-widget elementor-widget-text-editor\" data-id=\"1ae2e72\" data-element_type=\"widget\" data-e-type=\"widget\" data-widget_type=\"text-editor.default\">\n\t\t\t\t<div class=\"elementor-widget-container\">\n\t\t\t\t\t\t\t\t\t<p>Energy meters are used to accurately record electricity consumption in everything from production and process plants to building monitoring and utility infrastructure.<\/p><p>Depending on the purpose, a distinction is made between <strong>MID-approved meters<\/strong>, required by statutory or commercial settlement (e.g. to customers or tenants), and <strong>non-MID-approved meters<\/strong>, typically used for internal energy monitoring, load analysis or process optimisation.<\/p>\t\t\t\t\t\t\t\t<\/div>\n\t\t\t\t<\/div>\n\t\t\t\t<\/div>\n\t\t\t\t<\/div>\n\t\t\t\t<div class=\"elementor-element elementor-element-67d9938 elementor-widget elementor-widget-heading\" data-id=\"67d9938\" data-element_type=\"widget\" data-e-type=\"widget\" data-widget_type=\"heading.default\">\n\t\t\t\t<div class=\"elementor-widget-container\">\n\t\t\t\t\t<h2 class=\"elementor-heading-title elementor-size-default\">Areas of application<\/h2>\t\t\t\t<\/div>\n\t\t\t\t<\/div>\n\t\t<div class=\"elementor-element elementor-element-b5d1319 e-con-full e-grid e-con e-child\" data-id=\"b5d1319\" data-element_type=\"container\" data-e-type=\"container\">\n\t\t<a class=\"elementor-element elementor-element-b57b8cc e-con-full e-transform e-flex elementor-invisible e-con e-child\" data-id=\"b57b8cc\" data-element_type=\"container\" data-e-type=\"container\" data-settings=\"{&quot;_transform_scale_effect_hover&quot;:{&quot;unit&quot;:&quot;px&quot;,&quot;size&quot;:1.02,&quot;sizes&quot;:[]},&quot;animation&quot;:&quot;slideInUp&quot;,&quot;_transform_scale_effect_hover_tablet&quot;:{&quot;unit&quot;:&quot;px&quot;,&quot;size&quot;:&quot;&quot;,&quot;sizes&quot;:[]},&quot;_transform_scale_effect_hover_mobile&quot;:{&quot;unit&quot;:&quot;px&quot;,&quot;size&quot;:&quot;&quot;,&quot;sizes&quot;:[]}}\" href=\"https:\/\/thiim.com\/en\/industriel-it-iiot\/energimaalere\/mid-godkendte-energimaalere\/\">\n\t\t\t\t<div class=\"elementor-element elementor-element-9d9f793 elementor-view-stacked elementor-shape-rounded elementor-position-inline-start elementor-mobile-position-inline-start elementor-widget elementor-widget-icon-box\" data-id=\"9d9f793\" data-element_type=\"widget\" data-e-type=\"widget\" data-widget_type=\"icon-box.default\">\n\t\t\t\t<div class=\"elementor-widget-container\">\n\t\t\t\t\t\t\t<div class=\"elementor-icon-box-wrapper\">\n\n\t\t\t\t\t\t<div class=\"elementor-icon-box-icon\">\n\t\t\t\t<span  class=\"elementor-icon\">\n\t\t\t\t<svg xmlns=\"http:\/\/www.w3.org\/2000\/svg\" id=\"Layer_1\" data-name=\"Layer 1\" viewbox=\"0 0 68.1 68.2\"><defs><style>      .cls-1 {        fill: #fff;      }    <\/style><\/defs><g id=\"b\"><g id=\"c\"><g id=\"d\"><g><path class=\"cls-1\" d=\"M50.8,21.7c-5.7-.2-11.2-2-15.6-5.3-.7-.5-1.6-.5-2.3,0-4.4,3.2-9.9,5.1-15.6,5.3-1,0-1.9.9-1.9,1.9v10.1c0,10.6,7,20.1,17.9,24.4.4.2,1,.2,1.4,0,10.8-4.3,17.9-13.8,17.9-24.4v-10.1c0-1-.8-1.9-1.9-1.9h.1ZM34.1,48.8c-6.5,0-11.7-5.2-11.7-11.7s5.2-11.7,11.7-11.7,11.7,5.2,11.7,11.7-5.2,11.7-11.7,11.7Z\"><\/path><path class=\"cls-1\" d=\"M41.7,35.6l-8,8c-.7.7-1.8.7-2.5,0l-4-4c-.7-.7-.7-1.8,0-2.5s1.8-.7,2.5,0l2.8,2.8,6.8-6.8c.7-.7,1.8-.7,2.5,0s.7,1.8,0,2.5h-.1Z\"><\/path><\/g><\/g><\/g><\/g><g id=\"Layer_2\" data-name=\"Layer 2\"><path class=\"cls-1\" d=\"M61.1,0H7C3.2,0,0,3.7,0,8.2v51.7c0,4.5,3.2,8.2,7,8.2h54c3.9,0,7-3.7,7-8.2V8.2c.1-4.5-3-8.2-6.9-8.2ZM22.5,5.4c1,0,1.8.9,1.8,2.1s-.8,2.1-1.8,2.1-1.8-.9-1.8-2.1.8-2.1,1.8-2.1ZM15.4,5.4c1,0,1.8.9,1.8,2.1s-.8,2.1-1.8,2.1-1.8-.9-1.8-2.1.8-2.1,1.8-2.1ZM8.4,5.4c1,0,1.8.9,1.8,2.1s-.8,2.1-1.8,2.1-1.8-.9-1.8-2.1.8-2.1,1.8-2.1ZM62,60c0,1.5-1.1,2.7-2.3,2.7H8.4c-1.3,0-2.3-1.2-2.3-2.7V14.3c0-1.5,1.1-2.7,2.3-2.7h51.3c1.3,0,2.3,1.2,2.3,2.7,0,0,0,45.7,0,45.7ZM60.3,9.6h-15.7c-1,0-1.8-.9-1.8-2.1s.8-2.1,1.8-2.1h15.7c1,0,1.8.9,1.8,2.1s-.8,2.1-1.8,2.1Z\"><\/path><\/g><\/svg>\t\t\t\t<\/span>\n\t\t\t<\/div>\n\t\t\t\n\t\t\t\t\t\t<div class=\"elementor-icon-box-content\">\n\n\t\t\t\t\t\t\t\t\t<div class=\"elementor-icon-box-title\">\n\t\t\t\t\t\t<span  >\n\t\t\t\t\t\t\tMID-approved energy meters\t\t\t\t\t\t<\/span>\n\t\t\t\t\t<\/div>\n\t\t\t\t\n\t\t\t\t\n\t\t\t<\/div>\n\t\t\t\n\t\t<\/div>\n\t\t\t\t\t\t<\/div>\n\t\t\t\t<\/div>\n\t\t<div class=\"elementor-element elementor-element-ac66e50 e-con-full e-flex e-con e-child\" data-id=\"ac66e50\" data-element_type=\"container\" data-e-type=\"container\">\n\t\t\t\t<div class=\"elementor-element elementor-element-df5961d elementor-widget elementor-widget-text-editor\" data-id=\"df5961d\" data-element_type=\"widget\" data-e-type=\"widget\" data-widget_type=\"text-editor.default\">\n\t\t\t\t<div class=\"elementor-widget-container\">\n\t\t\t\t\t\t\t\t\t<p>Used when consumption is the basis for billing or contractual agreements - e.g. subletting, distribution metering or settlement between companies. The requirement follows the EU Measuring Instruments Directive (MID) and the meters must be type-approved and verified.<\/p>\t\t\t\t\t\t\t\t<\/div>\n\t\t\t\t<\/div>\n\t\t\t\t<div class=\"elementor-element elementor-element-6f3f2dd elementor-widget elementor-widget-aveo_alternative-button\" data-id=\"6f3f2dd\" data-element_type=\"widget\" data-e-type=\"widget\" data-widget_type=\"aveo_alternative-button.default\">\n\t\t\t\t<div class=\"elementor-widget-container\">\n\t\t\t\t\t\n        <div class=\"aveo-elementor-button-wrapper button-alignment-left\" style=\"display: flex;\">\n        <div class=\"aveo-elementor-button icon-alignment-right elementor-animation-\" id=\"\">\n                Read more about it<i class=\"fal fa-arrow-right\"><\/i>\n            <\/div>\n        <\/div>\t\t\t\t<\/div>\n\t\t\t\t<\/div>\n\t\t\t\t<\/div>\n\t\t\t\t<\/a>\n\t\t<a class=\"elementor-element elementor-element-91dc6fc e-con-full e-transform e-flex elementor-invisible e-con e-child\" data-id=\"91dc6fc\" data-element_type=\"container\" data-e-type=\"container\" data-settings=\"{&quot;_transform_scale_effect_hover&quot;:{&quot;unit&quot;:&quot;px&quot;,&quot;size&quot;:1.02,&quot;sizes&quot;:[]},&quot;animation&quot;:&quot;slideInUp&quot;,&quot;_transform_scale_effect_hover_tablet&quot;:{&quot;unit&quot;:&quot;px&quot;,&quot;size&quot;:&quot;&quot;,&quot;sizes&quot;:[]},&quot;_transform_scale_effect_hover_mobile&quot;:{&quot;unit&quot;:&quot;px&quot;,&quot;size&quot;:&quot;&quot;,&quot;sizes&quot;:[]}}\" href=\"https:\/\/thiim.com\/en\/industriel-it-iiot\/energimaalere\/generelle-energimaalere\/\">\n\t\t\t\t<div class=\"elementor-element elementor-element-016d4c9 elementor-view-stacked elementor-shape-rounded elementor-position-inline-start elementor-mobile-position-inline-start elementor-widget elementor-widget-icon-box\" data-id=\"016d4c9\" data-element_type=\"widget\" data-e-type=\"widget\" data-widget_type=\"icon-box.default\">\n\t\t\t\t<div class=\"elementor-widget-container\">\n\t\t\t\t\t\t\t<div class=\"elementor-icon-box-wrapper\">\n\n\t\t\t\t\t\t<div class=\"elementor-icon-box-icon\">\n\t\t\t\t<span  class=\"elementor-icon\">\n\t\t\t\t<svg xmlns=\"http:\/\/www.w3.org\/2000\/svg\" id=\"b\" viewbox=\"0 0 69.83 69.83\"><defs><style>      .cls-1 {        fill: #fff;        stroke: #fff;        stroke-miterlimit: 10;      }    <\/style><\/defs><g id=\"c\"><g id=\"d\"><g><path class=\"cls-1\" d=\"M34.91,14.6V.5h-4.49c-1.16,0-2.15.84-2.34,1.98l-1.42,8.54c-.97.32-1.91.71-2.82,1.16l-7.04-5.03c-.94-.68-2.23-.57-3.06.25l-6.34,6.34c-.82.83-.93,2.12-.25,3.06l5.03,7.04c-.45.91-.84,1.85-1.16,2.82l-8.54,1.42c-1.14.19-1.98,1.17-1.98,2.34v8.97c0,1.16.84,2.15,1.98,2.34l8.54,1.42c.32.97.71,1.91,1.16,2.82l-5.03,7.04c-.68.94-.57,2.23.25,3.06l6.34,6.34c.83.82,2.12.93,3.06.25l7.04-5.03c.91.45,1.85.84,2.82,1.16l1.42,8.54c.19,1.14,1.17,1.98,2.34,1.98h4.49v-14.1c-11.2,0-20.32-9.11-20.32-20.32s9.11-20.32,20.32-20.32h0Z\"><\/path><path class=\"cls-1\" d=\"M34.91,27.28v-9.12c-9.24,0-16.75,7.51-16.75,16.75s7.51,16.76,16.75,16.76v-9.12c-4.21,0-7.63-3.42-7.63-7.63s3.42-7.63,7.63-7.63Z\"><\/path><path class=\"cls-1\" d=\"M69.33,34.91c0,2.62-2.12,4.75-4.75,4.75-1.99,0-3.69-1.22-4.39-2.97h-21.72v-3.56h21.72c.7-1.74,2.4-2.97,4.39-2.97,2.62,0,4.75,2.12,4.75,4.75Z\"><\/path><path class=\"cls-1\" d=\"M65.23,17.65c0,2.62-2.12,4.75-4.75,4.75-.65,0-1.28-.13-1.85-.37h-.01l-5.97,5.97c-.33.34-.79.52-1.26.52h-12.92v-3.56h12.17l5.46-5.46c-.24-.57-.37-1.2-.37-1.85,0-2.62,2.12-4.75,4.75-4.75s4.75,2.12,4.75,4.75Z\"><\/path><path class=\"cls-1\" d=\"M58.9,6.43c0,2.62-2.12,4.75-4.75,4.75-1.99,0-3.69-1.22-4.4-2.97h-3.83v10.22c0,.99-.79,1.78-1.78,1.78h-5.66v-3.56h3.88V6.43c0-.99.79-1.78,1.78-1.78h5.61c.71-1.74,2.41-2.97,4.4-2.97,2.62,0,4.75,2.12,4.75,4.75Z\"><\/path><path class=\"cls-1\" d=\"M65.23,52.18c0-2.62-2.12-4.75-4.75-4.75-.65,0-1.28.13-1.85.37h-.01l-5.97-5.97c-.33-.34-.79-.52-1.26-.52h-12.92v3.56h12.17l5.46,5.46c-.24.57-.37,1.2-.37,1.85,0,2.62,2.12,4.75,4.75,4.75s4.75-2.12,4.75-4.75Z\"><\/path><path class=\"cls-1\" d=\"M58.9,63.39c0-2.62-2.12-4.75-4.75-4.75-1.99,0-3.69,1.22-4.4,2.97h-3.83v-10.22c0-.99-.79-1.78-1.78-1.78h-5.66v3.56h3.88v10.22c0,.99.79,1.78,1.78,1.78h5.61c.71,1.74,2.41,2.97,4.4,2.97,2.62,0,4.75-2.12,4.75-4.75Z\"><\/path><\/g><\/g><\/g><\/svg>\t\t\t\t<\/span>\n\t\t\t<\/div>\n\t\t\t\n\t\t\t\t\t\t<div class=\"elementor-icon-box-content\">\n\n\t\t\t\t\t\t\t\t\t<div class=\"elementor-icon-box-title\">\n\t\t\t\t\t\t<span  >\n\t\t\t\t\t\t\tGeneral energy meters\t\t\t\t\t\t<\/span>\n\t\t\t\t\t<\/div>\n\t\t\t\t\n\t\t\t\t\n\t\t\t<\/div>\n\t\t\t\n\t\t<\/div>\n\t\t\t\t\t\t<\/div>\n\t\t\t\t<\/div>\n\t\t<div class=\"elementor-element elementor-element-2b18f57 e-con-full e-flex e-con e-child\" data-id=\"2b18f57\" data-element_type=\"container\" data-e-type=\"container\">\n\t\t\t\t<div class=\"elementor-element elementor-element-c9327fc elementor-widget elementor-widget-text-editor\" data-id=\"c9327fc\" data-element_type=\"widget\" data-e-type=\"widget\" data-widget_type=\"text-editor.default\">\n\t\t\t\t<div class=\"elementor-widget-container\">\n\t\t\t\t\t\t\t\t\t<p>Used when measurement is solely for technical purposes, e.g. energy mapping, benchmarking between departments, monitoring machine load or optimising energy consumption in operation and maintenance. Here accuracy is important, but not required by law.<\/p>\t\t\t\t\t\t\t\t<\/div>\n\t\t\t\t<\/div>\n\t\t\t\t<div class=\"elementor-element elementor-element-0b1ab70 elementor-widget elementor-widget-aveo_alternative-button\" data-id=\"0b1ab70\" data-element_type=\"widget\" data-e-type=\"widget\" data-widget_type=\"aveo_alternative-button.default\">\n\t\t\t\t<div class=\"elementor-widget-container\">\n\t\t\t\t\t\n        <div class=\"aveo-elementor-button-wrapper button-alignment-left\" style=\"display: flex;\">\n        <div class=\"aveo-elementor-button icon-alignment-right elementor-animation-\" id=\"\">\n                Read more about it<i class=\"fal fa-arrow-right\"><\/i>\n            <\/div>\n        <\/div>\t\t\t\t<\/div>\n\t\t\t\t<\/div>\n\t\t\t\t<\/div>\n\t\t\t\t<\/a>\n\t\t<div class=\"elementor-element elementor-element-bd565cb e-con-full e-transform e-flex elementor-invisible e-con e-child\" data-id=\"bd565cb\" data-element_type=\"container\" data-e-type=\"container\" data-settings=\"{&quot;_transform_scale_effect_hover&quot;:{&quot;unit&quot;:&quot;px&quot;,&quot;size&quot;:1.02,&quot;sizes&quot;:[]},&quot;animation&quot;:&quot;slideInUp&quot;,&quot;background_background&quot;:&quot;classic&quot;,&quot;_transform_scale_effect_hover_tablet&quot;:{&quot;unit&quot;:&quot;px&quot;,&quot;size&quot;:&quot;&quot;,&quot;sizes&quot;:[]},&quot;_transform_scale_effect_hover_mobile&quot;:{&quot;unit&quot;:&quot;px&quot;,&quot;size&quot;:&quot;&quot;,&quot;sizes&quot;:[]}}\">\n\t\t<div class=\"elementor-element elementor-element-eb2a83c e-con-full e-flex e-con e-child\" data-id=\"eb2a83c\" data-element_type=\"container\" data-e-type=\"container\">\n\t\t\t\t<div class=\"elementor-element elementor-element-b457c7d elementor-widget elementor-widget-text-editor\" data-id=\"b457c7d\" data-element_type=\"widget\" data-e-type=\"widget\" data-widget_type=\"text-editor.default\">\n\t\t\t\t<div class=\"elementor-widget-container\">\n\t\t\t\t\t\t\t\t\tBoth types of energy meters are available with communication interfaces such as Modbus, M-Bus or Ethernet and can be integrated directly into SCADA or building automation systems.\n\nThey provide access to live measurements, historical data and overrun alarms, and are often DIN-rail mountable for easy installation in switchboards.\t\t\t\t\t\t\t\t<\/div>\n\t\t\t\t<\/div>\n\t\t\t\t<\/div>\n\t\t\t\t<\/div>\n\t\t\t\t<\/div>\n\t\t\t\t\t<\/div>\n\t\t\t\t<\/div>\n\t\t\t\t<\/div>","protected":false},"excerpt":{"rendered":"<p>Energim\u00e5lere bruges til pr\u00e6cis registrering af elforbrug i alt fra produktion og procesanl\u00e6g til bygningsoverv\u00e5gning og forsyningsinfrastruktur. Afh\u00e6ngigt af form\u00e5let skelnes der mellem MID-godkendte m\u00e5lere, som er p\u00e5kr\u00e6vet ved lovpligtig eller kommerciel afregning (fx. over for kunder eller lejere), og ikke-MID-godkendte m\u00e5lere, der typisk anvendes til intern energioverv\u00e5gning, belastningsanalyse eller optimering af processer. Anvendelsesomr\u00e5der MID-godkendte [&hellip;]<\/p>\n","protected":false},"author":1,"featured_media":0,"parent":1563,"menu_order":0,"comment_status":"closed","ping_status":"closed","template":"","meta":{"_acf_changed":false,"footnotes":""},"class_list":["post-1573","page","type-page","status-publish","hentry"],"acf":[],"yoast_head":"<!-- This site is optimized with the Yoast SEO plugin v26.6 - https:\/\/yoast.com\/wordpress\/plugins\/seo\/ -->\n<title>Energim\u00e5lere til industri | MID-godkendt &amp; overv\u00e5gning<\/title>\n<meta name=\"description\" content=\"Professionelle energim\u00e5lere til m\u00e5ling og overv\u00e5gning i industrien. MID-godkendt eller generel m\u00e5ling med h\u00f8j pr\u00e6cision og datasikkerhed.\" \/>\n<meta name=\"robots\" content=\"index, follow, max-snippet:-1, max-image-preview:large, max-video-preview:-1\" \/>\n<link rel=\"canonical\" href=\"https:\/\/thiim.com\/en\/industrial-it-iiot\/less-energy\/\" \/>\n<meta property=\"og:locale\" content=\"en_GB\" \/>\n<meta property=\"og:type\" content=\"article\" \/>\n<meta property=\"og:title\" content=\"Energim\u00e5lere til industri | MID-godkendt &amp; overv\u00e5gning\" \/>\n<meta property=\"og:description\" content=\"Professionelle energim\u00e5lere til m\u00e5ling og overv\u00e5gning i industrien. MID-godkendt eller generel m\u00e5ling med h\u00f8j pr\u00e6cision og datasikkerhed.\" \/>\n<meta property=\"og:url\" content=\"https:\/\/thiim.com\/en\/industrial-it-iiot\/less-energy\/\" \/>\n<meta property=\"og:site_name\" content=\"Thiim\" \/>\n<meta property=\"article:modified_time\" content=\"2025-11-28T12:09:04+00:00\" \/>\n<meta name=\"twitter:card\" content=\"summary_large_image\" \/>\n<meta name=\"twitter:label1\" content=\"Estimated reading time\" \/>\n\t<meta name=\"twitter:data1\" content=\"1 minute\" \/>\n<script type=\"application\/ld+json\" class=\"yoast-schema-graph\">{\"@context\":\"https:\/\/schema.org\",\"@graph\":[{\"@type\":\"WebPage\",\"@id\":\"https:\/\/thiim.com\/industriel-it-iiot\/energimaalere\/\",\"url\":\"https:\/\/thiim.com\/industriel-it-iiot\/energimaalere\/\",\"name\":\"Energim\u00e5lere til industri | MID-godkendt & overv\u00e5gning\",\"isPartOf\":{\"@id\":\"https:\/\/thiim.com\/#website\"},\"datePublished\":\"2025-05-01T06:41:00+00:00\",\"dateModified\":\"2025-11-28T12:09:04+00:00\",\"description\":\"Professionelle energim\u00e5lere til m\u00e5ling og overv\u00e5gning i industrien. MID-godkendt eller generel m\u00e5ling med h\u00f8j pr\u00e6cision og datasikkerhed.\",\"breadcrumb\":{\"@id\":\"https:\/\/thiim.com\/industriel-it-iiot\/energimaalere\/#breadcrumb\"},\"inLanguage\":\"en-GB\",\"potentialAction\":[{\"@type\":\"ReadAction\",\"target\":[\"https:\/\/thiim.com\/industriel-it-iiot\/energimaalere\/\"]}]},{\"@type\":\"BreadcrumbList\",\"@id\":\"https:\/\/thiim.com\/industriel-it-iiot\/energimaalere\/#breadcrumb\",\"itemListElement\":[{\"@type\":\"ListItem\",\"position\":1,\"name\":\"Industriel IT &#038; IIoT\u200b\",\"item\":\"https:\/\/thiim.com\/industriel-it-iiot\/\"},{\"@type\":\"ListItem\",\"position\":2,\"name\":\"Energim\u00e5lere\"}]},{\"@type\":\"WebSite\",\"@id\":\"https:\/\/thiim.com\/#website\",\"url\":\"https:\/\/thiim.com\/\",\"name\":\"Thiim\",\"description\":\"\",\"publisher\":{\"@id\":\"https:\/\/thiim.com\/#organization\"},\"potentialAction\":[{\"@type\":\"SearchAction\",\"target\":{\"@type\":\"EntryPoint\",\"urlTemplate\":\"https:\/\/thiim.com\/?s={search_term_string}\"},\"query-input\":{\"@type\":\"PropertyValueSpecification\",\"valueRequired\":true,\"valueName\":\"search_term_string\"}}],\"inLanguage\":\"en-GB\"},{\"@type\":\"Organization\",\"@id\":\"https:\/\/thiim.com\/#organization\",\"name\":\"Thiim\",\"url\":\"https:\/\/thiim.com\/\",\"logo\":{\"@type\":\"ImageObject\",\"inLanguage\":\"en-GB\",\"@id\":\"https:\/\/thiim.com\/#\/schema\/logo\/image\/\",\"url\":\"https:\/\/thiim.com\/wp-content\/uploads\/Thiim_rgb_uramme.svg\",\"contentUrl\":\"https:\/\/thiim.com\/wp-content\/uploads\/Thiim_rgb_uramme.svg\",\"width\":653.94,\"height\":121.95,\"caption\":\"Thiim\"},\"image\":{\"@id\":\"https:\/\/thiim.com\/#\/schema\/logo\/image\/\"}}]}<\/script>\n<!-- \/ Yoast SEO plugin. -->","yoast_head_json":{"title":"Energy meters for industry | MID approved &amp; monitoring","description":"Professional energy meters for measuring and monitoring in industry. MID-approved or general metering with high precision and data security.","robots":{"index":"index","follow":"follow","max-snippet":"max-snippet:-1","max-image-preview":"max-image-preview:large","max-video-preview":"max-video-preview:-1"},"canonical":"https:\/\/thiim.com\/en\/industrial-it-iiot\/less-energy\/","og_locale":"en_GB","og_type":"article","og_title":"Energim\u00e5lere til industri | MID-godkendt & overv\u00e5gning","og_description":"Professionelle energim\u00e5lere til m\u00e5ling og overv\u00e5gning i industrien. MID-godkendt eller generel m\u00e5ling med h\u00f8j pr\u00e6cision og datasikkerhed.","og_url":"https:\/\/thiim.com\/en\/industrial-it-iiot\/less-energy\/","og_site_name":"Thiim","article_modified_time":"2025-11-28T12:09:04+00:00","twitter_card":"summary_large_image","twitter_misc":{"Estimated reading time":"1 minute"},"schema":{"@context":"https:\/\/schema.org","@graph":[{"@type":"WebPage","@id":"https:\/\/thiim.com\/industriel-it-iiot\/energimaalere\/","url":"https:\/\/thiim.com\/industriel-it-iiot\/energimaalere\/","name":"Energy meters for industry | MID approved &amp; monitoring","isPartOf":{"@id":"https:\/\/thiim.com\/#website"},"datePublished":"2025-05-01T06:41:00+00:00","dateModified":"2025-11-28T12:09:04+00:00","description":"Professional energy meters for measuring and monitoring in industry. MID-approved or general metering with high precision and data security.","breadcrumb":{"@id":"https:\/\/thiim.com\/industriel-it-iiot\/energimaalere\/#breadcrumb"},"inLanguage":"en-GB","potentialAction":[{"@type":"ReadAction","target":["https:\/\/thiim.com\/industriel-it-iiot\/energimaalere\/"]}]},{"@type":"BreadcrumbList","@id":"https:\/\/thiim.com\/industriel-it-iiot\/energimaalere\/#breadcrumb","itemListElement":[{"@type":"ListItem","position":1,"name":"Industriel IT &#038; IIoT\u200b","item":"https:\/\/thiim.com\/industriel-it-iiot\/"},{"@type":"ListItem","position":2,"name":"Energim\u00e5lere"}]},{"@type":"WebSite","@id":"https:\/\/thiim.com\/#website","url":"https:\/\/thiim.com\/","name":"Thiim","description":"","publisher":{"@id":"https:\/\/thiim.com\/#organization"},"potentialAction":[{"@type":"SearchAction","target":{"@type":"EntryPoint","urlTemplate":"https:\/\/thiim.com\/?s={search_term_string}"},"query-input":{"@type":"PropertyValueSpecification","valueRequired":true,"valueName":"search_term_string"}}],"inLanguage":"en-GB"},{"@type":"Organization","@id":"https:\/\/thiim.com\/#organization","name":"Thiim","url":"https:\/\/thiim.com\/","logo":{"@type":"ImageObject","inLanguage":"en-GB","@id":"https:\/\/thiim.com\/#\/schema\/logo\/image\/","url":"https:\/\/thiim.com\/wp-content\/uploads\/Thiim_rgb_uramme.svg","contentUrl":"https:\/\/thiim.com\/wp-content\/uploads\/Thiim_rgb_uramme.svg","width":653.94,"height":121.95,"caption":"Thiim"},"image":{"@id":"https:\/\/thiim.com\/#\/schema\/logo\/image\/"}}]}},"_links":{"self":[{"href":"https:\/\/thiim.com\/en\/wp-json\/wp\/v2\/pages\/1573","targetHints":{"allow":["GET"]}}],"collection":[{"href":"https:\/\/thiim.com\/en\/wp-json\/wp\/v2\/pages"}],"about":[{"href":"https:\/\/thiim.com\/en\/wp-json\/wp\/v2\/types\/page"}],"author":[{"embeddable":true,"href":"https:\/\/thiim.com\/en\/wp-json\/wp\/v2\/users\/1"}],"replies":[{"embeddable":true,"href":"https:\/\/thiim.com\/en\/wp-json\/wp\/v2\/comments?post=1573"}],"version-history":[{"count":14,"href":"https:\/\/thiim.com\/en\/wp-json\/wp\/v2\/pages\/1573\/revisions"}],"predecessor-version":[{"id":8120,"href":"https:\/\/thiim.com\/en\/wp-json\/wp\/v2\/pages\/1573\/revisions\/8120"}],"up":[{"embeddable":true,"href":"https:\/\/thiim.com\/en\/wp-json\/wp\/v2\/pages\/1563"}],"wp:attachment":[{"href":"https:\/\/thiim.com\/en\/wp-json\/wp\/v2\/media?parent=1573"}],"curies":[{"name":"wp","href":"https:\/\/api.w.org\/{rel}","templated":true}]}}