{"id":1591,"date":"2025-05-01T08:45:34","date_gmt":"2025-05-01T06:45:34","guid":{"rendered":"https:\/\/thiim.com\/?page_id=1591"},"modified":"2026-02-16T14:05:02","modified_gmt":"2026-02-16T13:05:02","slug":"suppliererer","status":"publish","type":"page","link":"https:\/\/thiim.com\/en\/el-komponenter\/leverandoerer\/","title":{"rendered":"Suppliers Electrical components"},"content":{"rendered":"<div data-elementor-type=\"wp-page\" data-elementor-id=\"1591\" class=\"elementor elementor-1591\" data-elementor-post-type=\"page\">\n\t\t\t\t<div class=\"elementor-element elementor-element-4f67952 e-flex e-con-boxed e-con e-parent\" data-id=\"4f67952\" data-element_type=\"container\" data-e-type=\"container\" data-settings=\"{&quot;background_background&quot;:&quot;classic&quot;}\">\n\t\t\t\t\t<div class=\"e-con-inner\">\n\t\t<div class=\"elementor-element elementor-element-63aad24 e-con-full e-flex e-con e-child\" data-id=\"63aad24\" data-element_type=\"container\" data-e-type=\"container\" data-settings=\"{&quot;background_background&quot;:&quot;classic&quot;}\">\n\t\t<div class=\"elementor-element elementor-element-258dd41 e-con-full e-flex e-con e-child\" data-id=\"258dd41\" data-element_type=\"container\" data-e-type=\"container\">\n\t\t\t\t<div class=\"elementor-element elementor-element-46d81bb elementor-widget elementor-widget-breadcrumbs\" data-id=\"46d81bb\" data-element_type=\"widget\" data-e-type=\"widget\" data-widget_type=\"breadcrumbs.default\">\n\t\t\t\t<div class=\"elementor-widget-container\">\n\t\t\t\t\t<p id=\"breadcrumbs\"><\/p>\t\t\t\t<\/div>\n\t\t\t\t<\/div>\n\t\t\t\t<\/div>\n\t\t\t\t<\/div>\n\t\t\t\t\t<\/div>\n\t\t\t\t<\/div>\n\t\t<div class=\"elementor-element elementor-element-9525dd4 e-flex e-con-boxed e-con e-parent\" data-id=\"9525dd4\" data-element_type=\"container\" data-e-type=\"container\">\n\t\t\t\t\t<div class=\"e-con-inner\">\n\t\t<div class=\"elementor-element elementor-element-e513c66 e-con-full e-flex e-con e-child\" data-id=\"e513c66\" data-element_type=\"container\" data-e-type=\"container\">\n\t\t\t\t<div class=\"elementor-element elementor-element-4b72b07 elementor-widget__width-initial elementor-widget elementor-widget-heading\" data-id=\"4b72b07\" data-element_type=\"widget\" data-e-type=\"widget\" data-widget_type=\"heading.default\">\n\t\t\t\t<div class=\"elementor-widget-container\">\n\t\t\t\t\t<h2 class=\"elementor-heading-title elementor-size-default\">Our suppliers - selected with care<\/h2>\t\t\t\t<\/div>\n\t\t\t\t<\/div>\n\t\t<div class=\"elementor-element elementor-element-ba53ae2 e-con-full e-flex e-con e-child\" data-id=\"ba53ae2\" data-element_type=\"container\" data-e-type=\"container\">\n\t\t<div class=\"elementor-element elementor-element-4927377 e-con-full e-flex e-con e-child\" data-id=\"4927377\" data-element_type=\"container\" data-e-type=\"container\">\n\t\t\t\t<div class=\"elementor-element elementor-element-ef60e10 elementor-widget elementor-widget-text-editor\" data-id=\"ef60e10\" data-element_type=\"widget\" data-e-type=\"widget\" data-widget_type=\"text-editor.default\">\n\t\t\t\t<div class=\"elementor-widget-container\">\n\t\t\t\t\t\t\t\t\t<p class=\"p1\">We select our suppliers of ATEX components with great care and technical focus. Only manufacturers with proven quality, stable certifications and solid experience from hazardous environments are included in the range.<\/p><p class=\"p1\">Proper ATEX certification is essential to comply with legislation, secure installations and protect employees and facilities in daily operations. That's why we prioritise solutions where quality, documentation and approvals are fully in place.<\/p>\t\t\t\t\t\t\t\t<\/div>\n\t\t\t\t<\/div>\n\t\t\t\t<\/div>\n\t\t<div class=\"elementor-element elementor-element-20c7fdb e-con-full e-flex e-con e-child\" data-id=\"20c7fdb\" data-element_type=\"container\" data-e-type=\"container\" data-settings=\"{&quot;background_background&quot;:&quot;classic&quot;}\">\n\t\t\t\t<div class=\"elementor-element elementor-element-3353889 elementor-widget elementor-widget-image\" data-id=\"3353889\" data-element_type=\"widget\" data-e-type=\"widget\" data-widget_type=\"image.default\">\n\t\t\t\t<div class=\"elementor-widget-container\">\n\t\t\t\t\t\t\t\t\t\t\t\t\t\t\t<img fetchpriority=\"high\" decoding=\"async\" width=\"800\" height=\"550\" src=\"https:\/\/thiim.com\/wp-content\/uploads\/Kategoribilleder_EL-komp_Leverandorer.jpg\" class=\"attachment-large size-large wp-image-5702\" alt=\"Electric comp suppliers\" srcset=\"https:\/\/thiim.com\/wp-content\/uploads\/Kategoribilleder_EL-komp_Leverandorer.jpg 800w, https:\/\/thiim.com\/wp-content\/uploads\/Kategoribilleder_EL-komp_Leverandorer-300x206.jpg 300w, https:\/\/thiim.com\/wp-content\/uploads\/Kategoribilleder_EL-komp_Leverandorer-768x528.jpg 768w\" sizes=\"(max-width: 800px) 100vw, 800px\" \/>\t\t\t\t\t\t\t\t\t\t\t\t\t\t\t<\/div>\n\t\t\t\t<\/div>\n\t\t\t\t<\/div>\n\t\t\t\t<\/div>\n\t\t\t\t<\/div>\n\t\t<div class=\"elementor-element elementor-element-61368a5 e-con-full e-grid e-con e-child\" data-id=\"61368a5\" data-element_type=\"container\" data-e-type=\"container\">\n\t\t<div class=\"elementor-element elementor-element-2968fd3 e-con-full e-flex elementor-invisible e-con e-child\" data-id=\"2968fd3\" data-element_type=\"container\" data-e-type=\"container\" data-settings=\"{&quot;animation&quot;:&quot;slideInUp&quot;}\">\n\t\t\t\t<div class=\"elementor-element elementor-element-0bb3516 elementor-position-top elementor-widget elementor-widget-image-box\" data-id=\"0bb3516\" data-element_type=\"widget\" data-e-type=\"widget\" data-widget_type=\"image-box.default\">\n\t\t\t\t<div class=\"elementor-widget-container\">\n\t\t\t\t\t<div class=\"elementor-image-box-wrapper\"><figure class=\"elementor-image-box-img\"><img decoding=\"async\" width=\"800\" height=\"550\" src=\"https:\/\/thiim.com\/wp-content\/uploads\/Kategoribilleder_EL-komp_Leverandor_KN.jpg\" class=\"attachment-full size-full wp-image-5711\" alt=\"\" srcset=\"https:\/\/thiim.com\/wp-content\/uploads\/Kategoribilleder_EL-komp_Leverandor_KN.jpg 800w, https:\/\/thiim.com\/wp-content\/uploads\/Kategoribilleder_EL-komp_Leverandor_KN-300x206.jpg 300w, https:\/\/thiim.com\/wp-content\/uploads\/Kategoribilleder_EL-komp_Leverandor_KN-768x528.jpg 768w\" sizes=\"(max-width: 800px) 100vw, 800px\" \/><\/figure><div class=\"elementor-image-box-content\"><h3 class=\"elementor-image-box-title\">Kraus &amp; Naimer<\/h3><p class=\"elementor-image-box-description\">For decades, we have worked with Kraus &amp; Naimer - a market-leading manufacturer of electrical switches and contacts, founded in Vienna in 1907 by Franz Kraus and Lorenz Naimer.\n\nKraus &amp; Naimer is known for their technical innovations, such as the modular cam switch and the world's smallest cam switch\n\nWith six factories worldwide and over 900 employees, they offer customised solutions with high quality and flexibility - also in small series.\n\nOur partnership ensures that we can deliver reliable and certified product solutions that match your needs - with the guarantee that comes with a leading manufacturer like Kraus &amp; Naimer.<\/p><\/div><\/div>\t\t\t\t<\/div>\n\t\t\t\t<\/div>\n\t\t\t\t<\/div>\n\t\t<div class=\"elementor-element elementor-element-8292b11 e-con-full e-flex elementor-invisible e-con e-child\" data-id=\"8292b11\" data-element_type=\"container\" data-e-type=\"container\" data-settings=\"{&quot;animation&quot;:&quot;slideInUp&quot;}\">\n\t\t\t\t<div class=\"elementor-element elementor-element-c885d1c elementor-position-top elementor-widget elementor-widget-image-box\" data-id=\"c885d1c\" data-element_type=\"widget\" data-e-type=\"widget\" data-widget_type=\"image-box.default\">\n\t\t\t\t<div class=\"elementor-widget-container\">\n\t\t\t\t\t<div class=\"elementor-image-box-wrapper\"><figure class=\"elementor-image-box-img\"><img decoding=\"async\" width=\"800\" height=\"550\" src=\"https:\/\/thiim.com\/wp-content\/uploads\/Kategoribilleder_EL-komp_Leverandor_Scame.jpg\" class=\"attachment-full size-full wp-image-5710\" alt=\"Scame\" srcset=\"https:\/\/thiim.com\/wp-content\/uploads\/Kategoribilleder_EL-komp_Leverandor_Scame.jpg 800w, https:\/\/thiim.com\/wp-content\/uploads\/Kategoribilleder_EL-komp_Leverandor_Scame-300x206.jpg 300w, https:\/\/thiim.com\/wp-content\/uploads\/Kategoribilleder_EL-komp_Leverandor_Scame-768x528.jpg 768w\" sizes=\"(max-width: 800px) 100vw, 800px\" \/><\/figure><div class=\"elementor-image-box-content\"><h3 class=\"elementor-image-box-title\">Scame<\/h3><p class=\"elementor-image-box-description\">Scame is an Italian manufacturer with many years of experience and strong expertise in industrial connectors, switches and electrical components. They are particularly known for their wide range of ATEX-approved solutions that meet high demands for safety in explosive environments.\n\nThrough our partnership with Scame, we can offer a wide range of robust and certified ATEX products so that our customers always have access to safe and reliable solutions - even for the most demanding installations.<\/p><\/div><\/div>\t\t\t\t<\/div>\n\t\t\t\t<\/div>\n\t\t\t\t<\/div>\n\t\t<div class=\"elementor-element elementor-element-9f69a57 e-con-full e-flex elementor-invisible e-con e-child\" data-id=\"9f69a57\" data-element_type=\"container\" data-e-type=\"container\" data-settings=\"{&quot;animation&quot;:&quot;slideInUp&quot;}\">\n\t\t\t\t<div class=\"elementor-element elementor-element-2049535 elementor-position-top elementor-widget elementor-widget-image-box\" data-id=\"2049535\" data-element_type=\"widget\" data-e-type=\"widget\" data-widget_type=\"image-box.default\">\n\t\t\t\t<div class=\"elementor-widget-container\">\n\t\t\t\t\t<div class=\"elementor-image-box-wrapper\"><figure class=\"elementor-image-box-img\"><img loading=\"lazy\" decoding=\"async\" width=\"800\" height=\"550\" src=\"https:\/\/thiim.com\/wp-content\/uploads\/Kategoribilleder_EL-komp_Leverandor_Magnetschultz.jpg\" class=\"attachment-full size-full wp-image-5709\" alt=\"Magnet-Schultz\" srcset=\"https:\/\/thiim.com\/wp-content\/uploads\/Kategoribilleder_EL-komp_Leverandor_Magnetschultz.jpg 800w, https:\/\/thiim.com\/wp-content\/uploads\/Kategoribilleder_EL-komp_Leverandor_Magnetschultz-300x206.jpg 300w, https:\/\/thiim.com\/wp-content\/uploads\/Kategoribilleder_EL-komp_Leverandor_Magnetschultz-768x528.jpg 768w\" sizes=\"(max-width: 800px) 100vw, 800px\" \/><\/figure><div class=\"elementor-image-box-content\"><h3 class=\"elementor-image-box-title\">Magnet-Schultz<\/h3><p class=\"elementor-image-box-description\">For many years we have worked with Magnet-Schultz, a leading manufacturer of electromagnets, solenoids and magnetic actuators. They are known for high quality, technical know-how and the ability to develop customised solutions for complex tasks.\n\nMagnet-Schultz\u2019 broad product programme covers everything from standard magnets to special magnet solutions for demanding environments - including ATEX\/IECEx applications.\n\nOur collaboration ensures that we can always deliver modern, reliable magnet products with the proven expertise behind them.<\/p><\/div><\/div>\t\t\t\t<\/div>\n\t\t\t\t<\/div>\n\t\t\t\t<\/div>\n\t\t\t\t<\/div>\n\t\t\t\t\t<\/div>\n\t\t\t\t<\/div>\n\t\t\t\t<\/div>","protected":false},"excerpt":{"rendered":"<p>Vores leverand\u00f8rer \u2013 udvalgt med omtanke Vi udv\u00e6lger vores leverand\u00f8rer af ATEX-komponenter med stor omhu og teknisk fokus. Kun producenter med dokumenteret kvalitet, stabile certificeringer og solid erfaring fra eksplosionsfarlige milj\u00f8er bliver en del af sortimentet. Korrekt ATEX-certificering er afg\u00f8rende for at overholde lovgivningen, sikre installationerne og beskytte medarbejdere og anl\u00e6g i den daglige drift. [&hellip;]<\/p>\n","protected":false},"author":1,"featured_media":0,"parent":1580,"menu_order":0,"comment_status":"closed","ping_status":"closed","template":"","meta":{"_acf_changed":false,"footnotes":""},"class_list":["post-1591","page","type-page","status-publish","hentry"],"acf":[],"yoast_head":"<!-- This site is optimized with the Yoast SEO plugin v26.6 - https:\/\/yoast.com\/wordpress\/plugins\/seo\/ -->\n<title>Leverand\u00f8rer | El-komponenter | Thiim A\/S<\/title>\n<meta name=\"description\" content=\"Se vores n\u00f8je udvalgte leverand\u00f8rer af el\u2011komponenter med h\u00f8j kvalitet og driftssikre produkter til industrielle installationer \u2013 find p\u00e5lidelige samarbejdspartnere her.\" \/>\n<meta name=\"robots\" content=\"index, follow, max-snippet:-1, max-image-preview:large, max-video-preview:-1\" \/>\n<link rel=\"canonical\" href=\"https:\/\/thiim.com\/en\/electrical-components-2\/suppliererer\/\" \/>\n<meta property=\"og:locale\" content=\"en_GB\" \/>\n<meta property=\"og:type\" content=\"article\" \/>\n<meta property=\"og:title\" content=\"Leverand\u00f8rer | El-komponenter | Thiim A\/S\" \/>\n<meta property=\"og:description\" content=\"Se vores n\u00f8je udvalgte leverand\u00f8rer af el\u2011komponenter med h\u00f8j kvalitet og driftssikre produkter til industrielle installationer \u2013 find p\u00e5lidelige samarbejdspartnere her.\" \/>\n<meta property=\"og:url\" content=\"https:\/\/thiim.com\/en\/electrical-components-2\/suppliererer\/\" \/>\n<meta property=\"og:site_name\" content=\"Thiim\" \/>\n<meta property=\"article:modified_time\" content=\"2026-02-16T13:05:02+00:00\" \/>\n<meta property=\"og:image\" content=\"https:\/\/thiim.com\/wp-content\/uploads\/Kategoribilleder_EL-komp_Leverandorer.jpg\" \/>\n\t<meta property=\"og:image:width\" content=\"800\" \/>\n\t<meta property=\"og:image:height\" content=\"550\" \/>\n\t<meta property=\"og:image:type\" content=\"image\/jpeg\" \/>\n<meta name=\"twitter:card\" content=\"summary_large_image\" \/>\n<meta name=\"twitter:label1\" content=\"Estimated reading time\" \/>\n\t<meta name=\"twitter:data1\" content=\"3 minutes\" \/>\n<script type=\"application\/ld+json\" class=\"yoast-schema-graph\">{\"@context\":\"https:\/\/schema.org\",\"@graph\":[{\"@type\":\"WebPage\",\"@id\":\"https:\/\/thiim.com\/el-komponenter\/leverandoerer\/\",\"url\":\"https:\/\/thiim.com\/el-komponenter\/leverandoerer\/\",\"name\":\"Leverand\u00f8rer | El-komponenter | Thiim A\/S\",\"isPartOf\":{\"@id\":\"https:\/\/thiim.com\/#website\"},\"primaryImageOfPage\":{\"@id\":\"https:\/\/thiim.com\/el-komponenter\/leverandoerer\/#primaryimage\"},\"image\":{\"@id\":\"https:\/\/thiim.com\/el-komponenter\/leverandoerer\/#primaryimage\"},\"thumbnailUrl\":\"https:\/\/thiim.com\/wp-content\/uploads\/Kategoribilleder_EL-komp_Leverandorer.jpg\",\"datePublished\":\"2025-05-01T06:45:34+00:00\",\"dateModified\":\"2026-02-16T13:05:02+00:00\",\"description\":\"Se vores n\u00f8je udvalgte leverand\u00f8rer af el\u2011komponenter med h\u00f8j kvalitet og driftssikre produkter til industrielle installationer \u2013 find p\u00e5lidelige samarbejdspartnere her.\",\"breadcrumb\":{\"@id\":\"https:\/\/thiim.com\/el-komponenter\/leverandoerer\/#breadcrumb\"},\"inLanguage\":\"en-GB\",\"potentialAction\":[{\"@type\":\"ReadAction\",\"target\":[\"https:\/\/thiim.com\/el-komponenter\/leverandoerer\/\"]}]},{\"@type\":\"ImageObject\",\"inLanguage\":\"en-GB\",\"@id\":\"https:\/\/thiim.com\/el-komponenter\/leverandoerer\/#primaryimage\",\"url\":\"https:\/\/thiim.com\/wp-content\/uploads\/Kategoribilleder_EL-komp_Leverandorer.jpg\",\"contentUrl\":\"https:\/\/thiim.com\/wp-content\/uploads\/Kategoribilleder_EL-komp_Leverandorer.jpg\"},{\"@type\":\"BreadcrumbList\",\"@id\":\"https:\/\/thiim.com\/el-komponenter\/leverandoerer\/#breadcrumb\",\"itemListElement\":[{\"@type\":\"ListItem\",\"position\":1,\"name\":\"El-komponenter\",\"item\":\"https:\/\/thiim.com\/el-komponenter\/\"},{\"@type\":\"ListItem\",\"position\":2,\"name\":\"Leverand\u00f8rer El-komponenter\"}]},{\"@type\":\"WebSite\",\"@id\":\"https:\/\/thiim.com\/#website\",\"url\":\"https:\/\/thiim.com\/\",\"name\":\"Thiim\",\"description\":\"\",\"publisher\":{\"@id\":\"https:\/\/thiim.com\/#organization\"},\"potentialAction\":[{\"@type\":\"SearchAction\",\"target\":{\"@type\":\"EntryPoint\",\"urlTemplate\":\"https:\/\/thiim.com\/?s={search_term_string}\"},\"query-input\":{\"@type\":\"PropertyValueSpecification\",\"valueRequired\":true,\"valueName\":\"search_term_string\"}}],\"inLanguage\":\"en-GB\"},{\"@type\":\"Organization\",\"@id\":\"https:\/\/thiim.com\/#organization\",\"name\":\"Thiim\",\"url\":\"https:\/\/thiim.com\/\",\"logo\":{\"@type\":\"ImageObject\",\"inLanguage\":\"en-GB\",\"@id\":\"https:\/\/thiim.com\/#\/schema\/logo\/image\/\",\"url\":\"https:\/\/thiim.com\/wp-content\/uploads\/Thiim_rgb_uramme.svg\",\"contentUrl\":\"https:\/\/thiim.com\/wp-content\/uploads\/Thiim_rgb_uramme.svg\",\"width\":653.94,\"height\":121.95,\"caption\":\"Thiim\"},\"image\":{\"@id\":\"https:\/\/thiim.com\/#\/schema\/logo\/image\/\"}}]}<\/script>\n<!-- \/ Yoast SEO plugin. -->","yoast_head_json":{"title":"Suppliers | Electrical components | Thiim A\/S","description":"Check out our carefully selected suppliers of high-quality electrical components and reliable products for industrial installations - find trusted partners here.","robots":{"index":"index","follow":"follow","max-snippet":"max-snippet:-1","max-image-preview":"max-image-preview:large","max-video-preview":"max-video-preview:-1"},"canonical":"https:\/\/thiim.com\/en\/electrical-components-2\/suppliererer\/","og_locale":"en_GB","og_type":"article","og_title":"Leverand\u00f8rer | El-komponenter | Thiim A\/S","og_description":"Se vores n\u00f8je udvalgte leverand\u00f8rer af el\u2011komponenter med h\u00f8j kvalitet og driftssikre produkter til industrielle installationer \u2013 find p\u00e5lidelige samarbejdspartnere her.","og_url":"https:\/\/thiim.com\/en\/electrical-components-2\/suppliererer\/","og_site_name":"Thiim","article_modified_time":"2026-02-16T13:05:02+00:00","og_image":[{"width":800,"height":550,"url":"https:\/\/thiim.com\/wp-content\/uploads\/Kategoribilleder_EL-komp_Leverandorer.jpg","type":"image\/jpeg"}],"twitter_card":"summary_large_image","twitter_misc":{"Estimated reading time":"3 minutes"},"schema":{"@context":"https:\/\/schema.org","@graph":[{"@type":"WebPage","@id":"https:\/\/thiim.com\/el-komponenter\/leverandoerer\/","url":"https:\/\/thiim.com\/el-komponenter\/leverandoerer\/","name":"Suppliers | Electrical components | Thiim A\/S","isPartOf":{"@id":"https:\/\/thiim.com\/#website"},"primaryImageOfPage":{"@id":"https:\/\/thiim.com\/el-komponenter\/leverandoerer\/#primaryimage"},"image":{"@id":"https:\/\/thiim.com\/el-komponenter\/leverandoerer\/#primaryimage"},"thumbnailUrl":"https:\/\/thiim.com\/wp-content\/uploads\/Kategoribilleder_EL-komp_Leverandorer.jpg","datePublished":"2025-05-01T06:45:34+00:00","dateModified":"2026-02-16T13:05:02+00:00","description":"Check out our carefully selected suppliers of high-quality electrical components and reliable products for industrial installations - find trusted partners here.","breadcrumb":{"@id":"https:\/\/thiim.com\/el-komponenter\/leverandoerer\/#breadcrumb"},"inLanguage":"en-GB","potentialAction":[{"@type":"ReadAction","target":["https:\/\/thiim.com\/el-komponenter\/leverandoerer\/"]}]},{"@type":"ImageObject","inLanguage":"en-GB","@id":"https:\/\/thiim.com\/el-komponenter\/leverandoerer\/#primaryimage","url":"https:\/\/thiim.com\/wp-content\/uploads\/Kategoribilleder_EL-komp_Leverandorer.jpg","contentUrl":"https:\/\/thiim.com\/wp-content\/uploads\/Kategoribilleder_EL-komp_Leverandorer.jpg"},{"@type":"BreadcrumbList","@id":"https:\/\/thiim.com\/el-komponenter\/leverandoerer\/#breadcrumb","itemListElement":[{"@type":"ListItem","position":1,"name":"El-komponenter","item":"https:\/\/thiim.com\/el-komponenter\/"},{"@type":"ListItem","position":2,"name":"Leverand\u00f8rer El-komponenter"}]},{"@type":"WebSite","@id":"https:\/\/thiim.com\/#website","url":"https:\/\/thiim.com\/","name":"Thiim","description":"","publisher":{"@id":"https:\/\/thiim.com\/#organization"},"potentialAction":[{"@type":"SearchAction","target":{"@type":"EntryPoint","urlTemplate":"https:\/\/thiim.com\/?s={search_term_string}"},"query-input":{"@type":"PropertyValueSpecification","valueRequired":true,"valueName":"search_term_string"}}],"inLanguage":"en-GB"},{"@type":"Organization","@id":"https:\/\/thiim.com\/#organization","name":"Thiim","url":"https:\/\/thiim.com\/","logo":{"@type":"ImageObject","inLanguage":"en-GB","@id":"https:\/\/thiim.com\/#\/schema\/logo\/image\/","url":"https:\/\/thiim.com\/wp-content\/uploads\/Thiim_rgb_uramme.svg","contentUrl":"https:\/\/thiim.com\/wp-content\/uploads\/Thiim_rgb_uramme.svg","width":653.94,"height":121.95,"caption":"Thiim"},"image":{"@id":"https:\/\/thiim.com\/#\/schema\/logo\/image\/"}}]}},"_links":{"self":[{"href":"https:\/\/thiim.com\/en\/wp-json\/wp\/v2\/pages\/1591","targetHints":{"allow":["GET"]}}],"collection":[{"href":"https:\/\/thiim.com\/en\/wp-json\/wp\/v2\/pages"}],"about":[{"href":"https:\/\/thiim.com\/en\/wp-json\/wp\/v2\/types\/page"}],"author":[{"embeddable":true,"href":"https:\/\/thiim.com\/en\/wp-json\/wp\/v2\/users\/1"}],"replies":[{"embeddable":true,"href":"https:\/\/thiim.com\/en\/wp-json\/wp\/v2\/comments?post=1591"}],"version-history":[{"count":20,"href":"https:\/\/thiim.com\/en\/wp-json\/wp\/v2\/pages\/1591\/revisions"}],"predecessor-version":[{"id":9375,"href":"https:\/\/thiim.com\/en\/wp-json\/wp\/v2\/pages\/1591\/revisions\/9375"}],"up":[{"embeddable":true,"href":"https:\/\/thiim.com\/en\/wp-json\/wp\/v2\/pages\/1580"}],"wp:attachment":[{"href":"https:\/\/thiim.com\/en\/wp-json\/wp\/v2\/media?parent=1591"}],"curies":[{"name":"wp","href":"https:\/\/api.w.org\/{rel}","templated":true}]}}