{"id":1608,"date":"2025-05-01T08:47:55","date_gmt":"2025-05-01T06:47:55","guid":{"rendered":"https:\/\/thiim.com\/?page_id=1608"},"modified":"2025-10-30T15:12:43","modified_gmt":"2025-10-30T14:12:43","slug":"suppliererer","status":"publish","type":"page","link":"https:\/\/thiim.com\/en\/datalogger\/leverandoerer\/","title":{"rendered":"Suppliers"},"content":{"rendered":"<div data-elementor-type=\"wp-page\" data-elementor-id=\"1608\" class=\"elementor elementor-1608\" data-elementor-post-type=\"page\">\n\t\t\t\t<div class=\"elementor-element elementor-element-a98ad36 e-flex e-con-boxed e-con e-parent\" data-id=\"a98ad36\" data-element_type=\"container\" data-e-type=\"container\" data-settings=\"{&quot;background_background&quot;:&quot;classic&quot;}\">\n\t\t\t\t\t<div class=\"e-con-inner\">\n\t\t<div class=\"elementor-element elementor-element-fba8bd2 e-con-full e-flex e-con e-child\" data-id=\"fba8bd2\" data-element_type=\"container\" data-e-type=\"container\" data-settings=\"{&quot;background_background&quot;:&quot;classic&quot;}\">\n\t\t<div class=\"elementor-element elementor-element-63b69b95 e-con-full e-flex e-con e-child\" data-id=\"63b69b95\" data-element_type=\"container\" data-e-type=\"container\">\n\t\t\t\t<div class=\"elementor-element elementor-element-3a07ecb4 elementor-widget elementor-widget-breadcrumbs\" data-id=\"3a07ecb4\" data-element_type=\"widget\" data-e-type=\"widget\" data-widget_type=\"breadcrumbs.default\">\n\t\t\t\t<div class=\"elementor-widget-container\">\n\t\t\t\t\t<p id=\"breadcrumbs\"><\/p>\t\t\t\t<\/div>\n\t\t\t\t<\/div>\n\t\t\t\t<\/div>\n\t\t\t\t<\/div>\n\t\t\t\t\t<\/div>\n\t\t\t\t<\/div>\n\t\t<div class=\"elementor-element elementor-element-364b3451 e-flex e-con-boxed e-con e-parent\" data-id=\"364b3451\" data-element_type=\"container\" data-e-type=\"container\">\n\t\t\t\t\t<div class=\"e-con-inner\">\n\t\t<div class=\"elementor-element elementor-element-493b0c4d e-con-full e-flex e-con e-child\" data-id=\"493b0c4d\" data-element_type=\"container\" data-e-type=\"container\">\n\t\t\t\t<div class=\"elementor-element elementor-element-1c731e90 elementor-widget__width-initial elementor-widget elementor-widget-heading\" data-id=\"1c731e90\" data-element_type=\"widget\" data-e-type=\"widget\" data-widget_type=\"heading.default\">\n\t\t\t\t<div class=\"elementor-widget-container\">\n\t\t\t\t\t<h2 class=\"elementor-heading-title elementor-size-default\">Our suppliers - selected with care<\/h2>\t\t\t\t<\/div>\n\t\t\t\t<\/div>\n\t\t<div class=\"elementor-element elementor-element-c9c0cb3 e-con-full e-flex e-con e-child\" data-id=\"c9c0cb3\" data-element_type=\"container\" data-e-type=\"container\">\n\t\t<div class=\"elementor-element elementor-element-72923a23 e-con-full e-flex e-con e-child\" data-id=\"72923a23\" data-element_type=\"container\" data-e-type=\"container\">\n\t\t\t\t<div class=\"elementor-element elementor-element-5e028bee elementor-widget elementor-widget-text-editor\" data-id=\"5e028bee\" data-element_type=\"widget\" data-e-type=\"widget\" data-widget_type=\"text-editor.default\">\n\t\t\t\t<div class=\"elementor-widget-container\">\n\t\t\t\t\t\t\t\t\t<p><span data-contrast=\"auto\">For us, quality, integrity and trust go hand in hand - and this also applies to our choice of business partners. We only work with suppliers who share our core values: reliability, integrity and responsibility.<\/span><span data-ccp-props=\"{&quot;134233117&quot;:true,&quot;134233118&quot;:true}\">\u00a0<\/span><\/p><p><span data-contrast=\"auto\">Our supplier relationships are not random; they are the result of careful selection and long-term partnerships built on mutual respect and a shared ambition to deliver technically strong and reliable products.<\/span><span data-ccp-props=\"{&quot;134233117&quot;:true,&quot;134233118&quot;:true}\">\u00a0<\/span><\/p><p><span data-contrast=\"auto\">When you shop with us, you can rest assured that both we and our suppliers stand behind the quality and support you receive.<\/span><span data-ccp-props=\"{&quot;134233117&quot;:true,&quot;134233118&quot;:true}\">\u00a0<\/span><\/p>\t\t\t\t\t\t\t\t<\/div>\n\t\t\t\t<\/div>\n\t\t\t\t<\/div>\n\t\t<div class=\"elementor-element elementor-element-6aad009 e-con-full e-flex e-con e-child\" data-id=\"6aad009\" data-element_type=\"container\" data-e-type=\"container\" data-settings=\"{&quot;background_background&quot;:&quot;classic&quot;}\">\n\t\t\t\t<div class=\"elementor-element elementor-element-793c28b2 elementor-widget elementor-widget-image\" data-id=\"793c28b2\" data-element_type=\"widget\" data-e-type=\"widget\" data-widget_type=\"image.default\">\n\t\t\t\t<div class=\"elementor-widget-container\">\n\t\t\t\t\t\t\t\t\t\t\t\t\t\t\t<img fetchpriority=\"high\" decoding=\"async\" width=\"800\" height=\"600\" src=\"https:\/\/thiim.com\/wp-content\/uploads\/Leverandor_hojrebanner_2.jpg\" class=\"attachment-large size-large wp-image-6735\" alt=\"\" srcset=\"https:\/\/thiim.com\/wp-content\/uploads\/Leverandor_hojrebanner_2.jpg.webp 800w, https:\/\/thiim.com\/wp-content\/uploads\/Leverandor_hojrebanner_2-300x225.jpg.webp 300w, https:\/\/thiim.com\/wp-content\/uploads\/Leverandor_hojrebanner_2-768x576.jpg.webp 768w\" sizes=\"(max-width: 800px) 100vw, 800px\" \/>\t\t\t\t\t\t\t\t\t\t\t\t\t\t\t<\/div>\n\t\t\t\t<\/div>\n\t\t\t\t<\/div>\n\t\t\t\t<\/div>\n\t\t\t\t<\/div>\n\t\t<div class=\"elementor-element elementor-element-14cc65e9 e-con-full e-grid e-con e-child\" data-id=\"14cc65e9\" data-element_type=\"container\" data-e-type=\"container\">\n\t\t<div class=\"elementor-element elementor-element-149ead4 e-con-full e-flex elementor-invisible e-con e-child\" data-id=\"149ead4\" data-element_type=\"container\" data-e-type=\"container\" data-settings=\"{&quot;animation&quot;:&quot;slideInUp&quot;}\">\n\t\t\t\t<div class=\"elementor-element elementor-element-2d73e3a9 elementor-position-top elementor-widget elementor-widget-image-box\" data-id=\"2d73e3a9\" data-element_type=\"widget\" data-e-type=\"widget\" data-widget_type=\"image-box.default\">\n\t\t\t\t<div class=\"elementor-widget-container\">\n\t\t\t\t\t<div class=\"elementor-image-box-wrapper\"><figure class=\"elementor-image-box-img\"><img decoding=\"async\" width=\"800\" height=\"550\" src=\"https:\/\/thiim.com\/wp-content\/uploads\/Leverandor_logo_Tinytag.jpg\" class=\"attachment-full size-full wp-image-6739\" alt=\"\" srcset=\"https:\/\/thiim.com\/wp-content\/uploads\/Leverandor_logo_Tinytag.jpg 800w, https:\/\/thiim.com\/wp-content\/uploads\/Leverandor_logo_Tinytag-300x206.jpg 300w, https:\/\/thiim.com\/wp-content\/uploads\/Leverandor_logo_Tinytag-768x528.jpg 768w\" sizes=\"(max-width: 800px) 100vw, 800px\" \/><\/figure><div class=\"elementor-image-box-content\"><h3 class=\"elementor-image-box-title\">Tinytag Gemini<\/h3><p class=\"elementor-image-box-description\">Gemini Data Loggers is a British manufacturer with over 40 years of experience in the development and production of accurate and reliable data loggers.\n\nBased in Chichester (UK), the company is behind the recognised Tinytag brand, which includes a wide range of loggers for temperature, humidity, energy and CO\u2082.\nAll products are developed and manufactured in-house, ensuring high quality, technical control and customisation for specific applications. Tinytag loggers are known for their robust construction, large data capacity and flexible communication options (USB, radio and Ethernet), making them suitable for industrial, environmental and laboratory-based measurement tasks.<\/p><\/div><\/div>\t\t\t\t<\/div>\n\t\t\t\t<\/div>\n\t\t\t\t<\/div>\n\t\t<div class=\"elementor-element elementor-element-2bad0187 e-con-full e-flex elementor-invisible e-con e-child\" data-id=\"2bad0187\" data-element_type=\"container\" data-e-type=\"container\" data-settings=\"{&quot;animation&quot;:&quot;slideInUp&quot;}\">\n\t\t\t\t<div class=\"elementor-element elementor-element-7e707897 elementor-position-top elementor-widget elementor-widget-image-box\" data-id=\"7e707897\" data-element_type=\"widget\" data-e-type=\"widget\" data-widget_type=\"image-box.default\">\n\t\t\t\t<div class=\"elementor-widget-container\">\n\t\t\t\t\t<div class=\"elementor-image-box-wrapper\"><figure class=\"elementor-image-box-img\"><img decoding=\"async\" width=\"800\" height=\"550\" src=\"https:\/\/thiim.com\/wp-content\/uploads\/Leverandor_logo_Hobo.jpg\" class=\"attachment-full size-full wp-image-6738\" alt=\"\" srcset=\"https:\/\/thiim.com\/wp-content\/uploads\/Leverandor_logo_Hobo.jpg 800w, https:\/\/thiim.com\/wp-content\/uploads\/Leverandor_logo_Hobo-300x206.jpg 300w, https:\/\/thiim.com\/wp-content\/uploads\/Leverandor_logo_Hobo-768x528.jpg 768w\" sizes=\"(max-width: 800px) 100vw, 800px\" \/><\/figure><div class=\"elementor-image-box-content\"><h3 class=\"elementor-image-box-title\">Hobo data loggers<\/h3><p class=\"elementor-image-box-description\">HOBO data loggers are American-made data loggers and weather stations with more than 40 years of experience.  The products are used globally in areas such as agriculture, coastal and environmental research, building and energy monitoring, and temperature-controlled environments.\n\nThe company develops and manufactures its solutions in-house, giving it control over quality and technical precision.  In addition, the commitment to innovation and continuous improvement is supported through membership of the LI COR group, which strengthens capabilities in environmental measurement and data management.  \n\nOnset is located on Cape Cod, Massachusetts (USA), ensuring a unified production and development platform that provides shorter response times and agility in adapting to customer needs.  \n<\/p><\/div><\/div>\t\t\t\t<\/div>\n\t\t\t\t<\/div>\n\t\t\t\t<\/div>\n\t\t\t\t<\/div>\n\t\t\t\t\t<\/div>\n\t\t\t\t<\/div>\n\t\t\t\t<\/div>","protected":false},"excerpt":{"rendered":"<p>Vores leverand\u00f8rer \u2013 udvalgt med omtanke Hos os g\u00e5r kvalitet, ordentlighed og tillid h\u00e5nd i h\u00e5nd \u2013 og det g\u00e6lder ogs\u00e5 i valget af vores samarbejdspartnere. Vi samarbejder udelukkende med leverand\u00f8rer, der deler vores kernev\u00e6rdier: p\u00e5lidelighed, integritet og ansvarlighed.\u00a0 Vores leverand\u00f8rrelationer er ikke tilf\u00e6ldige; de er et resultat af omhyggelig udv\u00e6lgelse og langvarige samarbejder, som [&hellip;]<\/p>\n","protected":false},"author":1,"featured_media":0,"parent":1592,"menu_order":0,"comment_status":"closed","ping_status":"closed","template":"","meta":{"_acf_changed":false,"footnotes":""},"class_list":["post-1608","page","type-page","status-publish","hentry"],"acf":[],"yoast_head":"<!-- This site is optimized with the Yoast SEO plugin v26.6 - https:\/\/yoast.com\/wordpress\/plugins\/seo\/ -->\n<title>Leverand\u00f8rer | Datalogger | Thiim A\/S<\/title>\n<meta name=\"robots\" content=\"index, follow, max-snippet:-1, max-image-preview:large, max-video-preview:-1\" \/>\n<link rel=\"canonical\" href=\"https:\/\/thiim.com\/en\/data-logger-2\/suppliererer\/\" \/>\n<meta property=\"og:locale\" content=\"en_GB\" \/>\n<meta property=\"og:type\" content=\"article\" \/>\n<meta property=\"og:title\" content=\"Leverand\u00f8rer | Datalogger | Thiim A\/S\" \/>\n<meta property=\"og:description\" content=\"Vores leverand\u00f8rer \u2013 udvalgt med omtanke Hos os g\u00e5r kvalitet, ordentlighed og tillid h\u00e5nd i h\u00e5nd \u2013 og det g\u00e6lder ogs\u00e5 i valget af vores samarbejdspartnere. Vi samarbejder udelukkende med leverand\u00f8rer, der deler vores kernev\u00e6rdier: p\u00e5lidelighed, integritet og ansvarlighed.\u00a0 Vores leverand\u00f8rrelationer er ikke tilf\u00e6ldige; de er et resultat af omhyggelig udv\u00e6lgelse og langvarige samarbejder, som [&hellip;]\" \/>\n<meta property=\"og:url\" content=\"https:\/\/thiim.com\/en\/data-logger-2\/suppliererer\/\" \/>\n<meta property=\"og:site_name\" content=\"Thiim\" \/>\n<meta property=\"article:modified_time\" content=\"2025-10-30T14:12:43+00:00\" \/>\n<meta property=\"og:image\" content=\"https:\/\/thiim.com\/wp-content\/uploads\/Leverandor_hojrebanner_2.jpg\" \/>\n\t<meta property=\"og:image:width\" content=\"800\" \/>\n\t<meta property=\"og:image:height\" content=\"600\" \/>\n\t<meta property=\"og:image:type\" content=\"image\/jpeg\" \/>\n<meta name=\"twitter:card\" content=\"summary_large_image\" \/>\n<meta name=\"twitter:label1\" content=\"Estimated reading time\" \/>\n\t<meta name=\"twitter:data1\" content=\"2 minutes\" \/>\n<script type=\"application\/ld+json\" class=\"yoast-schema-graph\">{\"@context\":\"https:\/\/schema.org\",\"@graph\":[{\"@type\":\"WebPage\",\"@id\":\"https:\/\/thiim.com\/datalogger\/leverandoerer\/\",\"url\":\"https:\/\/thiim.com\/datalogger\/leverandoerer\/\",\"name\":\"Leverand\u00f8rer | Datalogger | Thiim A\/S\",\"isPartOf\":{\"@id\":\"https:\/\/thiim.com\/#website\"},\"primaryImageOfPage\":{\"@id\":\"https:\/\/thiim.com\/datalogger\/leverandoerer\/#primaryimage\"},\"image\":{\"@id\":\"https:\/\/thiim.com\/datalogger\/leverandoerer\/#primaryimage\"},\"thumbnailUrl\":\"https:\/\/thiim.com\/wp-content\/uploads\/Leverandor_hojrebanner_2.jpg\",\"datePublished\":\"2025-05-01T06:47:55+00:00\",\"dateModified\":\"2025-10-30T14:12:43+00:00\",\"breadcrumb\":{\"@id\":\"https:\/\/thiim.com\/datalogger\/leverandoerer\/#breadcrumb\"},\"inLanguage\":\"en-GB\",\"potentialAction\":[{\"@type\":\"ReadAction\",\"target\":[\"https:\/\/thiim.com\/datalogger\/leverandoerer\/\"]}]},{\"@type\":\"ImageObject\",\"inLanguage\":\"en-GB\",\"@id\":\"https:\/\/thiim.com\/datalogger\/leverandoerer\/#primaryimage\",\"url\":\"https:\/\/thiim.com\/wp-content\/uploads\/Leverandor_hojrebanner_2.jpg\",\"contentUrl\":\"https:\/\/thiim.com\/wp-content\/uploads\/Leverandor_hojrebanner_2.jpg\"},{\"@type\":\"BreadcrumbList\",\"@id\":\"https:\/\/thiim.com\/datalogger\/leverandoerer\/#breadcrumb\",\"itemListElement\":[{\"@type\":\"ListItem\",\"position\":1,\"name\":\"Datalogger\",\"item\":\"https:\/\/thiim.com\/datalogger\/\"},{\"@type\":\"ListItem\",\"position\":2,\"name\":\"Leverand\u00f8rer\"}]},{\"@type\":\"WebSite\",\"@id\":\"https:\/\/thiim.com\/#website\",\"url\":\"https:\/\/thiim.com\/\",\"name\":\"Thiim\",\"description\":\"\",\"publisher\":{\"@id\":\"https:\/\/thiim.com\/#organization\"},\"potentialAction\":[{\"@type\":\"SearchAction\",\"target\":{\"@type\":\"EntryPoint\",\"urlTemplate\":\"https:\/\/thiim.com\/?s={search_term_string}\"},\"query-input\":{\"@type\":\"PropertyValueSpecification\",\"valueRequired\":true,\"valueName\":\"search_term_string\"}}],\"inLanguage\":\"en-GB\"},{\"@type\":\"Organization\",\"@id\":\"https:\/\/thiim.com\/#organization\",\"name\":\"Thiim\",\"url\":\"https:\/\/thiim.com\/\",\"logo\":{\"@type\":\"ImageObject\",\"inLanguage\":\"en-GB\",\"@id\":\"https:\/\/thiim.com\/#\/schema\/logo\/image\/\",\"url\":\"https:\/\/thiim.com\/wp-content\/uploads\/Thiim_rgb_uramme.svg\",\"contentUrl\":\"https:\/\/thiim.com\/wp-content\/uploads\/Thiim_rgb_uramme.svg\",\"width\":653.94,\"height\":121.95,\"caption\":\"Thiim\"},\"image\":{\"@id\":\"https:\/\/thiim.com\/#\/schema\/logo\/image\/\"}}]}<\/script>\n<!-- \/ Yoast SEO plugin. -->","yoast_head_json":{"title":"Suppliers | Datalogger | Thiim A\/S","robots":{"index":"index","follow":"follow","max-snippet":"max-snippet:-1","max-image-preview":"max-image-preview:large","max-video-preview":"max-video-preview:-1"},"canonical":"https:\/\/thiim.com\/en\/data-logger-2\/suppliererer\/","og_locale":"en_GB","og_type":"article","og_title":"Leverand\u00f8rer | Datalogger | Thiim A\/S","og_description":"Vores leverand\u00f8rer \u2013 udvalgt med omtanke Hos os g\u00e5r kvalitet, ordentlighed og tillid h\u00e5nd i h\u00e5nd \u2013 og det g\u00e6lder ogs\u00e5 i valget af vores samarbejdspartnere. Vi samarbejder udelukkende med leverand\u00f8rer, der deler vores kernev\u00e6rdier: p\u00e5lidelighed, integritet og ansvarlighed.\u00a0 Vores leverand\u00f8rrelationer er ikke tilf\u00e6ldige; de er et resultat af omhyggelig udv\u00e6lgelse og langvarige samarbejder, som [&hellip;]","og_url":"https:\/\/thiim.com\/en\/data-logger-2\/suppliererer\/","og_site_name":"Thiim","article_modified_time":"2025-10-30T14:12:43+00:00","og_image":[{"width":800,"height":600,"url":"https:\/\/thiim.com\/wp-content\/uploads\/Leverandor_hojrebanner_2.jpg","type":"image\/jpeg"}],"twitter_card":"summary_large_image","twitter_misc":{"Estimated reading time":"2 minutes"},"schema":{"@context":"https:\/\/schema.org","@graph":[{"@type":"WebPage","@id":"https:\/\/thiim.com\/datalogger\/leverandoerer\/","url":"https:\/\/thiim.com\/datalogger\/leverandoerer\/","name":"Suppliers | Datalogger | Thiim A\/S","isPartOf":{"@id":"https:\/\/thiim.com\/#website"},"primaryImageOfPage":{"@id":"https:\/\/thiim.com\/datalogger\/leverandoerer\/#primaryimage"},"image":{"@id":"https:\/\/thiim.com\/datalogger\/leverandoerer\/#primaryimage"},"thumbnailUrl":"https:\/\/thiim.com\/wp-content\/uploads\/Leverandor_hojrebanner_2.jpg","datePublished":"2025-05-01T06:47:55+00:00","dateModified":"2025-10-30T14:12:43+00:00","breadcrumb":{"@id":"https:\/\/thiim.com\/datalogger\/leverandoerer\/#breadcrumb"},"inLanguage":"en-GB","potentialAction":[{"@type":"ReadAction","target":["https:\/\/thiim.com\/datalogger\/leverandoerer\/"]}]},{"@type":"ImageObject","inLanguage":"en-GB","@id":"https:\/\/thiim.com\/datalogger\/leverandoerer\/#primaryimage","url":"https:\/\/thiim.com\/wp-content\/uploads\/Leverandor_hojrebanner_2.jpg","contentUrl":"https:\/\/thiim.com\/wp-content\/uploads\/Leverandor_hojrebanner_2.jpg"},{"@type":"BreadcrumbList","@id":"https:\/\/thiim.com\/datalogger\/leverandoerer\/#breadcrumb","itemListElement":[{"@type":"ListItem","position":1,"name":"Datalogger","item":"https:\/\/thiim.com\/datalogger\/"},{"@type":"ListItem","position":2,"name":"Leverand\u00f8rer"}]},{"@type":"WebSite","@id":"https:\/\/thiim.com\/#website","url":"https:\/\/thiim.com\/","name":"Thiim","description":"","publisher":{"@id":"https:\/\/thiim.com\/#organization"},"potentialAction":[{"@type":"SearchAction","target":{"@type":"EntryPoint","urlTemplate":"https:\/\/thiim.com\/?s={search_term_string}"},"query-input":{"@type":"PropertyValueSpecification","valueRequired":true,"valueName":"search_term_string"}}],"inLanguage":"en-GB"},{"@type":"Organization","@id":"https:\/\/thiim.com\/#organization","name":"Thiim","url":"https:\/\/thiim.com\/","logo":{"@type":"ImageObject","inLanguage":"en-GB","@id":"https:\/\/thiim.com\/#\/schema\/logo\/image\/","url":"https:\/\/thiim.com\/wp-content\/uploads\/Thiim_rgb_uramme.svg","contentUrl":"https:\/\/thiim.com\/wp-content\/uploads\/Thiim_rgb_uramme.svg","width":653.94,"height":121.95,"caption":"Thiim"},"image":{"@id":"https:\/\/thiim.com\/#\/schema\/logo\/image\/"}}]}},"_links":{"self":[{"href":"https:\/\/thiim.com\/en\/wp-json\/wp\/v2\/pages\/1608","targetHints":{"allow":["GET"]}}],"collection":[{"href":"https:\/\/thiim.com\/en\/wp-json\/wp\/v2\/pages"}],"about":[{"href":"https:\/\/thiim.com\/en\/wp-json\/wp\/v2\/types\/page"}],"author":[{"embeddable":true,"href":"https:\/\/thiim.com\/en\/wp-json\/wp\/v2\/users\/1"}],"replies":[{"embeddable":true,"href":"https:\/\/thiim.com\/en\/wp-json\/wp\/v2\/comments?post=1608"}],"version-history":[{"count":4,"href":"https:\/\/thiim.com\/en\/wp-json\/wp\/v2\/pages\/1608\/revisions"}],"predecessor-version":[{"id":6750,"href":"https:\/\/thiim.com\/en\/wp-json\/wp\/v2\/pages\/1608\/revisions\/6750"}],"up":[{"embeddable":true,"href":"https:\/\/thiim.com\/en\/wp-json\/wp\/v2\/pages\/1592"}],"wp:attachment":[{"href":"https:\/\/thiim.com\/en\/wp-json\/wp\/v2\/media?parent=1608"}],"curies":[{"name":"wp","href":"https:\/\/api.w.org\/{rel}","templated":true}]}}