{"id":1609,"date":"2025-05-01T08:49:34","date_gmt":"2025-05-01T06:49:34","guid":{"rendered":"https:\/\/thiim.com\/?page_id=1609"},"modified":"2025-12-12T08:44:11","modified_gmt":"2025-12-12T07:44:11","slug":"thiim-relays","status":"publish","type":"page","link":"https:\/\/thiim.com\/en\/thiim-relays\/","title":{"rendered":"Thiim Relays"},"content":{"rendered":"<div data-elementor-type=\"wp-page\" data-elementor-id=\"1609\" class=\"elementor elementor-1609\" data-elementor-post-type=\"page\">\n\t\t\t\t<div class=\"elementor-element elementor-element-51de421 e-flex e-con-boxed e-con e-parent\" data-id=\"51de421\" data-element_type=\"container\" data-e-type=\"container\" data-settings=\"{&quot;background_background&quot;:&quot;classic&quot;}\">\n\t\t\t\t\t<div class=\"e-con-inner\">\n\t\t<div class=\"elementor-element elementor-element-360d120 e-con-full e-flex e-con e-child\" data-id=\"360d120\" data-element_type=\"container\" data-e-type=\"container\" data-settings=\"{&quot;background_background&quot;:&quot;classic&quot;}\">\n\t\t<div class=\"elementor-element elementor-element-d626e36 e-con-full e-flex e-con e-child\" data-id=\"d626e36\" data-element_type=\"container\" data-e-type=\"container\">\n\t\t\t\t<div class=\"elementor-element elementor-element-6196fb0 elementor-widget__width-initial elementor-invisible elementor-widget elementor-widget-heading\" data-id=\"6196fb0\" data-element_type=\"widget\" data-e-type=\"widget\" data-settings=\"{&quot;_animation&quot;:&quot;slideInUp&quot;}\" data-widget_type=\"heading.default\">\n\t\t\t\t<div class=\"elementor-widget-container\">\n\t\t\t\t\t<h1 class=\"elementor-heading-title elementor-size-default\">Thiim Relays\n<\/h1>\t\t\t\t<\/div>\n\t\t\t\t<\/div>\n\t\t\t\t<\/div>\n\t\t\t\t<\/div>\n\t\t\t\t\t<\/div>\n\t\t\t\t<\/div>\n\t\t<div class=\"elementor-element elementor-element-abeccc6 e-flex e-con-boxed e-con e-parent\" data-id=\"abeccc6\" data-element_type=\"container\" data-e-type=\"container\" data-settings=\"{&quot;background_background&quot;:&quot;classic&quot;}\">\n\t\t\t\t\t<div class=\"e-con-inner\">\n\t\t<div class=\"elementor-element elementor-element-28a6184 e-con-full e-flex e-con e-child\" data-id=\"28a6184\" data-element_type=\"container\" data-e-type=\"container\">\n\t\t\t\t<div class=\"elementor-element elementor-element-493c524 elementor-widget elementor-widget-heading\" data-id=\"493c524\" data-element_type=\"widget\" data-e-type=\"widget\" data-widget_type=\"heading.default\">\n\t\t\t\t<div class=\"elementor-widget-container\">\n\t\t\t\t\t<h4 class=\"elementor-heading-title elementor-size-default\">Explore our wide range of relays<\/h4>\t\t\t\t<\/div>\n\t\t\t\t<\/div>\n\t\t\t\t<div class=\"elementor-element elementor-element-7a161df elementor-icon-list--layout-traditional elementor-list-item-link-full_width elementor-widget elementor-widget-icon-list\" data-id=\"7a161df\" data-element_type=\"widget\" data-e-type=\"widget\" data-widget_type=\"icon-list.default\">\n\t\t\t\t<div class=\"elementor-widget-container\">\n\t\t\t\t\t\t\t<ul class=\"elementor-icon-list-items\">\n\t\t\t\t\t\t\t<li class=\"elementor-icon-list-item\">\n\t\t\t\t\t\t\t\t\t\t\t<a href=\"https:\/\/thiim.com\/en\/thiim-relays\/produkter\/jordfejlsovervaagning\/\">\n\n\t\t\t\t\t\t\t\t\t\t\t\t<span class=\"elementor-icon-list-icon\">\n\t\t\t\t\t\t\t<i aria-hidden=\"true\" class=\"far fa-angle-right\"><\/i>\t\t\t\t\t\t<\/span>\n\t\t\t\t\t\t\t\t\t\t<span class=\"elementor-icon-list-text\">Earth fault monitoring<\/span>\n\t\t\t\t\t\t\t\t\t\t\t<\/a>\n\t\t\t\t\t\t\t\t\t<\/li>\n\t\t\t\t\t\t\t\t<li class=\"elementor-icon-list-item\">\n\t\t\t\t\t\t\t\t\t\t\t<a href=\"https:\/\/thiim.com\/en\/thiim-relays\/produkter\/batteriovervaagning\/\">\n\n\t\t\t\t\t\t\t\t\t\t\t\t<span class=\"elementor-icon-list-icon\">\n\t\t\t\t\t\t\t<i aria-hidden=\"true\" class=\"far fa-angle-right\"><\/i>\t\t\t\t\t\t<\/span>\n\t\t\t\t\t\t\t\t\t\t<span class=\"elementor-icon-list-text\">Battery monitoring<\/span>\n\t\t\t\t\t\t\t\t\t\t\t<\/a>\n\t\t\t\t\t\t\t\t\t<\/li>\n\t\t\t\t\t\t\t\t<li class=\"elementor-icon-list-item\">\n\t\t\t\t\t\t\t\t\t\t\t<a href=\"https:\/\/thiim.com\/en\/thiim-relays\/produkter\/fasefejlsrelaeer\/\">\n\n\t\t\t\t\t\t\t\t\t\t\t\t<span class=\"elementor-icon-list-icon\">\n\t\t\t\t\t\t\t<i aria-hidden=\"true\" class=\"far fa-angle-right\"><\/i>\t\t\t\t\t\t<\/span>\n\t\t\t\t\t\t\t\t\t\t<span class=\"elementor-icon-list-text\">Phase fault relays<\/span>\n\t\t\t\t\t\t\t\t\t\t\t<\/a>\n\t\t\t\t\t\t\t\t\t<\/li>\n\t\t\t\t\t\t\t\t<li class=\"elementor-icon-list-item\">\n\t\t\t\t\t\t\t\t\t\t\t<a href=\"https:\/\/thiim.com\/en\/thiim-relays\/produkter\/spaending-stroem-og-frekvensrelaeer\/\">\n\n\t\t\t\t\t\t\t\t\t\t\t\t<span class=\"elementor-icon-list-icon\">\n\t\t\t\t\t\t\t<i aria-hidden=\"true\" class=\"far fa-angle-right\"><\/i>\t\t\t\t\t\t<\/span>\n\t\t\t\t\t\t\t\t\t\t<span class=\"elementor-icon-list-text\">Voltage, current and frequency relays<\/span>\n\t\t\t\t\t\t\t\t\t\t\t<\/a>\n\t\t\t\t\t\t\t\t\t<\/li>\n\t\t\t\t\t\t\t\t<li class=\"elementor-icon-list-item\">\n\t\t\t\t\t\t\t\t\t\t\t<a href=\"https:\/\/thiim.com\/en\/thiim-relays\/produkter\/isolationsforstaerker-signalkonvertering-og-transducere\/\">\n\n\t\t\t\t\t\t\t\t\t\t\t\t<span class=\"elementor-icon-list-icon\">\n\t\t\t\t\t\t\t<i aria-hidden=\"true\" class=\"far fa-angle-right\"><\/i>\t\t\t\t\t\t<\/span>\n\t\t\t\t\t\t\t\t\t\t<span class=\"elementor-icon-list-text\">Isolation amplifier, signal converters and transducers<\/span>\n\t\t\t\t\t\t\t\t\t\t\t<\/a>\n\t\t\t\t\t\t\t\t\t<\/li>\n\t\t\t\t\t\t\t\t<li class=\"elementor-icon-list-item\">\n\t\t\t\t\t\t\t\t\t\t\t<a href=\"https:\/\/thiim.com\/en\/thiim-relays\/produkter\/stroemtilslutning\/\">\n\n\t\t\t\t\t\t\t\t\t\t\t\t<span class=\"elementor-icon-list-icon\">\n\t\t\t\t\t\t\t<i aria-hidden=\"true\" class=\"far fa-angle-right\"><\/i>\t\t\t\t\t\t<\/span>\n\t\t\t\t\t\t\t\t\t\t<span class=\"elementor-icon-list-text\">Power connection<\/span>\n\t\t\t\t\t\t\t\t\t\t\t<\/a>\n\t\t\t\t\t\t\t\t\t<\/li>\n\t\t\t\t\t\t<\/ul>\n\t\t\t\t\t\t<\/div>\n\t\t\t\t<\/div>\n\t\t\t\t<\/div>\n\t\t<div class=\"elementor-element elementor-element-e7265e7 e-con-full e-flex e-con e-child\" data-id=\"e7265e7\" data-element_type=\"container\" data-e-type=\"container\">\n\t\t\t\t<div class=\"elementor-element elementor-element-f65aac2 elementor-widget elementor-widget-heading\" data-id=\"f65aac2\" data-element_type=\"widget\" data-e-type=\"widget\" data-widget_type=\"heading.default\">\n\t\t\t\t<div class=\"elementor-widget-container\">\n\t\t\t\t\t<h2 class=\"elementor-heading-title elementor-size-default\">Our relays do exactly what they are designed to do - every time.<\/h2>\t\t\t\t<\/div>\n\t\t\t\t<\/div>\n\t\t\t\t<div class=\"elementor-element elementor-element-79edb2d elementor-widget elementor-widget-text-editor\" data-id=\"79edb2d\" data-element_type=\"widget\" data-e-type=\"widget\" data-widget_type=\"text-editor.default\">\n\t\t\t\t<div class=\"elementor-widget-container\">\n\t\t\t\t\t\t\t\t\t<p>No unnecessary complexity, no uncertainty.<br \/>Only clean, reliable performance.<\/p><p>We believe in old-fashioned quality, where each component is manufactured with precision and built to last.<\/p><p>Our relays deliver stable performance - even under demanding conditions.<\/p><p><strong>When you choose our products, you choose proven solutions that just work - year after year.<\/strong><\/p><p><strong>Simple. Reliable. Steady.<\/strong><\/p>\t\t\t\t\t\t\t\t<\/div>\n\t\t\t\t<\/div>\n\t\t\t\t<\/div>\n\t\t\t\t\t<\/div>\n\t\t\t\t<\/div>\n\t\t<div class=\"elementor-element elementor-element-e3e5a1e e-flex e-con-boxed e-con e-parent\" data-id=\"e3e5a1e\" data-element_type=\"container\" data-e-type=\"container\" data-settings=\"{&quot;background_background&quot;:&quot;classic&quot;}\">\n\t\t\t\t\t<div class=\"e-con-inner\">\n\t\t<div class=\"elementor-element elementor-element-61970c3 e-con-full e-flex e-con e-child\" data-id=\"61970c3\" data-element_type=\"container\" data-e-type=\"container\">\n\t\t\t\t<div class=\"elementor-element elementor-element-322aab1 elementor-widget elementor-widget-heading\" data-id=\"322aab1\" data-element_type=\"widget\" data-e-type=\"widget\" data-widget_type=\"heading.default\">\n\t\t\t\t<div class=\"elementor-widget-container\">\n\t\t\t\t\t<h4 class=\"elementor-heading-title elementor-size-default\">Benefits of our relays<\/h4>\t\t\t\t<\/div>\n\t\t\t\t<\/div>\n\t\t\t\t<div class=\"elementor-element elementor-element-6be2f52 elementor-icon-list--layout-traditional elementor-list-item-link-full_width elementor-widget elementor-widget-icon-list\" data-id=\"6be2f52\" data-element_type=\"widget\" data-e-type=\"widget\" data-widget_type=\"icon-list.default\">\n\t\t\t\t<div class=\"elementor-widget-container\">\n\t\t\t\t\t\t\t<ul class=\"elementor-icon-list-items\">\n\t\t\t\t\t\t\t<li class=\"elementor-icon-list-item\">\n\t\t\t\t\t\t\t\t\t\t\t<span class=\"elementor-icon-list-icon\">\n\t\t\t\t\t\t\t<i aria-hidden=\"true\" class=\"far fa-check-circle\"><\/i>\t\t\t\t\t\t<\/span>\n\t\t\t\t\t\t\t\t\t\t<span class=\"elementor-icon-list-text\">Danish production: In-house production ensures full control over quality and delivery<\/span>\n\t\t\t\t\t\t\t\t\t<\/li>\n\t\t\t\t\t\t\t\t<li class=\"elementor-icon-list-item\">\n\t\t\t\t\t\t\t\t\t\t\t<span class=\"elementor-icon-list-icon\">\n\t\t\t\t\t\t\t<i aria-hidden=\"true\" class=\"far fa-check-circle\"><\/i>\t\t\t\t\t\t<\/span>\n\t\t\t\t\t\t\t\t\t\t<span class=\"elementor-icon-list-text\">Long lifetime: Designed for industrial operation and tested to last for many years<\/span>\n\t\t\t\t\t\t\t\t\t<\/li>\n\t\t\t\t\t\t\t\t<li class=\"elementor-icon-list-item\">\n\t\t\t\t\t\t\t\t\t\t\t<span class=\"elementor-icon-list-icon\">\n\t\t\t\t\t\t\t<i aria-hidden=\"true\" class=\"far fa-check-circle\"><\/i>\t\t\t\t\t\t<\/span>\n\t\t\t\t\t\t\t\t\t\t<span class=\"elementor-icon-list-text\">Technical expertise: Developed by experienced engineers and specialists with deep product knowledge<\/span>\n\t\t\t\t\t\t\t\t\t<\/li>\n\t\t\t\t\t\t\t\t<li class=\"elementor-icon-list-item\">\n\t\t\t\t\t\t\t\t\t\t\t<span class=\"elementor-icon-list-icon\">\n\t\t\t\t\t\t\t<i aria-hidden=\"true\" class=\"far fa-check-circle\"><\/i>\t\t\t\t\t\t<\/span>\n\t\t\t\t\t\t\t\t\t\t<span class=\"elementor-icon-list-text\">Flexible solutions: Relays customised for both standard and special applications<\/span>\n\t\t\t\t\t\t\t\t\t<\/li>\n\t\t\t\t\t\t<\/ul>\n\t\t\t\t\t\t<\/div>\n\t\t\t\t<\/div>\n\t\t\t\t<div class=\"elementor-element elementor-element-0276936 elementor-mobile-align-justify elementor-widget-mobile__width-inherit elementor-align-left elementor-tablet-align-justify elementor-widget elementor-widget-button\" data-id=\"0276936\" data-element_type=\"widget\" data-e-type=\"widget\" data-widget_type=\"button.default\">\n\t\t\t\t<div class=\"elementor-widget-container\">\n\t\t\t\t\t\t\t\t\t<div class=\"elementor-button-wrapper\">\n\t\t\t\t\t<a class=\"elementor-button elementor-button-link elementor-size-sm elementor-animation-float\" href=\"https:\/\/thiim.com\/en\/kontakt\/\">\n\t\t\t\t\t\t<span class=\"elementor-button-content-wrapper\">\n\t\t\t\t\t\t\t\t\t<span class=\"elementor-button-text\">Contact us <\/span>\n\t\t\t\t\t<\/span>\n\t\t\t\t\t<\/a>\n\t\t\t\t<\/div>\n\t\t\t\t\t\t\t\t<\/div>\n\t\t\t\t<\/div>\n\t\t\t\t<\/div>\n\t\t<div class=\"elementor-element elementor-element-2362fc1 e-con-full e-flex e-con e-child\" data-id=\"2362fc1\" data-element_type=\"container\" data-e-type=\"container\">\n\t\t\t\t<div class=\"elementor-element elementor-element-c383ba3 elementor-widget elementor-widget-heading\" data-id=\"c383ba3\" data-element_type=\"widget\" data-e-type=\"widget\" data-widget_type=\"heading.default\">\n\t\t\t\t<div class=\"elementor-widget-container\">\n\t\t\t\t\t<h2 class=\"elementor-heading-title elementor-size-default\">Danish quality - created with experience and precision<\/h2>\t\t\t\t<\/div>\n\t\t\t\t<\/div>\n\t\t\t\t<div class=\"elementor-element elementor-element-d1c0d66 elementor-widget elementor-widget-text-editor\" data-id=\"d1c0d66\" data-element_type=\"widget\" data-e-type=\"widget\" data-widget_type=\"text-editor.default\">\n\t\t\t\t<div class=\"elementor-widget-container\">\n\t\t\t\t\t\t\t\t\t<p class=\"p3\">At Thiim we produce our relays <span class=\"s2\"><b>in-house<\/b><\/span> with our own specialists.<\/p><p class=\"p3\">Each relay undergoes rigorous testing and quality assurance to give you a solution that combines <span class=\"s2\"><b>Craftsmanship, technology and reliability<\/b><\/span>.<\/p><p class=\"p3\">Our engineers have decades of experience and a shared pride in delivering products that last - even in demanding environments.<\/p><p class=\"p4\"><span class=\"s3\">When you choose a relay from Thiim, you get <\/span><b>Danish quality with proven reliability<\/b><span class=\"s3\">.<\/span><\/p>\t\t\t\t\t\t\t\t<\/div>\n\t\t\t\t<\/div>\n\t\t\t\t<\/div>\n\t\t\t\t\t<\/div>\n\t\t\t\t<\/div>\n\t\t<div class=\"elementor-element elementor-element-fbdf7fb e-flex e-con-boxed e-con e-parent\" data-id=\"fbdf7fb\" data-element_type=\"container\" data-e-type=\"container\">\n\t\t\t\t\t<div class=\"e-con-inner\">\n\t\t<div class=\"elementor-element elementor-element-748aa80 e-con-full e-flex e-con e-child\" data-id=\"748aa80\" data-element_type=\"container\" data-e-type=\"container\">\n\t\t\t\t<div class=\"elementor-element elementor-element-23f656d elementor-widget elementor-widget-video\" data-id=\"23f656d\" data-element_type=\"widget\" data-e-type=\"widget\" data-settings=\"{&quot;youtube_url&quot;:&quot;https:\\\/\\\/youtu.be\\\/IS5qNLusiDc&quot;,&quot;video_type&quot;:&quot;youtube&quot;,&quot;controls&quot;:&quot;yes&quot;}\" data-widget_type=\"video.default\">\n\t\t\t\t<div class=\"elementor-widget-container\">\n\t\t\t\t\t\t\t<div class=\"elementor-wrapper elementor-open-inline\">\n\t\t\t<div class=\"elementor-video\"><\/div>\t\t<\/div>\n\t\t\t\t\t\t<\/div>\n\t\t\t\t<\/div>\n\t\t\t\t<\/div>\n\t\t<div class=\"elementor-element elementor-element-8efbbe1 e-con-full e-flex e-con e-child\" data-id=\"8efbbe1\" data-element_type=\"container\" data-e-type=\"container\">\n\t\t\t\t<div class=\"elementor-element elementor-element-2ca04e5 elementor-widget elementor-widget-text-editor\" data-id=\"2ca04e5\" data-element_type=\"widget\" data-e-type=\"widget\" data-widget_type=\"text-editor.default\">\n\t\t\t\t<div class=\"elementor-widget-container\">\n\t\t\t\t\t\t\t\t\t<p class=\"p3\">We've made a short video about us so you can get to know us better.<\/p>\t\t\t\t\t\t\t\t<\/div>\n\t\t\t\t<\/div>\n\t\t\t\t<\/div>\n\t\t\t\t\t<\/div>\n\t\t\t\t<\/div>\n\t\t\t\t<\/div>","protected":false},"excerpt":{"rendered":"<p>Thiim Relays G\u00e5 p\u00e5 opdagelse i vores brede sortiment af rel\u00e6er Jordfejlsoverv\u00e5gning Batterioverv\u00e5gning Fasefejlsrel\u00e6er Sp\u00e6nding-, str\u00f8m- og frekvensrel\u00e6er Isolationsforst\u00e6rker, signalkonvertering og transducere Str\u00f8mtilslutning Vores rel\u00e6er g\u00f8r pr\u00e6cis det, de er skabt til \u2013 hver gang. Ingen un\u00f8dvendig kompleksitet, ingen usikkerhed.Kun ren, driftssikker ydelse. Vi tror p\u00e5 gammeldags kvalitet, hvor hver enkelt komponent er fremstillet med [&hellip;]<\/p>\n","protected":false},"author":1,"featured_media":0,"parent":0,"menu_order":0,"comment_status":"closed","ping_status":"closed","template":"","meta":{"_acf_changed":false,"footnotes":""},"class_list":["post-1609","page","type-page","status-publish","hentry"],"acf":[],"yoast_head":"<!-- This site is optimized with the Yoast SEO plugin v26.6 - https:\/\/yoast.com\/wordpress\/plugins\/seo\/ -->\n<title>Elektrisk sikkerhed | Rel\u00e6l\u00f8sninger | Thiim Relays<\/title>\n<meta name=\"description\" content=\"Det har altid v\u00e6ret vigtigt at beskytte virksomheden mod cyberangreb \u2013 men kravene til virksomheders tiltag for at sikre det industrielle netv\u00e6rk, er steget\" \/>\n<meta name=\"robots\" content=\"index, follow, max-snippet:-1, max-image-preview:large, max-video-preview:-1\" \/>\n<link rel=\"canonical\" href=\"https:\/\/thiim.com\/en\/thiim-relays\/\" \/>\n<meta property=\"og:locale\" content=\"en_GB\" \/>\n<meta property=\"og:type\" content=\"article\" \/>\n<meta property=\"og:title\" content=\"Elektrisk sikkerhed | Rel\u00e6l\u00f8sninger | Thiim Relays\" \/>\n<meta property=\"og:description\" content=\"Det har altid v\u00e6ret vigtigt at beskytte virksomheden mod cyberangreb \u2013 men kravene til virksomheders tiltag for at sikre det industrielle netv\u00e6rk, er steget\" \/>\n<meta property=\"og:url\" content=\"https:\/\/thiim.com\/en\/thiim-relays\/\" \/>\n<meta property=\"og:site_name\" content=\"Thiim\" \/>\n<meta property=\"article:modified_time\" content=\"2025-12-12T07:44:11+00:00\" \/>\n<meta name=\"twitter:card\" content=\"summary_large_image\" \/>\n<meta name=\"twitter:label1\" content=\"Estimated reading time\" \/>\n\t<meta name=\"twitter:data1\" content=\"1 minute\" \/>\n<script type=\"application\/ld+json\" class=\"yoast-schema-graph\">{\"@context\":\"https:\/\/schema.org\",\"@graph\":[{\"@type\":\"WebPage\",\"@id\":\"https:\/\/thiim.com\/thiim-relays\/\",\"url\":\"https:\/\/thiim.com\/thiim-relays\/\",\"name\":\"Elektrisk sikkerhed | Rel\u00e6l\u00f8sninger | Thiim Relays\",\"isPartOf\":{\"@id\":\"https:\/\/thiim.com\/#website\"},\"datePublished\":\"2025-05-01T06:49:34+00:00\",\"dateModified\":\"2025-12-12T07:44:11+00:00\",\"description\":\"Det har altid v\u00e6ret vigtigt at beskytte virksomheden mod cyberangreb \u2013 men kravene til virksomheders tiltag for at sikre det industrielle netv\u00e6rk, er steget\",\"inLanguage\":\"en-GB\",\"potentialAction\":[{\"@type\":\"ReadAction\",\"target\":[\"https:\/\/thiim.com\/thiim-relays\/\"]}]},{\"@type\":\"WebSite\",\"@id\":\"https:\/\/thiim.com\/#website\",\"url\":\"https:\/\/thiim.com\/\",\"name\":\"Thiim\",\"description\":\"\",\"publisher\":{\"@id\":\"https:\/\/thiim.com\/#organization\"},\"potentialAction\":[{\"@type\":\"SearchAction\",\"target\":{\"@type\":\"EntryPoint\",\"urlTemplate\":\"https:\/\/thiim.com\/?s={search_term_string}\"},\"query-input\":{\"@type\":\"PropertyValueSpecification\",\"valueRequired\":true,\"valueName\":\"search_term_string\"}}],\"inLanguage\":\"en-GB\"},{\"@type\":\"Organization\",\"@id\":\"https:\/\/thiim.com\/#organization\",\"name\":\"Thiim\",\"url\":\"https:\/\/thiim.com\/\",\"logo\":{\"@type\":\"ImageObject\",\"inLanguage\":\"en-GB\",\"@id\":\"https:\/\/thiim.com\/#\/schema\/logo\/image\/\",\"url\":\"https:\/\/thiim.com\/wp-content\/uploads\/Thiim_rgb_uramme.svg\",\"contentUrl\":\"https:\/\/thiim.com\/wp-content\/uploads\/Thiim_rgb_uramme.svg\",\"width\":653.94,\"height\":121.95,\"caption\":\"Thiim\"},\"image\":{\"@id\":\"https:\/\/thiim.com\/#\/schema\/logo\/image\/\"}}]}<\/script>\n<!-- \/ Yoast SEO plugin. -->","yoast_head_json":{"title":"Electrical safety | Relay solutions | Thiim Relays","description":"Protecting your organisation against cyber-attacks has always been important - but the demands on companies to secure the industrial network have increased","robots":{"index":"index","follow":"follow","max-snippet":"max-snippet:-1","max-image-preview":"max-image-preview:large","max-video-preview":"max-video-preview:-1"},"canonical":"https:\/\/thiim.com\/en\/thiim-relays\/","og_locale":"en_GB","og_type":"article","og_title":"Elektrisk sikkerhed | Rel\u00e6l\u00f8sninger | Thiim Relays","og_description":"Det har altid v\u00e6ret vigtigt at beskytte virksomheden mod cyberangreb \u2013 men kravene til virksomheders tiltag for at sikre det industrielle netv\u00e6rk, er steget","og_url":"https:\/\/thiim.com\/en\/thiim-relays\/","og_site_name":"Thiim","article_modified_time":"2025-12-12T07:44:11+00:00","twitter_card":"summary_large_image","twitter_misc":{"Estimated reading time":"1 minute"},"schema":{"@context":"https:\/\/schema.org","@graph":[{"@type":"WebPage","@id":"https:\/\/thiim.com\/thiim-relays\/","url":"https:\/\/thiim.com\/thiim-relays\/","name":"Electrical safety | Relay solutions | Thiim Relays","isPartOf":{"@id":"https:\/\/thiim.com\/#website"},"datePublished":"2025-05-01T06:49:34+00:00","dateModified":"2025-12-12T07:44:11+00:00","description":"Protecting your organisation against cyber-attacks has always been important - but the demands on companies to secure the industrial network have increased","inLanguage":"en-GB","potentialAction":[{"@type":"ReadAction","target":["https:\/\/thiim.com\/thiim-relays\/"]}]},{"@type":"WebSite","@id":"https:\/\/thiim.com\/#website","url":"https:\/\/thiim.com\/","name":"Thiim","description":"","publisher":{"@id":"https:\/\/thiim.com\/#organization"},"potentialAction":[{"@type":"SearchAction","target":{"@type":"EntryPoint","urlTemplate":"https:\/\/thiim.com\/?s={search_term_string}"},"query-input":{"@type":"PropertyValueSpecification","valueRequired":true,"valueName":"search_term_string"}}],"inLanguage":"en-GB"},{"@type":"Organization","@id":"https:\/\/thiim.com\/#organization","name":"Thiim","url":"https:\/\/thiim.com\/","logo":{"@type":"ImageObject","inLanguage":"en-GB","@id":"https:\/\/thiim.com\/#\/schema\/logo\/image\/","url":"https:\/\/thiim.com\/wp-content\/uploads\/Thiim_rgb_uramme.svg","contentUrl":"https:\/\/thiim.com\/wp-content\/uploads\/Thiim_rgb_uramme.svg","width":653.94,"height":121.95,"caption":"Thiim"},"image":{"@id":"https:\/\/thiim.com\/#\/schema\/logo\/image\/"}}]}},"_links":{"self":[{"href":"https:\/\/thiim.com\/en\/wp-json\/wp\/v2\/pages\/1609","targetHints":{"allow":["GET"]}}],"collection":[{"href":"https:\/\/thiim.com\/en\/wp-json\/wp\/v2\/pages"}],"about":[{"href":"https:\/\/thiim.com\/en\/wp-json\/wp\/v2\/types\/page"}],"author":[{"embeddable":true,"href":"https:\/\/thiim.com\/en\/wp-json\/wp\/v2\/users\/1"}],"replies":[{"embeddable":true,"href":"https:\/\/thiim.com\/en\/wp-json\/wp\/v2\/comments?post=1609"}],"version-history":[{"count":20,"href":"https:\/\/thiim.com\/en\/wp-json\/wp\/v2\/pages\/1609\/revisions"}],"predecessor-version":[{"id":8468,"href":"https:\/\/thiim.com\/en\/wp-json\/wp\/v2\/pages\/1609\/revisions\/8468"}],"wp:attachment":[{"href":"https:\/\/thiim.com\/en\/wp-json\/wp\/v2\/media?parent=1609"}],"curies":[{"name":"wp","href":"https:\/\/api.w.org\/{rel}","templated":true}]}}