{"id":1614,"date":"2025-05-01T08:49:49","date_gmt":"2025-05-01T06:49:49","guid":{"rendered":"https:\/\/thiim.com\/?page_id=1614"},"modified":"2026-01-29T13:32:41","modified_gmt":"2026-01-29T12:32:41","slug":"industries-2","status":"publish","type":"page","link":"https:\/\/thiim.com\/en\/thiim-relays\/industrier\/","title":{"rendered":"Industries"},"content":{"rendered":"<div data-elementor-type=\"wp-page\" data-elementor-id=\"1614\" class=\"elementor elementor-1614\" data-elementor-post-type=\"page\">\n\t\t\t\t<div class=\"elementor-element elementor-element-536d4cf e-flex e-con-boxed e-con e-parent\" data-id=\"536d4cf\" data-element_type=\"container\" data-e-type=\"container\" data-settings=\"{&quot;background_background&quot;:&quot;classic&quot;}\">\n\t\t\t\t\t<div class=\"e-con-inner\">\n\t\t<div class=\"elementor-element elementor-element-3e43ce5 e-con-full e-flex e-con e-child\" data-id=\"3e43ce5\" data-element_type=\"container\" data-e-type=\"container\" data-settings=\"{&quot;background_background&quot;:&quot;classic&quot;}\">\n\t\t<div class=\"elementor-element elementor-element-531ad87 e-con-full e-flex e-con e-child\" data-id=\"531ad87\" data-element_type=\"container\" data-e-type=\"container\">\n\t\t\t\t<div class=\"elementor-element elementor-element-8c5dafc elementor-widget__width-initial elementor-invisible elementor-widget elementor-widget-heading\" data-id=\"8c5dafc\" data-element_type=\"widget\" data-e-type=\"widget\" data-settings=\"{&quot;_animation&quot;:&quot;slideInUp&quot;}\" data-widget_type=\"heading.default\">\n\t\t\t\t<div class=\"elementor-widget-container\">\n\t\t\t\t\t<h1 class=\"elementor-heading-title elementor-size-default\">Industries<\/h1>\t\t\t\t<\/div>\n\t\t\t\t<\/div>\n\t\t\t\t<\/div>\n\t\t\t\t<\/div>\n\t\t\t\t\t<\/div>\n\t\t\t\t<\/div>\n\t\t<div class=\"elementor-element elementor-element-71c94475 e-flex e-con-boxed e-con e-parent\" data-id=\"71c94475\" data-element_type=\"container\" data-e-type=\"container\" data-settings=\"{&quot;background_background&quot;:&quot;classic&quot;}\">\n\t\t\t\t\t<div class=\"e-con-inner\">\n\t\t<div class=\"elementor-element elementor-element-72f5d805 e-con-full e-flex e-con e-child\" data-id=\"72f5d805\" data-element_type=\"container\" data-e-type=\"container\">\n\t\t\t\t<div class=\"elementor-element elementor-element-6170707b elementor-widget__width-initial elementor-widget elementor-widget-heading\" data-id=\"6170707b\" data-element_type=\"widget\" data-e-type=\"widget\" data-widget_type=\"heading.default\">\n\t\t\t\t<div class=\"elementor-widget-container\">\n\t\t\t\t\t<h2 class=\"elementor-heading-title elementor-size-default\">Relay solutions for industrial and mission-critical applications<\/h2>\t\t\t\t<\/div>\n\t\t\t\t<\/div>\n\t\t<div class=\"elementor-element elementor-element-596ea673 e-con-full e-flex e-con e-child\" data-id=\"596ea673\" data-element_type=\"container\" data-e-type=\"container\">\n\t\t<div class=\"elementor-element elementor-element-2b1a0d96 e-con-full e-flex e-con e-child\" data-id=\"2b1a0d96\" data-element_type=\"container\" data-e-type=\"container\">\n\t\t\t\t<div class=\"elementor-element elementor-element-25447029 elementor-widget elementor-widget-text-editor\" data-id=\"25447029\" data-element_type=\"widget\" data-e-type=\"widget\" data-widget_type=\"text-editor.default\">\n\t\t\t\t<div class=\"elementor-widget-container\">\n\t\t\t\t\t\t\t\t\t<p>Thiim provides reliable relay solutions for monitoring, protection and control in demanding electrical installations - from power generation and distribution to process industry, marine, infrastructure and renewable energy.<\/p><p>Our products are designed with electrical safety, precision and reliability in mind - whether you're working on new installations, modernisation or special applications.<\/p>\t\t\t\t\t\t\t\t<\/div>\n\t\t\t\t<\/div>\n\t\t\t\t<\/div>\n\t\t<div class=\"elementor-element elementor-element-7172fff e-con-full e-flex e-con e-child\" data-id=\"7172fff\" data-element_type=\"container\" data-e-type=\"container\">\n\t\t\t\t<div class=\"elementor-element elementor-element-7020e09c elementor-widget elementor-widget-text-editor\" data-id=\"7020e09c\" data-element_type=\"widget\" data-e-type=\"widget\" data-widget_type=\"text-editor.default\">\n\t\t\t\t<div class=\"elementor-widget-container\">\n\t\t\t\t\t\t\t\t\t<p>Explore our relay solutions below and see how they support safe and stable operations in your industry.<\/p>\t\t\t\t\t\t\t\t<\/div>\n\t\t\t\t<\/div>\n\t\t\t\t<div class=\"elementor-element elementor-element-927a110 elementor-mobile-align-justify elementor-widget-mobile__width-inherit elementor-align-center elementor-widget elementor-widget-button\" data-id=\"927a110\" data-element_type=\"widget\" data-e-type=\"widget\" data-widget_type=\"button.default\">\n\t\t\t\t<div class=\"elementor-widget-container\">\n\t\t\t\t\t\t\t\t\t<div class=\"elementor-button-wrapper\">\n\t\t\t\t\t<a class=\"elementor-button elementor-button-link elementor-size-sm elementor-animation-float\" href=\"https:\/\/thiim.com\/en\/thiim-relays\/kontakt-thiim-relays\/\">\n\t\t\t\t\t\t<span class=\"elementor-button-content-wrapper\">\n\t\t\t\t\t\t\t\t\t<span class=\"elementor-button-text\">Get help with relay selection<\/span>\n\t\t\t\t\t<\/span>\n\t\t\t\t\t<\/a>\n\t\t\t\t<\/div>\n\t\t\t\t\t\t\t\t<\/div>\n\t\t\t\t<\/div>\n\t\t\t\t<\/div>\n\t\t\t\t<\/div>\n\t\t\t\t<\/div>\n\t\t\t\t\t<\/div>\n\t\t\t\t<\/div>\n\t\t<div class=\"elementor-element elementor-element-acade66 e-flex e-con-boxed e-con e-parent\" data-id=\"acade66\" data-element_type=\"container\" data-e-type=\"container\" data-settings=\"{&quot;background_background&quot;:&quot;classic&quot;}\">\n\t\t\t\t\t<div class=\"e-con-inner\">\n\t\t<div class=\"elementor-element elementor-element-55428bb e-con-full e-flex e-con e-child\" data-id=\"55428bb\" data-element_type=\"container\" data-e-type=\"container\">\n\t\t\t\t<div class=\"elementor-element elementor-element-902cf8d elementor-widget elementor-widget-heading\" data-id=\"902cf8d\" data-element_type=\"widget\" data-e-type=\"widget\" data-widget_type=\"heading.default\">\n\t\t\t\t<div class=\"elementor-widget-container\">\n\t\t\t\t\t<h4 class=\"elementor-heading-title elementor-size-default\">Here you'll find our relays:<\/h4>\t\t\t\t<\/div>\n\t\t\t\t<\/div>\n\t\t\t\t<div class=\"elementor-element elementor-element-49e99d1 elementor-icon-list--layout-traditional elementor-list-item-link-full_width elementor-widget elementor-widget-icon-list\" data-id=\"49e99d1\" data-element_type=\"widget\" data-e-type=\"widget\" data-widget_type=\"icon-list.default\">\n\t\t\t\t<div class=\"elementor-widget-container\">\n\t\t\t\t\t\t\t<ul class=\"elementor-icon-list-items\">\n\t\t\t\t\t\t\t<li class=\"elementor-icon-list-item\">\n\t\t\t\t\t\t\t\t\t\t\t<a href=\"https:\/\/thiim.com\/en\/thiim-relays\/industrier\/eldistribution\/\">\n\n\t\t\t\t\t\t\t\t\t\t\t\t<span class=\"elementor-icon-list-icon\">\n\t\t\t\t\t\t\t<i aria-hidden=\"true\" class=\"far fa-angle-right\"><\/i>\t\t\t\t\t\t<\/span>\n\t\t\t\t\t\t\t\t\t\t<span class=\"elementor-icon-list-text\">Electricity distribution<\/span>\n\t\t\t\t\t\t\t\t\t\t\t<\/a>\n\t\t\t\t\t\t\t\t\t<\/li>\n\t\t\t\t\t\t\t\t<li class=\"elementor-icon-list-item\">\n\t\t\t\t\t\t\t\t\t\t\t<a href=\"https:\/\/thiim.com\/en\/thiim-relays\/industrier\/solenergi-og-vedvarende-energi\/\">\n\n\t\t\t\t\t\t\t\t\t\t\t\t<span class=\"elementor-icon-list-icon\">\n\t\t\t\t\t\t\t<i aria-hidden=\"true\" class=\"far fa-angle-right\"><\/i>\t\t\t\t\t\t<\/span>\n\t\t\t\t\t\t\t\t\t\t<span class=\"elementor-icon-list-text\">Solar and renewable energy<\/span>\n\t\t\t\t\t\t\t\t\t\t\t<\/a>\n\t\t\t\t\t\t\t\t\t<\/li>\n\t\t\t\t\t\t\t\t<li class=\"elementor-icon-list-item\">\n\t\t\t\t\t\t\t\t\t\t\t<a href=\"https:\/\/thiim.com\/en\/thiim-relays\/industrier\/procesindustri\/\">\n\n\t\t\t\t\t\t\t\t\t\t\t\t<span class=\"elementor-icon-list-icon\">\n\t\t\t\t\t\t\t<i aria-hidden=\"true\" class=\"far fa-angle-right\"><\/i>\t\t\t\t\t\t<\/span>\n\t\t\t\t\t\t\t\t\t\t<span class=\"elementor-icon-list-text\">Process industry<\/span>\n\t\t\t\t\t\t\t\t\t\t\t<\/a>\n\t\t\t\t\t\t\t\t\t<\/li>\n\t\t\t\t\t\t\t\t<li class=\"elementor-icon-list-item\">\n\t\t\t\t\t\t\t\t\t\t\t<a href=\"https:\/\/thiim.com\/en\/thiim-relays\/industrier\/jernbaner-og-veje\/\">\n\n\t\t\t\t\t\t\t\t\t\t\t\t<span class=\"elementor-icon-list-icon\">\n\t\t\t\t\t\t\t<i aria-hidden=\"true\" class=\"far fa-angle-right\"><\/i>\t\t\t\t\t\t<\/span>\n\t\t\t\t\t\t\t\t\t\t<span class=\"elementor-icon-list-text\">Railways and roads<\/span>\n\t\t\t\t\t\t\t\t\t\t\t<\/a>\n\t\t\t\t\t\t\t\t\t<\/li>\n\t\t\t\t\t\t\t\t<li class=\"elementor-icon-list-item\">\n\t\t\t\t\t\t\t\t\t\t\t<a href=\"https:\/\/thiim.com\/en\/thiim-relays\/industrier\/vandbehandling\/\">\n\n\t\t\t\t\t\t\t\t\t\t\t\t<span class=\"elementor-icon-list-icon\">\n\t\t\t\t\t\t\t<i aria-hidden=\"true\" class=\"far fa-angle-right\"><\/i>\t\t\t\t\t\t<\/span>\n\t\t\t\t\t\t\t\t\t\t<span class=\"elementor-icon-list-text\">Water and wastewater treatment<\/span>\n\t\t\t\t\t\t\t\t\t\t\t<\/a>\n\t\t\t\t\t\t\t\t\t<\/li>\n\t\t\t\t\t\t\t\t<li class=\"elementor-icon-list-item\">\n\t\t\t\t\t\t\t\t\t\t\t<a href=\"https:\/\/thiim.com\/en\/thiim-relays\/industrier\/bygninger-og-anlaegsinfrastruktur\/\">\n\n\t\t\t\t\t\t\t\t\t\t\t\t<span class=\"elementor-icon-list-icon\">\n\t\t\t\t\t\t\t<i aria-hidden=\"true\" class=\"far fa-angle-right\"><\/i>\t\t\t\t\t\t<\/span>\n\t\t\t\t\t\t\t\t\t\t<span class=\"elementor-icon-list-text\">Buildings and site infrastructure<\/span>\n\t\t\t\t\t\t\t\t\t\t\t<\/a>\n\t\t\t\t\t\t\t\t\t<\/li>\n\t\t\t\t\t\t\t\t<li class=\"elementor-icon-list-item\">\n\t\t\t\t\t\t\t\t\t\t\t<a href=\"https:\/\/thiim.com\/en\/thiim-relays\/industrier\/marine-offshore\/\">\n\n\t\t\t\t\t\t\t\t\t\t\t\t<span class=\"elementor-icon-list-icon\">\n\t\t\t\t\t\t\t<i aria-hidden=\"true\" class=\"far fa-angle-right\"><\/i>\t\t\t\t\t\t<\/span>\n\t\t\t\t\t\t\t\t\t\t<span class=\"elementor-icon-list-text\">Marine and offshore<\/span>\n\t\t\t\t\t\t\t\t\t\t\t<\/a>\n\t\t\t\t\t\t\t\t\t<\/li>\n\t\t\t\t\t\t\t\t<li class=\"elementor-icon-list-item\">\n\t\t\t\t\t\t\t\t\t\t\t<a href=\"https:\/\/thiim.com\/en\/thiim-relays\/industrier\/olie-gas\/\">\n\n\t\t\t\t\t\t\t\t\t\t\t\t<span class=\"elementor-icon-list-icon\">\n\t\t\t\t\t\t\t<i aria-hidden=\"true\" class=\"far fa-angle-right\"><\/i>\t\t\t\t\t\t<\/span>\n\t\t\t\t\t\t\t\t\t\t<span class=\"elementor-icon-list-text\">Oil and gas<\/span>\n\t\t\t\t\t\t\t\t\t\t\t<\/a>\n\t\t\t\t\t\t\t\t\t<\/li>\n\t\t\t\t\t\t\t\t<li class=\"elementor-icon-list-item\">\n\t\t\t\t\t\t\t\t\t\t\t<a href=\"https:\/\/thiim.com\/en\/thiim-relays\/industrier\/minedrift-og-tung-industri\/\">\n\n\t\t\t\t\t\t\t\t\t\t\t\t<span class=\"elementor-icon-list-icon\">\n\t\t\t\t\t\t\t<i aria-hidden=\"true\" class=\"far fa-angle-right\"><\/i>\t\t\t\t\t\t<\/span>\n\t\t\t\t\t\t\t\t\t\t<span class=\"elementor-icon-list-text\">Mining and heavy industry<\/span>\n\t\t\t\t\t\t\t\t\t\t\t<\/a>\n\t\t\t\t\t\t\t\t\t<\/li>\n\t\t\t\t\t\t<\/ul>\n\t\t\t\t\t\t<\/div>\n\t\t\t\t<\/div>\n\t\t\t\t<\/div>\n\t\t<div class=\"elementor-element elementor-element-5a27d10 e-con-full e-flex e-con e-child\" data-id=\"5a27d10\" data-element_type=\"container\" data-e-type=\"container\">\n\t\t\t\t<div class=\"elementor-element elementor-element-75ba90c elementor-widget elementor-widget-heading\" data-id=\"75ba90c\" data-element_type=\"widget\" data-e-type=\"widget\" data-widget_type=\"heading.default\">\n\t\t\t\t<div class=\"elementor-widget-container\">\n\t\t\t\t\t<h2 class=\"elementor-heading-title elementor-size-default\">Typical industries where our relays are used<\/h2>\t\t\t\t<\/div>\n\t\t\t\t<\/div>\n\t\t\t\t<div class=\"elementor-element elementor-element-bd0c8f2 elementor-widget elementor-widget-text-editor\" data-id=\"bd0c8f2\" data-element_type=\"widget\" data-e-type=\"widget\" data-widget_type=\"text-editor.default\">\n\t\t\t\t<div class=\"elementor-widget-container\">\n\t\t\t\t\t\t\t\t\t<p class=\"p1\">Thiim Relays are used in a wide range of industries where reliability, precision and quality are crucial. Below you can see examples of where our relays are used in everyday processes and systems - from energy distribution to automated plants.<\/p>\t\t\t\t\t\t\t\t<\/div>\n\t\t\t\t<\/div>\n\t\t\t\t<\/div>\n\t\t\t\t\t<\/div>\n\t\t\t\t<\/div>\n\t\t\t\t<\/div>","protected":false},"excerpt":{"rendered":"<p>Industrier Rel\u00e6l\u00f8sninger til industrielle og forsyningskritiske applikationer Thiim leverer p\u00e5lidelige rel\u00e6l\u00f8sninger til overv\u00e5gning, beskyttelse og styring i kr\u00e6vende elektriske installationer \u2013 fra energiproduktion og distribution til procesindustri, marine, infrastruktur og vedvarende energi. Vores produkter er udviklet med fokus p\u00e5 elektrisk sikkerhed, pr\u00e6cision og driftssikkerhed \u2013 uanset om du arbejder med nye anl\u00e6g, modernisering eller specialapplikationer. [&hellip;]<\/p>\n","protected":false},"author":1,"featured_media":0,"parent":1609,"menu_order":0,"comment_status":"closed","ping_status":"closed","template":"","meta":{"_acf_changed":false,"footnotes":""},"class_list":["post-1614","page","type-page","status-publish","hentry"],"acf":[],"yoast_head":"<!-- This site is optimized with the Yoast SEO plugin v26.6 - https:\/\/yoast.com\/wordpress\/plugins\/seo\/ -->\n<title>Industrier | Rel\u00e6l\u00f8sninger | Thiim Relays<\/title>\n<meta name=\"description\" content=\"Opdag hvilke industrier Thiim Relays servicerer \u2013 p\u00e5lidelige rel\u00e6er til energi, proces, vand, infrastruktur, marine, olie &amp; gas, mining og mere for sikker drift i kr\u00e6vende milj\u00f8er.\" \/>\n<meta name=\"robots\" content=\"index, follow, max-snippet:-1, max-image-preview:large, max-video-preview:-1\" \/>\n<link rel=\"canonical\" href=\"https:\/\/thiim.com\/en\/thiim-relays\/industries-2\/\" \/>\n<meta property=\"og:locale\" content=\"en_GB\" \/>\n<meta property=\"og:type\" content=\"article\" \/>\n<meta property=\"og:title\" content=\"Industrier | Rel\u00e6l\u00f8sninger | Thiim Relays\" \/>\n<meta property=\"og:description\" content=\"Opdag hvilke industrier Thiim Relays servicerer \u2013 p\u00e5lidelige rel\u00e6er til energi, proces, vand, infrastruktur, marine, olie &amp; gas, mining og mere for sikker drift i kr\u00e6vende milj\u00f8er.\" \/>\n<meta property=\"og:url\" content=\"https:\/\/thiim.com\/en\/thiim-relays\/industries-2\/\" \/>\n<meta property=\"og:site_name\" content=\"Thiim\" \/>\n<meta property=\"article:modified_time\" content=\"2026-01-29T12:32:41+00:00\" \/>\n<meta name=\"twitter:card\" content=\"summary_large_image\" \/>\n<meta name=\"twitter:label1\" content=\"Estimated reading time\" \/>\n\t<meta name=\"twitter:data1\" content=\"1 minute\" \/>\n<script type=\"application\/ld+json\" class=\"yoast-schema-graph\">{\"@context\":\"https:\/\/schema.org\",\"@graph\":[{\"@type\":\"WebPage\",\"@id\":\"https:\/\/thiim.com\/thiim-relays\/industrier\/\",\"url\":\"https:\/\/thiim.com\/thiim-relays\/industrier\/\",\"name\":\"Industrier | Rel\u00e6l\u00f8sninger | Thiim Relays\",\"isPartOf\":{\"@id\":\"https:\/\/thiim.com\/#website\"},\"datePublished\":\"2025-05-01T06:49:49+00:00\",\"dateModified\":\"2026-01-29T12:32:41+00:00\",\"description\":\"Opdag hvilke industrier Thiim Relays servicerer \u2013 p\u00e5lidelige rel\u00e6er til energi, proces, vand, infrastruktur, marine, olie & gas, mining og mere for sikker drift i kr\u00e6vende milj\u00f8er.\",\"breadcrumb\":{\"@id\":\"https:\/\/thiim.com\/thiim-relays\/industrier\/#breadcrumb\"},\"inLanguage\":\"en-GB\",\"potentialAction\":[{\"@type\":\"ReadAction\",\"target\":[\"https:\/\/thiim.com\/thiim-relays\/industrier\/\"]}]},{\"@type\":\"BreadcrumbList\",\"@id\":\"https:\/\/thiim.com\/thiim-relays\/industrier\/#breadcrumb\",\"itemListElement\":[{\"@type\":\"ListItem\",\"position\":1,\"name\":\"Thiim Relays\u200b\",\"item\":\"https:\/\/thiim.com\/thiim-relays\/\"},{\"@type\":\"ListItem\",\"position\":2,\"name\":\"Industrier\"}]},{\"@type\":\"WebSite\",\"@id\":\"https:\/\/thiim.com\/#website\",\"url\":\"https:\/\/thiim.com\/\",\"name\":\"Thiim\",\"description\":\"\",\"publisher\":{\"@id\":\"https:\/\/thiim.com\/#organization\"},\"potentialAction\":[{\"@type\":\"SearchAction\",\"target\":{\"@type\":\"EntryPoint\",\"urlTemplate\":\"https:\/\/thiim.com\/?s={search_term_string}\"},\"query-input\":{\"@type\":\"PropertyValueSpecification\",\"valueRequired\":true,\"valueName\":\"search_term_string\"}}],\"inLanguage\":\"en-GB\"},{\"@type\":\"Organization\",\"@id\":\"https:\/\/thiim.com\/#organization\",\"name\":\"Thiim\",\"url\":\"https:\/\/thiim.com\/\",\"logo\":{\"@type\":\"ImageObject\",\"inLanguage\":\"en-GB\",\"@id\":\"https:\/\/thiim.com\/#\/schema\/logo\/image\/\",\"url\":\"https:\/\/thiim.com\/wp-content\/uploads\/Thiim_rgb_uramme.svg\",\"contentUrl\":\"https:\/\/thiim.com\/wp-content\/uploads\/Thiim_rgb_uramme.svg\",\"width\":653.94,\"height\":121.95,\"caption\":\"Thiim\"},\"image\":{\"@id\":\"https:\/\/thiim.com\/#\/schema\/logo\/image\/\"}}]}<\/script>\n<!-- \/ Yoast SEO plugin. -->","yoast_head_json":{"title":"Industries | Relay Solutions | Thiim Relays","description":"Discover the industries Thiim Relays serves - reliable relays for energy, process, water, infrastructure, marine, oil &amp; gas, mining and more for safe operation in demanding environments.","robots":{"index":"index","follow":"follow","max-snippet":"max-snippet:-1","max-image-preview":"max-image-preview:large","max-video-preview":"max-video-preview:-1"},"canonical":"https:\/\/thiim.com\/en\/thiim-relays\/industries-2\/","og_locale":"en_GB","og_type":"article","og_title":"Industrier | Rel\u00e6l\u00f8sninger | Thiim Relays","og_description":"Opdag hvilke industrier Thiim Relays servicerer \u2013 p\u00e5lidelige rel\u00e6er til energi, proces, vand, infrastruktur, marine, olie & gas, mining og mere for sikker drift i kr\u00e6vende milj\u00f8er.","og_url":"https:\/\/thiim.com\/en\/thiim-relays\/industries-2\/","og_site_name":"Thiim","article_modified_time":"2026-01-29T12:32:41+00:00","twitter_card":"summary_large_image","twitter_misc":{"Estimated reading time":"1 minute"},"schema":{"@context":"https:\/\/schema.org","@graph":[{"@type":"WebPage","@id":"https:\/\/thiim.com\/thiim-relays\/industrier\/","url":"https:\/\/thiim.com\/thiim-relays\/industrier\/","name":"Industries | Relay Solutions | Thiim Relays","isPartOf":{"@id":"https:\/\/thiim.com\/#website"},"datePublished":"2025-05-01T06:49:49+00:00","dateModified":"2026-01-29T12:32:41+00:00","description":"Discover the industries Thiim Relays serves - reliable relays for energy, process, water, infrastructure, marine, oil &amp; gas, mining and more for safe operation in demanding environments.","breadcrumb":{"@id":"https:\/\/thiim.com\/thiim-relays\/industrier\/#breadcrumb"},"inLanguage":"en-GB","potentialAction":[{"@type":"ReadAction","target":["https:\/\/thiim.com\/thiim-relays\/industrier\/"]}]},{"@type":"BreadcrumbList","@id":"https:\/\/thiim.com\/thiim-relays\/industrier\/#breadcrumb","itemListElement":[{"@type":"ListItem","position":1,"name":"Thiim Relays\u200b","item":"https:\/\/thiim.com\/thiim-relays\/"},{"@type":"ListItem","position":2,"name":"Industrier"}]},{"@type":"WebSite","@id":"https:\/\/thiim.com\/#website","url":"https:\/\/thiim.com\/","name":"Thiim","description":"","publisher":{"@id":"https:\/\/thiim.com\/#organization"},"potentialAction":[{"@type":"SearchAction","target":{"@type":"EntryPoint","urlTemplate":"https:\/\/thiim.com\/?s={search_term_string}"},"query-input":{"@type":"PropertyValueSpecification","valueRequired":true,"valueName":"search_term_string"}}],"inLanguage":"en-GB"},{"@type":"Organization","@id":"https:\/\/thiim.com\/#organization","name":"Thiim","url":"https:\/\/thiim.com\/","logo":{"@type":"ImageObject","inLanguage":"en-GB","@id":"https:\/\/thiim.com\/#\/schema\/logo\/image\/","url":"https:\/\/thiim.com\/wp-content\/uploads\/Thiim_rgb_uramme.svg","contentUrl":"https:\/\/thiim.com\/wp-content\/uploads\/Thiim_rgb_uramme.svg","width":653.94,"height":121.95,"caption":"Thiim"},"image":{"@id":"https:\/\/thiim.com\/#\/schema\/logo\/image\/"}}]}},"_links":{"self":[{"href":"https:\/\/thiim.com\/en\/wp-json\/wp\/v2\/pages\/1614","targetHints":{"allow":["GET"]}}],"collection":[{"href":"https:\/\/thiim.com\/en\/wp-json\/wp\/v2\/pages"}],"about":[{"href":"https:\/\/thiim.com\/en\/wp-json\/wp\/v2\/types\/page"}],"author":[{"embeddable":true,"href":"https:\/\/thiim.com\/en\/wp-json\/wp\/v2\/users\/1"}],"replies":[{"embeddable":true,"href":"https:\/\/thiim.com\/en\/wp-json\/wp\/v2\/comments?post=1614"}],"version-history":[{"count":20,"href":"https:\/\/thiim.com\/en\/wp-json\/wp\/v2\/pages\/1614\/revisions"}],"predecessor-version":[{"id":9247,"href":"https:\/\/thiim.com\/en\/wp-json\/wp\/v2\/pages\/1614\/revisions\/9247"}],"up":[{"embeddable":true,"href":"https:\/\/thiim.com\/en\/wp-json\/wp\/v2\/pages\/1609"}],"wp:attachment":[{"href":"https:\/\/thiim.com\/en\/wp-json\/wp\/v2\/media?parent=1614"}],"curies":[{"name":"wp","href":"https:\/\/api.w.org\/{rel}","templated":true}]}}