{"id":1616,"date":"2025-05-01T08:50:07","date_gmt":"2025-05-01T06:50:07","guid":{"rendered":"https:\/\/thiim.com\/?page_id=1616"},"modified":"2026-02-04T08:17:30","modified_gmt":"2026-02-04T07:17:30","slug":"support","status":"publish","type":"page","link":"https:\/\/thiim.com\/en\/thiim-relays\/support\/","title":{"rendered":"Support"},"content":{"rendered":"\t\t<div data-elementor-type=\"wp-page\" data-elementor-id=\"1616\" class=\"elementor elementor-1616\" data-elementor-post-type=\"page\">\n\t\t\t\t<div class=\"elementor-element elementor-element-e2d73de e-flex e-con-boxed e-con e-parent\" data-id=\"e2d73de\" data-element_type=\"container\" data-e-type=\"container\" data-settings=\"{&quot;background_background&quot;:&quot;classic&quot;}\">\n\t\t\t\t\t<div class=\"e-con-inner\">\n\t\t<div class=\"elementor-element elementor-element-3aad7d1 e-con-full e-flex e-con e-child\" data-id=\"3aad7d1\" data-element_type=\"container\" data-e-type=\"container\" data-settings=\"{&quot;background_background&quot;:&quot;classic&quot;}\">\n\t\t<div class=\"elementor-element elementor-element-544f9d1 e-con-full e-flex e-con e-child\" data-id=\"544f9d1\" data-element_type=\"container\" data-e-type=\"container\">\n\t\t\t\t<div class=\"elementor-element elementor-element-ecfab93 elementor-widget elementor-widget-breadcrumbs\" data-id=\"ecfab93\" data-element_type=\"widget\" data-e-type=\"widget\" data-widget_type=\"breadcrumbs.default\">\n\t\t\t\t<div class=\"elementor-widget-container\">\n\t\t\t\t\t<p id=\"breadcrumbs\"><\/p>\t\t\t\t<\/div>\n\t\t\t\t<\/div>\n\t\t\t\t<\/div>\n\t\t\t\t<\/div>\n\t\t\t\t\t<\/div>\n\t\t\t\t<\/div>\n\t\t<div class=\"elementor-element elementor-element-9ed982e e-flex e-con-boxed e-con e-parent\" data-id=\"9ed982e\" data-element_type=\"container\" data-e-type=\"container\" data-settings=\"{&quot;background_background&quot;:&quot;classic&quot;}\">\n\t\t\t\t\t<div class=\"e-con-inner\">\n\t\t<div class=\"elementor-element elementor-element-cf52b7c e-con-full e-flex elementor-invisible e-con e-child\" data-id=\"cf52b7c\" data-element_type=\"container\" data-e-type=\"container\" data-settings=\"{&quot;animation&quot;:&quot;slideInLeft&quot;,&quot;animation_tablet&quot;:&quot;slideInUp&quot;,&quot;animation_mobile&quot;:&quot;slideInUp&quot;}\">\n\t\t\t\t<div class=\"elementor-element elementor-element-b85b87d elementor-widget elementor-widget-heading\" data-id=\"b85b87d\" data-element_type=\"widget\" data-e-type=\"widget\" data-widget_type=\"heading.default\">\n\t\t\t\t<div class=\"elementor-widget-container\">\n\t\t\t\t\t<h2 class=\"elementor-heading-title elementor-size-default\">Vi vil gerne g\u00f8re det nemt<\/h2>\t\t\t\t<\/div>\n\t\t\t\t<\/div>\n\t\t\t\t<div class=\"elementor-element elementor-element-7b981a4 elementor-widget elementor-widget-text-editor\" data-id=\"7b981a4\" data-element_type=\"widget\" data-e-type=\"widget\" data-widget_type=\"text-editor.default\">\n\t\t\t\t<div class=\"elementor-widget-container\">\n\t\t\t\t\t\t\t\t\t<p>God support handler ogs\u00e5 om at give et hurtigt og klart overblik over mulighederne.<\/p><p>Derfor har vi samlet vores brochurer, flyers og datablade p\u00e5 \u00e9t sted, s\u00e5 du nemt kan finde det, du leder efter.<\/p><p>\u00a0Vores m\u00e5l er at g\u00f8re det nemt for dig at tr\u00e6ffe kvalificerede valg \u2013 med god support hele vejen.<\/p>\t\t\t\t\t\t\t\t<\/div>\n\t\t\t\t<\/div>\n\t\t\t\t<\/div>\n\t\t<div class=\"elementor-element elementor-element-b1eae5c e-con-full e-flex e-con e-child\" data-id=\"b1eae5c\" data-element_type=\"container\" data-e-type=\"container\">\n\t\t\t\t<div class=\"elementor-element elementor-element-dc0c2f0 elementor-widget elementor-widget-image\" data-id=\"dc0c2f0\" data-element_type=\"widget\" data-e-type=\"widget\" data-widget_type=\"image.default\">\n\t\t\t\t<div class=\"elementor-widget-container\">\n\t\t\t\t\t\t\t\t\t\t\t\t\t\t\t<img fetchpriority=\"high\" decoding=\"async\" width=\"800\" height=\"550\" src=\"https:\/\/thiim.com\/wp-content\/uploads\/Kategoribilleder_EL-komp_Elektromagneter_custom.jpg\" class=\"attachment-large size-large wp-image-5688\" alt=\"Custom\" srcset=\"https:\/\/thiim.com\/wp-content\/uploads\/Kategoribilleder_EL-komp_Elektromagneter_custom.jpg.webp 800w, https:\/\/thiim.com\/wp-content\/uploads\/Kategoribilleder_EL-komp_Elektromagneter_custom-300x206.jpg.webp 300w, https:\/\/thiim.com\/wp-content\/uploads\/Kategoribilleder_EL-komp_Elektromagneter_custom-768x528.jpg.webp 768w\" sizes=\"(max-width: 800px) 100vw, 800px\" \/>\t\t\t\t\t\t\t\t\t\t\t\t\t\t\t<\/div>\n\t\t\t\t<\/div>\n\t\t\t\t<\/div>\n\t\t\t\t\t<\/div>\n\t\t\t\t<\/div>\n\t\t<div class=\"elementor-element elementor-element-1703d5a e-flex e-con-boxed e-con e-parent\" data-id=\"1703d5a\" data-element_type=\"container\" data-e-type=\"container\" data-settings=\"{&quot;background_background&quot;:&quot;classic&quot;}\">\n\t\t\t\t\t<div class=\"e-con-inner\">\n\t\t<div class=\"elementor-element elementor-element-565ea82 e-con-full e-flex elementor-invisible e-con e-child\" data-id=\"565ea82\" data-element_type=\"container\" data-e-type=\"container\" data-settings=\"{&quot;animation&quot;:&quot;slideInLeft&quot;,&quot;animation_tablet&quot;:&quot;slideInUp&quot;,&quot;animation_mobile&quot;:&quot;slideInUp&quot;}\">\n\t\t\t\t<div class=\"elementor-element elementor-element-9e4d89b elementor-widget elementor-widget-heading\" data-id=\"9e4d89b\" data-element_type=\"widget\" data-e-type=\"widget\" data-widget_type=\"heading.default\">\n\t\t\t\t<div class=\"elementor-widget-container\">\n\t\t\t\t\t<h2 class=\"elementor-heading-title elementor-size-default\">Datablade<\/h2>\t\t\t\t<\/div>\n\t\t\t\t<\/div>\n\t\t\t\t<div class=\"elementor-element elementor-element-7428597 elementor-widget elementor-widget-text-editor\" data-id=\"7428597\" data-element_type=\"widget\" data-e-type=\"widget\" data-widget_type=\"text-editor.default\">\n\t\t\t\t<div class=\"elementor-widget-container\">\n\t\t\t\t\t\t\t\t\t<p>Hos Thiim l\u00e6gger vi stor v\u00e6gt p\u00e5 kvalificeret support og teknisk dokumentation, der g\u00f8r dit arbejde lettere. N\u00e5r du v\u00e6lger vores produkter, f\u00e5r du ikke bare komponenter af h\u00f8j kvalitet \u2013 du f\u00e5r ogs\u00e5 adgang til detaljerede datablade, der underst\u00f8tter b\u00e5de planl\u00e6gning, installation og vedligehold.<\/p><p>Vores datablade indeholder alle relevante tekniske oplysninger \u2013 herunder m\u00e5leomr\u00e5der, forsyningssp\u00e6ndinger, tilslutningsdiagrammer og monteringsvejledninger.<\/p><p>De opdateres l\u00f8bende, s\u00e5 du altid har adgang til den nyeste og mest pr\u00e6cise information. Uanset om du sidder med specifikationer til et projekt, eller har brug for tekniske data til fejlfinding, er databladene dit sikre grundlag.<\/p>\t\t\t\t\t\t\t\t<\/div>\n\t\t\t\t<\/div>\n\t\t\t\t<div class=\"elementor-element elementor-element-9e4adce elementor-mobile-align-justify elementor-widget-mobile__width-inherit elementor-align-left elementor-widget elementor-widget-button\" data-id=\"9e4adce\" data-element_type=\"widget\" data-e-type=\"widget\" data-widget_type=\"button.default\">\n\t\t\t\t<div class=\"elementor-widget-container\">\n\t\t\t\t\t\t\t\t\t<div class=\"elementor-button-wrapper\">\n\t\t\t\t\t<a class=\"elementor-button elementor-button-link elementor-size-sm elementor-animation-float\" href=\"https:\/\/thiim.com\/en\/thiim-relays\/support\/datablade\/\">\n\t\t\t\t\t\t<span class=\"elementor-button-content-wrapper\">\n\t\t\t\t\t\t\t\t\t<span class=\"elementor-button-text\">Se vores datablade her<\/span>\n\t\t\t\t\t<\/span>\n\t\t\t\t\t<\/a>\n\t\t\t\t<\/div>\n\t\t\t\t\t\t\t\t<\/div>\n\t\t\t\t<\/div>\n\t\t\t\t<\/div>\n\t\t<div class=\"elementor-element elementor-element-5dc86f6 e-con-full e-flex e-con e-child\" data-id=\"5dc86f6\" data-element_type=\"container\" data-e-type=\"container\">\n\t\t\t\t<div class=\"elementor-element elementor-element-7cb7f7e elementor-widget elementor-widget-image\" data-id=\"7cb7f7e\" data-element_type=\"widget\" data-e-type=\"widget\" data-widget_type=\"image.default\">\n\t\t\t\t<div class=\"elementor-widget-container\">\n\t\t\t\t\t\t\t\t\t\t\t\t\t\t\t<img decoding=\"async\" width=\"800\" height=\"584\" src=\"https:\/\/thiim.com\/wp-content\/uploads\/3-1-billeder_Relays-Support_Datablade-1024x748.jpg\" class=\"attachment-large size-large wp-image-6264\" alt=\"\" srcset=\"https:\/\/thiim.com\/wp-content\/uploads\/3-1-billeder_Relays-Support_Datablade-1024x748.jpg.webp 1024w, https:\/\/thiim.com\/wp-content\/uploads\/3-1-billeder_Relays-Support_Datablade-300x219.jpg.webp 300w, https:\/\/thiim.com\/wp-content\/uploads\/3-1-billeder_Relays-Support_Datablade-768x561.jpg.webp 768w, https:\/\/thiim.com\/wp-content\/uploads\/3-1-billeder_Relays-Support_Datablade.jpg.webp 1300w\" sizes=\"(max-width: 800px) 100vw, 800px\" \/>\t\t\t\t\t\t\t\t\t\t\t\t\t\t\t<\/div>\n\t\t\t\t<\/div>\n\t\t\t\t<\/div>\n\t\t\t\t\t<\/div>\n\t\t\t\t<\/div>\n\t\t<div class=\"elementor-element elementor-element-650c851 e-flex e-con-boxed e-con e-parent\" data-id=\"650c851\" data-element_type=\"container\" data-e-type=\"container\" data-settings=\"{&quot;background_background&quot;:&quot;classic&quot;}\">\n\t\t\t\t\t<div class=\"e-con-inner\">\n\t\t<div class=\"elementor-element elementor-element-c5e4472 e-con-full e-flex elementor-invisible e-con e-child\" data-id=\"c5e4472\" data-element_type=\"container\" data-e-type=\"container\" data-settings=\"{&quot;animation&quot;:&quot;slideInRight&quot;,&quot;animation_tablet&quot;:&quot;slideInUp&quot;,&quot;animation_mobile&quot;:&quot;slideInUp&quot;}\">\n\t\t\t\t<div class=\"elementor-element elementor-element-9c691e7 elementor-widget elementor-widget-heading\" data-id=\"9c691e7\" data-element_type=\"widget\" data-e-type=\"widget\" data-widget_type=\"heading.default\">\n\t\t\t\t<div class=\"elementor-widget-container\">\n\t\t\t\t\t<h2 class=\"elementor-heading-title elementor-size-default\">Publikationer<\/h2>\t\t\t\t<\/div>\n\t\t\t\t<\/div>\n\t\t\t\t<div class=\"elementor-element elementor-element-8b7283a elementor-widget elementor-widget-text-editor\" data-id=\"8b7283a\" data-element_type=\"widget\" data-e-type=\"widget\" data-widget_type=\"text-editor.default\">\n\t\t\t\t<div class=\"elementor-widget-container\">\n\t\t\t\t\t\t\t\t\t<p>God support handler ogs\u00e5 om at give et hurtigt og klart overblik over mulighederne. Derfor har vi samlet vores brochurer, s\u00e5 du nemt kan finde det, du leder efter.<\/p><p>I vores publikationer pr\u00e6senterer vi produkterne i en let tilg\u00e6ngelig form, der g\u00f8r det nemt at sammenligne funktioner og finde frem til den l\u00f8sning, der passer bedst til din applikation. Materialet er velegnet til b\u00e5de tekniske og kommercielle form\u00e5l og kan anvendes som opslagsv\u00e6rk eller del af projektmateriale.\u00a0<\/p>\t\t\t\t\t\t\t\t<\/div>\n\t\t\t\t<\/div>\n\t\t\t\t<div class=\"elementor-element elementor-element-2bfe7b3 elementor-mobile-align-justify elementor-widget-mobile__width-inherit elementor-align-left elementor-widget elementor-widget-button\" data-id=\"2bfe7b3\" data-element_type=\"widget\" data-e-type=\"widget\" data-widget_type=\"button.default\">\n\t\t\t\t<div class=\"elementor-widget-container\">\n\t\t\t\t\t\t\t\t\t<div class=\"elementor-button-wrapper\">\n\t\t\t\t\t<a class=\"elementor-button elementor-button-link elementor-size-sm elementor-animation-float\" href=\"https:\/\/thiim.com\/en\/thiim-relays\/support\/publikationer\/\">\n\t\t\t\t\t\t<span class=\"elementor-button-content-wrapper\">\n\t\t\t\t\t\t\t\t\t<span class=\"elementor-button-text\">Se vores brochurer her<\/span>\n\t\t\t\t\t<\/span>\n\t\t\t\t\t<\/a>\n\t\t\t\t<\/div>\n\t\t\t\t\t\t\t\t<\/div>\n\t\t\t\t<\/div>\n\t\t\t\t<\/div>\n\t\t<div class=\"elementor-element elementor-element-6130a0e e-con-full e-flex e-con e-child\" data-id=\"6130a0e\" data-element_type=\"container\" data-e-type=\"container\">\n\t\t\t\t<div class=\"elementor-element elementor-element-983659b elementor-widget elementor-widget-image\" data-id=\"983659b\" data-element_type=\"widget\" data-e-type=\"widget\" data-widget_type=\"image.default\">\n\t\t\t\t<div class=\"elementor-widget-container\">\n\t\t\t\t\t\t\t\t\t\t\t\t\t\t\t<img decoding=\"async\" width=\"800\" height=\"584\" src=\"https:\/\/thiim.com\/wp-content\/uploads\/3-1-billeder_Publikationer-1024x748.jpg\" class=\"attachment-large size-large wp-image-6265\" alt=\"\" srcset=\"https:\/\/thiim.com\/wp-content\/uploads\/3-1-billeder_Publikationer-1024x748.jpg.webp 1024w, https:\/\/thiim.com\/wp-content\/uploads\/3-1-billeder_Publikationer-300x219.jpg.webp 300w, https:\/\/thiim.com\/wp-content\/uploads\/3-1-billeder_Publikationer-768x561.jpg.webp 768w, https:\/\/thiim.com\/wp-content\/uploads\/3-1-billeder_Publikationer.jpg.webp 1300w\" sizes=\"(max-width: 800px) 100vw, 800px\" \/>\t\t\t\t\t\t\t\t\t\t\t\t\t\t\t<\/div>\n\t\t\t\t<\/div>\n\t\t\t\t<\/div>\n\t\t\t\t\t<\/div>\n\t\t\t\t<\/div>\n\t\t<div class=\"elementor-element elementor-element-338888e1 e-con-full e-flex e-con e-child\" data-id=\"338888e1\" data-element_type=\"container\" data-e-type=\"container\">\n\t\t\t\t<div class=\"elementor-element elementor-element-18ea25a5 elementor-widget elementor-widget-heading\" data-id=\"18ea25a5\" data-element_type=\"widget\" data-e-type=\"widget\" data-widget_type=\"heading.default\">\n\t\t\t\t<div class=\"elementor-widget-container\">\n\t\t\t\t\t<h3 class=\"elementor-heading-title elementor-size-default\">Er du i tvivl om, hvilket rel\u00e6 passer til dit behov? Vi kan hj\u00e6lpe<\/h3>\t\t\t\t<\/div>\n\t\t\t\t<\/div>\n\t\t\t\t<div class=\"elementor-element elementor-element-36fd640 elementor-mobile-button-align-stretch elementor-button-align-stretch elementor-widget elementor-widget-form\" data-id=\"36fd640\" data-element_type=\"widget\" data-e-type=\"widget\" data-settings=\"{&quot;step_next_label&quot;:&quot;N\\u00e6ste&quot;,&quot;step_previous_label&quot;:&quot;Tidligere&quot;,&quot;button_width&quot;:&quot;100&quot;,&quot;step_type&quot;:&quot;number_text&quot;,&quot;step_icon_shape&quot;:&quot;circle&quot;}\" data-widget_type=\"form.default\">\n\t\t\t\t<div class=\"elementor-widget-container\">\n\t\t\t\t\t\t\t<form class=\"elementor-form\" method=\"post\" name=\"Ny formular\" aria-label=\"Ny formular\">\n\t\t\t<input type=\"hidden\" name=\"post_id\" value=\"1616\"\/>\n\t\t\t<input type=\"hidden\" name=\"form_id\" value=\"36fd640\"\/>\n\t\t\t<input type=\"hidden\" name=\"referer_title\" value=\"Support | Rel\u00e6l\u00f8sninger | Thiim Relays\" \/>\n\n\t\t\t\t\t\t\t<input type=\"hidden\" name=\"queried_id\" value=\"1616\"\/>\n\t\t\t\n\t\t\t<div class=\"elementor-form-fields-wrapper elementor-labels-above\">\n\t\t\t\t\t\t\t\t<div class=\"elementor-field-type-text elementor-field-group elementor-column elementor-field-group-name elementor-col-50\">\n\t\t\t\t\t\t\t\t\t\t\t\t<label for=\"form-field-name\" class=\"elementor-field-label\">\n\t\t\t\t\t\t\t\tNavn\t\t\t\t\t\t\t<\/label>\n\t\t\t\t\t\t\t\t\t\t\t\t\t\t<input size=\"1\" type=\"text\" name=\"form_fields[name]\" id=\"form-field-name\" class=\"elementor-field elementor-size-sm  elementor-field-textual\" placeholder=\"Indtast fulde navn\">\n\t\t\t\t\t\t\t\t\t\t\t<\/div>\n\t\t\t\t\t\t\t\t<div class=\"elementor-field-type-tel elementor-field-group elementor-column elementor-field-group-email elementor-col-50 elementor-field-required\">\n\t\t\t\t\t\t\t\t\t\t\t\t<label for=\"form-field-email\" class=\"elementor-field-label\">\n\t\t\t\t\t\t\t\tTelefon nr.\t\t\t\t\t\t\t<\/label>\n\t\t\t\t\t\t\t\t<input size=\"1\" type=\"tel\" name=\"form_fields[email]\" id=\"form-field-email\" class=\"elementor-field elementor-size-sm  elementor-field-textual\" placeholder=\"Indtast dit telefon nr.\" required=\"required\" pattern=\"[0-9()#&amp;+*-=.]+\" title=\"Only numbers and phone characters (#, -, *, etc) are accepted.\">\n\n\t\t\t\t\t\t<\/div>\n\t\t\t\t\t\t\t\t<div class=\"elementor-field-type-email elementor-field-group elementor-column elementor-field-group-field_85c3397 elementor-col-100 elementor-field-required\">\n\t\t\t\t\t\t\t\t\t\t\t\t<label for=\"form-field-field_85c3397\" class=\"elementor-field-label\">\n\t\t\t\t\t\t\t\tE-mail\t\t\t\t\t\t\t<\/label>\n\t\t\t\t\t\t\t\t\t\t\t\t\t\t<input size=\"1\" type=\"email\" name=\"form_fields[field_85c3397]\" id=\"form-field-field_85c3397\" class=\"elementor-field elementor-size-sm  elementor-field-textual\" placeholder=\"Indtast din E-mail\" required=\"required\">\n\t\t\t\t\t\t\t\t\t\t\t<\/div>\n\t\t\t\t\t\t\t\t<div class=\"elementor-field-type-textarea elementor-field-group elementor-column elementor-field-group-message elementor-col-100\">\n\t\t\t\t\t\t\t\t\t\t\t\t<label for=\"form-field-message\" class=\"elementor-field-label\">\n\t\t\t\t\t\t\t\tMeddelelse\t\t\t\t\t\t\t<\/label>\n\t\t\t\t\t\t<textarea class=\"elementor-field-textual elementor-field  elementor-size-sm\" name=\"form_fields[message]\" id=\"form-field-message\" rows=\"4\" placeholder=\"Beskriv hvad henvendelsen drejer sig om \"><\/textarea>\t\t\t\t<\/div>\n\t\t\t\t\t\t\t\t<div class=\"elementor-field-group elementor-column elementor-field-type-submit elementor-col-100 e-form__buttons\">\n\t\t\t\t\t<button class=\"elementor-button elementor-size-sm\" type=\"submit\">\n\t\t\t\t\t\t<span class=\"elementor-button-content-wrapper\">\n\t\t\t\t\t\t\t\t\t\t\t\t\t\t\t\t\t\t\t\t\t\t<span class=\"elementor-button-text\">Send<\/span>\n\t\t\t\t\t\t\t\t\t\t\t\t\t<\/span>\n\t\t\t\t\t<\/button>\n\t\t\t\t<\/div>\n\t\t\t<\/div>\n\t\t<input\n                    class=\"apbct_special_field apbct_email_id__elementor_form\"\n                    name=\"apbct__email_id__elementor_form\"\n                    aria-label=\"apbct__label_id__elementor_form\"\n                    type=\"text\" size=\"30\" maxlength=\"200\" autocomplete=\"off\"\n                    value=\"\"\n                \/><\/form>\n\t\t\t\t\t\t<\/div>\n\t\t\t\t<\/div>\n\t\t\t\t<\/div>\n\t\t\t\t<\/div>\n\t\t","protected":false},"excerpt":{"rendered":"<p>Vi vil gerne g\u00f8re det nemt God support handler ogs\u00e5 om at give et hurtigt og klart overblik over mulighederne. Derfor har vi samlet vores brochurer, flyers og datablade p\u00e5 \u00e9t sted, s\u00e5 du nemt kan finde det, du leder efter. Vores m\u00e5l er at g\u00f8re det nemt for dig at tr\u00e6ffe kvalificerede valg \u2013 [&hellip;]<\/p>\n","protected":false},"author":1,"featured_media":0,"parent":1609,"menu_order":0,"comment_status":"closed","ping_status":"closed","template":"","meta":{"_acf_changed":false,"footnotes":""},"class_list":["post-1616","page","type-page","status-publish","hentry"],"acf":[],"yoast_head":"<!-- This site is optimized with the Yoast SEO plugin v26.6 - https:\/\/yoast.com\/wordpress\/plugins\/seo\/ -->\n<title>Support | Rel\u00e6l\u00f8sninger | Thiim Relays<\/title>\n<meta name=\"description\" content=\"F\u00e5 teknisk support, datablade og dokumentation til Thiim Relays \u2013 hurtig hj\u00e6lp til installation, vedligehold og produktoplysninger\" \/>\n<meta name=\"robots\" content=\"index, follow, max-snippet:-1, max-image-preview:large, max-video-preview:-1\" \/>\n<link rel=\"canonical\" href=\"https:\/\/thiim.com\/en\/thiim-relays\/support\/\" \/>\n<meta property=\"og:locale\" content=\"en_GB\" \/>\n<meta property=\"og:type\" content=\"article\" \/>\n<meta property=\"og:title\" content=\"Support | Rel\u00e6l\u00f8sninger | Thiim Relays\" \/>\n<meta property=\"og:description\" content=\"F\u00e5 teknisk support, datablade og dokumentation til Thiim Relays \u2013 hurtig hj\u00e6lp til installation, vedligehold og produktoplysninger\" \/>\n<meta property=\"og:url\" content=\"https:\/\/thiim.com\/en\/thiim-relays\/support\/\" \/>\n<meta property=\"og:site_name\" content=\"Thiim\" \/>\n<meta property=\"article:modified_time\" content=\"2026-02-04T07:17:30+00:00\" \/>\n<meta property=\"og:image\" content=\"https:\/\/thiim.com\/wp-content\/uploads\/Kategoribilleder_EL-komp_Elektromagneter_custom.jpg\" \/>\n<meta name=\"twitter:card\" content=\"summary_large_image\" \/>\n<meta name=\"twitter:label1\" content=\"Estimated reading time\" \/>\n\t<meta name=\"twitter:data1\" content=\"2 minutes\" \/>\n<script type=\"application\/ld+json\" class=\"yoast-schema-graph\">{\"@context\":\"https:\/\/schema.org\",\"@graph\":[{\"@type\":\"WebPage\",\"@id\":\"https:\/\/thiim.com\/thiim-relays\/support\/\",\"url\":\"https:\/\/thiim.com\/thiim-relays\/support\/\",\"name\":\"Support | Rel\u00e6l\u00f8sninger | Thiim Relays\",\"isPartOf\":{\"@id\":\"https:\/\/thiim.com\/#website\"},\"primaryImageOfPage\":{\"@id\":\"https:\/\/thiim.com\/thiim-relays\/support\/#primaryimage\"},\"image\":{\"@id\":\"https:\/\/thiim.com\/thiim-relays\/support\/#primaryimage\"},\"thumbnailUrl\":\"https:\/\/thiim.com\/wp-content\/uploads\/Kategoribilleder_EL-komp_Elektromagneter_custom.jpg\",\"datePublished\":\"2025-05-01T06:50:07+00:00\",\"dateModified\":\"2026-02-04T07:17:30+00:00\",\"description\":\"F\u00e5 teknisk support, datablade og dokumentation til Thiim Relays \u2013 hurtig hj\u00e6lp til installation, vedligehold og produktoplysninger\",\"breadcrumb\":{\"@id\":\"https:\/\/thiim.com\/thiim-relays\/support\/#breadcrumb\"},\"inLanguage\":\"en-GB\",\"potentialAction\":[{\"@type\":\"ReadAction\",\"target\":[\"https:\/\/thiim.com\/thiim-relays\/support\/\"]}]},{\"@type\":\"ImageObject\",\"inLanguage\":\"en-GB\",\"@id\":\"https:\/\/thiim.com\/thiim-relays\/support\/#primaryimage\",\"url\":\"https:\/\/thiim.com\/wp-content\/uploads\/Kategoribilleder_EL-komp_Elektromagneter_custom.jpg\",\"contentUrl\":\"https:\/\/thiim.com\/wp-content\/uploads\/Kategoribilleder_EL-komp_Elektromagneter_custom.jpg\"},{\"@type\":\"BreadcrumbList\",\"@id\":\"https:\/\/thiim.com\/thiim-relays\/support\/#breadcrumb\",\"itemListElement\":[{\"@type\":\"ListItem\",\"position\":1,\"name\":\"Thiim Relays\u200b\",\"item\":\"https:\/\/thiim.com\/thiim-relays\/\"},{\"@type\":\"ListItem\",\"position\":2,\"name\":\"Support\"}]},{\"@type\":\"WebSite\",\"@id\":\"https:\/\/thiim.com\/#website\",\"url\":\"https:\/\/thiim.com\/\",\"name\":\"Thiim\",\"description\":\"\",\"publisher\":{\"@id\":\"https:\/\/thiim.com\/#organization\"},\"potentialAction\":[{\"@type\":\"SearchAction\",\"target\":{\"@type\":\"EntryPoint\",\"urlTemplate\":\"https:\/\/thiim.com\/?s={search_term_string}\"},\"query-input\":{\"@type\":\"PropertyValueSpecification\",\"valueRequired\":true,\"valueName\":\"search_term_string\"}}],\"inLanguage\":\"en-GB\"},{\"@type\":\"Organization\",\"@id\":\"https:\/\/thiim.com\/#organization\",\"name\":\"Thiim\",\"url\":\"https:\/\/thiim.com\/\",\"logo\":{\"@type\":\"ImageObject\",\"inLanguage\":\"en-GB\",\"@id\":\"https:\/\/thiim.com\/#\/schema\/logo\/image\/\",\"url\":\"https:\/\/thiim.com\/wp-content\/uploads\/Thiim_rgb_uramme.svg\",\"contentUrl\":\"https:\/\/thiim.com\/wp-content\/uploads\/Thiim_rgb_uramme.svg\",\"width\":653.94,\"height\":121.95,\"caption\":\"Thiim\"},\"image\":{\"@id\":\"https:\/\/thiim.com\/#\/schema\/logo\/image\/\"}}]}<\/script>\n<!-- \/ Yoast SEO plugin. -->","yoast_head_json":{"title":"Support | Relay Solutions | Thiim Relays","description":"Get technical support, datasheets and documentation for Thiim Relays - quick help with installation, maintenance and product information","robots":{"index":"index","follow":"follow","max-snippet":"max-snippet:-1","max-image-preview":"max-image-preview:large","max-video-preview":"max-video-preview:-1"},"canonical":"https:\/\/thiim.com\/en\/thiim-relays\/support\/","og_locale":"en_GB","og_type":"article","og_title":"Support | Rel\u00e6l\u00f8sninger | Thiim Relays","og_description":"F\u00e5 teknisk support, datablade og dokumentation til Thiim Relays \u2013 hurtig hj\u00e6lp til installation, vedligehold og produktoplysninger","og_url":"https:\/\/thiim.com\/en\/thiim-relays\/support\/","og_site_name":"Thiim","article_modified_time":"2026-02-04T07:17:30+00:00","og_image":[{"url":"https:\/\/thiim.com\/wp-content\/uploads\/Kategoribilleder_EL-komp_Elektromagneter_custom.jpg","type":"","width":"","height":""}],"twitter_card":"summary_large_image","twitter_misc":{"Estimated reading time":"2 minutes"},"schema":{"@context":"https:\/\/schema.org","@graph":[{"@type":"WebPage","@id":"https:\/\/thiim.com\/thiim-relays\/support\/","url":"https:\/\/thiim.com\/thiim-relays\/support\/","name":"Support | Relay Solutions | Thiim Relays","isPartOf":{"@id":"https:\/\/thiim.com\/#website"},"primaryImageOfPage":{"@id":"https:\/\/thiim.com\/thiim-relays\/support\/#primaryimage"},"image":{"@id":"https:\/\/thiim.com\/thiim-relays\/support\/#primaryimage"},"thumbnailUrl":"https:\/\/thiim.com\/wp-content\/uploads\/Kategoribilleder_EL-komp_Elektromagneter_custom.jpg","datePublished":"2025-05-01T06:50:07+00:00","dateModified":"2026-02-04T07:17:30+00:00","description":"Get technical support, datasheets and documentation for Thiim Relays - quick help with installation, maintenance and product information","breadcrumb":{"@id":"https:\/\/thiim.com\/thiim-relays\/support\/#breadcrumb"},"inLanguage":"en-GB","potentialAction":[{"@type":"ReadAction","target":["https:\/\/thiim.com\/thiim-relays\/support\/"]}]},{"@type":"ImageObject","inLanguage":"en-GB","@id":"https:\/\/thiim.com\/thiim-relays\/support\/#primaryimage","url":"https:\/\/thiim.com\/wp-content\/uploads\/Kategoribilleder_EL-komp_Elektromagneter_custom.jpg","contentUrl":"https:\/\/thiim.com\/wp-content\/uploads\/Kategoribilleder_EL-komp_Elektromagneter_custom.jpg"},{"@type":"BreadcrumbList","@id":"https:\/\/thiim.com\/thiim-relays\/support\/#breadcrumb","itemListElement":[{"@type":"ListItem","position":1,"name":"Thiim Relays\u200b","item":"https:\/\/thiim.com\/thiim-relays\/"},{"@type":"ListItem","position":2,"name":"Support"}]},{"@type":"WebSite","@id":"https:\/\/thiim.com\/#website","url":"https:\/\/thiim.com\/","name":"Thiim","description":"","publisher":{"@id":"https:\/\/thiim.com\/#organization"},"potentialAction":[{"@type":"SearchAction","target":{"@type":"EntryPoint","urlTemplate":"https:\/\/thiim.com\/?s={search_term_string}"},"query-input":{"@type":"PropertyValueSpecification","valueRequired":true,"valueName":"search_term_string"}}],"inLanguage":"en-GB"},{"@type":"Organization","@id":"https:\/\/thiim.com\/#organization","name":"Thiim","url":"https:\/\/thiim.com\/","logo":{"@type":"ImageObject","inLanguage":"en-GB","@id":"https:\/\/thiim.com\/#\/schema\/logo\/image\/","url":"https:\/\/thiim.com\/wp-content\/uploads\/Thiim_rgb_uramme.svg","contentUrl":"https:\/\/thiim.com\/wp-content\/uploads\/Thiim_rgb_uramme.svg","width":653.94,"height":121.95,"caption":"Thiim"},"image":{"@id":"https:\/\/thiim.com\/#\/schema\/logo\/image\/"}}]}},"_links":{"self":[{"href":"https:\/\/thiim.com\/en\/wp-json\/wp\/v2\/pages\/1616","targetHints":{"allow":["GET"]}}],"collection":[{"href":"https:\/\/thiim.com\/en\/wp-json\/wp\/v2\/pages"}],"about":[{"href":"https:\/\/thiim.com\/en\/wp-json\/wp\/v2\/types\/page"}],"author":[{"embeddable":true,"href":"https:\/\/thiim.com\/en\/wp-json\/wp\/v2\/users\/1"}],"replies":[{"embeddable":true,"href":"https:\/\/thiim.com\/en\/wp-json\/wp\/v2\/comments?post=1616"}],"version-history":[{"count":20,"href":"https:\/\/thiim.com\/en\/wp-json\/wp\/v2\/pages\/1616\/revisions"}],"predecessor-version":[{"id":9238,"href":"https:\/\/thiim.com\/en\/wp-json\/wp\/v2\/pages\/1616\/revisions\/9238"}],"up":[{"embeddable":true,"href":"https:\/\/thiim.com\/en\/wp-json\/wp\/v2\/pages\/1609"}],"wp:attachment":[{"href":"https:\/\/thiim.com\/en\/wp-json\/wp\/v2\/media?parent=1616"}],"curies":[{"name":"wp","href":"https:\/\/api.w.org\/{rel}","templated":true}]}}