{"id":2076,"date":"2025-05-05T08:21:00","date_gmt":"2025-05-05T06:21:00","guid":{"rendered":"https:\/\/thiim.com\/?page_id=2076"},"modified":"2025-12-17T10:18:14","modified_gmt":"2025-12-17T09:18:14","slug":"isolation-amplifiers-signal-converters-and-transducers","status":"publish","type":"page","link":"https:\/\/thiim.com\/en\/thiim-relays\/produkter\/isolationsforstaerker-signalkonvertering-og-transducere\/","title":{"rendered":"Isolation amplifier, signal converters and transducers"},"content":{"rendered":"<div data-elementor-type=\"wp-page\" data-elementor-id=\"2076\" class=\"elementor elementor-2076\" data-elementor-post-type=\"page\">\n\t\t\t\t<div class=\"elementor-element elementor-element-cc7384b e-flex e-con-boxed e-con e-parent\" data-id=\"cc7384b\" data-element_type=\"container\" data-e-type=\"container\" data-settings=\"{&quot;background_background&quot;:&quot;classic&quot;}\">\n\t\t\t\t\t<div class=\"e-con-inner\">\n\t\t<div class=\"elementor-element elementor-element-c0c7fe6 e-con-full e-flex e-con e-child\" data-id=\"c0c7fe6\" data-element_type=\"container\" data-e-type=\"container\" data-settings=\"{&quot;background_background&quot;:&quot;classic&quot;}\">\n\t\t<div class=\"elementor-element elementor-element-a17c275 e-con-full e-flex e-con e-child\" data-id=\"a17c275\" data-element_type=\"container\" data-e-type=\"container\">\n\t\t\t\t<div class=\"elementor-element elementor-element-a697bc9 elementor-widget elementor-widget-breadcrumbs\" data-id=\"a697bc9\" data-element_type=\"widget\" data-e-type=\"widget\" data-widget_type=\"breadcrumbs.default\">\n\t\t\t\t<div class=\"elementor-widget-container\">\n\t\t\t\t\t<p id=\"breadcrumbs\"><\/p>\t\t\t\t<\/div>\n\t\t\t\t<\/div>\n\t\t\t\t<\/div>\n\t\t\t\t<\/div>\n\t\t\t\t\t<\/div>\n\t\t\t\t<\/div>\n\t\t<div class=\"elementor-element elementor-element-fdcfb30 e-flex e-con-boxed e-con e-parent\" data-id=\"fdcfb30\" data-element_type=\"container\" data-e-type=\"container\" data-settings=\"{&quot;background_background&quot;:&quot;classic&quot;}\">\n\t\t\t\t\t<div class=\"e-con-inner\">\n\t\t<div class=\"elementor-element elementor-element-1706d67 e-con-full e-flex e-con e-child\" data-id=\"1706d67\" data-element_type=\"container\" data-e-type=\"container\">\n\t\t\t\t<div class=\"elementor-element elementor-element-f8fea82 elementor-widget elementor-widget-heading\" data-id=\"f8fea82\" data-element_type=\"widget\" data-e-type=\"widget\" data-widget_type=\"heading.default\">\n\t\t\t\t<div class=\"elementor-widget-container\">\n\t\t\t\t\t<h4 class=\"elementor-heading-title elementor-size-default\">Here they are used<\/h4>\t\t\t\t<\/div>\n\t\t\t\t<\/div>\n\t\t\t\t<div class=\"elementor-element elementor-element-e2c2aa1 elementor-icon-list--layout-traditional elementor-list-item-link-full_width elementor-widget elementor-widget-icon-list\" data-id=\"e2c2aa1\" data-element_type=\"widget\" data-e-type=\"widget\" data-widget_type=\"icon-list.default\">\n\t\t\t\t<div class=\"elementor-widget-container\">\n\t\t\t\t\t\t\t<ul class=\"elementor-icon-list-items\">\n\t\t\t\t\t\t\t<li class=\"elementor-icon-list-item\">\n\t\t\t\t\t\t\t\t\t\t\t<span class=\"elementor-icon-list-icon\">\n\t\t\t\t\t\t\t<i aria-hidden=\"true\" class=\"far fa-check-circle\"><\/i>\t\t\t\t\t\t<\/span>\n\t\t\t\t\t\t\t\t\t\t<span class=\"elementor-icon-list-text\">In automation systems for precise signal transfer between sensors and PLCs<\/span>\n\t\t\t\t\t\t\t\t\t<\/li>\n\t\t\t\t\t\t\t\t<li class=\"elementor-icon-list-item\">\n\t\t\t\t\t\t\t\t\t\t\t<span class=\"elementor-icon-list-icon\">\n\t\t\t\t\t\t\t<i aria-hidden=\"true\" class=\"far fa-check-circle\"><\/i>\t\t\t\t\t\t<\/span>\n\t\t\t\t\t\t\t\t\t\t<span class=\"elementor-icon-list-text\">In measurement and control systems where galvanic isolation is required<\/span>\n\t\t\t\t\t\t\t\t\t<\/li>\n\t\t\t\t\t\t\t\t<li class=\"elementor-icon-list-item\">\n\t\t\t\t\t\t\t\t\t\t\t<span class=\"elementor-icon-list-icon\">\n\t\t\t\t\t\t\t<i aria-hidden=\"true\" class=\"far fa-check-circle\"><\/i>\t\t\t\t\t\t<\/span>\n\t\t\t\t\t\t\t\t\t\t<span class=\"elementor-icon-list-text\">In monitoring and protection against earth faults and fault currents<\/span>\n\t\t\t\t\t\t\t\t\t<\/li>\n\t\t\t\t\t\t\t\t<li class=\"elementor-icon-list-item\">\n\t\t\t\t\t\t\t\t\t\t\t<span class=\"elementor-icon-list-icon\">\n\t\t\t\t\t\t\t<i aria-hidden=\"true\" class=\"far fa-check-circle\"><\/i>\t\t\t\t\t\t<\/span>\n\t\t\t\t\t\t\t\t\t\t<span class=\"elementor-icon-list-text\">In current and voltage measurement (AC\/DC), frequency and power conversion<\/span>\n\t\t\t\t\t\t\t\t\t<\/li>\n\t\t\t\t\t\t\t\t<li class=\"elementor-icon-list-item\">\n\t\t\t\t\t\t\t\t\t\t\t<span class=\"elementor-icon-list-icon\">\n\t\t\t\t\t\t\t<i aria-hidden=\"true\" class=\"far fa-check-circle\"><\/i>\t\t\t\t\t\t<\/span>\n\t\t\t\t\t\t\t\t\t\t<span class=\"elementor-icon-list-text\">In industrial installations with high demands on reliability and electrical safety<\/span>\n\t\t\t\t\t\t\t\t\t<\/li>\n\t\t\t\t\t\t\t\t<li class=\"elementor-icon-list-item\">\n\t\t\t\t\t\t\t\t\t\t\t<span class=\"elementor-icon-list-icon\">\n\t\t\t\t\t\t\t<i aria-hidden=\"true\" class=\"far fa-check-circle\"><\/i>\t\t\t\t\t\t<\/span>\n\t\t\t\t\t\t\t\t\t\t<span class=\"elementor-icon-list-text\">In systems where noise cancellation and stable signal processing are essential<\/span>\n\t\t\t\t\t\t\t\t\t<\/li>\n\t\t\t\t\t\t<\/ul>\n\t\t\t\t\t\t<\/div>\n\t\t\t\t<\/div>\n\t\t\t\t<div class=\"elementor-element elementor-element-fe7c87c elementor-mobile-align-justify elementor-widget-mobile__width-inherit elementor-align-left elementor-tablet-align-justify elementor-widget elementor-widget-button\" data-id=\"fe7c87c\" data-element_type=\"widget\" data-e-type=\"widget\" data-widget_type=\"button.default\">\n\t\t\t\t<div class=\"elementor-widget-container\">\n\t\t\t\t\t\t\t\t\t<div class=\"elementor-button-wrapper\">\n\t\t\t\t\t<a class=\"elementor-button elementor-button-link elementor-size-sm elementor-animation-float\" href=\"https:\/\/thiim.com\/en\/kontakt\/\">\n\t\t\t\t\t\t<span class=\"elementor-button-content-wrapper\">\n\t\t\t\t\t\t\t\t\t<span class=\"elementor-button-text\">Contact us <\/span>\n\t\t\t\t\t<\/span>\n\t\t\t\t\t<\/a>\n\t\t\t\t<\/div>\n\t\t\t\t\t\t\t\t<\/div>\n\t\t\t\t<\/div>\n\t\t\t\t<\/div>\n\t\t<div class=\"elementor-element elementor-element-5d6ff48 e-con-full e-flex e-con e-child\" data-id=\"5d6ff48\" data-element_type=\"container\" data-e-type=\"container\">\n\t\t\t\t<div class=\"elementor-element elementor-element-0c0d6d3 elementor-widget elementor-widget-text-editor\" data-id=\"0c0d6d3\" data-element_type=\"widget\" data-e-type=\"widget\" data-widget_type=\"text-editor.default\">\n\t\t\t\t<div class=\"elementor-widget-container\">\n\t\t\t\t\t\t\t\t\t<p><strong>Isolation amplifiers, transducers and signal converters for safe signal handling<\/strong><\/p><p>Thiim offers a wide range of isolation amplifiers, transducers and signal converters that ensure galvanic isolation and reliable signal transmission in electrical systems. The products are used in automation, measurement and control - typically where there is a need to convert and isolate signals between sensors and PLCs.<\/p><p>Ensuring correct signal processing reduces the risk of insulation faults, fault currents and disturbances in installations where electrical safety and earth fault monitoring are critical. The solutions also support the operation of residual current relays and earth fault relays.<\/p><p>Our transducers cover voltage (AC\/DC), current (AC\/DC), frequency and power conversion, ensuring high precision and reliability - even in demanding installations.<\/p>\t\t\t\t\t\t\t\t<\/div>\n\t\t\t\t<\/div>\n\t\t\t\t<\/div>\n\t\t\t\t\t<\/div>\n\t\t\t\t<\/div>\n\t\t\t\t<\/div>","protected":false},"excerpt":{"rendered":"<p>Her anvendes de I automatiseringsanl\u00e6g til pr\u00e6cis signaloverf\u00f8rsel mellem sensorer og PLC\u2019er I m\u00e5le- og styringssystemer, hvor galvanisk adskillelse er n\u00f8dvendig I overv\u00e5gning og beskyttelse mod jordfejl og fejlstr\u00f8mme I str\u00f8m- og sp\u00e6ndingsm\u00e5ling (AC\/DC) samt frekvens- og effektkonvertering I industrielle installationer med h\u00f8je krav til driftssikkerhed og elektrisk sikkerhed I systemer, hvor st\u00f8jreduktion og stabil [&hellip;]<\/p>\n","protected":false},"author":1,"featured_media":0,"parent":1613,"menu_order":0,"comment_status":"closed","ping_status":"closed","template":"","meta":{"_acf_changed":false,"footnotes":""},"class_list":["post-2076","page","type-page","status-publish","hentry"],"acf":[],"yoast_head":"<!-- This site is optimized with the Yoast SEO plugin v26.6 - https:\/\/yoast.com\/wordpress\/plugins\/seo\/ -->\n<title>Isolationsforst\u00e6rker | Rel\u00e6 &amp; elektronik | Thiim A\/S<\/title>\n<meta name=\"description\" content=\"Isolationsforst\u00e6rker til galvanisk adskillelse og konvertering til analoge ind- og udgangssignaler. Eller interface fx PLC og et isoleret signal fra sensorer.\" \/>\n<meta name=\"robots\" content=\"index, follow, max-snippet:-1, max-image-preview:large, max-video-preview:-1\" \/>\n<link rel=\"canonical\" href=\"https:\/\/thiim.com\/en\/thiim-relays\/products-2\/isolation-amplifiers-signal-converters-and-transducers\/\" \/>\n<meta property=\"og:locale\" content=\"en_GB\" \/>\n<meta property=\"og:type\" content=\"article\" \/>\n<meta property=\"og:title\" content=\"Isolationsforst\u00e6rker | Rel\u00e6 &amp; elektronik | Thiim A\/S\" \/>\n<meta property=\"og:description\" content=\"Isolationsforst\u00e6rker til galvanisk adskillelse og konvertering til analoge ind- og udgangssignaler. Eller interface fx PLC og et isoleret signal fra sensorer.\" \/>\n<meta property=\"og:url\" content=\"https:\/\/thiim.com\/en\/thiim-relays\/products-2\/isolation-amplifiers-signal-converters-and-transducers\/\" \/>\n<meta property=\"og:site_name\" content=\"Thiim\" \/>\n<meta property=\"article:modified_time\" content=\"2025-12-17T09:18:14+00:00\" \/>\n<meta name=\"twitter:card\" content=\"summary_large_image\" \/>\n<meta name=\"twitter:label1\" content=\"Estimated reading time\" \/>\n\t<meta name=\"twitter:data1\" content=\"1 minute\" \/>\n<script type=\"application\/ld+json\" class=\"yoast-schema-graph\">{\"@context\":\"https:\/\/schema.org\",\"@graph\":[{\"@type\":\"WebPage\",\"@id\":\"https:\/\/thiim.com\/thiim-relays\/produkter\/isolationsforstaerker-signalkonvertering-og-transducere\/\",\"url\":\"https:\/\/thiim.com\/thiim-relays\/produkter\/isolationsforstaerker-signalkonvertering-og-transducere\/\",\"name\":\"Isolationsforst\u00e6rker | Rel\u00e6 & elektronik | Thiim A\/S\",\"isPartOf\":{\"@id\":\"https:\/\/thiim.com\/#website\"},\"datePublished\":\"2025-05-05T06:21:00+00:00\",\"dateModified\":\"2025-12-17T09:18:14+00:00\",\"description\":\"Isolationsforst\u00e6rker til galvanisk adskillelse og konvertering til analoge ind- og udgangssignaler. Eller interface fx PLC og et isoleret signal fra sensorer.\",\"breadcrumb\":{\"@id\":\"https:\/\/thiim.com\/thiim-relays\/produkter\/isolationsforstaerker-signalkonvertering-og-transducere\/#breadcrumb\"},\"inLanguage\":\"en-GB\",\"potentialAction\":[{\"@type\":\"ReadAction\",\"target\":[\"https:\/\/thiim.com\/thiim-relays\/produkter\/isolationsforstaerker-signalkonvertering-og-transducere\/\"]}]},{\"@type\":\"BreadcrumbList\",\"@id\":\"https:\/\/thiim.com\/thiim-relays\/produkter\/isolationsforstaerker-signalkonvertering-og-transducere\/#breadcrumb\",\"itemListElement\":[{\"@type\":\"ListItem\",\"position\":1,\"name\":\"Thiim Relays\u200b\",\"item\":\"https:\/\/thiim.com\/thiim-relays\/\"},{\"@type\":\"ListItem\",\"position\":2,\"name\":\"Produkter\",\"item\":\"https:\/\/thiim.com\/thiim-relays\/produkter\/\"},{\"@type\":\"ListItem\",\"position\":3,\"name\":\"Isolationsforst\u00e6rker, signalkonvertering og transducere\u200b\"}]},{\"@type\":\"WebSite\",\"@id\":\"https:\/\/thiim.com\/#website\",\"url\":\"https:\/\/thiim.com\/\",\"name\":\"Thiim\",\"description\":\"\",\"publisher\":{\"@id\":\"https:\/\/thiim.com\/#organization\"},\"potentialAction\":[{\"@type\":\"SearchAction\",\"target\":{\"@type\":\"EntryPoint\",\"urlTemplate\":\"https:\/\/thiim.com\/?s={search_term_string}\"},\"query-input\":{\"@type\":\"PropertyValueSpecification\",\"valueRequired\":true,\"valueName\":\"search_term_string\"}}],\"inLanguage\":\"en-GB\"},{\"@type\":\"Organization\",\"@id\":\"https:\/\/thiim.com\/#organization\",\"name\":\"Thiim\",\"url\":\"https:\/\/thiim.com\/\",\"logo\":{\"@type\":\"ImageObject\",\"inLanguage\":\"en-GB\",\"@id\":\"https:\/\/thiim.com\/#\/schema\/logo\/image\/\",\"url\":\"https:\/\/thiim.com\/wp-content\/uploads\/Thiim_rgb_uramme.svg\",\"contentUrl\":\"https:\/\/thiim.com\/wp-content\/uploads\/Thiim_rgb_uramme.svg\",\"width\":653.94,\"height\":121.95,\"caption\":\"Thiim\"},\"image\":{\"@id\":\"https:\/\/thiim.com\/#\/schema\/logo\/image\/\"}}]}<\/script>\n<!-- \/ Yoast SEO plugin. -->","yoast_head_json":{"title":"Isolation amplifier | Relay &amp; Electronics | Thiim A\/S","description":"Isolation amplifier for galvanic isolation and conversion to analogue input and output signals. Or interface e.g. PLC and an isolated signal from sensors.","robots":{"index":"index","follow":"follow","max-snippet":"max-snippet:-1","max-image-preview":"max-image-preview:large","max-video-preview":"max-video-preview:-1"},"canonical":"https:\/\/thiim.com\/en\/thiim-relays\/products-2\/isolation-amplifiers-signal-converters-and-transducers\/","og_locale":"en_GB","og_type":"article","og_title":"Isolationsforst\u00e6rker | Rel\u00e6 & elektronik | Thiim A\/S","og_description":"Isolationsforst\u00e6rker til galvanisk adskillelse og konvertering til analoge ind- og udgangssignaler. Eller interface fx PLC og et isoleret signal fra sensorer.","og_url":"https:\/\/thiim.com\/en\/thiim-relays\/products-2\/isolation-amplifiers-signal-converters-and-transducers\/","og_site_name":"Thiim","article_modified_time":"2025-12-17T09:18:14+00:00","twitter_card":"summary_large_image","twitter_misc":{"Estimated reading time":"1 minute"},"schema":{"@context":"https:\/\/schema.org","@graph":[{"@type":"WebPage","@id":"https:\/\/thiim.com\/thiim-relays\/produkter\/isolationsforstaerker-signalkonvertering-og-transducere\/","url":"https:\/\/thiim.com\/thiim-relays\/produkter\/isolationsforstaerker-signalkonvertering-og-transducere\/","name":"Isolation amplifier | Relay &amp; Electronics | Thiim A\/S","isPartOf":{"@id":"https:\/\/thiim.com\/#website"},"datePublished":"2025-05-05T06:21:00+00:00","dateModified":"2025-12-17T09:18:14+00:00","description":"Isolation amplifier for galvanic isolation and conversion to analogue input and output signals. Or interface e.g. PLC and an isolated signal from sensors.","breadcrumb":{"@id":"https:\/\/thiim.com\/thiim-relays\/produkter\/isolationsforstaerker-signalkonvertering-og-transducere\/#breadcrumb"},"inLanguage":"en-GB","potentialAction":[{"@type":"ReadAction","target":["https:\/\/thiim.com\/thiim-relays\/produkter\/isolationsforstaerker-signalkonvertering-og-transducere\/"]}]},{"@type":"BreadcrumbList","@id":"https:\/\/thiim.com\/thiim-relays\/produkter\/isolationsforstaerker-signalkonvertering-og-transducere\/#breadcrumb","itemListElement":[{"@type":"ListItem","position":1,"name":"Thiim Relays\u200b","item":"https:\/\/thiim.com\/thiim-relays\/"},{"@type":"ListItem","position":2,"name":"Produkter","item":"https:\/\/thiim.com\/thiim-relays\/produkter\/"},{"@type":"ListItem","position":3,"name":"Isolationsforst\u00e6rker, signalkonvertering og transducere\u200b"}]},{"@type":"WebSite","@id":"https:\/\/thiim.com\/#website","url":"https:\/\/thiim.com\/","name":"Thiim","description":"","publisher":{"@id":"https:\/\/thiim.com\/#organization"},"potentialAction":[{"@type":"SearchAction","target":{"@type":"EntryPoint","urlTemplate":"https:\/\/thiim.com\/?s={search_term_string}"},"query-input":{"@type":"PropertyValueSpecification","valueRequired":true,"valueName":"search_term_string"}}],"inLanguage":"en-GB"},{"@type":"Organization","@id":"https:\/\/thiim.com\/#organization","name":"Thiim","url":"https:\/\/thiim.com\/","logo":{"@type":"ImageObject","inLanguage":"en-GB","@id":"https:\/\/thiim.com\/#\/schema\/logo\/image\/","url":"https:\/\/thiim.com\/wp-content\/uploads\/Thiim_rgb_uramme.svg","contentUrl":"https:\/\/thiim.com\/wp-content\/uploads\/Thiim_rgb_uramme.svg","width":653.94,"height":121.95,"caption":"Thiim"},"image":{"@id":"https:\/\/thiim.com\/#\/schema\/logo\/image\/"}}]}},"_links":{"self":[{"href":"https:\/\/thiim.com\/en\/wp-json\/wp\/v2\/pages\/2076","targetHints":{"allow":["GET"]}}],"collection":[{"href":"https:\/\/thiim.com\/en\/wp-json\/wp\/v2\/pages"}],"about":[{"href":"https:\/\/thiim.com\/en\/wp-json\/wp\/v2\/types\/page"}],"author":[{"embeddable":true,"href":"https:\/\/thiim.com\/en\/wp-json\/wp\/v2\/users\/1"}],"replies":[{"embeddable":true,"href":"https:\/\/thiim.com\/en\/wp-json\/wp\/v2\/comments?post=2076"}],"version-history":[{"count":11,"href":"https:\/\/thiim.com\/en\/wp-json\/wp\/v2\/pages\/2076\/revisions"}],"predecessor-version":[{"id":8524,"href":"https:\/\/thiim.com\/en\/wp-json\/wp\/v2\/pages\/2076\/revisions\/8524"}],"up":[{"embeddable":true,"href":"https:\/\/thiim.com\/en\/wp-json\/wp\/v2\/pages\/1613"}],"wp:attachment":[{"href":"https:\/\/thiim.com\/en\/wp-json\/wp\/v2\/media?parent=2076"}],"curies":[{"name":"wp","href":"https:\/\/api.w.org\/{rel}","templated":true}]}}