{"id":5496,"date":"2025-09-19T14:06:37","date_gmt":"2025-09-19T12:06:37","guid":{"rendered":"https:\/\/thiim.com\/?page_id=5496"},"modified":"2026-02-04T14:29:32","modified_gmt":"2026-02-04T13:29:32","slug":"rohs","status":"publish","type":"page","link":"https:\/\/thiim.com\/en\/rohs\/","title":{"rendered":"RoHS"},"content":{"rendered":"<div data-elementor-type=\"wp-post\" data-elementor-id=\"5496\" class=\"elementor elementor-5496\" data-elementor-post-type=\"page\">\n\t\t\t\t<div class=\"elementor-element elementor-element-61d69d9a e-flex e-con-boxed e-con e-parent\" data-id=\"61d69d9a\" data-element_type=\"container\" data-e-type=\"container\" data-settings=\"{&quot;background_background&quot;:&quot;classic&quot;}\">\n\t\t\t\t\t<div class=\"e-con-inner\">\n\t\t<div class=\"elementor-element elementor-element-6bf277f9 e-con-full e-flex e-con e-child\" data-id=\"6bf277f9\" data-element_type=\"container\" data-e-type=\"container\" data-settings=\"{&quot;background_background&quot;:&quot;classic&quot;}\">\n\t\t<div class=\"elementor-element elementor-element-9889b58 e-con-full e-flex e-con e-child\" data-id=\"9889b58\" data-element_type=\"container\" data-e-type=\"container\">\n\t\t\t\t<\/div>\n\t\t\t\t<\/div>\n\t\t\t\t\t<\/div>\n\t\t\t\t<\/div>\n\t\t<div class=\"elementor-element elementor-element-9a76846 e-flex e-con-boxed e-con e-parent\" data-id=\"9a76846\" data-element_type=\"container\" data-e-type=\"container\" data-settings=\"{&quot;background_background&quot;:&quot;classic&quot;}\">\n\t\t\t\t\t<div class=\"e-con-inner\">\n\t\t<div class=\"elementor-element elementor-element-10d4fc2 e-con-full e-flex e-con e-child\" data-id=\"10d4fc2\" data-element_type=\"container\" data-e-type=\"container\">\n\t\t<div class=\"elementor-element elementor-element-bcf8d31 e-con-full e-flex e-con e-child\" data-id=\"bcf8d31\" data-element_type=\"container\" data-e-type=\"container\">\n\t\t<div class=\"elementor-element elementor-element-eee09ce e-con-full e-flex e-con e-child\" data-id=\"eee09ce\" data-element_type=\"container\" data-e-type=\"container\">\n\t\t\t\t<div class=\"elementor-element elementor-element-ff58315 elementor-widget elementor-widget-text-editor\" data-id=\"ff58315\" data-element_type=\"widget\" data-e-type=\"widget\" data-widget_type=\"text-editor.default\">\n\t\t\t\t<div class=\"elementor-widget-container\">\n\t\t\t\t\t\t\t\t\t<h2><strong>RoHS certificate<\/strong><\/h2><p class=\"p1\"><b>The RoHS certificate documents that a product complies with the EU Directive on the restriction of hazardous substances in electrical and electronic equipment.<\/b><\/p><p class=\"p1\"><span class=\"s1\">This means that the product is free of or contains very low amounts of substances such as lead, mercury, cadmium and certain flame retardants.<\/span><\/p><p class=\"p1\">RoHS is a guarantee that the product is safer for both the environment and people.<\/p><p>\u00a0<\/p>\t\t\t\t\t\t\t\t<\/div>\n\t\t\t\t<\/div>\n\t\t\t\t<\/div>\n\t\t\t\t<\/div>\n\t\t\t\t<\/div>\n\t\t\t\t\t<\/div>\n\t\t\t\t<\/div>\n\t\t<div class=\"elementor-element elementor-element-2e18ca9 e-flex e-con-boxed e-con e-parent\" data-id=\"2e18ca9\" data-element_type=\"container\" data-e-type=\"container\">\n\t\t\t\t\t<div class=\"e-con-inner\">\n\t\t\t\t<div class=\"elementor-element elementor-element-76bfe38 elementor-mobile-align-justify elementor-widget-mobile__width-inherit elementor-align-center elementor-widget elementor-widget-button\" data-id=\"76bfe38\" data-element_type=\"widget\" data-e-type=\"widget\" data-widget_type=\"button.default\">\n\t\t\t\t<div class=\"elementor-widget-container\">\n\t\t\t\t\t\t\t\t\t<div class=\"elementor-button-wrapper\">\n\t\t\t\t\t<a class=\"elementor-button elementor-button-link elementor-size-sm elementor-animation-float\" href=\"https:\/\/indd.adobe.com\/view\/adb1921d-b09d-4c08-8e10-45556e4bcdfa\" target=\"_blank\">\n\t\t\t\t\t\t<span class=\"elementor-button-content-wrapper\">\n\t\t\t\t\t\t\t\t\t<span class=\"elementor-button-text\">See the certificate<\/span>\n\t\t\t\t\t<\/span>\n\t\t\t\t\t<\/a>\n\t\t\t\t<\/div>\n\t\t\t\t\t\t\t\t<\/div>\n\t\t\t\t<\/div>\n\t\t\t\t\t<\/div>\n\t\t\t\t<\/div>\n\t\t\t\t<\/div>","protected":false},"excerpt":{"rendered":"<p>RoHS-certifikat RoHS-certifikatet dokumenterer, at et produkt lever op til EU\u2019s direktiv om begr\u00e6nsning af farlige stoffer i elektrisk og elektronisk udstyr. Det betyder, at produktet er fri for eller kun indeholder meget lave m\u00e6ngder af stoffer som bly, kviks\u00f8lv, cadmium og visse flammeh\u00e6mmere. RoHS er alts\u00e5 en garanti for, at produktet er mere sikkert b\u00e5de [&hellip;]<\/p>\n","protected":false},"author":3,"featured_media":0,"parent":0,"menu_order":0,"comment_status":"closed","ping_status":"closed","template":"","meta":{"_acf_changed":false,"footnotes":""},"class_list":["post-5496","page","type-page","status-publish","hentry"],"acf":[],"yoast_head":"<!-- This site is optimized with the Yoast SEO plugin v26.6 - https:\/\/yoast.com\/wordpress\/plugins\/seo\/ -->\n<title>RoHS Compliance | Milj\u00f8krav &amp; Dokumentation | Thiim A\/S<\/title>\n<meta name=\"description\" content=\"Dokumentation for RoHS-compliance hos Thiim A\/S betyder, at produkterne lever op til EU\u2019s RoHS-direktiv om begr\u00e6nsning af farlige stoffer i elektrisk og elektronisk udstyr\" \/>\n<meta name=\"robots\" content=\"index, follow, max-snippet:-1, max-image-preview:large, max-video-preview:-1\" \/>\n<link rel=\"canonical\" href=\"https:\/\/thiim.com\/en\/rohs\/\" \/>\n<meta property=\"og:locale\" content=\"en_GB\" \/>\n<meta property=\"og:type\" content=\"article\" \/>\n<meta property=\"og:title\" content=\"RoHS Compliance | Milj\u00f8krav &amp; Dokumentation | Thiim A\/S\" \/>\n<meta property=\"og:description\" content=\"Dokumentation for RoHS-compliance hos Thiim A\/S betyder, at produkterne lever op til EU\u2019s RoHS-direktiv om begr\u00e6nsning af farlige stoffer i elektrisk og elektronisk udstyr\" \/>\n<meta property=\"og:url\" content=\"https:\/\/thiim.com\/en\/rohs\/\" \/>\n<meta property=\"og:site_name\" content=\"Thiim\" \/>\n<meta property=\"article:modified_time\" content=\"2026-02-04T13:29:32+00:00\" \/>\n<meta name=\"twitter:card\" content=\"summary_large_image\" \/>\n<meta name=\"twitter:label1\" content=\"Estimated reading time\" \/>\n\t<meta name=\"twitter:data1\" content=\"1 minute\" \/>\n<script type=\"application\/ld+json\" class=\"yoast-schema-graph\">{\"@context\":\"https:\/\/schema.org\",\"@graph\":[{\"@type\":\"WebPage\",\"@id\":\"https:\/\/thiim.com\/rohs\/\",\"url\":\"https:\/\/thiim.com\/rohs\/\",\"name\":\"RoHS Compliance | Milj\u00f8krav & Dokumentation | Thiim A\/S\",\"isPartOf\":{\"@id\":\"https:\/\/thiim.com\/#website\"},\"datePublished\":\"2025-09-19T12:06:37+00:00\",\"dateModified\":\"2026-02-04T13:29:32+00:00\",\"description\":\"Dokumentation for RoHS-compliance hos Thiim A\/S betyder, at produkterne lever op til EU\u2019s RoHS-direktiv om begr\u00e6nsning af farlige stoffer i elektrisk og elektronisk udstyr\",\"inLanguage\":\"en-GB\",\"potentialAction\":[{\"@type\":\"ReadAction\",\"target\":[\"https:\/\/thiim.com\/rohs\/\"]}]},{\"@type\":\"WebSite\",\"@id\":\"https:\/\/thiim.com\/#website\",\"url\":\"https:\/\/thiim.com\/\",\"name\":\"Thiim\",\"description\":\"\",\"publisher\":{\"@id\":\"https:\/\/thiim.com\/#organization\"},\"potentialAction\":[{\"@type\":\"SearchAction\",\"target\":{\"@type\":\"EntryPoint\",\"urlTemplate\":\"https:\/\/thiim.com\/?s={search_term_string}\"},\"query-input\":{\"@type\":\"PropertyValueSpecification\",\"valueRequired\":true,\"valueName\":\"search_term_string\"}}],\"inLanguage\":\"en-GB\"},{\"@type\":\"Organization\",\"@id\":\"https:\/\/thiim.com\/#organization\",\"name\":\"Thiim\",\"url\":\"https:\/\/thiim.com\/\",\"logo\":{\"@type\":\"ImageObject\",\"inLanguage\":\"en-GB\",\"@id\":\"https:\/\/thiim.com\/#\/schema\/logo\/image\/\",\"url\":\"https:\/\/thiim.com\/wp-content\/uploads\/Thiim_rgb_uramme.svg\",\"contentUrl\":\"https:\/\/thiim.com\/wp-content\/uploads\/Thiim_rgb_uramme.svg\",\"width\":653.94,\"height\":121.95,\"caption\":\"Thiim\"},\"image\":{\"@id\":\"https:\/\/thiim.com\/#\/schema\/logo\/image\/\"}}]}<\/script>\n<!-- \/ Yoast SEO plugin. -->","yoast_head_json":{"title":"RoHS Compliance | Environmental Requirements &amp; Documentation | Thiim A\/S","description":"Documentation of RoHS compliance at Thiim A\/S means that the products comply with the EU RoHS Directive on the restriction of hazardous substances in electrical and electronic equipment","robots":{"index":"index","follow":"follow","max-snippet":"max-snippet:-1","max-image-preview":"max-image-preview:large","max-video-preview":"max-video-preview:-1"},"canonical":"https:\/\/thiim.com\/en\/rohs\/","og_locale":"en_GB","og_type":"article","og_title":"RoHS Compliance | Milj\u00f8krav & Dokumentation | Thiim A\/S","og_description":"Dokumentation for RoHS-compliance hos Thiim A\/S betyder, at produkterne lever op til EU\u2019s RoHS-direktiv om begr\u00e6nsning af farlige stoffer i elektrisk og elektronisk udstyr","og_url":"https:\/\/thiim.com\/en\/rohs\/","og_site_name":"Thiim","article_modified_time":"2026-02-04T13:29:32+00:00","twitter_card":"summary_large_image","twitter_misc":{"Estimated reading time":"1 minute"},"schema":{"@context":"https:\/\/schema.org","@graph":[{"@type":"WebPage","@id":"https:\/\/thiim.com\/rohs\/","url":"https:\/\/thiim.com\/rohs\/","name":"RoHS Compliance | Environmental Requirements &amp; Documentation | Thiim A\/S","isPartOf":{"@id":"https:\/\/thiim.com\/#website"},"datePublished":"2025-09-19T12:06:37+00:00","dateModified":"2026-02-04T13:29:32+00:00","description":"Documentation of RoHS compliance at Thiim A\/S means that the products comply with the EU RoHS Directive on the restriction of hazardous substances in electrical and electronic equipment","inLanguage":"en-GB","potentialAction":[{"@type":"ReadAction","target":["https:\/\/thiim.com\/rohs\/"]}]},{"@type":"WebSite","@id":"https:\/\/thiim.com\/#website","url":"https:\/\/thiim.com\/","name":"Thiim","description":"","publisher":{"@id":"https:\/\/thiim.com\/#organization"},"potentialAction":[{"@type":"SearchAction","target":{"@type":"EntryPoint","urlTemplate":"https:\/\/thiim.com\/?s={search_term_string}"},"query-input":{"@type":"PropertyValueSpecification","valueRequired":true,"valueName":"search_term_string"}}],"inLanguage":"en-GB"},{"@type":"Organization","@id":"https:\/\/thiim.com\/#organization","name":"Thiim","url":"https:\/\/thiim.com\/","logo":{"@type":"ImageObject","inLanguage":"en-GB","@id":"https:\/\/thiim.com\/#\/schema\/logo\/image\/","url":"https:\/\/thiim.com\/wp-content\/uploads\/Thiim_rgb_uramme.svg","contentUrl":"https:\/\/thiim.com\/wp-content\/uploads\/Thiim_rgb_uramme.svg","width":653.94,"height":121.95,"caption":"Thiim"},"image":{"@id":"https:\/\/thiim.com\/#\/schema\/logo\/image\/"}}]}},"_links":{"self":[{"href":"https:\/\/thiim.com\/en\/wp-json\/wp\/v2\/pages\/5496","targetHints":{"allow":["GET"]}}],"collection":[{"href":"https:\/\/thiim.com\/en\/wp-json\/wp\/v2\/pages"}],"about":[{"href":"https:\/\/thiim.com\/en\/wp-json\/wp\/v2\/types\/page"}],"author":[{"embeddable":true,"href":"https:\/\/thiim.com\/en\/wp-json\/wp\/v2\/users\/3"}],"replies":[{"embeddable":true,"href":"https:\/\/thiim.com\/en\/wp-json\/wp\/v2\/comments?post=5496"}],"version-history":[{"count":14,"href":"https:\/\/thiim.com\/en\/wp-json\/wp\/v2\/pages\/5496\/revisions"}],"predecessor-version":[{"id":9296,"href":"https:\/\/thiim.com\/en\/wp-json\/wp\/v2\/pages\/5496\/revisions\/9296"}],"wp:attachment":[{"href":"https:\/\/thiim.com\/en\/wp-json\/wp\/v2\/media?parent=5496"}],"curies":[{"name":"wp","href":"https:\/\/api.w.org\/{rel}","templated":true}]}}