{"id":5508,"date":"2025-09-19T14:30:02","date_gmt":"2025-09-19T12:30:02","guid":{"rendered":"https:\/\/thiim.com\/?page_id=5508"},"modified":"2026-02-04T14:29:01","modified_gmt":"2026-02-04T13:29:01","slug":"reach","status":"publish","type":"page","link":"https:\/\/thiim.com\/en\/reach\/","title":{"rendered":"REACH"},"content":{"rendered":"<div data-elementor-type=\"wp-post\" data-elementor-id=\"5508\" class=\"elementor elementor-5508\" data-elementor-post-type=\"page\">\n\t\t\t\t<div class=\"elementor-element elementor-element-61d69d9a e-flex e-con-boxed e-con e-parent\" data-id=\"61d69d9a\" data-element_type=\"container\" data-e-type=\"container\" data-settings=\"{&quot;background_background&quot;:&quot;classic&quot;}\">\n\t\t\t\t\t<div class=\"e-con-inner\">\n\t\t<div class=\"elementor-element elementor-element-6bf277f9 e-con-full e-flex e-con e-child\" data-id=\"6bf277f9\" data-element_type=\"container\" data-e-type=\"container\" data-settings=\"{&quot;background_background&quot;:&quot;classic&quot;}\">\n\t\t<div class=\"elementor-element elementor-element-9889b58 e-con-full e-flex e-con e-child\" data-id=\"9889b58\" data-element_type=\"container\" data-e-type=\"container\">\n\t\t\t\t<\/div>\n\t\t\t\t<\/div>\n\t\t\t\t\t<\/div>\n\t\t\t\t<\/div>\n\t\t<div class=\"elementor-element elementor-element-9a76846 e-flex e-con-boxed e-con e-parent\" data-id=\"9a76846\" data-element_type=\"container\" data-e-type=\"container\" data-settings=\"{&quot;background_background&quot;:&quot;classic&quot;}\">\n\t\t\t\t\t<div class=\"e-con-inner\">\n\t\t<div class=\"elementor-element elementor-element-10d4fc2 e-con-full e-flex e-con e-child\" data-id=\"10d4fc2\" data-element_type=\"container\" data-e-type=\"container\">\n\t\t<div class=\"elementor-element elementor-element-bcf8d31 e-con-full e-flex e-con e-child\" data-id=\"bcf8d31\" data-element_type=\"container\" data-e-type=\"container\">\n\t\t<div class=\"elementor-element elementor-element-eee09ce e-con-full e-flex e-con e-child\" data-id=\"eee09ce\" data-element_type=\"container\" data-e-type=\"container\">\n\t\t\t\t<div class=\"elementor-element elementor-element-ff58315 elementor-widget elementor-widget-text-editor\" data-id=\"ff58315\" data-element_type=\"widget\" data-e-type=\"widget\" data-widget_type=\"text-editor.default\">\n\t\t\t\t<div class=\"elementor-widget-container\">\n\t\t\t\t\t\t\t\t\t<h2><strong>REACH certificate<\/strong><\/h2><p class=\"p1\"><span class=\"s1\"><b>The REACH certificate documents that a product complies with the EU chemicals legislation (REACH regulation), which regulates the registration, evaluation and restriction of chemical substances.<\/b><\/span><\/p><p class=\"p1\">This means that the product is free of or contains only controlled amounts of Substances of Very High Concern (SVHCs) and is therefore safer for both people and the environment.<\/p>\t\t\t\t\t\t\t\t<\/div>\n\t\t\t\t<\/div>\n\t\t\t\t<\/div>\n\t\t\t\t<\/div>\n\t\t\t\t<\/div>\n\t\t\t\t\t<\/div>\n\t\t\t\t<\/div>\n\t\t<div class=\"elementor-element elementor-element-c5bc79e e-flex e-con-boxed e-con e-parent\" data-id=\"c5bc79e\" data-element_type=\"container\" data-e-type=\"container\">\n\t\t\t\t\t<div class=\"e-con-inner\">\n\t\t\t\t<div class=\"elementor-element elementor-element-a2abc10 elementor-mobile-align-justify elementor-widget-mobile__width-inherit elementor-align-center elementor-widget elementor-widget-button\" data-id=\"a2abc10\" data-element_type=\"widget\" data-e-type=\"widget\" data-widget_type=\"button.default\">\n\t\t\t\t<div class=\"elementor-widget-container\">\n\t\t\t\t\t\t\t\t\t<div class=\"elementor-button-wrapper\">\n\t\t\t\t\t<a class=\"elementor-button elementor-button-link elementor-size-sm elementor-animation-float\" href=\"https:\/\/indd.adobe.com\/view\/ea30ad00-8d4b-4336-bde1-270be7f25d7e\" target=\"_blank\">\n\t\t\t\t\t\t<span class=\"elementor-button-content-wrapper\">\n\t\t\t\t\t\t\t\t\t<span class=\"elementor-button-text\">See the certificate<\/span>\n\t\t\t\t\t<\/span>\n\t\t\t\t\t<\/a>\n\t\t\t\t<\/div>\n\t\t\t\t\t\t\t\t<\/div>\n\t\t\t\t<\/div>\n\t\t\t\t\t<\/div>\n\t\t\t\t<\/div>\n\t\t\t\t<\/div>","protected":false},"excerpt":{"rendered":"<p>REACH-certifikat REACH-certifikatet dokumenterer, at et produkt overholder EU\u2019s kemikalielovgivning (REACH-forordningen), som regulerer registrering, vurdering og begr\u00e6nsning af kemiske stoffer. Det betyder, at produktet er fri for eller kun indeholder kontrollerede m\u00e6ngder af s\u00e6rligt problematiske stoffer (SVHC\u2019er) og dermed er mere sikkert for b\u00e5de mennesker og milj\u00f8. Se certifikatet<\/p>","protected":false},"author":3,"featured_media":0,"parent":0,"menu_order":0,"comment_status":"closed","ping_status":"closed","template":"","meta":{"_acf_changed":false,"footnotes":""},"class_list":["post-5508","page","type-page","status-publish","hentry"],"acf":[],"yoast_head":"<!-- This site is optimized with the Yoast SEO plugin v26.6 - https:\/\/yoast.com\/wordpress\/plugins\/seo\/ -->\n<title>REACH Compliance | Kemikalielovgivning | Thiim A\/S<\/title>\n<meta name=\"description\" content=\"L\u00e6s om REACH\u2011certificering hos Thiim \u2013 dokumentation for, at produkter overholder EU\u2019s kemikalielovgivning (REACH).\" \/>\n<meta name=\"robots\" content=\"index, follow, max-snippet:-1, max-image-preview:large, max-video-preview:-1\" \/>\n<link rel=\"canonical\" href=\"https:\/\/thiim.com\/en\/reach\/\" \/>\n<meta property=\"og:locale\" content=\"en_GB\" \/>\n<meta property=\"og:type\" content=\"article\" \/>\n<meta property=\"og:title\" content=\"REACH Compliance | Kemikalielovgivning | Thiim A\/S\" \/>\n<meta property=\"og:description\" content=\"L\u00e6s om REACH\u2011certificering hos Thiim \u2013 dokumentation for, at produkter overholder EU\u2019s kemikalielovgivning (REACH).\" \/>\n<meta property=\"og:url\" content=\"https:\/\/thiim.com\/en\/reach\/\" \/>\n<meta property=\"og:site_name\" content=\"Thiim\" \/>\n<meta property=\"article:modified_time\" content=\"2026-02-04T13:29:01+00:00\" \/>\n<meta name=\"twitter:card\" content=\"summary_large_image\" \/>\n<meta name=\"twitter:label1\" content=\"Estimated reading time\" \/>\n\t<meta name=\"twitter:data1\" content=\"1 minute\" \/>\n<script type=\"application\/ld+json\" class=\"yoast-schema-graph\">{\"@context\":\"https:\/\/schema.org\",\"@graph\":[{\"@type\":\"WebPage\",\"@id\":\"https:\/\/thiim.com\/reach\/\",\"url\":\"https:\/\/thiim.com\/reach\/\",\"name\":\"REACH Compliance | Kemikalielovgivning | Thiim A\/S\",\"isPartOf\":{\"@id\":\"https:\/\/thiim.com\/#website\"},\"datePublished\":\"2025-09-19T12:30:02+00:00\",\"dateModified\":\"2026-02-04T13:29:01+00:00\",\"description\":\"L\u00e6s om REACH\u2011certificering hos Thiim \u2013 dokumentation for, at produkter overholder EU\u2019s kemikalielovgivning (REACH).\",\"inLanguage\":\"en-GB\",\"potentialAction\":[{\"@type\":\"ReadAction\",\"target\":[\"https:\/\/thiim.com\/reach\/\"]}]},{\"@type\":\"WebSite\",\"@id\":\"https:\/\/thiim.com\/#website\",\"url\":\"https:\/\/thiim.com\/\",\"name\":\"Thiim\",\"description\":\"\",\"publisher\":{\"@id\":\"https:\/\/thiim.com\/#organization\"},\"potentialAction\":[{\"@type\":\"SearchAction\",\"target\":{\"@type\":\"EntryPoint\",\"urlTemplate\":\"https:\/\/thiim.com\/?s={search_term_string}\"},\"query-input\":{\"@type\":\"PropertyValueSpecification\",\"valueRequired\":true,\"valueName\":\"search_term_string\"}}],\"inLanguage\":\"en-GB\"},{\"@type\":\"Organization\",\"@id\":\"https:\/\/thiim.com\/#organization\",\"name\":\"Thiim\",\"url\":\"https:\/\/thiim.com\/\",\"logo\":{\"@type\":\"ImageObject\",\"inLanguage\":\"en-GB\",\"@id\":\"https:\/\/thiim.com\/#\/schema\/logo\/image\/\",\"url\":\"https:\/\/thiim.com\/wp-content\/uploads\/Thiim_rgb_uramme.svg\",\"contentUrl\":\"https:\/\/thiim.com\/wp-content\/uploads\/Thiim_rgb_uramme.svg\",\"width\":653.94,\"height\":121.95,\"caption\":\"Thiim\"},\"image\":{\"@id\":\"https:\/\/thiim.com\/#\/schema\/logo\/image\/\"}}]}<\/script>\n<!-- \/ Yoast SEO plugin. -->","yoast_head_json":{"title":"REACH Compliance | Chemical legislation | Thiim A\/S","description":"Read about REACH certification at Thiim - proof that products comply with the EU chemicals legislation (REACH).","robots":{"index":"index","follow":"follow","max-snippet":"max-snippet:-1","max-image-preview":"max-image-preview:large","max-video-preview":"max-video-preview:-1"},"canonical":"https:\/\/thiim.com\/en\/reach\/","og_locale":"en_GB","og_type":"article","og_title":"REACH Compliance | Kemikalielovgivning | Thiim A\/S","og_description":"L\u00e6s om REACH\u2011certificering hos Thiim \u2013 dokumentation for, at produkter overholder EU\u2019s kemikalielovgivning (REACH).","og_url":"https:\/\/thiim.com\/en\/reach\/","og_site_name":"Thiim","article_modified_time":"2026-02-04T13:29:01+00:00","twitter_card":"summary_large_image","twitter_misc":{"Estimated reading time":"1 minute"},"schema":{"@context":"https:\/\/schema.org","@graph":[{"@type":"WebPage","@id":"https:\/\/thiim.com\/reach\/","url":"https:\/\/thiim.com\/reach\/","name":"REACH Compliance | Chemical legislation | Thiim A\/S","isPartOf":{"@id":"https:\/\/thiim.com\/#website"},"datePublished":"2025-09-19T12:30:02+00:00","dateModified":"2026-02-04T13:29:01+00:00","description":"Read about REACH certification at Thiim - proof that products comply with the EU chemicals legislation (REACH).","inLanguage":"en-GB","potentialAction":[{"@type":"ReadAction","target":["https:\/\/thiim.com\/reach\/"]}]},{"@type":"WebSite","@id":"https:\/\/thiim.com\/#website","url":"https:\/\/thiim.com\/","name":"Thiim","description":"","publisher":{"@id":"https:\/\/thiim.com\/#organization"},"potentialAction":[{"@type":"SearchAction","target":{"@type":"EntryPoint","urlTemplate":"https:\/\/thiim.com\/?s={search_term_string}"},"query-input":{"@type":"PropertyValueSpecification","valueRequired":true,"valueName":"search_term_string"}}],"inLanguage":"en-GB"},{"@type":"Organization","@id":"https:\/\/thiim.com\/#organization","name":"Thiim","url":"https:\/\/thiim.com\/","logo":{"@type":"ImageObject","inLanguage":"en-GB","@id":"https:\/\/thiim.com\/#\/schema\/logo\/image\/","url":"https:\/\/thiim.com\/wp-content\/uploads\/Thiim_rgb_uramme.svg","contentUrl":"https:\/\/thiim.com\/wp-content\/uploads\/Thiim_rgb_uramme.svg","width":653.94,"height":121.95,"caption":"Thiim"},"image":{"@id":"https:\/\/thiim.com\/#\/schema\/logo\/image\/"}}]}},"_links":{"self":[{"href":"https:\/\/thiim.com\/en\/wp-json\/wp\/v2\/pages\/5508","targetHints":{"allow":["GET"]}}],"collection":[{"href":"https:\/\/thiim.com\/en\/wp-json\/wp\/v2\/pages"}],"about":[{"href":"https:\/\/thiim.com\/en\/wp-json\/wp\/v2\/types\/page"}],"author":[{"embeddable":true,"href":"https:\/\/thiim.com\/en\/wp-json\/wp\/v2\/users\/3"}],"replies":[{"embeddable":true,"href":"https:\/\/thiim.com\/en\/wp-json\/wp\/v2\/comments?post=5508"}],"version-history":[{"count":11,"href":"https:\/\/thiim.com\/en\/wp-json\/wp\/v2\/pages\/5508\/revisions"}],"predecessor-version":[{"id":9293,"href":"https:\/\/thiim.com\/en\/wp-json\/wp\/v2\/pages\/5508\/revisions\/9293"}],"wp:attachment":[{"href":"https:\/\/thiim.com\/en\/wp-json\/wp\/v2\/media?parent=5508"}],"curies":[{"name":"wp","href":"https:\/\/api.w.org\/{rel}","templated":true}]}}