{"id":5516,"date":"2025-09-19T14:39:53","date_gmt":"2025-09-19T12:39:53","guid":{"rendered":"https:\/\/thiim.com\/?page_id=5516"},"modified":"2026-02-04T14:28:03","modified_gmt":"2026-02-04T13:28:03","slug":"3tg","status":"publish","type":"page","link":"https:\/\/thiim.com\/en\/3tg\/","title":{"rendered":"3TG"},"content":{"rendered":"<div data-elementor-type=\"wp-post\" data-elementor-id=\"5516\" class=\"elementor elementor-5516\" data-elementor-post-type=\"page\">\n\t\t\t\t<div class=\"elementor-element elementor-element-61d69d9a e-flex e-con-boxed e-con e-parent\" data-id=\"61d69d9a\" data-element_type=\"container\" data-e-type=\"container\" data-settings=\"{&quot;background_background&quot;:&quot;classic&quot;}\">\n\t\t\t\t\t<div class=\"e-con-inner\">\n\t\t<div class=\"elementor-element elementor-element-6bf277f9 e-con-full e-flex e-con e-child\" data-id=\"6bf277f9\" data-element_type=\"container\" data-e-type=\"container\" data-settings=\"{&quot;background_background&quot;:&quot;classic&quot;}\">\n\t\t<div class=\"elementor-element elementor-element-9889b58 e-con-full e-flex e-con e-child\" data-id=\"9889b58\" data-element_type=\"container\" data-e-type=\"container\">\n\t\t\t\t<\/div>\n\t\t\t\t<\/div>\n\t\t\t\t\t<\/div>\n\t\t\t\t<\/div>\n\t\t<div class=\"elementor-element elementor-element-9a76846 e-flex e-con-boxed e-con e-parent\" data-id=\"9a76846\" data-element_type=\"container\" data-e-type=\"container\" data-settings=\"{&quot;background_background&quot;:&quot;classic&quot;}\">\n\t\t\t\t\t<div class=\"e-con-inner\">\n\t\t<div class=\"elementor-element elementor-element-10d4fc2 e-con-full e-flex e-con e-child\" data-id=\"10d4fc2\" data-element_type=\"container\" data-e-type=\"container\">\n\t\t<div class=\"elementor-element elementor-element-bcf8d31 e-con-full e-flex e-con e-child\" data-id=\"bcf8d31\" data-element_type=\"container\" data-e-type=\"container\">\n\t\t<div class=\"elementor-element elementor-element-eee09ce e-con-full e-flex e-con e-child\" data-id=\"eee09ce\" data-element_type=\"container\" data-e-type=\"container\">\n\t\t\t\t<div class=\"elementor-element elementor-element-ff58315 elementor-widget elementor-widget-text-editor\" data-id=\"ff58315\" data-element_type=\"widget\" data-e-type=\"widget\" data-widget_type=\"text-editor.default\">\n\t\t\t\t<div class=\"elementor-widget-container\">\n\t\t\t\t\t\t\t\t\t<h2><strong>3TG certificate<\/strong><\/h2><p class=\"p1\"><span class=\"s1\"><b>3TG certification is about the responsible use of tin, tantalum, tungsten (tungsten) and gold - the so-called conflict minerals.<\/b><\/span><\/p><p class=\"p1\">The certificate documents that the materials do not originate from mines that finance armed conflicts or cause gross human rights violations.<\/p><p class=\"p1\">This is a guarantee that the product is manufactured under ethically sound conditions and in accordance with international guidelines.<\/p>\t\t\t\t\t\t\t\t<\/div>\n\t\t\t\t<\/div>\n\t\t\t\t<\/div>\n\t\t\t\t<\/div>\n\t\t\t\t<\/div>\n\t\t\t\t\t<\/div>\n\t\t\t\t<\/div>\n\t\t<div class=\"elementor-element elementor-element-3cba128 e-flex e-con-boxed e-con e-parent\" data-id=\"3cba128\" data-element_type=\"container\" data-e-type=\"container\">\n\t\t\t\t\t<div class=\"e-con-inner\">\n\t\t\t\t<div class=\"elementor-element elementor-element-d1ee6b5 elementor-mobile-align-justify elementor-widget-mobile__width-inherit elementor-align-center elementor-widget elementor-widget-button\" data-id=\"d1ee6b5\" data-element_type=\"widget\" data-e-type=\"widget\" data-widget_type=\"button.default\">\n\t\t\t\t<div class=\"elementor-widget-container\">\n\t\t\t\t\t\t\t\t\t<div class=\"elementor-button-wrapper\">\n\t\t\t\t\t<a class=\"elementor-button elementor-button-link elementor-size-sm elementor-animation-float\" href=\"https:\/\/indd.adobe.com\/view\/7457afdc-cbc4-4f8b-b98d-af44a68e2ec1\" target=\"_blank\">\n\t\t\t\t\t\t<span class=\"elementor-button-content-wrapper\">\n\t\t\t\t\t\t\t\t\t<span class=\"elementor-button-text\">See the certificate<\/span>\n\t\t\t\t\t<\/span>\n\t\t\t\t\t<\/a>\n\t\t\t\t<\/div>\n\t\t\t\t\t\t\t\t<\/div>\n\t\t\t\t<\/div>\n\t\t\t\t\t<\/div>\n\t\t\t\t<\/div>\n\t\t\t\t<\/div>","protected":false},"excerpt":{"rendered":"<p>3TG-certifikat 3TG-certificering handler om ansvarlig brug af tin, tantal, wolfram (tungsten) og guld \u2013 de s\u00e5kaldte konfliktmineraler. Certifikatet dokumenterer, at materialerne ikke stammer fra miner, der finansierer v\u00e6bnede konflikter eller medf\u00f8rer grove brud p\u00e5 menneskerettighederne. Det er alts\u00e5 en garanti for, at produktet er fremstillet under etisk forsvarlige forhold og i overensstemmelse med internationale retningslinjer. [&hellip;]<\/p>\n","protected":false},"author":3,"featured_media":0,"parent":0,"menu_order":0,"comment_status":"closed","ping_status":"closed","template":"","meta":{"_acf_changed":false,"footnotes":""},"class_list":["post-5516","page","type-page","status-publish","hentry"],"acf":[],"yoast_head":"<!-- This site is optimized with the Yoast SEO plugin v26.6 - https:\/\/yoast.com\/wordpress\/plugins\/seo\/ -->\n<title>3TG Compliance | Ansvarlig Leverand\u00f8rk\u00e6de | Thiim A\/S<\/title>\n<meta name=\"description\" content=\"L\u00e6s om Thiims 3TG-compliance og ansvarlig sourcing af tin, tantal, tungsten og guld. Dokumentation for conflict minerals i leverand\u00f8rk\u00e6den.\" \/>\n<meta name=\"robots\" content=\"index, follow, max-snippet:-1, max-image-preview:large, max-video-preview:-1\" \/>\n<link rel=\"canonical\" href=\"https:\/\/thiim.com\/en\/3tg\/\" \/>\n<meta property=\"og:locale\" content=\"en_GB\" \/>\n<meta property=\"og:type\" content=\"article\" \/>\n<meta property=\"og:title\" content=\"3TG Compliance | Ansvarlig Leverand\u00f8rk\u00e6de | Thiim A\/S\" \/>\n<meta property=\"og:description\" content=\"L\u00e6s om Thiims 3TG-compliance og ansvarlig sourcing af tin, tantal, tungsten og guld. Dokumentation for conflict minerals i leverand\u00f8rk\u00e6den.\" \/>\n<meta property=\"og:url\" content=\"https:\/\/thiim.com\/en\/3tg\/\" \/>\n<meta property=\"og:site_name\" content=\"Thiim\" \/>\n<meta property=\"article:modified_time\" content=\"2026-02-04T13:28:03+00:00\" \/>\n<meta name=\"twitter:card\" content=\"summary_large_image\" \/>\n<meta name=\"twitter:label1\" content=\"Estimated reading time\" \/>\n\t<meta name=\"twitter:data1\" content=\"1 minute\" \/>\n<script type=\"application\/ld+json\" class=\"yoast-schema-graph\">{\"@context\":\"https:\/\/schema.org\",\"@graph\":[{\"@type\":\"WebPage\",\"@id\":\"https:\/\/thiim.com\/3tg\/\",\"url\":\"https:\/\/thiim.com\/3tg\/\",\"name\":\"3TG Compliance | Ansvarlig Leverand\u00f8rk\u00e6de | Thiim A\/S\",\"isPartOf\":{\"@id\":\"https:\/\/thiim.com\/#website\"},\"datePublished\":\"2025-09-19T12:39:53+00:00\",\"dateModified\":\"2026-02-04T13:28:03+00:00\",\"description\":\"L\u00e6s om Thiims 3TG-compliance og ansvarlig sourcing af tin, tantal, tungsten og guld. Dokumentation for conflict minerals i leverand\u00f8rk\u00e6den.\",\"inLanguage\":\"en-GB\",\"potentialAction\":[{\"@type\":\"ReadAction\",\"target\":[\"https:\/\/thiim.com\/3tg\/\"]}]},{\"@type\":\"WebSite\",\"@id\":\"https:\/\/thiim.com\/#website\",\"url\":\"https:\/\/thiim.com\/\",\"name\":\"Thiim\",\"description\":\"\",\"publisher\":{\"@id\":\"https:\/\/thiim.com\/#organization\"},\"potentialAction\":[{\"@type\":\"SearchAction\",\"target\":{\"@type\":\"EntryPoint\",\"urlTemplate\":\"https:\/\/thiim.com\/?s={search_term_string}\"},\"query-input\":{\"@type\":\"PropertyValueSpecification\",\"valueRequired\":true,\"valueName\":\"search_term_string\"}}],\"inLanguage\":\"en-GB\"},{\"@type\":\"Organization\",\"@id\":\"https:\/\/thiim.com\/#organization\",\"name\":\"Thiim\",\"url\":\"https:\/\/thiim.com\/\",\"logo\":{\"@type\":\"ImageObject\",\"inLanguage\":\"en-GB\",\"@id\":\"https:\/\/thiim.com\/#\/schema\/logo\/image\/\",\"url\":\"https:\/\/thiim.com\/wp-content\/uploads\/Thiim_rgb_uramme.svg\",\"contentUrl\":\"https:\/\/thiim.com\/wp-content\/uploads\/Thiim_rgb_uramme.svg\",\"width\":653.94,\"height\":121.95,\"caption\":\"Thiim\"},\"image\":{\"@id\":\"https:\/\/thiim.com\/#\/schema\/logo\/image\/\"}}]}<\/script>\n<!-- \/ Yoast SEO plugin. -->","yoast_head_json":{"title":"3TG Compliance | Responsible Supply Chain | Thiim A\/S","description":"Read about Thiim's 3TG compliance and responsible sourcing of tin, tantalum, tungsten and gold. Documentation for conflict minerals in the supply chain.","robots":{"index":"index","follow":"follow","max-snippet":"max-snippet:-1","max-image-preview":"max-image-preview:large","max-video-preview":"max-video-preview:-1"},"canonical":"https:\/\/thiim.com\/en\/3tg\/","og_locale":"en_GB","og_type":"article","og_title":"3TG Compliance | Ansvarlig Leverand\u00f8rk\u00e6de | Thiim A\/S","og_description":"L\u00e6s om Thiims 3TG-compliance og ansvarlig sourcing af tin, tantal, tungsten og guld. Dokumentation for conflict minerals i leverand\u00f8rk\u00e6den.","og_url":"https:\/\/thiim.com\/en\/3tg\/","og_site_name":"Thiim","article_modified_time":"2026-02-04T13:28:03+00:00","twitter_card":"summary_large_image","twitter_misc":{"Estimated reading time":"1 minute"},"schema":{"@context":"https:\/\/schema.org","@graph":[{"@type":"WebPage","@id":"https:\/\/thiim.com\/3tg\/","url":"https:\/\/thiim.com\/3tg\/","name":"3TG Compliance | Responsible Supply Chain | Thiim A\/S","isPartOf":{"@id":"https:\/\/thiim.com\/#website"},"datePublished":"2025-09-19T12:39:53+00:00","dateModified":"2026-02-04T13:28:03+00:00","description":"Read about Thiim's 3TG compliance and responsible sourcing of tin, tantalum, tungsten and gold. Documentation for conflict minerals in the supply chain.","inLanguage":"en-GB","potentialAction":[{"@type":"ReadAction","target":["https:\/\/thiim.com\/3tg\/"]}]},{"@type":"WebSite","@id":"https:\/\/thiim.com\/#website","url":"https:\/\/thiim.com\/","name":"Thiim","description":"","publisher":{"@id":"https:\/\/thiim.com\/#organization"},"potentialAction":[{"@type":"SearchAction","target":{"@type":"EntryPoint","urlTemplate":"https:\/\/thiim.com\/?s={search_term_string}"},"query-input":{"@type":"PropertyValueSpecification","valueRequired":true,"valueName":"search_term_string"}}],"inLanguage":"en-GB"},{"@type":"Organization","@id":"https:\/\/thiim.com\/#organization","name":"Thiim","url":"https:\/\/thiim.com\/","logo":{"@type":"ImageObject","inLanguage":"en-GB","@id":"https:\/\/thiim.com\/#\/schema\/logo\/image\/","url":"https:\/\/thiim.com\/wp-content\/uploads\/Thiim_rgb_uramme.svg","contentUrl":"https:\/\/thiim.com\/wp-content\/uploads\/Thiim_rgb_uramme.svg","width":653.94,"height":121.95,"caption":"Thiim"},"image":{"@id":"https:\/\/thiim.com\/#\/schema\/logo\/image\/"}}]}},"_links":{"self":[{"href":"https:\/\/thiim.com\/en\/wp-json\/wp\/v2\/pages\/5516","targetHints":{"allow":["GET"]}}],"collection":[{"href":"https:\/\/thiim.com\/en\/wp-json\/wp\/v2\/pages"}],"about":[{"href":"https:\/\/thiim.com\/en\/wp-json\/wp\/v2\/types\/page"}],"author":[{"embeddable":true,"href":"https:\/\/thiim.com\/en\/wp-json\/wp\/v2\/users\/3"}],"replies":[{"embeddable":true,"href":"https:\/\/thiim.com\/en\/wp-json\/wp\/v2\/comments?post=5516"}],"version-history":[{"count":20,"href":"https:\/\/thiim.com\/en\/wp-json\/wp\/v2\/pages\/5516\/revisions"}],"predecessor-version":[{"id":9290,"href":"https:\/\/thiim.com\/en\/wp-json\/wp\/v2\/pages\/5516\/revisions\/9290"}],"wp:attachment":[{"href":"https:\/\/thiim.com\/en\/wp-json\/wp\/v2\/media?parent=5516"}],"curies":[{"name":"wp","href":"https:\/\/api.w.org\/{rel}","templated":true}]}}