{"id":9354,"date":"2026-02-16T13:43:50","date_gmt":"2026-02-16T12:43:50","guid":{"rendered":"https:\/\/thiim.com\/?page_id=9354"},"modified":"2026-02-16T14:29:19","modified_gmt":"2026-02-16T13:29:19","slug":"atex-suppliers","status":"publish","type":"page","link":"https:\/\/thiim.com\/en\/atex\/atex-leverandoerer\/","title":{"rendered":"ATEX suppliers"},"content":{"rendered":"<div data-elementor-type=\"wp-page\" data-elementor-id=\"9354\" class=\"elementor elementor-9354\" data-elementor-post-type=\"page\">\n\t\t\t\t<div class=\"elementor-element elementor-element-0fafeb4 e-flex e-con-boxed e-con e-parent\" data-id=\"0fafeb4\" data-element_type=\"container\" data-e-type=\"container\" data-settings=\"{&quot;background_background&quot;:&quot;classic&quot;}\">\n\t\t\t\t\t<div class=\"e-con-inner\">\n\t\t<div class=\"elementor-element elementor-element-ccd8dc3 e-con-full e-flex e-con e-child\" data-id=\"ccd8dc3\" data-element_type=\"container\" data-e-type=\"container\" data-settings=\"{&quot;background_background&quot;:&quot;classic&quot;}\">\n\t\t<div class=\"elementor-element elementor-element-b4d195c e-con-full e-flex e-con e-child\" data-id=\"b4d195c\" data-element_type=\"container\" data-e-type=\"container\">\n\t\t\t\t<div class=\"elementor-element elementor-element-8746b1f elementor-widget elementor-widget-breadcrumbs\" data-id=\"8746b1f\" data-element_type=\"widget\" data-e-type=\"widget\" data-widget_type=\"breadcrumbs.default\">\n\t\t\t\t<div class=\"elementor-widget-container\">\n\t\t\t\t\t<p id=\"breadcrumbs\"><\/p>\t\t\t\t<\/div>\n\t\t\t\t<\/div>\n\t\t\t\t<\/div>\n\t\t\t\t<\/div>\n\t\t\t\t\t<\/div>\n\t\t\t\t<\/div>\n\t\t<div class=\"elementor-element elementor-element-4c30839 e-flex e-con-boxed e-con e-parent\" data-id=\"4c30839\" data-element_type=\"container\" data-e-type=\"container\">\n\t\t\t\t\t<div class=\"e-con-inner\">\n\t\t<div class=\"elementor-element elementor-element-9f523a6 e-con-full e-flex e-con e-child\" data-id=\"9f523a6\" data-element_type=\"container\" data-e-type=\"container\">\n\t\t\t\t<div class=\"elementor-element elementor-element-b2a9f8c elementor-widget__width-initial elementor-widget elementor-widget-heading\" data-id=\"b2a9f8c\" data-element_type=\"widget\" data-e-type=\"widget\" data-widget_type=\"heading.default\">\n\t\t\t\t<div class=\"elementor-widget-container\">\n\t\t\t\t\t<h2 class=\"elementor-heading-title elementor-size-default\">Our suppliers - selected with care<\/h2>\t\t\t\t<\/div>\n\t\t\t\t<\/div>\n\t\t<div class=\"elementor-element elementor-element-35005ab e-con-full e-flex e-con e-child\" data-id=\"35005ab\" data-element_type=\"container\" data-e-type=\"container\">\n\t\t<div class=\"elementor-element elementor-element-ac00884 e-con-full e-flex e-con e-child\" data-id=\"ac00884\" data-element_type=\"container\" data-e-type=\"container\">\n\t\t\t\t<div class=\"elementor-element elementor-element-46e3ad1 elementor-widget elementor-widget-text-editor\" data-id=\"46e3ad1\" data-element_type=\"widget\" data-e-type=\"widget\" data-widget_type=\"text-editor.default\">\n\t\t\t\t<div class=\"elementor-widget-container\">\n\t\t\t\t\t\t\t\t\t<p><span data-contrast=\"auto\">For us, quality, integrity and trust go hand in hand - and this also applies to our choice of business partners. We only work with suppliers who share our core values: reliability, integrity and responsibility.<\/span><span data-ccp-props=\"{&quot;134233117&quot;:true,&quot;134233118&quot;:true}\">\u00a0<\/span><\/p><p><span data-contrast=\"auto\">Our supplier relationships are not random; they are the result of careful selection and long-term partnerships built on mutual respect and a shared ambition to deliver technically strong and reliable products.<\/span><span data-ccp-props=\"{&quot;134233117&quot;:true,&quot;134233118&quot;:true}\">\u00a0<\/span><\/p><p><span data-contrast=\"auto\">When you shop with us, you can rest assured that both we and our suppliers stand behind the quality and support you receive.<\/span><span data-ccp-props=\"{&quot;134233117&quot;:true,&quot;134233118&quot;:true}\">\u00a0<\/span><\/p>\t\t\t\t\t\t\t\t<\/div>\n\t\t\t\t<\/div>\n\t\t\t\t<\/div>\n\t\t<div class=\"elementor-element elementor-element-993455f e-con-full e-flex e-con e-child\" data-id=\"993455f\" data-element_type=\"container\" data-e-type=\"container\" data-settings=\"{&quot;background_background&quot;:&quot;classic&quot;}\">\n\t\t\t\t<div class=\"elementor-element elementor-element-0c77f66 elementor-widget elementor-widget-image\" data-id=\"0c77f66\" data-element_type=\"widget\" data-e-type=\"widget\" data-widget_type=\"image.default\">\n\t\t\t\t<div class=\"elementor-widget-container\">\n\t\t\t\t\t\t\t\t\t\t\t\t\t\t\t<img fetchpriority=\"high\" decoding=\"async\" width=\"800\" height=\"550\" src=\"https:\/\/thiim.com\/wp-content\/uploads\/Kategoribilleder_L2_Kat-billede-ATEX-lev.jpg\" class=\"attachment-large size-large wp-image-9395\" alt=\"\" srcset=\"https:\/\/thiim.com\/wp-content\/uploads\/Kategoribilleder_L2_Kat-billede-ATEX-lev.jpg.webp 800w, https:\/\/thiim.com\/wp-content\/uploads\/Kategoribilleder_L2_Kat-billede-ATEX-lev-300x206.jpg.webp 300w, https:\/\/thiim.com\/wp-content\/uploads\/Kategoribilleder_L2_Kat-billede-ATEX-lev-768x528.jpg.webp 768w, https:\/\/thiim.com\/wp-content\/uploads\/Kategoribilleder_L2_Kat-billede-ATEX-lev-18x12.jpg.webp 18w\" sizes=\"(max-width: 800px) 100vw, 800px\" \/>\t\t\t\t\t\t\t\t\t\t\t\t\t\t\t<\/div>\n\t\t\t\t<\/div>\n\t\t\t\t<\/div>\n\t\t\t\t<\/div>\n\t\t\t\t<\/div>\n\t\t<div class=\"elementor-element elementor-element-ce988f2 e-con-full e-grid e-con e-child\" data-id=\"ce988f2\" data-element_type=\"container\" data-e-type=\"container\">\n\t\t<div class=\"elementor-element elementor-element-deb5c7b e-con-full e-flex elementor-invisible e-con e-child\" data-id=\"deb5c7b\" data-element_type=\"container\" data-e-type=\"container\" data-settings=\"{&quot;animation&quot;:&quot;slideInUp&quot;}\">\n\t\t\t\t<div class=\"elementor-element elementor-element-6ffa6ab elementor-position-top elementor-widget elementor-widget-image-box\" data-id=\"6ffa6ab\" data-element_type=\"widget\" data-e-type=\"widget\" data-widget_type=\"image-box.default\">\n\t\t\t\t<div class=\"elementor-widget-container\">\n\t\t\t\t\t<div class=\"elementor-image-box-wrapper\"><figure class=\"elementor-image-box-img\"><img decoding=\"async\" width=\"800\" height=\"550\" src=\"https:\/\/thiim.com\/wp-content\/uploads\/Kategoribilleder_EL-komp_Leverandor_KN.jpg\" class=\"attachment-full size-full wp-image-5711\" alt=\"\" srcset=\"https:\/\/thiim.com\/wp-content\/uploads\/Kategoribilleder_EL-komp_Leverandor_KN.jpg 800w, https:\/\/thiim.com\/wp-content\/uploads\/Kategoribilleder_EL-komp_Leverandor_KN-300x206.jpg 300w, https:\/\/thiim.com\/wp-content\/uploads\/Kategoribilleder_EL-komp_Leverandor_KN-768x528.jpg 768w\" sizes=\"(max-width: 800px) 100vw, 800px\" \/><\/figure><div class=\"elementor-image-box-content\"><h3 class=\"elementor-image-box-title\">Kraus &amp; Naimer<\/h3><p class=\"elementor-image-box-description\">For decades, we have worked with Kraus &amp; Naimer - a market-leading manufacturer of electrical switches and contacts, founded in Vienna in 1907 by Franz Kraus and Lorenz Naimer.\n\nKraus &amp; Naimer is known for their technical innovations, such as the modular cam switch and the world's smallest cam switch\n\nWith six factories worldwide and over 900 employees, they offer customised solutions with high quality and flexibility - also in small series.\n\nOur partnership ensures that we can deliver reliable and certified product solutions that match your needs - with the guarantee that comes with a leading manufacturer like Kraus &amp; Naimer.<\/p><\/div><\/div>\t\t\t\t<\/div>\n\t\t\t\t<\/div>\n\t\t\t\t<\/div>\n\t\t<div class=\"elementor-element elementor-element-638d6e9 e-con-full e-flex elementor-invisible e-con e-child\" data-id=\"638d6e9\" data-element_type=\"container\" data-e-type=\"container\" data-settings=\"{&quot;animation&quot;:&quot;slideInUp&quot;}\">\n\t\t\t\t<div class=\"elementor-element elementor-element-498e97e elementor-position-top elementor-widget elementor-widget-image-box\" data-id=\"498e97e\" data-element_type=\"widget\" data-e-type=\"widget\" data-widget_type=\"image-box.default\">\n\t\t\t\t<div class=\"elementor-widget-container\">\n\t\t\t\t\t<div class=\"elementor-image-box-wrapper\"><figure class=\"elementor-image-box-img\"><img decoding=\"async\" width=\"800\" height=\"550\" src=\"https:\/\/thiim.com\/wp-content\/uploads\/Kategoribilleder_EL-komp_Leverandor_Scame.jpg\" class=\"attachment-full size-full wp-image-5710\" alt=\"Scame\" srcset=\"https:\/\/thiim.com\/wp-content\/uploads\/Kategoribilleder_EL-komp_Leverandor_Scame.jpg 800w, https:\/\/thiim.com\/wp-content\/uploads\/Kategoribilleder_EL-komp_Leverandor_Scame-300x206.jpg 300w, https:\/\/thiim.com\/wp-content\/uploads\/Kategoribilleder_EL-komp_Leverandor_Scame-768x528.jpg 768w\" sizes=\"(max-width: 800px) 100vw, 800px\" \/><\/figure><div class=\"elementor-image-box-content\"><h3 class=\"elementor-image-box-title\">Scame<\/h3><p class=\"elementor-image-box-description\">Scame is an Italian manufacturer with many years of experience and strong expertise in industrial connectors, switches and electrical components. They are particularly known for their wide range of ATEX-approved solutions that meet high demands for safety in explosive environments.\n\nThrough our partnership with Scame, we can offer a wide range of robust and certified ATEX products so that our customers always have access to safe and reliable solutions - even for the most demanding installations.<\/p><\/div><\/div>\t\t\t\t<\/div>\n\t\t\t\t<\/div>\n\t\t\t\t<\/div>\n\t\t<div class=\"elementor-element elementor-element-0ed270a e-con-full e-flex elementor-invisible e-con e-child\" data-id=\"0ed270a\" data-element_type=\"container\" data-e-type=\"container\" data-settings=\"{&quot;animation&quot;:&quot;slideInUp&quot;}\">\n\t\t\t\t<div class=\"elementor-element elementor-element-dc8fb80 elementor-position-top elementor-widget elementor-widget-image-box\" data-id=\"dc8fb80\" data-element_type=\"widget\" data-e-type=\"widget\" data-widget_type=\"image-box.default\">\n\t\t\t\t<div class=\"elementor-widget-container\">\n\t\t\t\t\t<div class=\"elementor-image-box-wrapper\"><figure class=\"elementor-image-box-img\"><img loading=\"lazy\" decoding=\"async\" width=\"800\" height=\"550\" src=\"https:\/\/thiim.com\/wp-content\/uploads\/Leverandor_logo_Moxa.jpg\" class=\"attachment-full size-full wp-image-8169\" alt=\"\" srcset=\"https:\/\/thiim.com\/wp-content\/uploads\/Leverandor_logo_Moxa.jpg 800w, https:\/\/thiim.com\/wp-content\/uploads\/Leverandor_logo_Moxa-300x206.jpg 300w, https:\/\/thiim.com\/wp-content\/uploads\/Leverandor_logo_Moxa-768x528.jpg 768w\" sizes=\"(max-width: 800px) 100vw, 800px\" \/><\/figure><div class=\"elementor-image-box-content\"><h3 class=\"elementor-image-box-title\">Moxa<\/h3><p class=\"elementor-image-box-description\">Moxa is a global leader in industrial networking solutions, including Ethernet switches, PoE switches, and secure routers with advanced cybersecurity features according to the IEC 62443-4-2 standard. In addition to the wide standard range, Moxa also offers ATEX-approved products with the same well-known high quality and robustness.\n\nWe use Moxa as a central supplier of ATEX solutions for industrial IT, where there are special requirements for both reliability and certification. We have been the exclusive distributor of Moxa products in Denmark for the past 25 years.<\/p><\/div><\/div>\t\t\t\t<\/div>\n\t\t\t\t<\/div>\n\t\t\t\t<\/div>\n\t\t\t\t<\/div>\n\t\t\t\t\t<\/div>\n\t\t\t\t<\/div>\n\t\t<div class=\"elementor-element elementor-element-b703c80 e-flex e-con-boxed e-con e-parent\" data-id=\"b703c80\" data-element_type=\"container\" data-e-type=\"container\">\n\t\t\t\t\t<div class=\"e-con-inner\">\n\t\t<div class=\"elementor-element elementor-element-6a9ce50 e-con-full e-flex e-con e-child\" data-id=\"6a9ce50\" data-element_type=\"container\" data-e-type=\"container\">\n\t\t\t\t<div class=\"elementor-element elementor-element-2efabb1 elementor-widget elementor-widget-text-editor\" data-id=\"2efabb1\" data-element_type=\"widget\" data-e-type=\"widget\" data-widget_type=\"text-editor.default\">\n\t\t\t\t<div class=\"elementor-widget-container\">\n\t\t\t\t\t\t\t\t\t<h3>See our range of ATEX components<\/h3>\t\t\t\t\t\t\t\t<\/div>\n\t\t\t\t<\/div>\n\t\t\t\t<div class=\"elementor-element elementor-element-5e27054 elementor-mobile-align-justify elementor-widget-mobile__width-inherit elementor-align-center elementor-widget elementor-widget-button\" data-id=\"5e27054\" data-element_type=\"widget\" data-e-type=\"widget\" data-widget_type=\"button.default\">\n\t\t\t\t<div class=\"elementor-widget-container\">\n\t\t\t\t\t\t\t\t\t<div class=\"elementor-button-wrapper\">\n\t\t\t\t\t<a class=\"elementor-button elementor-button-link elementor-size-sm elementor-animation-float\" href=\"https:\/\/thiim.com\/en\/atex\/atex-komponenter\/\">\n\t\t\t\t\t\t<span class=\"elementor-button-content-wrapper\">\n\t\t\t\t\t\t\t\t\t<span class=\"elementor-button-text\">Go to ATEX components<\/span>\n\t\t\t\t\t<\/span>\n\t\t\t\t\t<\/a>\n\t\t\t\t<\/div>\n\t\t\t\t\t\t\t\t<\/div>\n\t\t\t\t<\/div>\n\t\t\t\t<\/div>\n\t\t\t\t\t<\/div>\n\t\t\t\t<\/div>\n\t\t\t\t<\/div>","protected":false},"excerpt":{"rendered":"<p>Vores leverand\u00f8rer \u2013 udvalgt med omtanke Hos os g\u00e5r kvalitet, ordentlighed og tillid h\u00e5nd i h\u00e5nd \u2013 og det g\u00e6lder ogs\u00e5 i valget af vores samarbejdspartnere. Vi samarbejder udelukkende med leverand\u00f8rer, der deler vores kernev\u00e6rdier: p\u00e5lidelighed, integritet og ansvarlighed.\u00a0 Vores leverand\u00f8rrelationer er ikke tilf\u00e6ldige; de er et resultat af omhyggelig udv\u00e6lgelse og langvarige samarbejder, som [&hellip;]<\/p>\n","protected":false},"author":3,"featured_media":0,"parent":9321,"menu_order":0,"comment_status":"closed","ping_status":"closed","template":"","meta":{"_acf_changed":false,"footnotes":""},"class_list":["post-9354","page","type-page","status-publish","hentry"],"acf":[],"yoast_head":"<!-- This site is optimized with the Yoast SEO plugin v26.6 - https:\/\/yoast.com\/wordpress\/plugins\/seo\/ -->\n<title>ATEX-leverand\u00f8rer - Thiim<\/title>\n<meta name=\"robots\" content=\"index, follow, max-snippet:-1, max-image-preview:large, max-video-preview:-1\" \/>\n<link rel=\"canonical\" href=\"https:\/\/thiim.com\/en\/atex\/atex-suppliers\/\" \/>\n<meta property=\"og:locale\" content=\"en_GB\" \/>\n<meta property=\"og:type\" content=\"article\" \/>\n<meta property=\"og:title\" content=\"ATEX-leverand\u00f8rer - Thiim\" \/>\n<meta property=\"og:description\" content=\"Vores leverand\u00f8rer \u2013 udvalgt med omtanke Hos os g\u00e5r kvalitet, ordentlighed og tillid h\u00e5nd i h\u00e5nd \u2013 og det g\u00e6lder ogs\u00e5 i valget af vores samarbejdspartnere. Vi samarbejder udelukkende med leverand\u00f8rer, der deler vores kernev\u00e6rdier: p\u00e5lidelighed, integritet og ansvarlighed.\u00a0 Vores leverand\u00f8rrelationer er ikke tilf\u00e6ldige; de er et resultat af omhyggelig udv\u00e6lgelse og langvarige samarbejder, som [&hellip;]\" \/>\n<meta property=\"og:url\" content=\"https:\/\/thiim.com\/en\/atex\/atex-suppliers\/\" \/>\n<meta property=\"og:site_name\" content=\"Thiim\" \/>\n<meta property=\"article:modified_time\" content=\"2026-02-16T13:29:19+00:00\" \/>\n<meta property=\"og:image\" content=\"https:\/\/thiim.com\/wp-content\/uploads\/Kategoribilleder_L2_Kat-billede-ATEX-lev.jpg\" \/>\n\t<meta property=\"og:image:width\" content=\"800\" \/>\n\t<meta property=\"og:image:height\" content=\"550\" \/>\n\t<meta property=\"og:image:type\" content=\"image\/jpeg\" \/>\n<meta name=\"twitter:card\" content=\"summary_large_image\" \/>\n<meta name=\"twitter:label1\" content=\"Estimated reading time\" \/>\n\t<meta name=\"twitter:data1\" content=\"3 minutes\" \/>\n<script type=\"application\/ld+json\" class=\"yoast-schema-graph\">{\"@context\":\"https:\/\/schema.org\",\"@graph\":[{\"@type\":\"WebPage\",\"@id\":\"https:\/\/thiim.com\/atex\/atex-leverandoerer\/\",\"url\":\"https:\/\/thiim.com\/atex\/atex-leverandoerer\/\",\"name\":\"ATEX-leverand\u00f8rer - Thiim\",\"isPartOf\":{\"@id\":\"https:\/\/thiim.com\/#website\"},\"primaryImageOfPage\":{\"@id\":\"https:\/\/thiim.com\/atex\/atex-leverandoerer\/#primaryimage\"},\"image\":{\"@id\":\"https:\/\/thiim.com\/atex\/atex-leverandoerer\/#primaryimage\"},\"thumbnailUrl\":\"https:\/\/thiim.com\/wp-content\/uploads\/Kategoribilleder_L2_Kat-billede-ATEX-lev.jpg\",\"datePublished\":\"2026-02-16T12:43:50+00:00\",\"dateModified\":\"2026-02-16T13:29:19+00:00\",\"breadcrumb\":{\"@id\":\"https:\/\/thiim.com\/atex\/atex-leverandoerer\/#breadcrumb\"},\"inLanguage\":\"en-GB\",\"potentialAction\":[{\"@type\":\"ReadAction\",\"target\":[\"https:\/\/thiim.com\/atex\/atex-leverandoerer\/\"]}]},{\"@type\":\"ImageObject\",\"inLanguage\":\"en-GB\",\"@id\":\"https:\/\/thiim.com\/atex\/atex-leverandoerer\/#primaryimage\",\"url\":\"https:\/\/thiim.com\/wp-content\/uploads\/Kategoribilleder_L2_Kat-billede-ATEX-lev.jpg\",\"contentUrl\":\"https:\/\/thiim.com\/wp-content\/uploads\/Kategoribilleder_L2_Kat-billede-ATEX-lev.jpg\"},{\"@type\":\"BreadcrumbList\",\"@id\":\"https:\/\/thiim.com\/atex\/atex-leverandoerer\/#breadcrumb\",\"itemListElement\":[{\"@type\":\"ListItem\",\"position\":1,\"name\":\"ATEX\",\"item\":\"https:\/\/thiim.com\/atex\/\"},{\"@type\":\"ListItem\",\"position\":2,\"name\":\"ATEX-leverand\u00f8rer\"}]},{\"@type\":\"WebSite\",\"@id\":\"https:\/\/thiim.com\/#website\",\"url\":\"https:\/\/thiim.com\/\",\"name\":\"Thiim\",\"description\":\"\",\"publisher\":{\"@id\":\"https:\/\/thiim.com\/#organization\"},\"potentialAction\":[{\"@type\":\"SearchAction\",\"target\":{\"@type\":\"EntryPoint\",\"urlTemplate\":\"https:\/\/thiim.com\/?s={search_term_string}\"},\"query-input\":{\"@type\":\"PropertyValueSpecification\",\"valueRequired\":true,\"valueName\":\"search_term_string\"}}],\"inLanguage\":\"en-GB\"},{\"@type\":\"Organization\",\"@id\":\"https:\/\/thiim.com\/#organization\",\"name\":\"Thiim\",\"url\":\"https:\/\/thiim.com\/\",\"logo\":{\"@type\":\"ImageObject\",\"inLanguage\":\"en-GB\",\"@id\":\"https:\/\/thiim.com\/#\/schema\/logo\/image\/\",\"url\":\"https:\/\/thiim.com\/wp-content\/uploads\/Thiim_rgb_uramme.svg\",\"contentUrl\":\"https:\/\/thiim.com\/wp-content\/uploads\/Thiim_rgb_uramme.svg\",\"width\":653.94,\"height\":121.95,\"caption\":\"Thiim\"},\"image\":{\"@id\":\"https:\/\/thiim.com\/#\/schema\/logo\/image\/\"}}]}<\/script>\n<!-- \/ Yoast SEO plugin. -->","yoast_head_json":{"title":"ATEX suppliers - Thiim","robots":{"index":"index","follow":"follow","max-snippet":"max-snippet:-1","max-image-preview":"max-image-preview:large","max-video-preview":"max-video-preview:-1"},"canonical":"https:\/\/thiim.com\/en\/atex\/atex-suppliers\/","og_locale":"en_GB","og_type":"article","og_title":"ATEX-leverand\u00f8rer - Thiim","og_description":"Vores leverand\u00f8rer \u2013 udvalgt med omtanke Hos os g\u00e5r kvalitet, ordentlighed og tillid h\u00e5nd i h\u00e5nd \u2013 og det g\u00e6lder ogs\u00e5 i valget af vores samarbejdspartnere. Vi samarbejder udelukkende med leverand\u00f8rer, der deler vores kernev\u00e6rdier: p\u00e5lidelighed, integritet og ansvarlighed.\u00a0 Vores leverand\u00f8rrelationer er ikke tilf\u00e6ldige; de er et resultat af omhyggelig udv\u00e6lgelse og langvarige samarbejder, som [&hellip;]","og_url":"https:\/\/thiim.com\/en\/atex\/atex-suppliers\/","og_site_name":"Thiim","article_modified_time":"2026-02-16T13:29:19+00:00","og_image":[{"width":800,"height":550,"url":"https:\/\/thiim.com\/wp-content\/uploads\/Kategoribilleder_L2_Kat-billede-ATEX-lev.jpg","type":"image\/jpeg"}],"twitter_card":"summary_large_image","twitter_misc":{"Estimated reading time":"3 minutes"},"schema":{"@context":"https:\/\/schema.org","@graph":[{"@type":"WebPage","@id":"https:\/\/thiim.com\/atex\/atex-leverandoerer\/","url":"https:\/\/thiim.com\/atex\/atex-leverandoerer\/","name":"ATEX suppliers - Thiim","isPartOf":{"@id":"https:\/\/thiim.com\/#website"},"primaryImageOfPage":{"@id":"https:\/\/thiim.com\/atex\/atex-leverandoerer\/#primaryimage"},"image":{"@id":"https:\/\/thiim.com\/atex\/atex-leverandoerer\/#primaryimage"},"thumbnailUrl":"https:\/\/thiim.com\/wp-content\/uploads\/Kategoribilleder_L2_Kat-billede-ATEX-lev.jpg","datePublished":"2026-02-16T12:43:50+00:00","dateModified":"2026-02-16T13:29:19+00:00","breadcrumb":{"@id":"https:\/\/thiim.com\/atex\/atex-leverandoerer\/#breadcrumb"},"inLanguage":"en-GB","potentialAction":[{"@type":"ReadAction","target":["https:\/\/thiim.com\/atex\/atex-leverandoerer\/"]}]},{"@type":"ImageObject","inLanguage":"en-GB","@id":"https:\/\/thiim.com\/atex\/atex-leverandoerer\/#primaryimage","url":"https:\/\/thiim.com\/wp-content\/uploads\/Kategoribilleder_L2_Kat-billede-ATEX-lev.jpg","contentUrl":"https:\/\/thiim.com\/wp-content\/uploads\/Kategoribilleder_L2_Kat-billede-ATEX-lev.jpg"},{"@type":"BreadcrumbList","@id":"https:\/\/thiim.com\/atex\/atex-leverandoerer\/#breadcrumb","itemListElement":[{"@type":"ListItem","position":1,"name":"ATEX","item":"https:\/\/thiim.com\/atex\/"},{"@type":"ListItem","position":2,"name":"ATEX-leverand\u00f8rer"}]},{"@type":"WebSite","@id":"https:\/\/thiim.com\/#website","url":"https:\/\/thiim.com\/","name":"Thiim","description":"","publisher":{"@id":"https:\/\/thiim.com\/#organization"},"potentialAction":[{"@type":"SearchAction","target":{"@type":"EntryPoint","urlTemplate":"https:\/\/thiim.com\/?s={search_term_string}"},"query-input":{"@type":"PropertyValueSpecification","valueRequired":true,"valueName":"search_term_string"}}],"inLanguage":"en-GB"},{"@type":"Organization","@id":"https:\/\/thiim.com\/#organization","name":"Thiim","url":"https:\/\/thiim.com\/","logo":{"@type":"ImageObject","inLanguage":"en-GB","@id":"https:\/\/thiim.com\/#\/schema\/logo\/image\/","url":"https:\/\/thiim.com\/wp-content\/uploads\/Thiim_rgb_uramme.svg","contentUrl":"https:\/\/thiim.com\/wp-content\/uploads\/Thiim_rgb_uramme.svg","width":653.94,"height":121.95,"caption":"Thiim"},"image":{"@id":"https:\/\/thiim.com\/#\/schema\/logo\/image\/"}}]}},"_links":{"self":[{"href":"https:\/\/thiim.com\/en\/wp-json\/wp\/v2\/pages\/9354","targetHints":{"allow":["GET"]}}],"collection":[{"href":"https:\/\/thiim.com\/en\/wp-json\/wp\/v2\/pages"}],"about":[{"href":"https:\/\/thiim.com\/en\/wp-json\/wp\/v2\/types\/page"}],"author":[{"embeddable":true,"href":"https:\/\/thiim.com\/en\/wp-json\/wp\/v2\/users\/3"}],"replies":[{"embeddable":true,"href":"https:\/\/thiim.com\/en\/wp-json\/wp\/v2\/comments?post=9354"}],"version-history":[{"count":15,"href":"https:\/\/thiim.com\/en\/wp-json\/wp\/v2\/pages\/9354\/revisions"}],"predecessor-version":[{"id":9398,"href":"https:\/\/thiim.com\/en\/wp-json\/wp\/v2\/pages\/9354\/revisions\/9398"}],"up":[{"embeddable":true,"href":"https:\/\/thiim.com\/en\/wp-json\/wp\/v2\/pages\/9321"}],"wp:attachment":[{"href":"https:\/\/thiim.com\/en\/wp-json\/wp\/v2\/media?parent=9354"}],"curies":[{"name":"wp","href":"https:\/\/api.w.org\/{rel}","templated":true}]}}