{"id":9936,"date":"2026-03-09T15:00:57","date_gmt":"2026-03-09T14:00:57","guid":{"rendered":"https:\/\/thiim.com\/?page_id=9936"},"modified":"2026-03-10T13:03:13","modified_gmt":"2026-03-10T12:03:13","slug":"selected-products-group-boards","status":"publish","type":"page","link":"https:\/\/thiim.com\/en\/el-komponenter\/gruppetavler\/udvalgte-produkter-gruppetavler\/","title":{"rendered":"Featured products - Group boards"},"content":{"rendered":"<div data-elementor-type=\"wp-page\" data-elementor-id=\"9936\" class=\"elementor elementor-9936\" data-elementor-post-type=\"page\">\n\t\t\t\t<div class=\"elementor-element elementor-element-c5e1537 e-flex e-con-boxed e-con e-parent\" data-id=\"c5e1537\" data-element_type=\"container\" data-e-type=\"container\" data-settings=\"{&quot;background_background&quot;:&quot;classic&quot;}\">\n\t\t\t\t\t<div class=\"e-con-inner\">\n\t\t<div class=\"elementor-element elementor-element-fe46e86 e-con-full e-flex e-con e-child\" data-id=\"fe46e86\" data-element_type=\"container\" data-e-type=\"container\" data-settings=\"{&quot;background_background&quot;:&quot;classic&quot;}\">\n\t\t<div class=\"elementor-element elementor-element-45ab89d e-con-full e-flex e-con e-child\" data-id=\"45ab89d\" data-element_type=\"container\" data-e-type=\"container\">\n\t\t\t\t<div class=\"elementor-element elementor-element-1282132 elementor-widget elementor-widget-breadcrumbs\" data-id=\"1282132\" data-element_type=\"widget\" data-e-type=\"widget\" data-widget_type=\"breadcrumbs.default\">\n\t\t\t\t<div class=\"elementor-widget-container\">\n\t\t\t\t\t<p id=\"breadcrumbs\"><\/p>\t\t\t\t<\/div>\n\t\t\t\t<\/div>\n\t\t\t\t<\/div>\n\t\t\t\t<\/div>\n\t\t\t\t\t<\/div>\n\t\t\t\t<\/div>\n\t\t<div class=\"elementor-element elementor-element-7b58970 e-con-full e-flex e-con e-child\" data-id=\"7b58970\" data-element_type=\"container\" data-e-type=\"container\">\n\t\t\t\t<div class=\"elementor-element elementor-element-8bf7c54 elementor-widget__width-initial elementor-widget elementor-widget-heading\" data-id=\"8bf7c54\" data-element_type=\"widget\" data-e-type=\"widget\" data-widget_type=\"heading.default\">\n\t\t\t\t<div class=\"elementor-widget-container\">\n\t\t\t\t\t<h1 class=\"elementor-heading-title elementor-size-default\">See our selection of Scame notice board products<\/h1>\t\t\t\t<\/div>\n\t\t\t\t<\/div>\n\t\t<div class=\"elementor-element elementor-element-648fe30 e-con-full e-flex e-con e-child\" data-id=\"648fe30\" data-element_type=\"container\" data-e-type=\"container\">\n\t\t<div class=\"elementor-element elementor-element-30e499b e-con-full e-flex e-con e-child\" data-id=\"30e499b\" data-element_type=\"container\" data-e-type=\"container\">\n\t\t\t\t<div class=\"elementor-element elementor-element-a1c20b9 elementor-widget elementor-widget-text-editor\" data-id=\"a1c20b9\" data-element_type=\"widget\" data-e-type=\"widget\" data-widget_type=\"text-editor.default\">\n\t\t\t\t<div class=\"elementor-widget-container\">\n\t\t\t\t\t\t\t\t\t<p>At Thiim you will find a selection of modern <strong>Group boards from Scame<\/strong>, developed for professional electrical installations where quality, flexibility and design go hand in hand.<\/p><p>Scame is known for robust solutions for power distribution and their switchboards are designed for residential, commercial and industrial installations. The panels are developed with a focus on easy installation, high security and flexible build options so you can customise the installation to the needs of your project.<\/p>\t\t\t\t\t\t\t\t<\/div>\n\t\t\t\t<\/div>\n\t\t\t\t<\/div>\n\t\t<div class=\"elementor-element elementor-element-94e24f3 e-con-full e-flex e-con e-child\" data-id=\"94e24f3\" data-element_type=\"container\" data-e-type=\"container\">\n\t\t\t\t<div class=\"elementor-element elementor-element-bedb441 elementor-widget elementor-widget-text-editor\" data-id=\"bedb441\" data-element_type=\"widget\" data-e-type=\"widget\" data-widget_type=\"text-editor.default\">\n\t\t\t\t<div class=\"elementor-widget-container\">\n\t\t\t\t\t\t\t\t\t<p>In our range you will find, among other things <strong>IKONA series<\/strong> and <strong>DOMINO series<\/strong>, each offering different solutions for modern electrical installations.<\/p>\t\t\t\t\t\t\t\t<\/div>\n\t\t\t\t<\/div>\n\t\t\t\t<\/div>\n\t\t\t\t<\/div>\n\t\t\t\t<\/div>\n\t\t<div class=\"elementor-element elementor-element-9de60c7 e-flex e-con-boxed e-con e-parent\" data-id=\"9de60c7\" data-element_type=\"container\" data-e-type=\"container\" data-settings=\"{&quot;background_background&quot;:&quot;classic&quot;}\">\n\t\t\t\t\t<div class=\"e-con-inner\">\n\t\t<div class=\"elementor-element elementor-element-f261469 e-con-full e-grid e-con e-child\" data-id=\"f261469\" data-element_type=\"container\" data-e-type=\"container\">\n\t\t<a class=\"elementor-element elementor-element-b56e5f4 e-con-full e-transform e-flex elementor-invisible e-con e-child\" data-id=\"b56e5f4\" data-element_type=\"container\" data-e-type=\"container\" data-settings=\"{&quot;animation&quot;:&quot;slideInUp&quot;,&quot;_transform_scale_effect_hover&quot;:{&quot;unit&quot;:&quot;px&quot;,&quot;size&quot;:1.02,&quot;sizes&quot;:[]},&quot;_transform_scale_effect_hover_tablet&quot;:{&quot;unit&quot;:&quot;px&quot;,&quot;size&quot;:&quot;&quot;,&quot;sizes&quot;:[]},&quot;_transform_scale_effect_hover_mobile&quot;:{&quot;unit&quot;:&quot;px&quot;,&quot;size&quot;:&quot;&quot;,&quot;sizes&quot;:[]}}\" href=\"https:\/\/thiim.com\/en\/el-komponenter\/gruppetavler\/udvalgte-produkter-gruppetavler\/ikona\/\">\n\t\t\t\t<div class=\"elementor-element elementor-element-7094059 elementor-widget elementor-widget-image\" data-id=\"7094059\" data-element_type=\"widget\" data-e-type=\"widget\" data-widget_type=\"image.default\">\n\t\t\t\t<div class=\"elementor-widget-container\">\n\t\t\t\t\t\t\t\t\t\t\t\t\t\t\t<img fetchpriority=\"high\" decoding=\"async\" width=\"600\" height=\"270\" src=\"https:\/\/thiim.com\/wp-content\/uploads\/Menubilleder_L3_Grtavle_Udv_IKONA.jpg\" class=\"attachment-large size-large wp-image-9941\" alt=\"\" srcset=\"https:\/\/thiim.com\/wp-content\/uploads\/Menubilleder_L3_Grtavle_Udv_IKONA.jpg 600w, https:\/\/thiim.com\/wp-content\/uploads\/Menubilleder_L3_Grtavle_Udv_IKONA-300x135.jpg 300w, https:\/\/thiim.com\/wp-content\/uploads\/Menubilleder_L3_Grtavle_Udv_IKONA-18x8.jpg 18w\" sizes=\"(max-width: 600px) 100vw, 600px\" \/>\t\t\t\t\t\t\t\t\t\t\t\t\t\t\t<\/div>\n\t\t\t\t<\/div>\n\t\t<div class=\"elementor-element elementor-element-1175cbc e-con-full e-flex e-con e-child\" data-id=\"1175cbc\" data-element_type=\"container\" data-e-type=\"container\">\n\t\t\t\t<div class=\"elementor-element elementor-element-916fa05 elementor-widget elementor-widget-n-accordion\" data-id=\"916fa05\" data-element_type=\"widget\" data-e-type=\"widget\" data-settings=\"{&quot;default_state&quot;:&quot;expanded&quot;,&quot;max_items_expended&quot;:&quot;one&quot;,&quot;n_accordion_animation_duration&quot;:{&quot;unit&quot;:&quot;ms&quot;,&quot;size&quot;:400,&quot;sizes&quot;:[]}}\" data-widget_type=\"nested-accordion.default\">\n\t\t\t\t<div class=\"elementor-widget-container\">\n\t\t\t\t\t\t\t<div class=\"e-n-accordion\" aria-label=\"Accordion. Open links with Enter or Space, close with Escape, and navigate with Arrow Keys\">\n\t\t\t\t\t\t<details id=\"e-n-accordion-item-1520\" class=\"e-n-accordion-item\" open>\n\t\t\t\t<summary class=\"e-n-accordion-item-title\" data-accordion-index=\"1\" tabindex=\"0\" aria-expanded=\"true\" aria-controls=\"e-n-accordion-item-1520\" >\n\t\t\t\t\t<span class='e-n-accordion-item-title-header'><div class=\"e-n-accordion-item-title-text\"> IKONA series - modern and stylish panelboards <\/div><\/span>\n\t\t\t\t\t\t\t<span class='e-n-accordion-item-title-icon'>\n\t\t\t<span class='e-opened' ><i aria-hidden=\"true\" class=\"far fa-chevron-up\"><\/i><\/span>\n\t\t\t<span class='e-closed'><i aria-hidden=\"true\" class=\"far fa-chevron-down\"><\/i><\/span>\n\t\t<\/span>\n\n\t\t\t\t\t\t<\/summary>\n\t\t\t\t<div role=\"region\" aria-labelledby=\"e-n-accordion-item-1520\" class=\"elementor-element elementor-element-7b78605 e-con-full e-flex e-con e-child\" data-id=\"7b78605\" data-element_type=\"container\" data-e-type=\"container\">\n\t\t\t\t<div class=\"elementor-element elementor-element-166fd06 elementor-widget elementor-widget-text-editor\" data-id=\"166fd06\" data-element_type=\"widget\" data-e-type=\"widget\" data-widget_type=\"text-editor.default\">\n\t\t\t\t<div class=\"elementor-widget-container\">\n\t\t\t\t\t\t\t\t\t<p>The IKONA series from Scame combines functionality and design in a modern switchboard. The series is designed for installations where both aesthetics and flexibility are important factors. IKONA panels are easy to install and provide ample space for components, making them suitable for both residential and commercial installations.<\/p>\t\t\t\t\t\t\t\t<\/div>\n\t\t\t\t<\/div>\n\t\t\t\t<\/div>\n\t\t\t\t\t<\/details>\n\t\t\t\t\t<\/div>\n\t\t\t\t\t\t<\/div>\n\t\t\t\t<\/div>\n\t\t\t\t<div class=\"elementor-element elementor-element-ce86d5d elementor-widget elementor-widget-aveo_alternative-button\" data-id=\"ce86d5d\" data-element_type=\"widget\" data-e-type=\"widget\" data-widget_type=\"aveo_alternative-button.default\">\n\t\t\t\t<div class=\"elementor-widget-container\">\n\t\t\t\t\t\n        <div class=\"aveo-elementor-button-wrapper button-alignment-left\" style=\"display: flex;\">\n        <div class=\"aveo-elementor-button icon-alignment-right elementor-animation-\" id=\"\">\n                See selected IKONA products here<i class=\"fal fa-arrow-right\"><\/i>\n            <\/div>\n        <\/div>\t\t\t\t<\/div>\n\t\t\t\t<\/div>\n\t\t\t\t<\/div>\n\t\t\t\t<\/a>\n\t\t<a class=\"elementor-element elementor-element-1416d28 e-con-full e-transform e-flex elementor-invisible e-con e-child\" data-id=\"1416d28\" data-element_type=\"container\" data-e-type=\"container\" data-settings=\"{&quot;animation&quot;:&quot;slideInUp&quot;,&quot;_transform_scale_effect_hover&quot;:{&quot;unit&quot;:&quot;px&quot;,&quot;size&quot;:1.02,&quot;sizes&quot;:[]},&quot;_transform_scale_effect_hover_tablet&quot;:{&quot;unit&quot;:&quot;px&quot;,&quot;size&quot;:&quot;&quot;,&quot;sizes&quot;:[]},&quot;_transform_scale_effect_hover_mobile&quot;:{&quot;unit&quot;:&quot;px&quot;,&quot;size&quot;:&quot;&quot;,&quot;sizes&quot;:[]}}\" href=\"https:\/\/thiim.com\/en\/el-komponenter\/gruppetavler\/udvalgte-produkter-gruppetavler\/domino\/\">\n\t\t\t\t<div class=\"elementor-element elementor-element-ea34c0b elementor-widget elementor-widget-image\" data-id=\"ea34c0b\" data-element_type=\"widget\" data-e-type=\"widget\" data-widget_type=\"image.default\">\n\t\t\t\t<div class=\"elementor-widget-container\">\n\t\t\t\t\t\t\t\t\t\t\t\t\t\t\t<img decoding=\"async\" width=\"600\" height=\"270\" src=\"https:\/\/thiim.com\/wp-content\/uploads\/Menubilleder_L3_Grtavle_Udv_Domino.jpg\" class=\"attachment-large size-large wp-image-9940\" alt=\"\" srcset=\"https:\/\/thiim.com\/wp-content\/uploads\/Menubilleder_L3_Grtavle_Udv_Domino.jpg 600w, https:\/\/thiim.com\/wp-content\/uploads\/Menubilleder_L3_Grtavle_Udv_Domino-300x135.jpg 300w, https:\/\/thiim.com\/wp-content\/uploads\/Menubilleder_L3_Grtavle_Udv_Domino-18x8.jpg 18w\" sizes=\"(max-width: 600px) 100vw, 600px\" \/>\t\t\t\t\t\t\t\t\t\t\t\t\t\t\t<\/div>\n\t\t\t\t<\/div>\n\t\t<div class=\"elementor-element elementor-element-fc5d241 e-con-full e-flex e-con e-child\" data-id=\"fc5d241\" data-element_type=\"container\" data-e-type=\"container\">\n\t\t\t\t<div class=\"elementor-element elementor-element-5db5976 elementor-widget elementor-widget-n-accordion\" data-id=\"5db5976\" data-element_type=\"widget\" data-e-type=\"widget\" data-settings=\"{&quot;default_state&quot;:&quot;expanded&quot;,&quot;max_items_expended&quot;:&quot;one&quot;,&quot;n_accordion_animation_duration&quot;:{&quot;unit&quot;:&quot;ms&quot;,&quot;size&quot;:400,&quot;sizes&quot;:[]}}\" data-widget_type=\"nested-accordion.default\">\n\t\t\t\t<div class=\"elementor-widget-container\">\n\t\t\t\t\t\t\t<div class=\"e-n-accordion\" aria-label=\"Accordion. Open links with Enter or Space, close with Escape, and navigate with Arrow Keys\">\n\t\t\t\t\t\t<details id=\"e-n-accordion-item-9820\" class=\"e-n-accordion-item\" open>\n\t\t\t\t<summary class=\"e-n-accordion-item-title\" data-accordion-index=\"1\" tabindex=\"0\" aria-expanded=\"true\" aria-controls=\"e-n-accordion-item-9820\" >\n\t\t\t\t\t<span class='e-n-accordion-item-title-header'><div class=\"e-n-accordion-item-title-text\"> DOMINO series - flexible solutions for electrical installations <\/div><\/span>\n\t\t\t\t\t\t\t<span class='e-n-accordion-item-title-icon'>\n\t\t\t<span class='e-opened' ><i aria-hidden=\"true\" class=\"far fa-chevron-up\"><\/i><\/span>\n\t\t\t<span class='e-closed'><i aria-hidden=\"true\" class=\"far fa-chevron-down\"><\/i><\/span>\n\t\t<\/span>\n\n\t\t\t\t\t\t<\/summary>\n\t\t\t\t<div role=\"region\" aria-labelledby=\"e-n-accordion-item-9820\" class=\"elementor-element elementor-element-c5d8dda e-con-full e-flex e-con e-child\" data-id=\"c5d8dda\" data-element_type=\"container\" data-e-type=\"container\">\n\t\t\t\t<div class=\"elementor-element elementor-element-c64d054 elementor-widget elementor-widget-text-editor\" data-id=\"c64d054\" data-element_type=\"widget\" data-e-type=\"widget\" data-widget_type=\"text-editor.default\">\n\t\t\t\t<div class=\"elementor-widget-container\">\n\t\t\t\t\t\t\t\t\t<p>The DOMINO series from Scame is a versatile range of panelboards developed with a focus on flexible design and easy installation. The panels allow for modularity and customisation, making them ideal for many different types of electrical installations.<\/p>\t\t\t\t\t\t\t\t<\/div>\n\t\t\t\t<\/div>\n\t\t\t\t<\/div>\n\t\t\t\t\t<\/details>\n\t\t\t\t\t<\/div>\n\t\t\t\t\t\t<\/div>\n\t\t\t\t<\/div>\n\t\t\t\t<div class=\"elementor-element elementor-element-3b548ea elementor-widget elementor-widget-aveo_alternative-button\" data-id=\"3b548ea\" data-element_type=\"widget\" data-e-type=\"widget\" data-widget_type=\"aveo_alternative-button.default\">\n\t\t\t\t<div class=\"elementor-widget-container\">\n\t\t\t\t\t\n        <div class=\"aveo-elementor-button-wrapper button-alignment-left\" style=\"display: flex;\">\n        <div class=\"aveo-elementor-button icon-alignment-right elementor-animation-\" id=\"\">\n                See selected DOMINO products here<i class=\"fal fa-arrow-right\"><\/i>\n            <\/div>\n        <\/div>\t\t\t\t<\/div>\n\t\t\t\t<\/div>\n\t\t\t\t<\/div>\n\t\t\t\t<\/a>\n\t\t\t\t<\/div>\n\t\t\t\t\t<\/div>\n\t\t\t\t<\/div>\n\t\t\t\t<\/div>","protected":false},"excerpt":{"rendered":"<p>Se vores udvalgte produkter af gruppetavler fra Scame Hos Thiim finder du et udvalg af moderne gruppetavler fra Scame, udviklet til professionelle elinstallationer hvor kvalitet, fleksibilitet og design g\u00e5r h\u00e5nd i h\u00e5nd. Scame er kendt for robuste l\u00f8sninger til eldistribution, og deres gruppetavler er designet til b\u00e5de bolig, erhverv og industrielle installationer. Tavlerne er udviklet [&hellip;]<\/p>\n","protected":false},"author":3,"featured_media":0,"parent":9865,"menu_order":0,"comment_status":"closed","ping_status":"closed","template":"","meta":{"_acf_changed":false,"footnotes":""},"class_list":["post-9936","page","type-page","status-publish","hentry"],"acf":[],"yoast_head":"<!-- This site is optimized with the Yoast SEO plugin v26.6 - https:\/\/yoast.com\/wordpress\/plugins\/seo\/ -->\n<title>Udvalgte produkter \u2013 Gruppetavler - Thiim<\/title>\n<meta name=\"robots\" content=\"index, follow, max-snippet:-1, max-image-preview:large, max-video-preview:-1\" \/>\n<link rel=\"canonical\" href=\"https:\/\/thiim.com\/en\/electrical-components-2\/group-boards\/selected-products-group-boards\/\" \/>\n<meta property=\"og:locale\" content=\"en_GB\" \/>\n<meta property=\"og:type\" content=\"article\" \/>\n<meta property=\"og:title\" content=\"Udvalgte produkter \u2013 Gruppetavler - Thiim\" \/>\n<meta property=\"og:description\" content=\"Se vores udvalgte produkter af gruppetavler fra Scame Hos Thiim finder du et udvalg af moderne gruppetavler fra Scame, udviklet til professionelle elinstallationer hvor kvalitet, fleksibilitet og design g\u00e5r h\u00e5nd i h\u00e5nd. Scame er kendt for robuste l\u00f8sninger til eldistribution, og deres gruppetavler er designet til b\u00e5de bolig, erhverv og industrielle installationer. Tavlerne er udviklet [&hellip;]\" \/>\n<meta property=\"og:url\" content=\"https:\/\/thiim.com\/en\/electrical-components-2\/group-boards\/selected-products-group-boards\/\" \/>\n<meta property=\"og:site_name\" content=\"Thiim\" \/>\n<meta property=\"article:modified_time\" content=\"2026-03-10T12:03:13+00:00\" \/>\n<meta property=\"og:image\" content=\"https:\/\/thiim.com\/wp-content\/uploads\/Menubilleder_L3_Grtavle_Udv_IKONA.jpg\" \/>\n\t<meta property=\"og:image:width\" content=\"600\" \/>\n\t<meta property=\"og:image:height\" content=\"270\" \/>\n\t<meta property=\"og:image:type\" content=\"image\/jpeg\" \/>\n<meta name=\"twitter:card\" content=\"summary_large_image\" \/>\n<meta name=\"twitter:label1\" content=\"Estimated reading time\" \/>\n\t<meta name=\"twitter:data1\" content=\"2 minutes\" \/>\n<script type=\"application\/ld+json\" class=\"yoast-schema-graph\">{\"@context\":\"https:\/\/schema.org\",\"@graph\":[{\"@type\":\"WebPage\",\"@id\":\"https:\/\/thiim.com\/el-komponenter\/gruppetavler\/udvalgte-produkter-gruppetavler\/\",\"url\":\"https:\/\/thiim.com\/el-komponenter\/gruppetavler\/udvalgte-produkter-gruppetavler\/\",\"name\":\"Udvalgte produkter \u2013 Gruppetavler - Thiim\",\"isPartOf\":{\"@id\":\"https:\/\/thiim.com\/#website\"},\"primaryImageOfPage\":{\"@id\":\"https:\/\/thiim.com\/el-komponenter\/gruppetavler\/udvalgte-produkter-gruppetavler\/#primaryimage\"},\"image\":{\"@id\":\"https:\/\/thiim.com\/el-komponenter\/gruppetavler\/udvalgte-produkter-gruppetavler\/#primaryimage\"},\"thumbnailUrl\":\"https:\/\/thiim.com\/wp-content\/uploads\/Menubilleder_L3_Grtavle_Udv_IKONA.jpg\",\"datePublished\":\"2026-03-09T14:00:57+00:00\",\"dateModified\":\"2026-03-10T12:03:13+00:00\",\"breadcrumb\":{\"@id\":\"https:\/\/thiim.com\/el-komponenter\/gruppetavler\/udvalgte-produkter-gruppetavler\/#breadcrumb\"},\"inLanguage\":\"en-GB\",\"potentialAction\":[{\"@type\":\"ReadAction\",\"target\":[\"https:\/\/thiim.com\/el-komponenter\/gruppetavler\/udvalgte-produkter-gruppetavler\/\"]}]},{\"@type\":\"ImageObject\",\"inLanguage\":\"en-GB\",\"@id\":\"https:\/\/thiim.com\/el-komponenter\/gruppetavler\/udvalgte-produkter-gruppetavler\/#primaryimage\",\"url\":\"https:\/\/thiim.com\/wp-content\/uploads\/Menubilleder_L3_Grtavle_Udv_IKONA.jpg\",\"contentUrl\":\"https:\/\/thiim.com\/wp-content\/uploads\/Menubilleder_L3_Grtavle_Udv_IKONA.jpg\"},{\"@type\":\"BreadcrumbList\",\"@id\":\"https:\/\/thiim.com\/el-komponenter\/gruppetavler\/udvalgte-produkter-gruppetavler\/#breadcrumb\",\"itemListElement\":[{\"@type\":\"ListItem\",\"position\":1,\"name\":\"El-komponenter\",\"item\":\"https:\/\/thiim.com\/el-komponenter\/\"},{\"@type\":\"ListItem\",\"position\":2,\"name\":\"Gruppetavler\",\"item\":\"https:\/\/thiim.com\/el-komponenter\/gruppetavler\/\"},{\"@type\":\"ListItem\",\"position\":3,\"name\":\"Udvalgte produkter \u2013 Gruppetavler\"}]},{\"@type\":\"WebSite\",\"@id\":\"https:\/\/thiim.com\/#website\",\"url\":\"https:\/\/thiim.com\/\",\"name\":\"Thiim\",\"description\":\"\",\"publisher\":{\"@id\":\"https:\/\/thiim.com\/#organization\"},\"potentialAction\":[{\"@type\":\"SearchAction\",\"target\":{\"@type\":\"EntryPoint\",\"urlTemplate\":\"https:\/\/thiim.com\/?s={search_term_string}\"},\"query-input\":{\"@type\":\"PropertyValueSpecification\",\"valueRequired\":true,\"valueName\":\"search_term_string\"}}],\"inLanguage\":\"en-GB\"},{\"@type\":\"Organization\",\"@id\":\"https:\/\/thiim.com\/#organization\",\"name\":\"Thiim\",\"url\":\"https:\/\/thiim.com\/\",\"logo\":{\"@type\":\"ImageObject\",\"inLanguage\":\"en-GB\",\"@id\":\"https:\/\/thiim.com\/#\/schema\/logo\/image\/\",\"url\":\"https:\/\/thiim.com\/wp-content\/uploads\/Thiim_rgb_uramme.svg\",\"contentUrl\":\"https:\/\/thiim.com\/wp-content\/uploads\/Thiim_rgb_uramme.svg\",\"width\":653.94,\"height\":121.95,\"caption\":\"Thiim\"},\"image\":{\"@id\":\"https:\/\/thiim.com\/#\/schema\/logo\/image\/\"}}]}<\/script>\n<!-- \/ Yoast SEO plugin. -->","yoast_head_json":{"title":"Featured products - Group boards - Thiim","robots":{"index":"index","follow":"follow","max-snippet":"max-snippet:-1","max-image-preview":"max-image-preview:large","max-video-preview":"max-video-preview:-1"},"canonical":"https:\/\/thiim.com\/en\/electrical-components-2\/group-boards\/selected-products-group-boards\/","og_locale":"en_GB","og_type":"article","og_title":"Udvalgte produkter \u2013 Gruppetavler - Thiim","og_description":"Se vores udvalgte produkter af gruppetavler fra Scame Hos Thiim finder du et udvalg af moderne gruppetavler fra Scame, udviklet til professionelle elinstallationer hvor kvalitet, fleksibilitet og design g\u00e5r h\u00e5nd i h\u00e5nd. Scame er kendt for robuste l\u00f8sninger til eldistribution, og deres gruppetavler er designet til b\u00e5de bolig, erhverv og industrielle installationer. Tavlerne er udviklet [&hellip;]","og_url":"https:\/\/thiim.com\/en\/electrical-components-2\/group-boards\/selected-products-group-boards\/","og_site_name":"Thiim","article_modified_time":"2026-03-10T12:03:13+00:00","og_image":[{"width":600,"height":270,"url":"https:\/\/thiim.com\/wp-content\/uploads\/Menubilleder_L3_Grtavle_Udv_IKONA.jpg","type":"image\/jpeg"}],"twitter_card":"summary_large_image","twitter_misc":{"Estimated reading time":"2 minutes"},"schema":{"@context":"https:\/\/schema.org","@graph":[{"@type":"WebPage","@id":"https:\/\/thiim.com\/el-komponenter\/gruppetavler\/udvalgte-produkter-gruppetavler\/","url":"https:\/\/thiim.com\/el-komponenter\/gruppetavler\/udvalgte-produkter-gruppetavler\/","name":"Featured products - Group boards - Thiim","isPartOf":{"@id":"https:\/\/thiim.com\/#website"},"primaryImageOfPage":{"@id":"https:\/\/thiim.com\/el-komponenter\/gruppetavler\/udvalgte-produkter-gruppetavler\/#primaryimage"},"image":{"@id":"https:\/\/thiim.com\/el-komponenter\/gruppetavler\/udvalgte-produkter-gruppetavler\/#primaryimage"},"thumbnailUrl":"https:\/\/thiim.com\/wp-content\/uploads\/Menubilleder_L3_Grtavle_Udv_IKONA.jpg","datePublished":"2026-03-09T14:00:57+00:00","dateModified":"2026-03-10T12:03:13+00:00","breadcrumb":{"@id":"https:\/\/thiim.com\/el-komponenter\/gruppetavler\/udvalgte-produkter-gruppetavler\/#breadcrumb"},"inLanguage":"en-GB","potentialAction":[{"@type":"ReadAction","target":["https:\/\/thiim.com\/el-komponenter\/gruppetavler\/udvalgte-produkter-gruppetavler\/"]}]},{"@type":"ImageObject","inLanguage":"en-GB","@id":"https:\/\/thiim.com\/el-komponenter\/gruppetavler\/udvalgte-produkter-gruppetavler\/#primaryimage","url":"https:\/\/thiim.com\/wp-content\/uploads\/Menubilleder_L3_Grtavle_Udv_IKONA.jpg","contentUrl":"https:\/\/thiim.com\/wp-content\/uploads\/Menubilleder_L3_Grtavle_Udv_IKONA.jpg"},{"@type":"BreadcrumbList","@id":"https:\/\/thiim.com\/el-komponenter\/gruppetavler\/udvalgte-produkter-gruppetavler\/#breadcrumb","itemListElement":[{"@type":"ListItem","position":1,"name":"El-komponenter","item":"https:\/\/thiim.com\/el-komponenter\/"},{"@type":"ListItem","position":2,"name":"Gruppetavler","item":"https:\/\/thiim.com\/el-komponenter\/gruppetavler\/"},{"@type":"ListItem","position":3,"name":"Udvalgte produkter \u2013 Gruppetavler"}]},{"@type":"WebSite","@id":"https:\/\/thiim.com\/#website","url":"https:\/\/thiim.com\/","name":"Thiim","description":"","publisher":{"@id":"https:\/\/thiim.com\/#organization"},"potentialAction":[{"@type":"SearchAction","target":{"@type":"EntryPoint","urlTemplate":"https:\/\/thiim.com\/?s={search_term_string}"},"query-input":{"@type":"PropertyValueSpecification","valueRequired":true,"valueName":"search_term_string"}}],"inLanguage":"en-GB"},{"@type":"Organization","@id":"https:\/\/thiim.com\/#organization","name":"Thiim","url":"https:\/\/thiim.com\/","logo":{"@type":"ImageObject","inLanguage":"en-GB","@id":"https:\/\/thiim.com\/#\/schema\/logo\/image\/","url":"https:\/\/thiim.com\/wp-content\/uploads\/Thiim_rgb_uramme.svg","contentUrl":"https:\/\/thiim.com\/wp-content\/uploads\/Thiim_rgb_uramme.svg","width":653.94,"height":121.95,"caption":"Thiim"},"image":{"@id":"https:\/\/thiim.com\/#\/schema\/logo\/image\/"}}]}},"_links":{"self":[{"href":"https:\/\/thiim.com\/en\/wp-json\/wp\/v2\/pages\/9936","targetHints":{"allow":["GET"]}}],"collection":[{"href":"https:\/\/thiim.com\/en\/wp-json\/wp\/v2\/pages"}],"about":[{"href":"https:\/\/thiim.com\/en\/wp-json\/wp\/v2\/types\/page"}],"author":[{"embeddable":true,"href":"https:\/\/thiim.com\/en\/wp-json\/wp\/v2\/users\/3"}],"replies":[{"embeddable":true,"href":"https:\/\/thiim.com\/en\/wp-json\/wp\/v2\/comments?post=9936"}],"version-history":[{"count":20,"href":"https:\/\/thiim.com\/en\/wp-json\/wp\/v2\/pages\/9936\/revisions"}],"predecessor-version":[{"id":10098,"href":"https:\/\/thiim.com\/en\/wp-json\/wp\/v2\/pages\/9936\/revisions\/10098"}],"up":[{"embeddable":true,"href":"https:\/\/thiim.com\/en\/wp-json\/wp\/v2\/pages\/9865"}],"wp:attachment":[{"href":"https:\/\/thiim.com\/en\/wp-json\/wp\/v2\/media?parent=9936"}],"curies":[{"name":"wp","href":"https:\/\/api.w.org\/{rel}","templated":true}]}}